{"id":3637,"date":"2019-11-14T07:16:21","date_gmt":"2019-11-14T07:16:21","guid":{"rendered":"https:\/\/www.safeonlinechemist.com\/dermalfillers\/product\/import-placeholder-for-5205\/"},"modified":"2020-03-03T10:49:11","modified_gmt":"2020-03-03T10:49:11","slug":"buy-juvederm-hydrate-1-x-1ml","status":"publish","type":"product","link":"https:\/\/www.probeautyaesthetics.com\/fr\/produit\/acheter-juvederm-hydrate-1-x-1ml\/","title":{"rendered":"Acheter Juvederm Hydrate 1 x 1ml en ligne"},"content":{"rendered":"<h2 style=\"text-align: justify;\">Acheter Juvederm Hydrate 1 x 1ml en ligne aupr\u00e8s des professionnels ici<\/h2>\n<p style=\"text-align: justify;\">Pour acheter Juvederm Hydrate 1 x 1ml \u00e0 bas prix, vous pouvez contacter Pro Beauty Aesthetics. Nous sommes toujours l\u00e0 pour vous aider \u00e0 acheter Juvederm Hydrate 1 x 1ml avec bitcoin, MoneyGram, et western union. Commandez Juvederm Hydrate 1 x 1ml et recevez-le bient\u00f4t !<\/p>\n<h3 style=\"text-align: justify;\">Qu'est-ce que Juvederm Hydrate 1 x 1ml et quelles sont ses caract\u00e9ristiques ?<\/h3>\n<p style=\"text-align: justify;\">Traitement sp\u00e9cifiquement destin\u00e9 \u00e0 am\u00e9liorer l'hydratation et la souplesse de la peau. Il s'agit d'une solution viable pour r\u00e9tablir le taux d'acide hyaluronique de la peau et pour am\u00e9liorer la souplesse et la tonicit\u00e9 de la peau. Juvederm Hydrate recharge de mani\u00e8re ad\u00e9quate les degr\u00e9s drain\u00e9s d'acide hyaluronique (HA) dans votre peau pour r\u00e9tablir un \u00e9clat naturel et sain. Juvederm Hydrate contient un antioxydant, le mannitol, qui aide \u00e0 pr\u00e9venir le d\u00e9veloppement des radicaux libres responsables de la d\u00e9gradation de l'acide hyaluronique, ce qui en retarde les effets.<\/p>\n<ul style=\"text-align: justify;\">\n<li>Am\u00e9liore l'hydratation et la souplesse de la peau<\/li>\n<li>Territoire de traitement : Peau du visage, du cou, du d\u00e9collet\u00e9 et des mains<\/li>\n<li>Contient un op\u00e9rateur anti-oxydant, le mannitol, qui aide \u00e0 pr\u00e9venir le d\u00e9veloppement des radicaux libres.<\/li>\n<\/ul>\n<h3 style=\"text-align: justify;\">Passez votre commande maintenant\u00a0!<\/h3>\n<p style=\"text-align: justify;\">Achetez Juvederm Hydrate 1 x 1ml dans notre boutique en ligne et attendez la livraison dans les plus brefs d\u00e9lais !<\/p>\n<p>&nbsp;<\/p>\n<p>acheter juvederm hydrate 1 x 1ml en ligne, juvederm hydrate 1 x 1ml \u00e0 vendre, juvederm hydrate 1 x 1ml \u00e0 vendre USA, acheter vrai juvederm hydrate 1 x 1ml en ligne, o\u00f9 acheter juvederm hydrate 1 x 1ml, acheter juvederm hydrate 1 x 1ml en ligne, acheter juvederm hydrate 1 x 1ml Espagne, juvederm hydrate 1 x 1ml vente Ukraine, juvederm hydrate 1 x 1ml vente Canada, juvederm hydrate 1 x 1ml vente Europe, acheter juvederm hydrate 1 x 1ml en ligne l\u00e9gal, acheter juvederm hydrate 1 x 1ml en ligne avec bitcoin, acheter juvederm hydrate 1 x 1ml en ligne avec MoneyGram, vente de juvederm hydrate 1 x 1ml avec Western Union, comment acheter juvederm hydrate 1 x 1ml en ligne, acheter juvederm hydrate 1 x 1ml \u00e0 bas prix, acheter du faux juvederm hydrate 1 x 1ml en ligne, commander du juvederm hydrate 1 x 1ml en ligne, Mail juvederm hydrate 1 x 1ml, acheter du juvederm hydrate 1 x 1ml \u00e0 bas prix, Vous pouvez commander du juvederm hydrate 1 x 1ml aux Etats-Unis, au Canada, en Europe, en Italie.<\/p>","protected":false},"excerpt":{"rendered":"<h3>Commander Juvederm Hydrate en ligne<\/h3>\n<p>Livraison mondiale garantie<\/p>\n<p>D\u00e9lai de livraison:<\/p>\n<p>\u00c9tats-Unis : 24 \u00e0 72 heures<\/p>\n<p>Canada : 2 \u00e0 3 jours<br \/>\nLivraison internationale : 4 \u00e0 7 jours<\/p>\n<p>Options de paiement<\/p>\n<p>GRAMME D'ARGENT<\/p>\n<p>WESTERN UNION<\/p>\n<p>BITCOINS<\/p>\n<p>VIREMENT<\/p>\n<p>DE WALMART \u00c0 WALMART<\/p>\n<p>ZELLE PAYER<\/p>\n<p>10% de r\u00e9duction en payant avec Bitcoin<\/p>","protected":false},"featured_media":3662,"comment_status":"open","ping_status":"closed","template":"","meta":{"_joinchat":[]},"product_cat":[138,139],"product_tag":[140,141,142,143,144,676,145,161,675,661,671,672,666,146,147,148,149,664,150,151,152,670,658,659,674,153,660,154,155,662,668,669,667,663,673,156,157,158,678,159,677,160,665,679],"yoast_head":"<!-- This site is optimized with the Yoast SEO plugin v21.3 - https:\/\/yoast.com\/wordpress\/plugins\/seo\/ -->\n<title>Buy Juvederm Hydrate Online | Juvederm Hydrate for Sale @ Cheap Price<\/title>\n<meta name=\"description\" content=\"You can buy juvederm hydrate online at lowest price from Probeautyaesthetics.Com. Juvederm Hydrate 1x1ml for Sale with Free Shipping Service. Order Now!\" \/>\n<meta name=\"robots\" content=\"index, follow, max-snippet:-1, max-image-preview:large, max-video-preview:-1\" \/>\n<link rel=\"canonical\" href=\"https:\/\/www.probeautyaesthetics.com\/fr\/produit\/acheter-juvederm-hydrate-1-x-1ml\/\" \/>\n<meta property=\"og:locale\" content=\"fr_FR\" \/>\n<meta property=\"og:type\" content=\"article\" \/>\n<meta property=\"og:title\" content=\"Buy Juvederm Hydrate Online | Juvederm Hydrate for Sale @ Cheap Price\" \/>\n<meta property=\"og:description\" content=\"You can buy juvederm hydrate online at lowest price from Probeautyaesthetics.Com. Juvederm Hydrate 1x1ml for Sale with Free Shipping Service. Order Now!\" \/>\n<meta property=\"og:url\" content=\"https:\/\/www.probeautyaesthetics.com\/fr\/produit\/acheter-juvederm-hydrate-1-x-1ml\/\" \/>\n<meta property=\"og:site_name\" content=\"Pro Beauty Aesthetics\" \/>\n<meta property=\"article:modified_time\" content=\"2020-03-03T10:49:11+00:00\" \/>\n<meta property=\"og:image\" content=\"https:\/\/www.probeautyaesthetics.com\/wp-content\/uploads\/2019\/11\/Buy-Juvederm-Hydrate-1-x-1ml.jpg\" \/>\n\t<meta property=\"og:image:width\" content=\"640\" \/>\n\t<meta property=\"og:image:height\" content=\"640\" \/>\n\t<meta property=\"og:image:type\" content=\"image\/jpeg\" \/>\n<meta name=\"twitter:card\" content=\"summary_large_image\" \/>\n<meta name=\"twitter:label1\" content=\"Dur\u00e9e de lecture estim\u00e9e\" \/>\n\t<meta name=\"twitter:data1\" content=\"2 minutes\" \/>\n<script type=\"application\/ld+json\" class=\"yoast-schema-graph\">{\"@context\":\"https:\/\/schema.org\",\"@graph\":[{\"@type\":\"WebPage\",\"@id\":\"https:\/\/www.probeautyaesthetics.com\/product\/buy-juvederm-hydrate-1-x-1ml\/\",\"url\":\"https:\/\/www.probeautyaesthetics.com\/product\/buy-juvederm-hydrate-1-x-1ml\/\",\"name\":\"Buy Juvederm Hydrate Online | Juvederm Hydrate for Sale @ Cheap Price\",\"isPartOf\":{\"@id\":\"https:\/\/www.probeautyaesthetics.com\/#website\"},\"datePublished\":\"2019-11-14T07:16:21+00:00\",\"dateModified\":\"2020-03-03T10:49:11+00:00\",\"description\":\"You can buy juvederm hydrate online at lowest price from Probeautyaesthetics.Com. Juvederm Hydrate 1x1ml for Sale with Free Shipping Service. Order Now!\",\"breadcrumb\":{\"@id\":\"https:\/\/www.probeautyaesthetics.com\/product\/buy-juvederm-hydrate-1-x-1ml\/#breadcrumb\"},\"inLanguage\":\"fr-FR\",\"potentialAction\":[{\"@type\":\"ReadAction\",\"target\":[\"https:\/\/www.probeautyaesthetics.com\/product\/buy-juvederm-hydrate-1-x-1ml\/\"]}]},{\"@type\":\"BreadcrumbList\",\"@id\":\"https:\/\/www.probeautyaesthetics.com\/product\/buy-juvederm-hydrate-1-x-1ml\/#breadcrumb\",\"itemListElement\":[{\"@type\":\"ListItem\",\"position\":1,\"name\":\"Home\",\"item\":\"https:\/\/www.probeautyaesthetics.com\/\"},{\"@type\":\"ListItem\",\"position\":2,\"name\":\"Our Products\",\"item\":\"https:\/\/www.probeautyaesthetics.com\/shop\/\"},{\"@type\":\"ListItem\",\"position\":3,\"name\":\"Buy Juvederm Hydrate 1 x 1ml Online\"}]},{\"@type\":\"WebSite\",\"@id\":\"https:\/\/www.probeautyaesthetics.com\/#website\",\"url\":\"https:\/\/www.probeautyaesthetics.com\/\",\"name\":\"Pro Beauty Aesthetics\",\"description\":\"\",\"publisher\":{\"@id\":\"https:\/\/www.probeautyaesthetics.com\/#organization\"},\"potentialAction\":[{\"@type\":\"SearchAction\",\"target\":{\"@type\":\"EntryPoint\",\"urlTemplate\":\"https:\/\/www.probeautyaesthetics.com\/?s={search_term_string}\"},\"query-input\":\"required name=search_term_string\"}],\"inLanguage\":\"fr-FR\"},{\"@type\":\"Organization\",\"@id\":\"https:\/\/www.probeautyaesthetics.com\/#organization\",\"name\":\"Pro Beauty Aesthetics\",\"url\":\"https:\/\/www.probeautyaesthetics.com\/\",\"logo\":{\"@type\":\"ImageObject\",\"inLanguage\":\"fr-FR\",\"@id\":\"https:\/\/www.probeautyaesthetics.com\/#\/schema\/logo\/image\/\",\"url\":\"https:\/\/www.probeautyaesthetics.com\/wp-content\/uploads\/2019\/11\/logo-1.png\",\"contentUrl\":\"https:\/\/www.probeautyaesthetics.com\/wp-content\/uploads\/2019\/11\/logo-1.png\",\"width\":200,\"height\":50,\"caption\":\"Pro Beauty Aesthetics\"},\"image\":{\"@id\":\"https:\/\/www.probeautyaesthetics.com\/#\/schema\/logo\/image\/\"}}]}<\/script>\n<!-- \/ Yoast SEO plugin. -->","yoast_head_json":{"title":"Buy Juvederm Hydrate Online | Juvederm Hydrate for Sale @ Cheap Price","description":"You can buy juvederm hydrate online at lowest price from Probeautyaesthetics.Com. Juvederm Hydrate 1x1ml for Sale with Free Shipping Service. Order Now!","robots":{"index":"index","follow":"follow","max-snippet":"max-snippet:-1","max-image-preview":"max-image-preview:large","max-video-preview":"max-video-preview:-1"},"canonical":"https:\/\/www.probeautyaesthetics.com\/fr\/produit\/acheter-juvederm-hydrate-1-x-1ml\/","og_locale":"fr_FR","og_type":"article","og_title":"Buy Juvederm Hydrate Online | Juvederm Hydrate for Sale @ Cheap Price","og_description":"You can buy juvederm hydrate online at lowest price from Probeautyaesthetics.Com. Juvederm Hydrate 1x1ml for Sale with Free Shipping Service. Order Now!","og_url":"https:\/\/www.probeautyaesthetics.com\/fr\/produit\/acheter-juvederm-hydrate-1-x-1ml\/","og_site_name":"Pro Beauty Aesthetics","article_modified_time":"2020-03-03T10:49:11+00:00","og_image":[{"width":640,"height":640,"url":"https:\/\/www.probeautyaesthetics.com\/wp-content\/uploads\/2019\/11\/Buy-Juvederm-Hydrate-1-x-1ml.jpg","type":"image\/jpeg"}],"twitter_card":"summary_large_image","twitter_misc":{"Dur\u00e9e de lecture estim\u00e9e":"2 minutes"},"schema":{"@context":"https:\/\/schema.org","@graph":[{"@type":"WebPage","@id":"https:\/\/www.probeautyaesthetics.com\/product\/buy-juvederm-hydrate-1-x-1ml\/","url":"https:\/\/www.probeautyaesthetics.com\/product\/buy-juvederm-hydrate-1-x-1ml\/","name":"Buy Juvederm Hydrate Online | Juvederm Hydrate for Sale @ Cheap Price","isPartOf":{"@id":"https:\/\/www.probeautyaesthetics.com\/#website"},"datePublished":"2019-11-14T07:16:21+00:00","dateModified":"2020-03-03T10:49:11+00:00","description":"You can buy juvederm hydrate online at lowest price from Probeautyaesthetics.Com. Juvederm Hydrate 1x1ml for Sale with Free Shipping Service. Order Now!","breadcrumb":{"@id":"https:\/\/www.probeautyaesthetics.com\/product\/buy-juvederm-hydrate-1-x-1ml\/#breadcrumb"},"inLanguage":"fr-FR","potentialAction":[{"@type":"ReadAction","target":["https:\/\/www.probeautyaesthetics.com\/product\/buy-juvederm-hydrate-1-x-1ml\/"]}]},{"@type":"BreadcrumbList","@id":"https:\/\/www.probeautyaesthetics.com\/product\/buy-juvederm-hydrate-1-x-1ml\/#breadcrumb","itemListElement":[{"@type":"ListItem","position":1,"name":"Home","item":"https:\/\/www.probeautyaesthetics.com\/"},{"@type":"ListItem","position":2,"name":"Our Products","item":"https:\/\/www.probeautyaesthetics.com\/shop\/"},{"@type":"ListItem","position":3,"name":"Buy Juvederm Hydrate 1 x 1ml Online"}]},{"@type":"WebSite","@id":"https:\/\/www.probeautyaesthetics.com\/#website","url":"https:\/\/www.probeautyaesthetics.com\/","name":"Pro Beauty Aesthetics","description":"","publisher":{"@id":"https:\/\/www.probeautyaesthetics.com\/#organization"},"potentialAction":[{"@type":"SearchAction","target":{"@type":"EntryPoint","urlTemplate":"https:\/\/www.probeautyaesthetics.com\/?s={search_term_string}"},"query-input":"required name=search_term_string"}],"inLanguage":"fr-FR"},{"@type":"Organization","@id":"https:\/\/www.probeautyaesthetics.com\/#organization","name":"Pro Beauty Aesthetics","url":"https:\/\/www.probeautyaesthetics.com\/","logo":{"@type":"ImageObject","inLanguage":"fr-FR","@id":"https:\/\/www.probeautyaesthetics.com\/#\/schema\/logo\/image\/","url":"https:\/\/www.probeautyaesthetics.com\/wp-content\/uploads\/2019\/11\/logo-1.png","contentUrl":"https:\/\/www.probeautyaesthetics.com\/wp-content\/uploads\/2019\/11\/logo-1.png","width":200,"height":50,"caption":"Pro Beauty Aesthetics"},"image":{"@id":"https:\/\/www.probeautyaesthetics.com\/#\/schema\/logo\/image\/"}}]}},"_links":{"self":[{"href":"https:\/\/www.probeautyaesthetics.com\/fr\/wp-json\/wp\/v2\/product\/3637"}],"collection":[{"href":"https:\/\/www.probeautyaesthetics.com\/fr\/wp-json\/wp\/v2\/product"}],"about":[{"href":"https:\/\/www.probeautyaesthetics.com\/fr\/wp-json\/wp\/v2\/types\/product"}],"replies":[{"embeddable":true,"href":"https:\/\/www.probeautyaesthetics.com\/fr\/wp-json\/wp\/v2\/comments?post=3637"}],"wp:featuredmedia":[{"embeddable":true,"href":"https:\/\/www.probeautyaesthetics.com\/fr\/wp-json\/wp\/v2\/media\/3662"}],"wp:attachment":[{"href":"https:\/\/www.probeautyaesthetics.com\/fr\/wp-json\/wp\/v2\/media?parent=3637"}],"wp:term":[{"taxonomy":"product_cat","embeddable":true,"href":"https:\/\/www.probeautyaesthetics.com\/fr\/wp-json\/wp\/v2\/product_cat?post=3637"},{"taxonomy":"product_tag","embeddable":true,"href":"https:\/\/www.probeautyaesthetics.com\/fr\/wp-json\/wp\/v2\/product_tag?post=3637"}],"curies":[{"name":"wp","href":"https:\/\/api.w.org\/{rel}","templated":true}]}}