{"id":3790,"date":"2019-11-14T07:17:00","date_gmt":"2019-11-14T07:17:00","guid":{"rendered":"https:\/\/www.safeonlinechemist.com\/dermalfillers\/product\/import-placeholder-for-5488\/"},"modified":"2020-03-01T07:54:31","modified_gmt":"2020-03-01T07:54:31","slug":"buy-restylane-subq-lidocaine-1-x-2ml","status":"publish","type":"product","link":"https:\/\/www.probeautyaesthetics.com\/fr\/produit\/acheter-restylane-subq-lidocaine-1-x-2ml\/","title":{"rendered":"Acheter Restylane SUBQ Lidocaine 1 x 2ml en ligne"},"content":{"rendered":"<h2 style=\"text-align: justify;\">Acheter Restylane SUBQ Lidocaine 1 x 2ml en vente chez Pro Beauty Aesthetics<\/h2>\n<p style=\"text-align: justify;\">Chez Pro Beauty Aesthetics, vous pouvez acheter Restylane SUBQ Lidocaine 1 x 2ml. Nous sommes l\u00e0 pour vous aider \u00e0 acheter Restylane SUBQ Lidocaine 1 x 2ml \u00e0 bon prix. Soumettez-nous les d\u00e9tails de votre commande d\u00e8s maintenant !<\/p>\n<h3 style=\"text-align: justify;\">Pourquoi Restylane SUBQ Lidocaine 1 x 2ml est-il b\u00e9n\u00e9fique pour vous ?<\/h3>\n<p style=\"text-align: justify;\">Restylane SubQ avec Lidoca\u00efne - est inject\u00e9 plus profond\u00e9ment pour apporter du volume et renforcer les tissus sus-jacents, ce qui donne au visage sa pl\u00e9nitude et r\u00e9tablit l'uniformit\u00e9. Parfait pour les patients dont les traits du visage sont liss\u00e9s, ou ceux dont le visage est d\u00e9s\u00e9quilibr\u00e9 ou asym\u00e9trique. Les effets durent plus d'un an. Le gel est biod\u00e9gradable dans le corps et n'est pas inalt\u00e9rable, de sorte qu'une nouvelle application \u00e0 l'int\u00e9rieur de traitements ult\u00e9rieurs est n\u00e9cessaire pour obtenir des r\u00e9sultats plus durables.<\/p>\n<ul style=\"text-align: justify;\">\n<li>Traitement indolore et confortable<\/li>\n<li>Am\u00e9lioration de la zone du menton ou des joues<\/li>\n<li>Ajouter du volume aux espaces vides<\/li>\n<li>Lifting du visage<\/li>\n<li>Lifting de la m\u00e2choire<\/li>\n<li>Att\u00e9nue les rides du nez et de la bouche<\/li>\n<li>Am\u00e9liorer la forme g\u00e9n\u00e9rale du visage sans intervention m\u00e9dicale<\/li>\n<li>Une peau plus douce et plus ferme<\/li>\n<li>Ajuster la forme sym\u00e9trique du visage<\/li>\n<\/ul>\n<h3 style=\"text-align: justify;\">Partagez les d\u00e9tails de votre commande avec nous d\u00e8s maintenant !<\/h3>\n<p style=\"text-align: justify;\">Si vous souhaitez acheter Restylane SUBQ Lidocaine 1 x 2ml avec bitcoin, moneygram, et western union, alors vous \u00eates au bon endroit. Commandez Restylane SUBQ Lidocaine 1 x 2ml ici et faites-vous livrer dans les plus brefs d\u00e9lais.<\/p>","protected":false},"excerpt":{"rendered":"<table>\n<tbody>\n<tr>\n<td>Taille<\/td>\n<td>2ml<\/td>\n<\/tr>\n<tr>\n<td>Produit sous licence<\/td>\n<td>Non<\/td>\n<\/tr>\n<tr>\n<td>Enregistrement requis<\/td>\n<td>Non<\/td>\n<\/tr>\n<tr>\n<td>Pays R\u00e9gion<\/td>\n<td>Ce produit est d'origine europ\u00e9enne<\/td>\n<\/tr>\n<\/tbody>\n<\/table>","protected":false},"featured_media":3803,"comment_status":"open","ping_status":"closed","template":"","meta":{"_joinchat":[]},"product_cat":[138,167],"product_tag":[168,144,169,170,171,172,173,150,174,175,176,177,178,179,180,181,182,183,184],"yoast_head":"<!-- This site is optimized with the Yoast SEO plugin v21.3 - https:\/\/yoast.com\/wordpress\/plugins\/seo\/ -->\n<title>Buy Restylane SUBQ Lidocaine 1 x 2ml Online @ Cheap Price<\/title>\n<meta name=\"description\" content=\"You can buy restylane SUBQ lidocaine 1 x 1ml online from Probeautyaesthetics.Com. Restylane SUBQ for Sale with Free Shipping Service.Order Now!\" \/>\n<meta name=\"robots\" content=\"index, follow, max-snippet:-1, max-image-preview:large, max-video-preview:-1\" \/>\n<link rel=\"canonical\" href=\"https:\/\/www.probeautyaesthetics.com\/fr\/produit\/acheter-restylane-subq-lidocaine-1-x-2ml\/\" \/>\n<meta property=\"og:locale\" content=\"fr_FR\" \/>\n<meta property=\"og:type\" content=\"article\" \/>\n<meta property=\"og:title\" content=\"Buy Restylane SUBQ Lidocaine 1 x 2ml Online @ Cheap Price\" \/>\n<meta property=\"og:description\" content=\"You can buy restylane SUBQ lidocaine 1 x 1ml online from Probeautyaesthetics.Com. Restylane SUBQ for Sale with Free Shipping Service.Order Now!\" \/>\n<meta property=\"og:url\" content=\"https:\/\/www.probeautyaesthetics.com\/fr\/produit\/acheter-restylane-subq-lidocaine-1-x-2ml\/\" \/>\n<meta property=\"og:site_name\" content=\"Pro Beauty Aesthetics\" \/>\n<meta property=\"article:modified_time\" content=\"2020-03-01T07:54:31+00:00\" \/>\n<meta property=\"og:image\" content=\"https:\/\/www.probeautyaesthetics.com\/wp-content\/uploads\/2019\/11\/Buy-Restylane-SUBQ-Lidocaine-1-x-2ml.jpg\" \/>\n\t<meta property=\"og:image:width\" content=\"555\" \/>\n\t<meta property=\"og:image:height\" content=\"640\" \/>\n\t<meta property=\"og:image:type\" content=\"image\/jpeg\" \/>\n<meta name=\"twitter:card\" content=\"summary_large_image\" \/>\n<meta name=\"twitter:label1\" content=\"Dur\u00e9e de lecture estim\u00e9e\" \/>\n\t<meta name=\"twitter:data1\" content=\"1 minute\" \/>\n<script type=\"application\/ld+json\" class=\"yoast-schema-graph\">{\"@context\":\"https:\/\/schema.org\",\"@graph\":[{\"@type\":\"WebPage\",\"@id\":\"https:\/\/www.probeautyaesthetics.com\/product\/buy-restylane-subq-lidocaine-1-x-2ml\/\",\"url\":\"https:\/\/www.probeautyaesthetics.com\/product\/buy-restylane-subq-lidocaine-1-x-2ml\/\",\"name\":\"Buy Restylane SUBQ Lidocaine 1 x 2ml Online @ Cheap Price\",\"isPartOf\":{\"@id\":\"https:\/\/www.probeautyaesthetics.com\/#website\"},\"datePublished\":\"2019-11-14T07:17:00+00:00\",\"dateModified\":\"2020-03-01T07:54:31+00:00\",\"description\":\"You can buy restylane SUBQ lidocaine 1 x 1ml online from Probeautyaesthetics.Com. Restylane SUBQ for Sale with Free Shipping Service.Order Now!\",\"breadcrumb\":{\"@id\":\"https:\/\/www.probeautyaesthetics.com\/product\/buy-restylane-subq-lidocaine-1-x-2ml\/#breadcrumb\"},\"inLanguage\":\"fr-FR\",\"potentialAction\":[{\"@type\":\"ReadAction\",\"target\":[\"https:\/\/www.probeautyaesthetics.com\/product\/buy-restylane-subq-lidocaine-1-x-2ml\/\"]}]},{\"@type\":\"BreadcrumbList\",\"@id\":\"https:\/\/www.probeautyaesthetics.com\/product\/buy-restylane-subq-lidocaine-1-x-2ml\/#breadcrumb\",\"itemListElement\":[{\"@type\":\"ListItem\",\"position\":1,\"name\":\"Home\",\"item\":\"https:\/\/www.probeautyaesthetics.com\/\"},{\"@type\":\"ListItem\",\"position\":2,\"name\":\"Our Products\",\"item\":\"https:\/\/www.probeautyaesthetics.com\/shop\/\"},{\"@type\":\"ListItem\",\"position\":3,\"name\":\"Buy Restylane SUBQ Lidocaine 1 x 2ml Online\"}]},{\"@type\":\"WebSite\",\"@id\":\"https:\/\/www.probeautyaesthetics.com\/#website\",\"url\":\"https:\/\/www.probeautyaesthetics.com\/\",\"name\":\"Pro Beauty Aesthetics\",\"description\":\"\",\"publisher\":{\"@id\":\"https:\/\/www.probeautyaesthetics.com\/#organization\"},\"potentialAction\":[{\"@type\":\"SearchAction\",\"target\":{\"@type\":\"EntryPoint\",\"urlTemplate\":\"https:\/\/www.probeautyaesthetics.com\/?s={search_term_string}\"},\"query-input\":\"required name=search_term_string\"}],\"inLanguage\":\"fr-FR\"},{\"@type\":\"Organization\",\"@id\":\"https:\/\/www.probeautyaesthetics.com\/#organization\",\"name\":\"Pro Beauty Aesthetics\",\"url\":\"https:\/\/www.probeautyaesthetics.com\/\",\"logo\":{\"@type\":\"ImageObject\",\"inLanguage\":\"fr-FR\",\"@id\":\"https:\/\/www.probeautyaesthetics.com\/#\/schema\/logo\/image\/\",\"url\":\"https:\/\/www.probeautyaesthetics.com\/wp-content\/uploads\/2019\/11\/logo-1.png\",\"contentUrl\":\"https:\/\/www.probeautyaesthetics.com\/wp-content\/uploads\/2019\/11\/logo-1.png\",\"width\":200,\"height\":50,\"caption\":\"Pro Beauty Aesthetics\"},\"image\":{\"@id\":\"https:\/\/www.probeautyaesthetics.com\/#\/schema\/logo\/image\/\"}}]}<\/script>\n<!-- \/ Yoast SEO plugin. -->","yoast_head_json":{"title":"Buy Restylane SUBQ Lidocaine 1 x 2ml Online @ Cheap Price","description":"You can buy restylane SUBQ lidocaine 1 x 1ml online from Probeautyaesthetics.Com. Restylane SUBQ for Sale with Free Shipping Service.Order Now!","robots":{"index":"index","follow":"follow","max-snippet":"max-snippet:-1","max-image-preview":"max-image-preview:large","max-video-preview":"max-video-preview:-1"},"canonical":"https:\/\/www.probeautyaesthetics.com\/fr\/produit\/acheter-restylane-subq-lidocaine-1-x-2ml\/","og_locale":"fr_FR","og_type":"article","og_title":"Buy Restylane SUBQ Lidocaine 1 x 2ml Online @ Cheap Price","og_description":"You can buy restylane SUBQ lidocaine 1 x 1ml online from Probeautyaesthetics.Com. Restylane SUBQ for Sale with Free Shipping Service.Order Now!","og_url":"https:\/\/www.probeautyaesthetics.com\/fr\/produit\/acheter-restylane-subq-lidocaine-1-x-2ml\/","og_site_name":"Pro Beauty Aesthetics","article_modified_time":"2020-03-01T07:54:31+00:00","og_image":[{"width":555,"height":640,"url":"https:\/\/www.probeautyaesthetics.com\/wp-content\/uploads\/2019\/11\/Buy-Restylane-SUBQ-Lidocaine-1-x-2ml.jpg","type":"image\/jpeg"}],"twitter_card":"summary_large_image","twitter_misc":{"Dur\u00e9e de lecture estim\u00e9e":"1 minute"},"schema":{"@context":"https:\/\/schema.org","@graph":[{"@type":"WebPage","@id":"https:\/\/www.probeautyaesthetics.com\/product\/buy-restylane-subq-lidocaine-1-x-2ml\/","url":"https:\/\/www.probeautyaesthetics.com\/product\/buy-restylane-subq-lidocaine-1-x-2ml\/","name":"Buy Restylane SUBQ Lidocaine 1 x 2ml Online @ Cheap Price","isPartOf":{"@id":"https:\/\/www.probeautyaesthetics.com\/#website"},"datePublished":"2019-11-14T07:17:00+00:00","dateModified":"2020-03-01T07:54:31+00:00","description":"You can buy restylane SUBQ lidocaine 1 x 1ml online from Probeautyaesthetics.Com. Restylane SUBQ for Sale with Free Shipping Service.Order Now!","breadcrumb":{"@id":"https:\/\/www.probeautyaesthetics.com\/product\/buy-restylane-subq-lidocaine-1-x-2ml\/#breadcrumb"},"inLanguage":"fr-FR","potentialAction":[{"@type":"ReadAction","target":["https:\/\/www.probeautyaesthetics.com\/product\/buy-restylane-subq-lidocaine-1-x-2ml\/"]}]},{"@type":"BreadcrumbList","@id":"https:\/\/www.probeautyaesthetics.com\/product\/buy-restylane-subq-lidocaine-1-x-2ml\/#breadcrumb","itemListElement":[{"@type":"ListItem","position":1,"name":"Home","item":"https:\/\/www.probeautyaesthetics.com\/"},{"@type":"ListItem","position":2,"name":"Our Products","item":"https:\/\/www.probeautyaesthetics.com\/shop\/"},{"@type":"ListItem","position":3,"name":"Buy Restylane SUBQ Lidocaine 1 x 2ml Online"}]},{"@type":"WebSite","@id":"https:\/\/www.probeautyaesthetics.com\/#website","url":"https:\/\/www.probeautyaesthetics.com\/","name":"Pro Beauty Aesthetics","description":"","publisher":{"@id":"https:\/\/www.probeautyaesthetics.com\/#organization"},"potentialAction":[{"@type":"SearchAction","target":{"@type":"EntryPoint","urlTemplate":"https:\/\/www.probeautyaesthetics.com\/?s={search_term_string}"},"query-input":"required name=search_term_string"}],"inLanguage":"fr-FR"},{"@type":"Organization","@id":"https:\/\/www.probeautyaesthetics.com\/#organization","name":"Pro Beauty Aesthetics","url":"https:\/\/www.probeautyaesthetics.com\/","logo":{"@type":"ImageObject","inLanguage":"fr-FR","@id":"https:\/\/www.probeautyaesthetics.com\/#\/schema\/logo\/image\/","url":"https:\/\/www.probeautyaesthetics.com\/wp-content\/uploads\/2019\/11\/logo-1.png","contentUrl":"https:\/\/www.probeautyaesthetics.com\/wp-content\/uploads\/2019\/11\/logo-1.png","width":200,"height":50,"caption":"Pro Beauty Aesthetics"},"image":{"@id":"https:\/\/www.probeautyaesthetics.com\/#\/schema\/logo\/image\/"}}]}},"_links":{"self":[{"href":"https:\/\/www.probeautyaesthetics.com\/fr\/wp-json\/wp\/v2\/product\/3790"}],"collection":[{"href":"https:\/\/www.probeautyaesthetics.com\/fr\/wp-json\/wp\/v2\/product"}],"about":[{"href":"https:\/\/www.probeautyaesthetics.com\/fr\/wp-json\/wp\/v2\/types\/product"}],"replies":[{"embeddable":true,"href":"https:\/\/www.probeautyaesthetics.com\/fr\/wp-json\/wp\/v2\/comments?post=3790"}],"wp:featuredmedia":[{"embeddable":true,"href":"https:\/\/www.probeautyaesthetics.com\/fr\/wp-json\/wp\/v2\/media\/3803"}],"wp:attachment":[{"href":"https:\/\/www.probeautyaesthetics.com\/fr\/wp-json\/wp\/v2\/media?parent=3790"}],"wp:term":[{"taxonomy":"product_cat","embeddable":true,"href":"https:\/\/www.probeautyaesthetics.com\/fr\/wp-json\/wp\/v2\/product_cat?post=3790"},{"taxonomy":"product_tag","embeddable":true,"href":"https:\/\/www.probeautyaesthetics.com\/fr\/wp-json\/wp\/v2\/product_tag?post=3790"}],"curies":[{"name":"wp","href":"https:\/\/api.w.org\/{rel}","templated":true}]}}