{"id":3807,"date":"2019-11-14T07:17:09","date_gmt":"2019-11-14T07:17:09","guid":{"rendered":"https:\/\/www.safeonlinechemist.com\/dermalfillers\/product\/import-placeholder-for-5504\/"},"modified":"2020-03-02T15:18:32","modified_gmt":"2020-03-02T15:18:32","slug":"buy-stylage-hydro-1-x-1ml","status":"publish","type":"product","link":"https:\/\/www.probeautyaesthetics.com\/fr\/produit\/acheter-stylage-hydro-1-x-1ml\/","title":{"rendered":"Acheter Stylage Hydro 1 x 1ml en ligne"},"content":{"rendered":"<h2 style=\"text-align: justify;\">Acheter Stylage Hydro 1 x 1ml en ligne aupr\u00e8s des professionnels ici<\/h2>\n<p style=\"text-align: justify;\">Commandez Stylage Hydro 1 x 1ml chez Pro Beauty Aesthetics et attendez-vous \u00e0 ce qu'il soit livr\u00e9 dans un court d\u00e9lai. Notre \u00e9quipe vous aidera \u00e0 acheter Stylage Hydro 1 x 1ml avec bitcoin, moneygram, et western union d'une mani\u00e8re pratique. Passez votre commande pour acheter Stylage Hydro 1 x 1ml \u00e0 bon prix maintenant !<\/p>\n<h3 style=\"text-align: justify;\">Quel est le but de l'utilisation de Stylage Hydro 1 x 1ml ?<\/h3>\n<p style=\"text-align: justify;\">Stylage Hydro 1 x 1ml est un gel nettoyant \u00e0 base d'acide hyaluronique interconnect\u00e9, con\u00e7u \u00e0 partir d'un s\u00e9rum d'hyaluronane biocompatible et sans cr\u00e9ature, qui soul\u00e8ve myst\u00e9rieusement la peau du manque d'hydratation le plus profond, vous donnant progressivement l'impression d'\u00eatre \u00e9nergique et souple.<\/p>\n<p style=\"text-align: justify;\">De nombreuses injections \u00e0 \u00e9chelle miniaturis\u00e9e sont r\u00e9alis\u00e9es \u00e0 l'aide de petites aiguilles dans le derme superficiel ou profond. Votre expert choisira la bonne strat\u00e9gie d'injection en fonction de l'\u00e9tat de votre peau. Le traitement peut \u00eatre effectu\u00e9 sur le visage, le cou, le territoire du d\u00e9collet\u00e9 ou les mains.<\/p>\n<p style=\"text-align: justify;\">Stylage Hydro 1 x 1ml est conseill\u00e9 pour :<\/p>\n<ul style=\"text-align: justify;\">\n<li>Am\u00e9lioration de la polyvalence de la peau<\/li>\n<li>Rectifier la fermet\u00e9 g\u00e9n\u00e9rale de la peau<\/li>\n<\/ul>\n<h3 style=\"text-align: justify;\">R\u00e9pondez imm\u00e9diatement \u00e0 vos besoins !<\/h3>\n<p style=\"text-align: justify;\">Vous pouvez obtenir Stylage Hydro 1 x 1ml en vente ici \u00e0 des prix abordables. Votre commande sera envoy\u00e9e \u00e0 l'adresse indiqu\u00e9e dans les plus brefs d\u00e9lais.<\/p>","protected":false},"excerpt":{"rendered":"<table>\n<tbody>\n<tr>\n<td>Taille<\/td>\n<td>1ml<\/td>\n<\/tr>\n<tr>\n<td>Produit sous licence<\/td>\n<td>Non<\/td>\n<\/tr>\n<tr>\n<td>Enregistrement requis<\/td>\n<td>Non<\/td>\n<\/tr>\n<tr>\n<td>Pays R\u00e9gion<\/td>\n<td>Ce produit est d'origine europ\u00e9enne<\/td>\n<\/tr>\n<\/tbody>\n<\/table>","protected":false},"featured_media":3835,"comment_status":"open","ping_status":"closed","template":"","meta":{"_joinchat":[]},"product_cat":[138,186],"product_tag":[187,188,189,190,191],"yoast_head":"<!-- This site is optimized with the Yoast SEO plugin v21.3 - https:\/\/yoast.com\/wordpress\/plugins\/seo\/ -->\n<title>Buy Stylage Hydro 1 x 1ml Online | Stylage Hydro for Sale @ Cheap Price<\/title>\n<meta name=\"description\" content=\"You can buy stylage hydro 1 x 1ml online at lowest price from Probeautyaesthetics.Com. Stylage Hydro for Sale with Free Shipping Service.Order Now!\" \/>\n<meta name=\"robots\" content=\"index, follow, max-snippet:-1, max-image-preview:large, max-video-preview:-1\" \/>\n<link rel=\"canonical\" href=\"https:\/\/www.probeautyaesthetics.com\/fr\/produit\/acheter-stylage-hydro-1-x-1ml\/\" \/>\n<meta property=\"og:locale\" content=\"fr_FR\" \/>\n<meta property=\"og:type\" content=\"article\" \/>\n<meta property=\"og:title\" content=\"Buy Stylage Hydro 1 x 1ml Online | Stylage Hydro for Sale @ Cheap Price\" \/>\n<meta property=\"og:description\" content=\"You can buy stylage hydro 1 x 1ml online at lowest price from Probeautyaesthetics.Com. Stylage Hydro for Sale with Free Shipping Service.Order Now!\" \/>\n<meta property=\"og:url\" content=\"https:\/\/www.probeautyaesthetics.com\/fr\/produit\/acheter-stylage-hydro-1-x-1ml\/\" \/>\n<meta property=\"og:site_name\" content=\"Pro Beauty Aesthetics\" \/>\n<meta property=\"article:modified_time\" content=\"2020-03-02T15:18:32+00:00\" \/>\n<meta property=\"og:image\" content=\"https:\/\/www.probeautyaesthetics.com\/wp-content\/uploads\/2019\/11\/Buy-Stylage-Hydro-1-x-1ml.jpg\" \/>\n\t<meta property=\"og:image:width\" content=\"224\" \/>\n\t<meta property=\"og:image:height\" content=\"225\" \/>\n\t<meta property=\"og:image:type\" content=\"image\/jpeg\" \/>\n<meta name=\"twitter:card\" content=\"summary_large_image\" \/>\n<meta name=\"twitter:label1\" content=\"Dur\u00e9e de lecture estim\u00e9e\" \/>\n\t<meta name=\"twitter:data1\" content=\"1 minute\" \/>\n<script type=\"application\/ld+json\" class=\"yoast-schema-graph\">{\"@context\":\"https:\/\/schema.org\",\"@graph\":[{\"@type\":\"WebPage\",\"@id\":\"https:\/\/www.probeautyaesthetics.com\/product\/buy-stylage-hydro-1-x-1ml\/\",\"url\":\"https:\/\/www.probeautyaesthetics.com\/product\/buy-stylage-hydro-1-x-1ml\/\",\"name\":\"Buy Stylage Hydro 1 x 1ml Online | Stylage Hydro for Sale @ Cheap Price\",\"isPartOf\":{\"@id\":\"https:\/\/www.probeautyaesthetics.com\/#website\"},\"datePublished\":\"2019-11-14T07:17:09+00:00\",\"dateModified\":\"2020-03-02T15:18:32+00:00\",\"description\":\"You can buy stylage hydro 1 x 1ml online at lowest price from Probeautyaesthetics.Com. Stylage Hydro for Sale with Free Shipping Service.Order Now!\",\"breadcrumb\":{\"@id\":\"https:\/\/www.probeautyaesthetics.com\/product\/buy-stylage-hydro-1-x-1ml\/#breadcrumb\"},\"inLanguage\":\"fr-FR\",\"potentialAction\":[{\"@type\":\"ReadAction\",\"target\":[\"https:\/\/www.probeautyaesthetics.com\/product\/buy-stylage-hydro-1-x-1ml\/\"]}]},{\"@type\":\"BreadcrumbList\",\"@id\":\"https:\/\/www.probeautyaesthetics.com\/product\/buy-stylage-hydro-1-x-1ml\/#breadcrumb\",\"itemListElement\":[{\"@type\":\"ListItem\",\"position\":1,\"name\":\"Home\",\"item\":\"https:\/\/www.probeautyaesthetics.com\/\"},{\"@type\":\"ListItem\",\"position\":2,\"name\":\"Our Products\",\"item\":\"https:\/\/www.probeautyaesthetics.com\/shop\/\"},{\"@type\":\"ListItem\",\"position\":3,\"name\":\"Buy Stylage Hydro 1 x 1ml Online\"}]},{\"@type\":\"WebSite\",\"@id\":\"https:\/\/www.probeautyaesthetics.com\/#website\",\"url\":\"https:\/\/www.probeautyaesthetics.com\/\",\"name\":\"Pro Beauty Aesthetics\",\"description\":\"\",\"publisher\":{\"@id\":\"https:\/\/www.probeautyaesthetics.com\/#organization\"},\"potentialAction\":[{\"@type\":\"SearchAction\",\"target\":{\"@type\":\"EntryPoint\",\"urlTemplate\":\"https:\/\/www.probeautyaesthetics.com\/?s={search_term_string}\"},\"query-input\":\"required name=search_term_string\"}],\"inLanguage\":\"fr-FR\"},{\"@type\":\"Organization\",\"@id\":\"https:\/\/www.probeautyaesthetics.com\/#organization\",\"name\":\"Pro Beauty Aesthetics\",\"url\":\"https:\/\/www.probeautyaesthetics.com\/\",\"logo\":{\"@type\":\"ImageObject\",\"inLanguage\":\"fr-FR\",\"@id\":\"https:\/\/www.probeautyaesthetics.com\/#\/schema\/logo\/image\/\",\"url\":\"https:\/\/www.probeautyaesthetics.com\/wp-content\/uploads\/2019\/11\/logo-1.png\",\"contentUrl\":\"https:\/\/www.probeautyaesthetics.com\/wp-content\/uploads\/2019\/11\/logo-1.png\",\"width\":200,\"height\":50,\"caption\":\"Pro Beauty Aesthetics\"},\"image\":{\"@id\":\"https:\/\/www.probeautyaesthetics.com\/#\/schema\/logo\/image\/\"}}]}<\/script>\n<!-- \/ Yoast SEO plugin. -->","yoast_head_json":{"title":"Buy Stylage Hydro 1 x 1ml Online | Stylage Hydro for Sale @ Cheap Price","description":"You can buy stylage hydro 1 x 1ml online at lowest price from Probeautyaesthetics.Com. Stylage Hydro for Sale with Free Shipping Service.Order Now!","robots":{"index":"index","follow":"follow","max-snippet":"max-snippet:-1","max-image-preview":"max-image-preview:large","max-video-preview":"max-video-preview:-1"},"canonical":"https:\/\/www.probeautyaesthetics.com\/fr\/produit\/acheter-stylage-hydro-1-x-1ml\/","og_locale":"fr_FR","og_type":"article","og_title":"Buy Stylage Hydro 1 x 1ml Online | Stylage Hydro for Sale @ Cheap Price","og_description":"You can buy stylage hydro 1 x 1ml online at lowest price from Probeautyaesthetics.Com. Stylage Hydro for Sale with Free Shipping Service.Order Now!","og_url":"https:\/\/www.probeautyaesthetics.com\/fr\/produit\/acheter-stylage-hydro-1-x-1ml\/","og_site_name":"Pro Beauty Aesthetics","article_modified_time":"2020-03-02T15:18:32+00:00","og_image":[{"width":224,"height":225,"url":"https:\/\/www.probeautyaesthetics.com\/wp-content\/uploads\/2019\/11\/Buy-Stylage-Hydro-1-x-1ml.jpg","type":"image\/jpeg"}],"twitter_card":"summary_large_image","twitter_misc":{"Dur\u00e9e de lecture estim\u00e9e":"1 minute"},"schema":{"@context":"https:\/\/schema.org","@graph":[{"@type":"WebPage","@id":"https:\/\/www.probeautyaesthetics.com\/product\/buy-stylage-hydro-1-x-1ml\/","url":"https:\/\/www.probeautyaesthetics.com\/product\/buy-stylage-hydro-1-x-1ml\/","name":"Buy Stylage Hydro 1 x 1ml Online | Stylage Hydro for Sale @ Cheap Price","isPartOf":{"@id":"https:\/\/www.probeautyaesthetics.com\/#website"},"datePublished":"2019-11-14T07:17:09+00:00","dateModified":"2020-03-02T15:18:32+00:00","description":"You can buy stylage hydro 1 x 1ml online at lowest price from Probeautyaesthetics.Com. Stylage Hydro for Sale with Free Shipping Service.Order Now!","breadcrumb":{"@id":"https:\/\/www.probeautyaesthetics.com\/product\/buy-stylage-hydro-1-x-1ml\/#breadcrumb"},"inLanguage":"fr-FR","potentialAction":[{"@type":"ReadAction","target":["https:\/\/www.probeautyaesthetics.com\/product\/buy-stylage-hydro-1-x-1ml\/"]}]},{"@type":"BreadcrumbList","@id":"https:\/\/www.probeautyaesthetics.com\/product\/buy-stylage-hydro-1-x-1ml\/#breadcrumb","itemListElement":[{"@type":"ListItem","position":1,"name":"Home","item":"https:\/\/www.probeautyaesthetics.com\/"},{"@type":"ListItem","position":2,"name":"Our Products","item":"https:\/\/www.probeautyaesthetics.com\/shop\/"},{"@type":"ListItem","position":3,"name":"Buy Stylage Hydro 1 x 1ml Online"}]},{"@type":"WebSite","@id":"https:\/\/www.probeautyaesthetics.com\/#website","url":"https:\/\/www.probeautyaesthetics.com\/","name":"Pro Beauty Aesthetics","description":"","publisher":{"@id":"https:\/\/www.probeautyaesthetics.com\/#organization"},"potentialAction":[{"@type":"SearchAction","target":{"@type":"EntryPoint","urlTemplate":"https:\/\/www.probeautyaesthetics.com\/?s={search_term_string}"},"query-input":"required name=search_term_string"}],"inLanguage":"fr-FR"},{"@type":"Organization","@id":"https:\/\/www.probeautyaesthetics.com\/#organization","name":"Pro Beauty Aesthetics","url":"https:\/\/www.probeautyaesthetics.com\/","logo":{"@type":"ImageObject","inLanguage":"fr-FR","@id":"https:\/\/www.probeautyaesthetics.com\/#\/schema\/logo\/image\/","url":"https:\/\/www.probeautyaesthetics.com\/wp-content\/uploads\/2019\/11\/logo-1.png","contentUrl":"https:\/\/www.probeautyaesthetics.com\/wp-content\/uploads\/2019\/11\/logo-1.png","width":200,"height":50,"caption":"Pro Beauty Aesthetics"},"image":{"@id":"https:\/\/www.probeautyaesthetics.com\/#\/schema\/logo\/image\/"}}]}},"_links":{"self":[{"href":"https:\/\/www.probeautyaesthetics.com\/fr\/wp-json\/wp\/v2\/product\/3807"}],"collection":[{"href":"https:\/\/www.probeautyaesthetics.com\/fr\/wp-json\/wp\/v2\/product"}],"about":[{"href":"https:\/\/www.probeautyaesthetics.com\/fr\/wp-json\/wp\/v2\/types\/product"}],"replies":[{"embeddable":true,"href":"https:\/\/www.probeautyaesthetics.com\/fr\/wp-json\/wp\/v2\/comments?post=3807"}],"wp:featuredmedia":[{"embeddable":true,"href":"https:\/\/www.probeautyaesthetics.com\/fr\/wp-json\/wp\/v2\/media\/3835"}],"wp:attachment":[{"href":"https:\/\/www.probeautyaesthetics.com\/fr\/wp-json\/wp\/v2\/media?parent=3807"}],"wp:term":[{"taxonomy":"product_cat","embeddable":true,"href":"https:\/\/www.probeautyaesthetics.com\/fr\/wp-json\/wp\/v2\/product_cat?post=3807"},{"taxonomy":"product_tag","embeddable":true,"href":"https:\/\/www.probeautyaesthetics.com\/fr\/wp-json\/wp\/v2\/product_tag?post=3807"}],"curies":[{"name":"wp","href":"https:\/\/api.w.org\/{rel}","templated":true}]}}