{"id":3852,"date":"2019-11-14T07:17:21","date_gmt":"2019-11-14T07:17:21","guid":{"rendered":"https:\/\/www.safeonlinechemist.com\/dermalfillers\/product\/import-placeholder-for-5558\/"},"modified":"2020-03-02T15:36:13","modified_gmt":"2020-03-02T15:36:13","slug":"buy-stylage-s-lidocaine-filler-2-x-0-8ml","status":"publish","type":"product","link":"https:\/\/www.probeautyaesthetics.com\/fr\/produit\/acheter-stylage-s-lidocaine-filler-2-x-0-8ml\/","title":{"rendered":"Acheter Stylage S Lidocaine Filler 2 x 0.8ml en ligne"},"content":{"rendered":"<h2 style=\"text-align: justify;\">Acheter Stylage S Lidocaine Filler 2 x 0.8ml en ligne \u00e0 des prix bas<\/h2>\n<p style=\"text-align: justify;\">Pro Beauty Aesthetics est un magasin professionnel o\u00f9 vous pouvez acheter Stylage S Lidocaine Filler 2 x 0.8ml \u00e0 des prix bon march\u00e9. Nous avons \u00e9galement la possibilit\u00e9 d'acheter Stylage S Lidocaine Filler 2 x 0.8ml avec bitcoin, moneygram, et western union. Commandez Stylage S Lidocaine Filler 2 x 0.8ml maintenant !<\/p>\n<h3 style=\"text-align: justify;\">Quel est le r\u00f4le de Stylage S Lidocaine Filler 2 x 0,8ml ?<\/h3>\n<p style=\"text-align: justify;\">Stylage S Lidocaine Filler 2 x 0,8ml est un gel d'acide hyaluronique interconnect\u00e9, d'origine non naturelle, auquel s'ajoute un antioxydant (mannitol), st\u00e9rile et pyrog\u00e8ne, au pH et \u00e0 l'osmolarit\u00e9 physiologiques. Il est conditionn\u00e9 dans une seringue pr\u00e9-remplie de 0,8 ml et d\u00e9sinfect\u00e9 par autoclavage \u00e0 la chaleur humide. Il s'agit d'un produit \u00e0 usage unique. Il s'agit d'un produit injectable qui a \u00e9t\u00e9 d\u00e9montr\u00e9 pour combler les rides normales et peu profondes du visage par injection dermique superficielle ou centrale ou potentiellement pour l'encadrement des l\u00e8vres.<\/p>\n<ul style=\"text-align: justify;\">\n<li>Traite les zones l\u00e9g\u00e8res et sensibles<\/li>\n<li>Corrige les rides et ridules peu profondes<\/li>\n<li>Diminue les premiers signes de maturation<\/li>\n<\/ul>\n<h3 style=\"text-align: justify;\">Frappez votre commande maintenant!<\/h3>\n<p style=\"text-align: justify;\">Nous avons Stylage S Lidocaine Filler 2 x 0.8ml \u00e0 vendre \u00e0 des prix modestes. Si vous voulez commander, contactez-nous tout de suite et obtenez le m\u00eame au plus t\u00f4t !<\/p>","protected":false},"excerpt":{"rendered":"<table>\n<tbody>\n<tr>\n<td>Taille<\/td>\n<td>2\u00d70,8ml<\/td>\n<\/tr>\n<tr>\n<td>Produit sous licence<\/td>\n<td>Non<\/td>\n<\/tr>\n<tr>\n<td>Enregistrement requis<\/td>\n<td>Non<\/td>\n<\/tr>\n<tr>\n<td>Pays R\u00e9gion<\/td>\n<td>Ce produit est d'origine europ\u00e9enne<\/td>\n<\/tr>\n<\/tbody>\n<\/table>","protected":false},"featured_media":3872,"comment_status":"open","ping_status":"closed","template":"","meta":{"_joinchat":[]},"product_cat":[138,186],"product_tag":[187,196,189,190,191],"yoast_head":"<!-- This site is optimized with the Yoast SEO plugin v21.3 - https:\/\/yoast.com\/wordpress\/plugins\/seo\/ -->\n<title>Buy Stylage S Lidocaine Filler 2 x 0.8ml Online @ Lowest Price<\/title>\n<meta name=\"description\" content=\"You can buy stylage S Lidocaine Filler 2 x 0.8ml online at cheap price from Probeautyaesthetics.Com.Stylage S for Sale with Free Shipping Service.Order Now!\" \/>\n<meta name=\"robots\" content=\"index, follow, max-snippet:-1, max-image-preview:large, max-video-preview:-1\" \/>\n<link rel=\"canonical\" href=\"https:\/\/www.probeautyaesthetics.com\/fr\/produit\/acheter-stylage-s-lidocaine-filler-2-x-0-8ml\/\" \/>\n<meta property=\"og:locale\" content=\"fr_FR\" \/>\n<meta property=\"og:type\" content=\"article\" \/>\n<meta property=\"og:title\" content=\"Buy Stylage S Lidocaine Filler 2 x 0.8ml Online @ Lowest Price\" \/>\n<meta property=\"og:description\" content=\"You can buy stylage S Lidocaine Filler 2 x 0.8ml online at cheap price from Probeautyaesthetics.Com.Stylage S for Sale with Free Shipping Service.Order Now!\" \/>\n<meta property=\"og:url\" content=\"https:\/\/www.probeautyaesthetics.com\/fr\/produit\/acheter-stylage-s-lidocaine-filler-2-x-0-8ml\/\" \/>\n<meta property=\"og:site_name\" content=\"Pro Beauty Aesthetics\" \/>\n<meta property=\"article:modified_time\" content=\"2020-03-02T15:36:13+00:00\" \/>\n<meta property=\"og:image\" content=\"https:\/\/www.probeautyaesthetics.com\/wp-content\/uploads\/2019\/11\/Buy-Stylage-S-Lidocaine-Filler-2-x-0.8ml.jpg\" \/>\n\t<meta property=\"og:image:width\" content=\"500\" \/>\n\t<meta property=\"og:image:height\" content=\"500\" \/>\n\t<meta property=\"og:image:type\" content=\"image\/jpeg\" \/>\n<meta name=\"twitter:card\" content=\"summary_large_image\" \/>\n<meta name=\"twitter:label1\" content=\"Dur\u00e9e de lecture estim\u00e9e\" \/>\n\t<meta name=\"twitter:data1\" content=\"1 minute\" \/>\n<script type=\"application\/ld+json\" class=\"yoast-schema-graph\">{\"@context\":\"https:\/\/schema.org\",\"@graph\":[{\"@type\":\"WebPage\",\"@id\":\"https:\/\/www.probeautyaesthetics.com\/product\/buy-stylage-s-lidocaine-filler-2-x-0-8ml\/\",\"url\":\"https:\/\/www.probeautyaesthetics.com\/product\/buy-stylage-s-lidocaine-filler-2-x-0-8ml\/\",\"name\":\"Buy Stylage S Lidocaine Filler 2 x 0.8ml Online @ Lowest Price\",\"isPartOf\":{\"@id\":\"https:\/\/www.probeautyaesthetics.com\/#website\"},\"datePublished\":\"2019-11-14T07:17:21+00:00\",\"dateModified\":\"2020-03-02T15:36:13+00:00\",\"description\":\"You can buy stylage S Lidocaine Filler 2 x 0.8ml online at cheap price from Probeautyaesthetics.Com.Stylage S for Sale with Free Shipping Service.Order Now!\",\"breadcrumb\":{\"@id\":\"https:\/\/www.probeautyaesthetics.com\/product\/buy-stylage-s-lidocaine-filler-2-x-0-8ml\/#breadcrumb\"},\"inLanguage\":\"fr-FR\",\"potentialAction\":[{\"@type\":\"ReadAction\",\"target\":[\"https:\/\/www.probeautyaesthetics.com\/product\/buy-stylage-s-lidocaine-filler-2-x-0-8ml\/\"]}]},{\"@type\":\"BreadcrumbList\",\"@id\":\"https:\/\/www.probeautyaesthetics.com\/product\/buy-stylage-s-lidocaine-filler-2-x-0-8ml\/#breadcrumb\",\"itemListElement\":[{\"@type\":\"ListItem\",\"position\":1,\"name\":\"Home\",\"item\":\"https:\/\/www.probeautyaesthetics.com\/\"},{\"@type\":\"ListItem\",\"position\":2,\"name\":\"Our Products\",\"item\":\"https:\/\/www.probeautyaesthetics.com\/shop\/\"},{\"@type\":\"ListItem\",\"position\":3,\"name\":\"Buy Stylage S Lidocaine Filler 2 x 0.8ml Online\"}]},{\"@type\":\"WebSite\",\"@id\":\"https:\/\/www.probeautyaesthetics.com\/#website\",\"url\":\"https:\/\/www.probeautyaesthetics.com\/\",\"name\":\"Pro Beauty Aesthetics\",\"description\":\"\",\"publisher\":{\"@id\":\"https:\/\/www.probeautyaesthetics.com\/#organization\"},\"potentialAction\":[{\"@type\":\"SearchAction\",\"target\":{\"@type\":\"EntryPoint\",\"urlTemplate\":\"https:\/\/www.probeautyaesthetics.com\/?s={search_term_string}\"},\"query-input\":\"required name=search_term_string\"}],\"inLanguage\":\"fr-FR\"},{\"@type\":\"Organization\",\"@id\":\"https:\/\/www.probeautyaesthetics.com\/#organization\",\"name\":\"Pro Beauty Aesthetics\",\"url\":\"https:\/\/www.probeautyaesthetics.com\/\",\"logo\":{\"@type\":\"ImageObject\",\"inLanguage\":\"fr-FR\",\"@id\":\"https:\/\/www.probeautyaesthetics.com\/#\/schema\/logo\/image\/\",\"url\":\"https:\/\/www.probeautyaesthetics.com\/wp-content\/uploads\/2019\/11\/logo-1.png\",\"contentUrl\":\"https:\/\/www.probeautyaesthetics.com\/wp-content\/uploads\/2019\/11\/logo-1.png\",\"width\":200,\"height\":50,\"caption\":\"Pro Beauty Aesthetics\"},\"image\":{\"@id\":\"https:\/\/www.probeautyaesthetics.com\/#\/schema\/logo\/image\/\"}}]}<\/script>\n<!-- \/ Yoast SEO plugin. -->","yoast_head_json":{"title":"Buy Stylage S Lidocaine Filler 2 x 0.8ml Online @ Lowest Price","description":"You can buy stylage S Lidocaine Filler 2 x 0.8ml online at cheap price from Probeautyaesthetics.Com.Stylage S for Sale with Free Shipping Service.Order Now!","robots":{"index":"index","follow":"follow","max-snippet":"max-snippet:-1","max-image-preview":"max-image-preview:large","max-video-preview":"max-video-preview:-1"},"canonical":"https:\/\/www.probeautyaesthetics.com\/fr\/produit\/acheter-stylage-s-lidocaine-filler-2-x-0-8ml\/","og_locale":"fr_FR","og_type":"article","og_title":"Buy Stylage S Lidocaine Filler 2 x 0.8ml Online @ Lowest Price","og_description":"You can buy stylage S Lidocaine Filler 2 x 0.8ml online at cheap price from Probeautyaesthetics.Com.Stylage S for Sale with Free Shipping Service.Order Now!","og_url":"https:\/\/www.probeautyaesthetics.com\/fr\/produit\/acheter-stylage-s-lidocaine-filler-2-x-0-8ml\/","og_site_name":"Pro Beauty Aesthetics","article_modified_time":"2020-03-02T15:36:13+00:00","og_image":[{"width":500,"height":500,"url":"https:\/\/www.probeautyaesthetics.com\/wp-content\/uploads\/2019\/11\/Buy-Stylage-S-Lidocaine-Filler-2-x-0.8ml.jpg","type":"image\/jpeg"}],"twitter_card":"summary_large_image","twitter_misc":{"Dur\u00e9e de lecture estim\u00e9e":"1 minute"},"schema":{"@context":"https:\/\/schema.org","@graph":[{"@type":"WebPage","@id":"https:\/\/www.probeautyaesthetics.com\/product\/buy-stylage-s-lidocaine-filler-2-x-0-8ml\/","url":"https:\/\/www.probeautyaesthetics.com\/product\/buy-stylage-s-lidocaine-filler-2-x-0-8ml\/","name":"Buy Stylage S Lidocaine Filler 2 x 0.8ml Online @ Lowest Price","isPartOf":{"@id":"https:\/\/www.probeautyaesthetics.com\/#website"},"datePublished":"2019-11-14T07:17:21+00:00","dateModified":"2020-03-02T15:36:13+00:00","description":"You can buy stylage S Lidocaine Filler 2 x 0.8ml online at cheap price from Probeautyaesthetics.Com.Stylage S for Sale with Free Shipping Service.Order Now!","breadcrumb":{"@id":"https:\/\/www.probeautyaesthetics.com\/product\/buy-stylage-s-lidocaine-filler-2-x-0-8ml\/#breadcrumb"},"inLanguage":"fr-FR","potentialAction":[{"@type":"ReadAction","target":["https:\/\/www.probeautyaesthetics.com\/product\/buy-stylage-s-lidocaine-filler-2-x-0-8ml\/"]}]},{"@type":"BreadcrumbList","@id":"https:\/\/www.probeautyaesthetics.com\/product\/buy-stylage-s-lidocaine-filler-2-x-0-8ml\/#breadcrumb","itemListElement":[{"@type":"ListItem","position":1,"name":"Home","item":"https:\/\/www.probeautyaesthetics.com\/"},{"@type":"ListItem","position":2,"name":"Our Products","item":"https:\/\/www.probeautyaesthetics.com\/shop\/"},{"@type":"ListItem","position":3,"name":"Buy Stylage S Lidocaine Filler 2 x 0.8ml Online"}]},{"@type":"WebSite","@id":"https:\/\/www.probeautyaesthetics.com\/#website","url":"https:\/\/www.probeautyaesthetics.com\/","name":"Pro Beauty Aesthetics","description":"","publisher":{"@id":"https:\/\/www.probeautyaesthetics.com\/#organization"},"potentialAction":[{"@type":"SearchAction","target":{"@type":"EntryPoint","urlTemplate":"https:\/\/www.probeautyaesthetics.com\/?s={search_term_string}"},"query-input":"required name=search_term_string"}],"inLanguage":"fr-FR"},{"@type":"Organization","@id":"https:\/\/www.probeautyaesthetics.com\/#organization","name":"Pro Beauty Aesthetics","url":"https:\/\/www.probeautyaesthetics.com\/","logo":{"@type":"ImageObject","inLanguage":"fr-FR","@id":"https:\/\/www.probeautyaesthetics.com\/#\/schema\/logo\/image\/","url":"https:\/\/www.probeautyaesthetics.com\/wp-content\/uploads\/2019\/11\/logo-1.png","contentUrl":"https:\/\/www.probeautyaesthetics.com\/wp-content\/uploads\/2019\/11\/logo-1.png","width":200,"height":50,"caption":"Pro Beauty Aesthetics"},"image":{"@id":"https:\/\/www.probeautyaesthetics.com\/#\/schema\/logo\/image\/"}}]}},"_links":{"self":[{"href":"https:\/\/www.probeautyaesthetics.com\/fr\/wp-json\/wp\/v2\/product\/3852"}],"collection":[{"href":"https:\/\/www.probeautyaesthetics.com\/fr\/wp-json\/wp\/v2\/product"}],"about":[{"href":"https:\/\/www.probeautyaesthetics.com\/fr\/wp-json\/wp\/v2\/types\/product"}],"replies":[{"embeddable":true,"href":"https:\/\/www.probeautyaesthetics.com\/fr\/wp-json\/wp\/v2\/comments?post=3852"}],"wp:featuredmedia":[{"embeddable":true,"href":"https:\/\/www.probeautyaesthetics.com\/fr\/wp-json\/wp\/v2\/media\/3872"}],"wp:attachment":[{"href":"https:\/\/www.probeautyaesthetics.com\/fr\/wp-json\/wp\/v2\/media?parent=3852"}],"wp:term":[{"taxonomy":"product_cat","embeddable":true,"href":"https:\/\/www.probeautyaesthetics.com\/fr\/wp-json\/wp\/v2\/product_cat?post=3852"},{"taxonomy":"product_tag","embeddable":true,"href":"https:\/\/www.probeautyaesthetics.com\/fr\/wp-json\/wp\/v2\/product_tag?post=3852"}],"curies":[{"name":"wp","href":"https:\/\/api.w.org\/{rel}","templated":true}]}}