{"id":3875,"date":"2019-11-14T07:17:30","date_gmt":"2019-11-14T07:17:30","guid":{"rendered":"https:\/\/www.safeonlinechemist.com\/dermalfillers\/product\/import-placeholder-for-5621\/"},"modified":"2020-03-02T15:40:38","modified_gmt":"2020-03-02T15:40:38","slug":"buy-stylage-xl-2-x-1ml","status":"publish","type":"product","link":"https:\/\/www.probeautyaesthetics.com\/fr\/produit\/acheter-stylage-xl-2-x-1ml\/","title":{"rendered":"Acheter STYLAGE XL 2 x 1ml en ligne"},"content":{"rendered":"<h2 style=\"text-align: justify;\">Acheter STYLAGE XL 2 x 1ml en ligne aupr\u00e8s des meilleurs exportateurs et fournisseurs<\/h2>\n<p style=\"text-align: justify;\">Pro Beauty Aesthetics est une destination parfaite pour acheter STYLAGE XL 2 x 1ml avec bitcoin, moneygram, et western union. Si vous souhaitez acheter STYLAGE XL 2 x 1ml \u00e0 bas prix, contactez-nous. Nous vous aiderons \u00e0 commander STYLAGE XL 2 x 1ml \u00e0 des prix int\u00e9ressants. Connectez-vous maintenant !<\/p>\n<h3 style=\"text-align: justify;\">Quels sont les avantages de STYLAGE XL 2 x 1ml pour vous ?<\/h3>\n<p style=\"text-align: justify;\">STYLAGE XL 2 x 1ml est le premier gel nettoyant monophasique antioxydant \u00e0 base d'acide hyaluronique interconnect\u00e9, con\u00e7u \u00e0 partir d'un s\u00e9rum d'hyaluronane biocompatible et sans cr\u00e9ature, qui soul\u00e8ve myst\u00e9rieusement les rides les plus profondes autour de la bouche. L'antioxydant (Mannitol) joue un r\u00f4le important dans l'\u00e9limination des impacts troublants des radicaux libres sur le derme de la peau, tout en emp\u00eachant la corruption du gel et le risque d'aggravation apr\u00e8s l'injection.<\/p>\n<p style=\"text-align: justify;\">STYLAGE XL 2 x 1ml est conseill\u00e9 pour :<\/p>\n<ul style=\"text-align: justify;\">\n<li>R\u00e9\u00e9quilibrer le volume du visage<\/li>\n<li>Modifier les formes du visage<\/li>\n<li>Augmentation du volume des pommettes<\/li>\n<li>Traitement d'un l\u00e9ger ptosis (chute de la paupi\u00e8re sup\u00e9rieure)<\/li>\n<\/ul>\n<h3 style=\"text-align: justify;\">Se connecter maintenant!<\/h3>\n<p style=\"text-align: justify;\">Obtenez STYLAGE XL 2 x 1ml pour la vente tout de suite \u00e0 partir de notre magasin en ligne professionnel et fiable. Contactez-nous d\u00e8s aujourd'hui et obtenez vos exigences dans un court laps de temps !<\/p>","protected":false},"excerpt":{"rendered":"<table>\n<tbody>\n<tr>\n<td>Taille<\/td>\n<td>2x1ml<\/td>\n<\/tr>\n<tr>\n<td>Produit sous licence<\/td>\n<td>Non<\/td>\n<\/tr>\n<tr>\n<td>Enregistrement requis<\/td>\n<td>Non<\/td>\n<\/tr>\n<tr>\n<td>Pays R\u00e9gion<\/td>\n<td>Ce produit est d'origine europ\u00e9enne<\/td>\n<\/tr>\n<\/tbody>\n<\/table>","protected":false},"featured_media":3905,"comment_status":"open","ping_status":"closed","template":"","meta":{"_joinchat":[]},"product_cat":[138,186],"product_tag":[187,199,189,190,191],"yoast_head":"<!-- This site is optimized with the Yoast SEO plugin v21.3 - https:\/\/yoast.com\/wordpress\/plugins\/seo\/ -->\n<title>Buy STYLAGE XL 2 x 1ml Online | STYLAGE XL for Sale @ Cheap Price<\/title>\n<meta name=\"description\" content=\"You can buy STYLAGE XL 2 x 1ml online at lowest price from Probeautyaesthetics.Com. STYLAGE XL for Sale with Free Shipping Service.Order Now!\" \/>\n<meta name=\"robots\" content=\"index, follow, max-snippet:-1, max-image-preview:large, max-video-preview:-1\" \/>\n<link rel=\"canonical\" href=\"https:\/\/www.probeautyaesthetics.com\/fr\/produit\/acheter-stylage-xl-2-x-1ml\/\" \/>\n<meta property=\"og:locale\" content=\"fr_FR\" \/>\n<meta property=\"og:type\" content=\"article\" \/>\n<meta property=\"og:title\" content=\"Buy STYLAGE XL 2 x 1ml Online | STYLAGE XL for Sale @ Cheap Price\" \/>\n<meta property=\"og:description\" content=\"You can buy STYLAGE XL 2 x 1ml online at lowest price from Probeautyaesthetics.Com. STYLAGE XL for Sale with Free Shipping Service.Order Now!\" \/>\n<meta property=\"og:url\" content=\"https:\/\/www.probeautyaesthetics.com\/fr\/produit\/acheter-stylage-xl-2-x-1ml\/\" \/>\n<meta property=\"og:site_name\" content=\"Pro Beauty Aesthetics\" \/>\n<meta property=\"article:modified_time\" content=\"2020-03-02T15:40:38+00:00\" \/>\n<meta property=\"og:image\" content=\"https:\/\/www.probeautyaesthetics.com\/wp-content\/uploads\/2019\/11\/Buy-STYLAGE-XL-2-x-1ml.jpg\" \/>\n\t<meta property=\"og:image:width\" content=\"640\" \/>\n\t<meta property=\"og:image:height\" content=\"640\" \/>\n\t<meta property=\"og:image:type\" content=\"image\/jpeg\" \/>\n<meta name=\"twitter:card\" content=\"summary_large_image\" \/>\n<meta name=\"twitter:label1\" content=\"Dur\u00e9e de lecture estim\u00e9e\" \/>\n\t<meta name=\"twitter:data1\" content=\"1 minute\" \/>\n<script type=\"application\/ld+json\" class=\"yoast-schema-graph\">{\"@context\":\"https:\/\/schema.org\",\"@graph\":[{\"@type\":\"WebPage\",\"@id\":\"https:\/\/www.probeautyaesthetics.com\/product\/buy-stylage-xl-2-x-1ml\/\",\"url\":\"https:\/\/www.probeautyaesthetics.com\/product\/buy-stylage-xl-2-x-1ml\/\",\"name\":\"Buy STYLAGE XL 2 x 1ml Online | STYLAGE XL for Sale @ Cheap Price\",\"isPartOf\":{\"@id\":\"https:\/\/www.probeautyaesthetics.com\/#website\"},\"datePublished\":\"2019-11-14T07:17:30+00:00\",\"dateModified\":\"2020-03-02T15:40:38+00:00\",\"description\":\"You can buy STYLAGE XL 2 x 1ml online at lowest price from Probeautyaesthetics.Com. STYLAGE XL for Sale with Free Shipping Service.Order Now!\",\"breadcrumb\":{\"@id\":\"https:\/\/www.probeautyaesthetics.com\/product\/buy-stylage-xl-2-x-1ml\/#breadcrumb\"},\"inLanguage\":\"fr-FR\",\"potentialAction\":[{\"@type\":\"ReadAction\",\"target\":[\"https:\/\/www.probeautyaesthetics.com\/product\/buy-stylage-xl-2-x-1ml\/\"]}]},{\"@type\":\"BreadcrumbList\",\"@id\":\"https:\/\/www.probeautyaesthetics.com\/product\/buy-stylage-xl-2-x-1ml\/#breadcrumb\",\"itemListElement\":[{\"@type\":\"ListItem\",\"position\":1,\"name\":\"Home\",\"item\":\"https:\/\/www.probeautyaesthetics.com\/\"},{\"@type\":\"ListItem\",\"position\":2,\"name\":\"Our Products\",\"item\":\"https:\/\/www.probeautyaesthetics.com\/shop\/\"},{\"@type\":\"ListItem\",\"position\":3,\"name\":\"Buy STYLAGE XL 2 x 1ml Online\"}]},{\"@type\":\"WebSite\",\"@id\":\"https:\/\/www.probeautyaesthetics.com\/#website\",\"url\":\"https:\/\/www.probeautyaesthetics.com\/\",\"name\":\"Pro Beauty Aesthetics\",\"description\":\"\",\"publisher\":{\"@id\":\"https:\/\/www.probeautyaesthetics.com\/#organization\"},\"potentialAction\":[{\"@type\":\"SearchAction\",\"target\":{\"@type\":\"EntryPoint\",\"urlTemplate\":\"https:\/\/www.probeautyaesthetics.com\/?s={search_term_string}\"},\"query-input\":\"required name=search_term_string\"}],\"inLanguage\":\"fr-FR\"},{\"@type\":\"Organization\",\"@id\":\"https:\/\/www.probeautyaesthetics.com\/#organization\",\"name\":\"Pro Beauty Aesthetics\",\"url\":\"https:\/\/www.probeautyaesthetics.com\/\",\"logo\":{\"@type\":\"ImageObject\",\"inLanguage\":\"fr-FR\",\"@id\":\"https:\/\/www.probeautyaesthetics.com\/#\/schema\/logo\/image\/\",\"url\":\"https:\/\/www.probeautyaesthetics.com\/wp-content\/uploads\/2019\/11\/logo-1.png\",\"contentUrl\":\"https:\/\/www.probeautyaesthetics.com\/wp-content\/uploads\/2019\/11\/logo-1.png\",\"width\":200,\"height\":50,\"caption\":\"Pro Beauty Aesthetics\"},\"image\":{\"@id\":\"https:\/\/www.probeautyaesthetics.com\/#\/schema\/logo\/image\/\"}}]}<\/script>\n<!-- \/ Yoast SEO plugin. -->","yoast_head_json":{"title":"Buy STYLAGE XL 2 x 1ml Online | STYLAGE XL for Sale @ Cheap Price","description":"You can buy STYLAGE XL 2 x 1ml online at lowest price from Probeautyaesthetics.Com. STYLAGE XL for Sale with Free Shipping Service.Order Now!","robots":{"index":"index","follow":"follow","max-snippet":"max-snippet:-1","max-image-preview":"max-image-preview:large","max-video-preview":"max-video-preview:-1"},"canonical":"https:\/\/www.probeautyaesthetics.com\/fr\/produit\/acheter-stylage-xl-2-x-1ml\/","og_locale":"fr_FR","og_type":"article","og_title":"Buy STYLAGE XL 2 x 1ml Online | STYLAGE XL for Sale @ Cheap Price","og_description":"You can buy STYLAGE XL 2 x 1ml online at lowest price from Probeautyaesthetics.Com. STYLAGE XL for Sale with Free Shipping Service.Order Now!","og_url":"https:\/\/www.probeautyaesthetics.com\/fr\/produit\/acheter-stylage-xl-2-x-1ml\/","og_site_name":"Pro Beauty Aesthetics","article_modified_time":"2020-03-02T15:40:38+00:00","og_image":[{"width":640,"height":640,"url":"https:\/\/www.probeautyaesthetics.com\/wp-content\/uploads\/2019\/11\/Buy-STYLAGE-XL-2-x-1ml.jpg","type":"image\/jpeg"}],"twitter_card":"summary_large_image","twitter_misc":{"Dur\u00e9e de lecture estim\u00e9e":"1 minute"},"schema":{"@context":"https:\/\/schema.org","@graph":[{"@type":"WebPage","@id":"https:\/\/www.probeautyaesthetics.com\/product\/buy-stylage-xl-2-x-1ml\/","url":"https:\/\/www.probeautyaesthetics.com\/product\/buy-stylage-xl-2-x-1ml\/","name":"Buy STYLAGE XL 2 x 1ml Online | STYLAGE XL for Sale @ Cheap Price","isPartOf":{"@id":"https:\/\/www.probeautyaesthetics.com\/#website"},"datePublished":"2019-11-14T07:17:30+00:00","dateModified":"2020-03-02T15:40:38+00:00","description":"You can buy STYLAGE XL 2 x 1ml online at lowest price from Probeautyaesthetics.Com. STYLAGE XL for Sale with Free Shipping Service.Order Now!","breadcrumb":{"@id":"https:\/\/www.probeautyaesthetics.com\/product\/buy-stylage-xl-2-x-1ml\/#breadcrumb"},"inLanguage":"fr-FR","potentialAction":[{"@type":"ReadAction","target":["https:\/\/www.probeautyaesthetics.com\/product\/buy-stylage-xl-2-x-1ml\/"]}]},{"@type":"BreadcrumbList","@id":"https:\/\/www.probeautyaesthetics.com\/product\/buy-stylage-xl-2-x-1ml\/#breadcrumb","itemListElement":[{"@type":"ListItem","position":1,"name":"Home","item":"https:\/\/www.probeautyaesthetics.com\/"},{"@type":"ListItem","position":2,"name":"Our Products","item":"https:\/\/www.probeautyaesthetics.com\/shop\/"},{"@type":"ListItem","position":3,"name":"Buy STYLAGE XL 2 x 1ml Online"}]},{"@type":"WebSite","@id":"https:\/\/www.probeautyaesthetics.com\/#website","url":"https:\/\/www.probeautyaesthetics.com\/","name":"Pro Beauty Aesthetics","description":"","publisher":{"@id":"https:\/\/www.probeautyaesthetics.com\/#organization"},"potentialAction":[{"@type":"SearchAction","target":{"@type":"EntryPoint","urlTemplate":"https:\/\/www.probeautyaesthetics.com\/?s={search_term_string}"},"query-input":"required name=search_term_string"}],"inLanguage":"fr-FR"},{"@type":"Organization","@id":"https:\/\/www.probeautyaesthetics.com\/#organization","name":"Pro Beauty Aesthetics","url":"https:\/\/www.probeautyaesthetics.com\/","logo":{"@type":"ImageObject","inLanguage":"fr-FR","@id":"https:\/\/www.probeautyaesthetics.com\/#\/schema\/logo\/image\/","url":"https:\/\/www.probeautyaesthetics.com\/wp-content\/uploads\/2019\/11\/logo-1.png","contentUrl":"https:\/\/www.probeautyaesthetics.com\/wp-content\/uploads\/2019\/11\/logo-1.png","width":200,"height":50,"caption":"Pro Beauty Aesthetics"},"image":{"@id":"https:\/\/www.probeautyaesthetics.com\/#\/schema\/logo\/image\/"}}]}},"_links":{"self":[{"href":"https:\/\/www.probeautyaesthetics.com\/fr\/wp-json\/wp\/v2\/product\/3875"}],"collection":[{"href":"https:\/\/www.probeautyaesthetics.com\/fr\/wp-json\/wp\/v2\/product"}],"about":[{"href":"https:\/\/www.probeautyaesthetics.com\/fr\/wp-json\/wp\/v2\/types\/product"}],"replies":[{"embeddable":true,"href":"https:\/\/www.probeautyaesthetics.com\/fr\/wp-json\/wp\/v2\/comments?post=3875"}],"wp:featuredmedia":[{"embeddable":true,"href":"https:\/\/www.probeautyaesthetics.com\/fr\/wp-json\/wp\/v2\/media\/3905"}],"wp:attachment":[{"href":"https:\/\/www.probeautyaesthetics.com\/fr\/wp-json\/wp\/v2\/media?parent=3875"}],"wp:term":[{"taxonomy":"product_cat","embeddable":true,"href":"https:\/\/www.probeautyaesthetics.com\/fr\/wp-json\/wp\/v2\/product_cat?post=3875"},{"taxonomy":"product_tag","embeddable":true,"href":"https:\/\/www.probeautyaesthetics.com\/fr\/wp-json\/wp\/v2\/product_tag?post=3875"}],"curies":[{"name":"wp","href":"https:\/\/api.w.org\/{rel}","templated":true}]}}