{"id":3945,"date":"2019-11-14T07:17:50","date_gmt":"2019-11-14T07:17:50","guid":{"rendered":"https:\/\/www.safeonlinechemist.com\/dermalfillers\/product\/import-placeholder-for-5701\/"},"modified":"2020-02-12T15:38:45","modified_gmt":"2020-02-12T15:38:45","slug":"buy-luminera-hydryal-2-2-x-1-25ml","status":"publish","type":"product","link":"https:\/\/www.probeautyaesthetics.com\/fr\/produit\/acheter-luminera-hydryal-2-2-x-1-25ml\/","title":{"rendered":"Acheter Luminera Hydryal 2% 2 x 1.25ml Online"},"content":{"rendered":"<h2 style=\"text-align: justify;\">Acheter Luminera Hydryal 2% 2 x 1.25ml en ligne avec Bitcoin, MoneyGram, et Western Union<\/h2>\n<p style=\"text-align: justify;\">Pro Beauty Aesthetics est une boutique professionnelle sur la plateforme en ligne o\u00f9 vous pouvez acheter Luminera Hydryal 2% 2 x 1.25ml avec bitcoin, moneygram, et western union. Obtenez Luminera Hydryal 2% 2 x 1.25ml en vente dans notre magasin d\u00e8s maintenant !<\/p>\n<h3 style=\"text-align: justify;\">Quel est le but de l'utilisation de Luminera Hydryal 2% 2 x 1.25ml ?<\/h3>\n<p style=\"text-align: justify;\">Luminera Hydryal 2% 2 x 1.25ml injectable skin booster peut vous aider \u00e0 r\u00e9tablir et \u00e0 conserver une apparence jeune. Il est bas\u00e9 sur de l'acide hyaluronique profond\u00e9ment purifi\u00e9 et non crois\u00e9 \u00e0 20mg\/ml. Il revitalise la peau et r\u00e9tablit son \u00e9quilibre hydrologique. Il am\u00e9liore \u00e9galement la flexibilit\u00e9 de la peau et lui redonne de l'\u00e9clat, pour une composition plus ferme et plus jeune. Hydryal 2% lisse les diff\u00e9rences \u00e0 peine perceptibles et les rides peu profondes et emp\u00eache la formation de nouvelles rides.<\/p>\n<ul style=\"text-align: justify;\">\n<li>Anti-maturation<\/li>\n<li>Revitalisation et hydratation de la peau<\/li>\n<li>R\u00e9tablissement et maintien de l'aspect jeune<\/li>\n<li>Am\u00e9lioration de la brillance et de la polyvalence<\/li>\n<li>Des diff\u00e9rences et des rides moins visibles<\/li>\n<li>Am\u00e9lioration du teint<\/li>\n<\/ul>\n<h3 style=\"text-align: justify;\">Commandez aujourd'hui\u00a0!<\/h3>\n<p style=\"text-align: justify;\">Passez votre commande pour acheter Luminera Hydryal 2% 2 x 1.25ml \u00e0 un prix avantageux dans notre magasin en ligne et recevez-la dans un court d\u00e9lai. Commandez Luminera Hydryal 2% 2 x 1.25ml maintenant et attendez la livraison dans les plus brefs d\u00e9lais !<\/p>","protected":false},"excerpt":{"rendered":"<table>\n<tbody>\n<tr>\n<td>Taille<\/td>\n<td>2\u00d71.25ml<\/td>\n<\/tr>\n<tr>\n<td>Produit sous licence<\/td>\n<td>Non<\/td>\n<\/tr>\n<tr>\n<td>Enregistrement requis<\/td>\n<td>Non<\/td>\n<\/tr>\n<tr>\n<td>Pays R\u00e9gion<\/td>\n<td>Ce produit est d'origine europ\u00e9enne<\/td>\n<\/tr>\n<\/tbody>\n<\/table>","protected":false},"featured_media":3975,"comment_status":"open","ping_status":"closed","template":"","meta":{"_joinchat":[]},"product_cat":[138,202],"product_tag":[203,218,205,206,207,208,209,210,211],"yoast_head":"<!-- This site is optimized with the Yoast SEO plugin v21.3 - https:\/\/yoast.com\/wordpress\/plugins\/seo\/ -->\n<title>Buy Luminera Hydryal 2% 2 x 1.25ml Online @ Lowest Price<\/title>\n<meta name=\"description\" content=\"You can buy luminera hydryal 2% 2 x 1.25ml online at cheap price from Probeautyaesthetics.Com. Hydryal 2% for Sale with Free Shipping Service.Order Now!\" \/>\n<meta name=\"robots\" content=\"index, follow, max-snippet:-1, max-image-preview:large, max-video-preview:-1\" \/>\n<link rel=\"canonical\" href=\"https:\/\/www.probeautyaesthetics.com\/fr\/produit\/acheter-luminera-hydryal-2-2-x-1-25ml\/\" \/>\n<meta property=\"og:locale\" content=\"fr_FR\" \/>\n<meta property=\"og:type\" content=\"article\" \/>\n<meta property=\"og:title\" content=\"Buy Luminera Hydryal 2% 2 x 1.25ml Online @ Lowest Price\" \/>\n<meta property=\"og:description\" content=\"You can buy luminera hydryal 2% 2 x 1.25ml online at cheap price from Probeautyaesthetics.Com. Hydryal 2% for Sale with Free Shipping Service.Order Now!\" \/>\n<meta property=\"og:url\" content=\"https:\/\/www.probeautyaesthetics.com\/fr\/produit\/acheter-luminera-hydryal-2-2-x-1-25ml\/\" \/>\n<meta property=\"og:site_name\" content=\"Pro Beauty Aesthetics\" \/>\n<meta property=\"article:modified_time\" content=\"2020-02-12T15:38:45+00:00\" \/>\n<meta property=\"og:image\" content=\"https:\/\/www.probeautyaesthetics.com\/wp-content\/uploads\/2019\/11\/Buy-Luminera-Hydryal-2-2-x-1.25ml.jpg\" \/>\n\t<meta property=\"og:image:width\" content=\"660\" \/>\n\t<meta property=\"og:image:height\" content=\"574\" \/>\n\t<meta property=\"og:image:type\" content=\"image\/jpeg\" \/>\n<meta name=\"twitter:card\" content=\"summary_large_image\" \/>\n<meta name=\"twitter:label1\" content=\"Dur\u00e9e de lecture estim\u00e9e\" \/>\n\t<meta name=\"twitter:data1\" content=\"1 minute\" \/>\n<script type=\"application\/ld+json\" class=\"yoast-schema-graph\">{\"@context\":\"https:\/\/schema.org\",\"@graph\":[{\"@type\":\"WebPage\",\"@id\":\"https:\/\/www.probeautyaesthetics.com\/product\/buy-luminera-hydryal-2-2-x-1-25ml\/\",\"url\":\"https:\/\/www.probeautyaesthetics.com\/product\/buy-luminera-hydryal-2-2-x-1-25ml\/\",\"name\":\"Buy Luminera Hydryal 2% 2 x 1.25ml Online @ Lowest Price\",\"isPartOf\":{\"@id\":\"https:\/\/www.probeautyaesthetics.com\/#website\"},\"datePublished\":\"2019-11-14T07:17:50+00:00\",\"dateModified\":\"2020-02-12T15:38:45+00:00\",\"description\":\"You can buy luminera hydryal 2% 2 x 1.25ml online at cheap price from Probeautyaesthetics.Com. Hydryal 2% for Sale with Free Shipping Service.Order Now!\",\"breadcrumb\":{\"@id\":\"https:\/\/www.probeautyaesthetics.com\/product\/buy-luminera-hydryal-2-2-x-1-25ml\/#breadcrumb\"},\"inLanguage\":\"fr-FR\",\"potentialAction\":[{\"@type\":\"ReadAction\",\"target\":[\"https:\/\/www.probeautyaesthetics.com\/product\/buy-luminera-hydryal-2-2-x-1-25ml\/\"]}]},{\"@type\":\"BreadcrumbList\",\"@id\":\"https:\/\/www.probeautyaesthetics.com\/product\/buy-luminera-hydryal-2-2-x-1-25ml\/#breadcrumb\",\"itemListElement\":[{\"@type\":\"ListItem\",\"position\":1,\"name\":\"Home\",\"item\":\"https:\/\/www.probeautyaesthetics.com\/\"},{\"@type\":\"ListItem\",\"position\":2,\"name\":\"Our Products\",\"item\":\"https:\/\/www.probeautyaesthetics.com\/shop\/\"},{\"@type\":\"ListItem\",\"position\":3,\"name\":\"Buy Luminera Hydryal 2% 2 x 1.25ml Online\"}]},{\"@type\":\"WebSite\",\"@id\":\"https:\/\/www.probeautyaesthetics.com\/#website\",\"url\":\"https:\/\/www.probeautyaesthetics.com\/\",\"name\":\"Pro Beauty Aesthetics\",\"description\":\"\",\"publisher\":{\"@id\":\"https:\/\/www.probeautyaesthetics.com\/#organization\"},\"potentialAction\":[{\"@type\":\"SearchAction\",\"target\":{\"@type\":\"EntryPoint\",\"urlTemplate\":\"https:\/\/www.probeautyaesthetics.com\/?s={search_term_string}\"},\"query-input\":\"required name=search_term_string\"}],\"inLanguage\":\"fr-FR\"},{\"@type\":\"Organization\",\"@id\":\"https:\/\/www.probeautyaesthetics.com\/#organization\",\"name\":\"Pro Beauty Aesthetics\",\"url\":\"https:\/\/www.probeautyaesthetics.com\/\",\"logo\":{\"@type\":\"ImageObject\",\"inLanguage\":\"fr-FR\",\"@id\":\"https:\/\/www.probeautyaesthetics.com\/#\/schema\/logo\/image\/\",\"url\":\"https:\/\/www.probeautyaesthetics.com\/wp-content\/uploads\/2019\/11\/logo-1.png\",\"contentUrl\":\"https:\/\/www.probeautyaesthetics.com\/wp-content\/uploads\/2019\/11\/logo-1.png\",\"width\":200,\"height\":50,\"caption\":\"Pro Beauty Aesthetics\"},\"image\":{\"@id\":\"https:\/\/www.probeautyaesthetics.com\/#\/schema\/logo\/image\/\"}}]}<\/script>\n<!-- \/ Yoast SEO plugin. -->","yoast_head_json":{"title":"Buy Luminera Hydryal 2% 2 x 1.25ml Online @ Lowest Price","description":"You can buy luminera hydryal 2% 2 x 1.25ml online at cheap price from Probeautyaesthetics.Com. Hydryal 2% for Sale with Free Shipping Service.Order Now!","robots":{"index":"index","follow":"follow","max-snippet":"max-snippet:-1","max-image-preview":"max-image-preview:large","max-video-preview":"max-video-preview:-1"},"canonical":"https:\/\/www.probeautyaesthetics.com\/fr\/produit\/acheter-luminera-hydryal-2-2-x-1-25ml\/","og_locale":"fr_FR","og_type":"article","og_title":"Buy Luminera Hydryal 2% 2 x 1.25ml Online @ Lowest Price","og_description":"You can buy luminera hydryal 2% 2 x 1.25ml online at cheap price from Probeautyaesthetics.Com. Hydryal 2% for Sale with Free Shipping Service.Order Now!","og_url":"https:\/\/www.probeautyaesthetics.com\/fr\/produit\/acheter-luminera-hydryal-2-2-x-1-25ml\/","og_site_name":"Pro Beauty Aesthetics","article_modified_time":"2020-02-12T15:38:45+00:00","og_image":[{"width":660,"height":574,"url":"https:\/\/www.probeautyaesthetics.com\/wp-content\/uploads\/2019\/11\/Buy-Luminera-Hydryal-2-2-x-1.25ml.jpg","type":"image\/jpeg"}],"twitter_card":"summary_large_image","twitter_misc":{"Dur\u00e9e de lecture estim\u00e9e":"1 minute"},"schema":{"@context":"https:\/\/schema.org","@graph":[{"@type":"WebPage","@id":"https:\/\/www.probeautyaesthetics.com\/product\/buy-luminera-hydryal-2-2-x-1-25ml\/","url":"https:\/\/www.probeautyaesthetics.com\/product\/buy-luminera-hydryal-2-2-x-1-25ml\/","name":"Buy Luminera Hydryal 2% 2 x 1.25ml Online @ Lowest Price","isPartOf":{"@id":"https:\/\/www.probeautyaesthetics.com\/#website"},"datePublished":"2019-11-14T07:17:50+00:00","dateModified":"2020-02-12T15:38:45+00:00","description":"You can buy luminera hydryal 2% 2 x 1.25ml online at cheap price from Probeautyaesthetics.Com. Hydryal 2% for Sale with Free Shipping Service.Order Now!","breadcrumb":{"@id":"https:\/\/www.probeautyaesthetics.com\/product\/buy-luminera-hydryal-2-2-x-1-25ml\/#breadcrumb"},"inLanguage":"fr-FR","potentialAction":[{"@type":"ReadAction","target":["https:\/\/www.probeautyaesthetics.com\/product\/buy-luminera-hydryal-2-2-x-1-25ml\/"]}]},{"@type":"BreadcrumbList","@id":"https:\/\/www.probeautyaesthetics.com\/product\/buy-luminera-hydryal-2-2-x-1-25ml\/#breadcrumb","itemListElement":[{"@type":"ListItem","position":1,"name":"Home","item":"https:\/\/www.probeautyaesthetics.com\/"},{"@type":"ListItem","position":2,"name":"Our Products","item":"https:\/\/www.probeautyaesthetics.com\/shop\/"},{"@type":"ListItem","position":3,"name":"Buy Luminera Hydryal 2% 2 x 1.25ml Online"}]},{"@type":"WebSite","@id":"https:\/\/www.probeautyaesthetics.com\/#website","url":"https:\/\/www.probeautyaesthetics.com\/","name":"Pro Beauty Aesthetics","description":"","publisher":{"@id":"https:\/\/www.probeautyaesthetics.com\/#organization"},"potentialAction":[{"@type":"SearchAction","target":{"@type":"EntryPoint","urlTemplate":"https:\/\/www.probeautyaesthetics.com\/?s={search_term_string}"},"query-input":"required name=search_term_string"}],"inLanguage":"fr-FR"},{"@type":"Organization","@id":"https:\/\/www.probeautyaesthetics.com\/#organization","name":"Pro Beauty Aesthetics","url":"https:\/\/www.probeautyaesthetics.com\/","logo":{"@type":"ImageObject","inLanguage":"fr-FR","@id":"https:\/\/www.probeautyaesthetics.com\/#\/schema\/logo\/image\/","url":"https:\/\/www.probeautyaesthetics.com\/wp-content\/uploads\/2019\/11\/logo-1.png","contentUrl":"https:\/\/www.probeautyaesthetics.com\/wp-content\/uploads\/2019\/11\/logo-1.png","width":200,"height":50,"caption":"Pro Beauty Aesthetics"},"image":{"@id":"https:\/\/www.probeautyaesthetics.com\/#\/schema\/logo\/image\/"}}]}},"_links":{"self":[{"href":"https:\/\/www.probeautyaesthetics.com\/fr\/wp-json\/wp\/v2\/product\/3945"}],"collection":[{"href":"https:\/\/www.probeautyaesthetics.com\/fr\/wp-json\/wp\/v2\/product"}],"about":[{"href":"https:\/\/www.probeautyaesthetics.com\/fr\/wp-json\/wp\/v2\/types\/product"}],"replies":[{"embeddable":true,"href":"https:\/\/www.probeautyaesthetics.com\/fr\/wp-json\/wp\/v2\/comments?post=3945"}],"wp:featuredmedia":[{"embeddable":true,"href":"https:\/\/www.probeautyaesthetics.com\/fr\/wp-json\/wp\/v2\/media\/3975"}],"wp:attachment":[{"href":"https:\/\/www.probeautyaesthetics.com\/fr\/wp-json\/wp\/v2\/media?parent=3945"}],"wp:term":[{"taxonomy":"product_cat","embeddable":true,"href":"https:\/\/www.probeautyaesthetics.com\/fr\/wp-json\/wp\/v2\/product_cat?post=3945"},{"taxonomy":"product_tag","embeddable":true,"href":"https:\/\/www.probeautyaesthetics.com\/fr\/wp-json\/wp\/v2\/product_tag?post=3945"}],"curies":[{"name":"wp","href":"https:\/\/api.w.org\/{rel}","templated":true}]}}