{"id":3992,"date":"2019-11-14T07:18:01","date_gmt":"2019-11-14T07:18:01","guid":{"rendered":"https:\/\/www.safeonlinechemist.com\/dermalfillers\/product\/import-placeholder-for-5764\/"},"modified":"2020-01-28T09:16:05","modified_gmt":"2020-01-28T09:16:05","slug":"buy-alidya-340mg-5-vials","status":"publish","type":"product","link":"https:\/\/www.probeautyaesthetics.com\/fr\/produit\/acheter-alidya-340mg-5-flacons\/","title":{"rendered":"Acheter Alidya 340 mg 5 flacons en ligne"},"content":{"rendered":"<h2 style=\"text-align: justify;\">Achetez Alidya 340 mg 5 flacons en ligne \u00e0 bas prix<\/h2>\n<p style=\"text-align: justify;\">Avec l'aide de Pro Beauty Aesthetics, vous pouvez d\u00e9sormais acheter Alidya 340 mg 5 flacons \u00e0 bas prix. Nous sommes \u00e9galement disponibles avec Alidya 340 mg 5 flacons \u00e0 vendre. Vous pouvez passer votre commande pour acheter Alidya 340 mg 5 flacons avec bitcoin, moneygram et western union. D\u00e8s r\u00e9ception des d\u00e9tails de votre commande concernant Alidya 340mg 5 Flacons en ligne, nous vous l'enverrons bient\u00f4t !<\/p>\n<h3 style=\"text-align: justify;\">Qu'est-ce que Alidya 340mg 5 Ampoules et Son Efficacit\u00e9 ?<\/h3>\n<p style=\"text-align: justify;\">Alidya est le principal op\u00e9rateur de m\u00e9soth\u00e9rapie de la plan\u00e8te enr\u00f4l\u00e9 comme appareil contre la cellulite. Le m\u00e9dicament \u00e9limine les effets de la lipodystrophie gyno\u00efde, mais aussi ses causes. Apr\u00e8s quelques strat\u00e9gies, l'aide est nivel\u00e9e et le teint de la peau s'am\u00e9liore; les territoires d'infusion semblent plus tendus.<\/p>\n<ul style=\"text-align: justify;\">\n<li>Normalisation du flux lymphatique, am\u00e9lioration de la microcirculation dans la zone r\u00e9par\u00e9e<\/li>\n<li>Renforcement de l'apport en oxyg\u00e8ne de l'\u00e9piderme<\/li>\n<li>Augmentation de la vitesse de digestion dans les tissus et, par cons\u00e9quent, dissolution dynamique et d\u00e9charge des r\u00e9sultats de l'action fondamentale des cellules<\/li>\n<li>Standardisation du pH du derme<\/li>\n<li>Arrangement de soulagement, l'augmentation du teint de la peau<\/li>\n<li>Redressement du volume des zones d'\u00e9mission<\/li>\n<\/ul>\n<h3 style=\"text-align: justify;\">Commandez maintenant!<\/h3>\n<p style=\"text-align: justify;\">Commandez maintenant Alidya 340 mg 5 flacons sur notre boutique en ligne et obtenez-le dans un court laps de temps \u00e0 l'endroit que vous avez mentionn\u00e9\u00a0!<\/p>","protected":false},"excerpt":{"rendered":"<p>Produit d'origine;<br \/>\nPetit prix Alidya 340mg 5 Flacons<br \/>\nLivraison rapide;<\/p>","protected":false},"featured_media":4012,"comment_status":"open","ping_status":"closed","template":"","meta":{"_joinchat":[]},"product_cat":[138,235],"product_tag":[236],"yoast_head":"<!-- This site is optimized with the Yoast SEO plugin v21.3 - https:\/\/yoast.com\/wordpress\/plugins\/seo\/ -->\n<title>Buy Alidya 340mg 5 Vials Online | Alidya Vials for Sale @ Cheap Price<\/title>\n<meta name=\"description\" content=\"You can buy alidya 340mg 5 vials online at lowest price from Probeautyaesthetics.Com. Alidya Vials for Sale with Free Shipping Service.Order Now!\" \/>\n<meta name=\"robots\" content=\"index, follow, max-snippet:-1, max-image-preview:large, max-video-preview:-1\" \/>\n<link rel=\"canonical\" href=\"https:\/\/www.probeautyaesthetics.com\/fr\/produit\/acheter-alidya-340mg-5-flacons\/\" \/>\n<meta property=\"og:locale\" content=\"fr_FR\" \/>\n<meta property=\"og:type\" content=\"article\" \/>\n<meta property=\"og:title\" content=\"Buy Alidya 340mg 5 Vials Online | Alidya Vials for Sale @ Cheap Price\" \/>\n<meta property=\"og:description\" content=\"You can buy alidya 340mg 5 vials online at lowest price from Probeautyaesthetics.Com. Alidya Vials for Sale with Free Shipping Service.Order Now!\" \/>\n<meta property=\"og:url\" content=\"https:\/\/www.probeautyaesthetics.com\/fr\/produit\/acheter-alidya-340mg-5-flacons\/\" \/>\n<meta property=\"og:site_name\" content=\"Pro Beauty Aesthetics\" \/>\n<meta property=\"article:modified_time\" content=\"2020-01-28T09:16:05+00:00\" \/>\n<meta property=\"og:image\" content=\"https:\/\/www.probeautyaesthetics.com\/wp-content\/uploads\/2019\/11\/Buy-Alidya-340mg-5-Vials.jpg\" \/>\n\t<meta property=\"og:image:width\" content=\"640\" \/>\n\t<meta property=\"og:image:height\" content=\"640\" \/>\n\t<meta property=\"og:image:type\" content=\"image\/jpeg\" \/>\n<meta name=\"twitter:card\" content=\"summary_large_image\" \/>\n<meta name=\"twitter:label1\" content=\"Dur\u00e9e de lecture estim\u00e9e\" \/>\n\t<meta name=\"twitter:data1\" content=\"1 minute\" \/>\n<script type=\"application\/ld+json\" class=\"yoast-schema-graph\">{\"@context\":\"https:\/\/schema.org\",\"@graph\":[{\"@type\":\"WebPage\",\"@id\":\"https:\/\/www.probeautyaesthetics.com\/product\/buy-alidya-340mg-5-vials\/\",\"url\":\"https:\/\/www.probeautyaesthetics.com\/product\/buy-alidya-340mg-5-vials\/\",\"name\":\"Buy Alidya 340mg 5 Vials Online | Alidya Vials for Sale @ Cheap Price\",\"isPartOf\":{\"@id\":\"https:\/\/www.probeautyaesthetics.com\/#website\"},\"datePublished\":\"2019-11-14T07:18:01+00:00\",\"dateModified\":\"2020-01-28T09:16:05+00:00\",\"description\":\"You can buy alidya 340mg 5 vials online at lowest price from Probeautyaesthetics.Com. Alidya Vials for Sale with Free Shipping Service.Order Now!\",\"breadcrumb\":{\"@id\":\"https:\/\/www.probeautyaesthetics.com\/product\/buy-alidya-340mg-5-vials\/#breadcrumb\"},\"inLanguage\":\"fr-FR\",\"potentialAction\":[{\"@type\":\"ReadAction\",\"target\":[\"https:\/\/www.probeautyaesthetics.com\/product\/buy-alidya-340mg-5-vials\/\"]}]},{\"@type\":\"BreadcrumbList\",\"@id\":\"https:\/\/www.probeautyaesthetics.com\/product\/buy-alidya-340mg-5-vials\/#breadcrumb\",\"itemListElement\":[{\"@type\":\"ListItem\",\"position\":1,\"name\":\"Home\",\"item\":\"https:\/\/www.probeautyaesthetics.com\/\"},{\"@type\":\"ListItem\",\"position\":2,\"name\":\"Our Products\",\"item\":\"https:\/\/www.probeautyaesthetics.com\/shop\/\"},{\"@type\":\"ListItem\",\"position\":3,\"name\":\"Buy Alidya 340mg 5 Vials Online\"}]},{\"@type\":\"WebSite\",\"@id\":\"https:\/\/www.probeautyaesthetics.com\/#website\",\"url\":\"https:\/\/www.probeautyaesthetics.com\/\",\"name\":\"Pro Beauty Aesthetics\",\"description\":\"\",\"publisher\":{\"@id\":\"https:\/\/www.probeautyaesthetics.com\/#organization\"},\"potentialAction\":[{\"@type\":\"SearchAction\",\"target\":{\"@type\":\"EntryPoint\",\"urlTemplate\":\"https:\/\/www.probeautyaesthetics.com\/?s={search_term_string}\"},\"query-input\":\"required name=search_term_string\"}],\"inLanguage\":\"fr-FR\"},{\"@type\":\"Organization\",\"@id\":\"https:\/\/www.probeautyaesthetics.com\/#organization\",\"name\":\"Pro Beauty Aesthetics\",\"url\":\"https:\/\/www.probeautyaesthetics.com\/\",\"logo\":{\"@type\":\"ImageObject\",\"inLanguage\":\"fr-FR\",\"@id\":\"https:\/\/www.probeautyaesthetics.com\/#\/schema\/logo\/image\/\",\"url\":\"https:\/\/www.probeautyaesthetics.com\/wp-content\/uploads\/2019\/11\/logo-1.png\",\"contentUrl\":\"https:\/\/www.probeautyaesthetics.com\/wp-content\/uploads\/2019\/11\/logo-1.png\",\"width\":200,\"height\":50,\"caption\":\"Pro Beauty Aesthetics\"},\"image\":{\"@id\":\"https:\/\/www.probeautyaesthetics.com\/#\/schema\/logo\/image\/\"}}]}<\/script>\n<!-- \/ Yoast SEO plugin. -->","yoast_head_json":{"title":"Buy Alidya 340mg 5 Vials Online | Alidya Vials for Sale @ Cheap Price","description":"You can buy alidya 340mg 5 vials online at lowest price from Probeautyaesthetics.Com. Alidya Vials for Sale with Free Shipping Service.Order Now!","robots":{"index":"index","follow":"follow","max-snippet":"max-snippet:-1","max-image-preview":"max-image-preview:large","max-video-preview":"max-video-preview:-1"},"canonical":"https:\/\/www.probeautyaesthetics.com\/fr\/produit\/acheter-alidya-340mg-5-flacons\/","og_locale":"fr_FR","og_type":"article","og_title":"Buy Alidya 340mg 5 Vials Online | Alidya Vials for Sale @ Cheap Price","og_description":"You can buy alidya 340mg 5 vials online at lowest price from Probeautyaesthetics.Com. Alidya Vials for Sale with Free Shipping Service.Order Now!","og_url":"https:\/\/www.probeautyaesthetics.com\/fr\/produit\/acheter-alidya-340mg-5-flacons\/","og_site_name":"Pro Beauty Aesthetics","article_modified_time":"2020-01-28T09:16:05+00:00","og_image":[{"width":640,"height":640,"url":"https:\/\/www.probeautyaesthetics.com\/wp-content\/uploads\/2019\/11\/Buy-Alidya-340mg-5-Vials.jpg","type":"image\/jpeg"}],"twitter_card":"summary_large_image","twitter_misc":{"Dur\u00e9e de lecture estim\u00e9e":"1 minute"},"schema":{"@context":"https:\/\/schema.org","@graph":[{"@type":"WebPage","@id":"https:\/\/www.probeautyaesthetics.com\/product\/buy-alidya-340mg-5-vials\/","url":"https:\/\/www.probeautyaesthetics.com\/product\/buy-alidya-340mg-5-vials\/","name":"Buy Alidya 340mg 5 Vials Online | Alidya Vials for Sale @ Cheap Price","isPartOf":{"@id":"https:\/\/www.probeautyaesthetics.com\/#website"},"datePublished":"2019-11-14T07:18:01+00:00","dateModified":"2020-01-28T09:16:05+00:00","description":"You can buy alidya 340mg 5 vials online at lowest price from Probeautyaesthetics.Com. Alidya Vials for Sale with Free Shipping Service.Order Now!","breadcrumb":{"@id":"https:\/\/www.probeautyaesthetics.com\/product\/buy-alidya-340mg-5-vials\/#breadcrumb"},"inLanguage":"fr-FR","potentialAction":[{"@type":"ReadAction","target":["https:\/\/www.probeautyaesthetics.com\/product\/buy-alidya-340mg-5-vials\/"]}]},{"@type":"BreadcrumbList","@id":"https:\/\/www.probeautyaesthetics.com\/product\/buy-alidya-340mg-5-vials\/#breadcrumb","itemListElement":[{"@type":"ListItem","position":1,"name":"Home","item":"https:\/\/www.probeautyaesthetics.com\/"},{"@type":"ListItem","position":2,"name":"Our Products","item":"https:\/\/www.probeautyaesthetics.com\/shop\/"},{"@type":"ListItem","position":3,"name":"Buy Alidya 340mg 5 Vials Online"}]},{"@type":"WebSite","@id":"https:\/\/www.probeautyaesthetics.com\/#website","url":"https:\/\/www.probeautyaesthetics.com\/","name":"Pro Beauty Aesthetics","description":"","publisher":{"@id":"https:\/\/www.probeautyaesthetics.com\/#organization"},"potentialAction":[{"@type":"SearchAction","target":{"@type":"EntryPoint","urlTemplate":"https:\/\/www.probeautyaesthetics.com\/?s={search_term_string}"},"query-input":"required name=search_term_string"}],"inLanguage":"fr-FR"},{"@type":"Organization","@id":"https:\/\/www.probeautyaesthetics.com\/#organization","name":"Pro Beauty Aesthetics","url":"https:\/\/www.probeautyaesthetics.com\/","logo":{"@type":"ImageObject","inLanguage":"fr-FR","@id":"https:\/\/www.probeautyaesthetics.com\/#\/schema\/logo\/image\/","url":"https:\/\/www.probeautyaesthetics.com\/wp-content\/uploads\/2019\/11\/logo-1.png","contentUrl":"https:\/\/www.probeautyaesthetics.com\/wp-content\/uploads\/2019\/11\/logo-1.png","width":200,"height":50,"caption":"Pro Beauty Aesthetics"},"image":{"@id":"https:\/\/www.probeautyaesthetics.com\/#\/schema\/logo\/image\/"}}]}},"_links":{"self":[{"href":"https:\/\/www.probeautyaesthetics.com\/fr\/wp-json\/wp\/v2\/product\/3992"}],"collection":[{"href":"https:\/\/www.probeautyaesthetics.com\/fr\/wp-json\/wp\/v2\/product"}],"about":[{"href":"https:\/\/www.probeautyaesthetics.com\/fr\/wp-json\/wp\/v2\/types\/product"}],"replies":[{"embeddable":true,"href":"https:\/\/www.probeautyaesthetics.com\/fr\/wp-json\/wp\/v2\/comments?post=3992"}],"wp:featuredmedia":[{"embeddable":true,"href":"https:\/\/www.probeautyaesthetics.com\/fr\/wp-json\/wp\/v2\/media\/4012"}],"wp:attachment":[{"href":"https:\/\/www.probeautyaesthetics.com\/fr\/wp-json\/wp\/v2\/media?parent=3992"}],"wp:term":[{"taxonomy":"product_cat","embeddable":true,"href":"https:\/\/www.probeautyaesthetics.com\/fr\/wp-json\/wp\/v2\/product_cat?post=3992"},{"taxonomy":"product_tag","embeddable":true,"href":"https:\/\/www.probeautyaesthetics.com\/fr\/wp-json\/wp\/v2\/product_tag?post=3992"}],"curies":[{"name":"wp","href":"https:\/\/api.w.org\/{rel}","templated":true}]}}