{"id":4027,"date":"2019-11-14T07:18:14","date_gmt":"2019-11-14T07:18:14","guid":{"rendered":"https:\/\/www.safeonlinechemist.com\/dermalfillers\/product\/import-placeholder-for-5810\/"},"modified":"2020-03-05T07:48:53","modified_gmt":"2020-03-05T07:48:53","slug":"buy-amalian-lt-beauty-lips-1x1-0ml","status":"publish","type":"product","link":"https:\/\/www.probeautyaesthetics.com\/fr\/produit\/acheter-amalian-lt-beauty-lips-1x1-0ml\/","title":{"rendered":"Acheter Amalian LT Beauty Lips (1\u00d71.0ml) en ligne"},"content":{"rendered":"<h2 style=\"text-align: justify;\">Achetez Amalian LT Beauty Lips (1\u00d71.0ml) en ligne \u00e0 des prix avantageux<\/h2>\n<p style=\"text-align: justify;\">Pro Beauty Aesthetics est une boutique en ligne fiable \u00e0 partir de laquelle vous pouvez acheter Amalian LT Beauty Lips (1 \u00d7 1,0 ml) avec bitcoin, moneygram et western union. Vous pouvez \u00e9galement acheter des l\u00e8vres de beaut\u00e9 Amalian LT (1 \u00d7 1,0 ml) ici. Entrez en contact avec notre boutique en ligne et commandez tout de suite Amalian LT Beauty Lips (1\u00d71.0ml) !<\/p>\n<h3 style=\"text-align: justify;\">Qu'est-ce qu'Amalian LT Beauty Lips (1\u00d71.0ml) et son efficacit\u00e9 ?<\/h3>\n<p style=\"text-align: justify;\">Amalian LT Beauty Lips (1 \u00d7 1,0 ml) est une autre d\u00e9finition de la croissance monophasique et plus ancr\u00e9e des l\u00e8vres. Solidit\u00e9 et flexibilit\u00e9. Si vous avez besoin de conserver votre jeune \u00e9clat, Amalian LT Beauty Lips (1 \u00d7 1,0 ml) peut vous aider \u00e0 y parvenir en travaillant sur votre peau pour r\u00e9cup\u00e9rer le derme. Les pr\u00e9liminaires cliniques recommandent d'avoir Amalian LT Beauty Lips dirig\u00e9 une fois comme sur des roulettes pour les meilleurs r\u00e9sultats. Quoi qu'il en soit, de nombreux \u00e9l\u00e9ments d\u00e9terminent la dur\u00e9e de vie des impacts, notamment l'\u00e2ge, le mode de vie et le niveau de traitement requis.<\/p>\n<p style=\"text-align: justify;\">Inject\u00e9 dans la couche mi-profonde du derme cutan\u00e9, Amalian LT Beauty Lips (1\u00d71.0ml) peut \u00eatre utilis\u00e9 pour :<\/p>\n<ul style=\"text-align: justify;\">\n<li>Renouveler l'hydratation<\/li>\n<li>Faire et am\u00e9liorer un \u00e9clat brillant<\/li>\n<li>Diff\u00e9rer la pr\u00e9sence de diff\u00e9rences et de rides \u00e0 peine perceptibles<\/li>\n<\/ul>\n<h3 style=\"text-align: justify;\">Passez votre commande maintenant\u00a0!<\/h3>\n<p style=\"text-align: justify;\">Achetez Amalian LT Beauty Lips (1\u00d71.0ml) \u00e0 bas prix sur notre boutique en ligne et recevez-le \u00e0 votre adresse dans les plus brefs d\u00e9lais !<\/p>\n<p>&nbsp;<\/p>\n<p>acheter des l\u00e8vres de beaut\u00e9 amalian lt (1 \u00d7 1,0 ml) en ligne, des l\u00e8vres de beaut\u00e9 amalian lt (1 \u00d7 1,0 ml) \u00e0 vendre, des l\u00e8vres de beaut\u00e9 amalian lt (1 \u00d7 1,0 ml) \u00e0 vendre aux \u00c9tats-Unis, acheter de vraies l\u00e8vres de beaut\u00e9 amalian lt (1 \u00d7 1,0 ml) en ligne, o\u00f9 acheter des l\u00e8vres beaut\u00e9 amalian lt (1\u00d71.0ml), acheter des l\u00e8vres beaut\u00e9 amalian lt (1\u00d71.0ml) en ligne, acheter des l\u00e8vres beaut\u00e9 amalian lt (1\u00d71.0ml) Espagne, des l\u00e8vres beaut\u00e9 amalian lt (1 \u00d71.0ml) \u00e0 vendre Ukraine, l\u00e8vres beaut\u00e9 amalian lt (1\u00d71.0ml) \u00e0 vendre Canada, l\u00e8vres beaut\u00e9 amalian lt (1\u00d71.0ml) \u00e0 vendre Europe, achat l\u00e8vres beaut\u00e9 amalian lt (1\u00d71.0ml) en ligne l\u00e9gal, acheter des l\u00e8vres de beaut\u00e9 amalian lt (1 \u00d7 1,0 ml) en ligne avec bitcoin, acheter des l\u00e8vres de beaut\u00e9 amalian lt (1 \u00d7 1,0 ml) en ligne avec MoneyGram, des l\u00e8vres de beaut\u00e9 amalian lt (1 \u00d7 1,0 ml) \u00e0 vendre avec Western Union, comment acheter amalian l\u00e8vres de beaut\u00e9 lt (1 \u00d7 1,0 ml) en ligne, acheter des l\u00e8vres de beaut\u00e9 amalian lt (1 \u00d7 1,0 ml) \u00e0 bas prix, acheter de vraies l\u00e8vres de beaut\u00e9 amalian lt (1 \u00d7 1,0 ml) en ligne, commander des l\u00e8vres de beaut\u00e9 amalian lt (1 \u00d7 1,0 ml ) en ligne, Mail l\u00e8vres de beaut\u00e9 amalian lt (1 \u00d7 1,0 ml), Vous pouvez commander des l\u00e8vres de beaut\u00e9 amalian lt (1 \u00d7 1,0 ml) aux \u00c9tats-Unis, au Canada, en Europe et en Italie.<\/p>","protected":false},"excerpt":{"rendered":"<p>Buy Amalian LT Beauty Lips (1\u00d71.0ml) Online At Cost-Effective Prices Pro Beauty Aesthetics is a reliable online shop from where you can buy Amalian LT Beauty Lips (1\u00d71.0ml) with bitcoin,<\/p>","protected":false},"featured_media":4047,"comment_status":"open","ping_status":"closed","template":"","meta":{"_joinchat":[]},"product_cat":[138,237],"product_tag":[238,239,240,241,243,248,244],"yoast_head":"<!-- This site is optimized with the Yoast SEO plugin v21.3 - https:\/\/yoast.com\/wordpress\/plugins\/seo\/ -->\n<title>Buy Amalian LT Beauty Lips (1\u00d71.0ml) Online | Probeautyaesthetics.Com<\/title>\n<meta name=\"description\" content=\"You can buy amalian LT beauty lips 1 x1ml online at lowest price from Probeautyaesthetics.Com. Amalian LT for Sale with Free Shipping Service.Order Now!\" \/>\n<meta name=\"robots\" content=\"index, follow, max-snippet:-1, max-image-preview:large, max-video-preview:-1\" \/>\n<link rel=\"canonical\" href=\"https:\/\/www.probeautyaesthetics.com\/fr\/produit\/acheter-amalian-lt-beauty-lips-1x1-0ml\/\" \/>\n<meta property=\"og:locale\" content=\"fr_FR\" \/>\n<meta property=\"og:type\" content=\"article\" \/>\n<meta property=\"og:title\" content=\"Buy Amalian LT Beauty Lips (1\u00d71.0ml) Online | Probeautyaesthetics.Com\" \/>\n<meta property=\"og:description\" content=\"You can buy amalian LT beauty lips 1 x1ml online at lowest price from Probeautyaesthetics.Com. Amalian LT for Sale with Free Shipping Service.Order Now!\" \/>\n<meta property=\"og:url\" content=\"https:\/\/www.probeautyaesthetics.com\/fr\/produit\/acheter-amalian-lt-beauty-lips-1x1-0ml\/\" \/>\n<meta property=\"og:site_name\" content=\"Pro Beauty Aesthetics\" \/>\n<meta property=\"article:modified_time\" content=\"2020-03-05T07:48:53+00:00\" \/>\n<meta property=\"og:image\" content=\"https:\/\/www.probeautyaesthetics.com\/wp-content\/uploads\/2019\/11\/Buy-Amalian-LT-Beauty-Lips-1x1.0ml.jpg\" \/>\n\t<meta property=\"og:image:width\" content=\"630\" \/>\n\t<meta property=\"og:image:height\" content=\"671\" \/>\n\t<meta property=\"og:image:type\" content=\"image\/jpeg\" \/>\n<meta name=\"twitter:card\" content=\"summary_large_image\" \/>\n<meta name=\"twitter:label1\" content=\"Dur\u00e9e de lecture estim\u00e9e\" \/>\n\t<meta name=\"twitter:data1\" content=\"2 minutes\" \/>\n<script type=\"application\/ld+json\" class=\"yoast-schema-graph\">{\"@context\":\"https:\/\/schema.org\",\"@graph\":[{\"@type\":\"WebPage\",\"@id\":\"https:\/\/www.probeautyaesthetics.com\/product\/buy-amalian-lt-beauty-lips-1x1-0ml\/\",\"url\":\"https:\/\/www.probeautyaesthetics.com\/product\/buy-amalian-lt-beauty-lips-1x1-0ml\/\",\"name\":\"Buy Amalian LT Beauty Lips (1\u00d71.0ml) Online | Probeautyaesthetics.Com\",\"isPartOf\":{\"@id\":\"https:\/\/www.probeautyaesthetics.com\/#website\"},\"datePublished\":\"2019-11-14T07:18:14+00:00\",\"dateModified\":\"2020-03-05T07:48:53+00:00\",\"description\":\"You can buy amalian LT beauty lips 1 x1ml online at lowest price from Probeautyaesthetics.Com. Amalian LT for Sale with Free Shipping Service.Order Now!\",\"breadcrumb\":{\"@id\":\"https:\/\/www.probeautyaesthetics.com\/product\/buy-amalian-lt-beauty-lips-1x1-0ml\/#breadcrumb\"},\"inLanguage\":\"fr-FR\",\"potentialAction\":[{\"@type\":\"ReadAction\",\"target\":[\"https:\/\/www.probeautyaesthetics.com\/product\/buy-amalian-lt-beauty-lips-1x1-0ml\/\"]}]},{\"@type\":\"BreadcrumbList\",\"@id\":\"https:\/\/www.probeautyaesthetics.com\/product\/buy-amalian-lt-beauty-lips-1x1-0ml\/#breadcrumb\",\"itemListElement\":[{\"@type\":\"ListItem\",\"position\":1,\"name\":\"Home\",\"item\":\"https:\/\/www.probeautyaesthetics.com\/\"},{\"@type\":\"ListItem\",\"position\":2,\"name\":\"Our Products\",\"item\":\"https:\/\/www.probeautyaesthetics.com\/shop\/\"},{\"@type\":\"ListItem\",\"position\":3,\"name\":\"Buy Amalian LT Beauty Lips (1\u00d71.0ml) Online\"}]},{\"@type\":\"WebSite\",\"@id\":\"https:\/\/www.probeautyaesthetics.com\/#website\",\"url\":\"https:\/\/www.probeautyaesthetics.com\/\",\"name\":\"Pro Beauty Aesthetics\",\"description\":\"\",\"publisher\":{\"@id\":\"https:\/\/www.probeautyaesthetics.com\/#organization\"},\"potentialAction\":[{\"@type\":\"SearchAction\",\"target\":{\"@type\":\"EntryPoint\",\"urlTemplate\":\"https:\/\/www.probeautyaesthetics.com\/?s={search_term_string}\"},\"query-input\":\"required name=search_term_string\"}],\"inLanguage\":\"fr-FR\"},{\"@type\":\"Organization\",\"@id\":\"https:\/\/www.probeautyaesthetics.com\/#organization\",\"name\":\"Pro Beauty Aesthetics\",\"url\":\"https:\/\/www.probeautyaesthetics.com\/\",\"logo\":{\"@type\":\"ImageObject\",\"inLanguage\":\"fr-FR\",\"@id\":\"https:\/\/www.probeautyaesthetics.com\/#\/schema\/logo\/image\/\",\"url\":\"https:\/\/www.probeautyaesthetics.com\/wp-content\/uploads\/2019\/11\/logo-1.png\",\"contentUrl\":\"https:\/\/www.probeautyaesthetics.com\/wp-content\/uploads\/2019\/11\/logo-1.png\",\"width\":200,\"height\":50,\"caption\":\"Pro Beauty Aesthetics\"},\"image\":{\"@id\":\"https:\/\/www.probeautyaesthetics.com\/#\/schema\/logo\/image\/\"}}]}<\/script>\n<!-- \/ Yoast SEO plugin. -->","yoast_head_json":{"title":"Buy Amalian LT Beauty Lips (1\u00d71.0ml) Online | Probeautyaesthetics.Com","description":"You can buy amalian LT beauty lips 1 x1ml online at lowest price from Probeautyaesthetics.Com. Amalian LT for Sale with Free Shipping Service.Order Now!","robots":{"index":"index","follow":"follow","max-snippet":"max-snippet:-1","max-image-preview":"max-image-preview:large","max-video-preview":"max-video-preview:-1"},"canonical":"https:\/\/www.probeautyaesthetics.com\/fr\/produit\/acheter-amalian-lt-beauty-lips-1x1-0ml\/","og_locale":"fr_FR","og_type":"article","og_title":"Buy Amalian LT Beauty Lips (1\u00d71.0ml) Online | Probeautyaesthetics.Com","og_description":"You can buy amalian LT beauty lips 1 x1ml online at lowest price from Probeautyaesthetics.Com. Amalian LT for Sale with Free Shipping Service.Order Now!","og_url":"https:\/\/www.probeautyaesthetics.com\/fr\/produit\/acheter-amalian-lt-beauty-lips-1x1-0ml\/","og_site_name":"Pro Beauty Aesthetics","article_modified_time":"2020-03-05T07:48:53+00:00","og_image":[{"width":630,"height":671,"url":"https:\/\/www.probeautyaesthetics.com\/wp-content\/uploads\/2019\/11\/Buy-Amalian-LT-Beauty-Lips-1x1.0ml.jpg","type":"image\/jpeg"}],"twitter_card":"summary_large_image","twitter_misc":{"Dur\u00e9e de lecture estim\u00e9e":"2 minutes"},"schema":{"@context":"https:\/\/schema.org","@graph":[{"@type":"WebPage","@id":"https:\/\/www.probeautyaesthetics.com\/product\/buy-amalian-lt-beauty-lips-1x1-0ml\/","url":"https:\/\/www.probeautyaesthetics.com\/product\/buy-amalian-lt-beauty-lips-1x1-0ml\/","name":"Buy Amalian LT Beauty Lips (1\u00d71.0ml) Online | Probeautyaesthetics.Com","isPartOf":{"@id":"https:\/\/www.probeautyaesthetics.com\/#website"},"datePublished":"2019-11-14T07:18:14+00:00","dateModified":"2020-03-05T07:48:53+00:00","description":"You can buy amalian LT beauty lips 1 x1ml online at lowest price from Probeautyaesthetics.Com. Amalian LT for Sale with Free Shipping Service.Order Now!","breadcrumb":{"@id":"https:\/\/www.probeautyaesthetics.com\/product\/buy-amalian-lt-beauty-lips-1x1-0ml\/#breadcrumb"},"inLanguage":"fr-FR","potentialAction":[{"@type":"ReadAction","target":["https:\/\/www.probeautyaesthetics.com\/product\/buy-amalian-lt-beauty-lips-1x1-0ml\/"]}]},{"@type":"BreadcrumbList","@id":"https:\/\/www.probeautyaesthetics.com\/product\/buy-amalian-lt-beauty-lips-1x1-0ml\/#breadcrumb","itemListElement":[{"@type":"ListItem","position":1,"name":"Home","item":"https:\/\/www.probeautyaesthetics.com\/"},{"@type":"ListItem","position":2,"name":"Our Products","item":"https:\/\/www.probeautyaesthetics.com\/shop\/"},{"@type":"ListItem","position":3,"name":"Buy Amalian LT Beauty Lips (1\u00d71.0ml) Online"}]},{"@type":"WebSite","@id":"https:\/\/www.probeautyaesthetics.com\/#website","url":"https:\/\/www.probeautyaesthetics.com\/","name":"Pro Beauty Aesthetics","description":"","publisher":{"@id":"https:\/\/www.probeautyaesthetics.com\/#organization"},"potentialAction":[{"@type":"SearchAction","target":{"@type":"EntryPoint","urlTemplate":"https:\/\/www.probeautyaesthetics.com\/?s={search_term_string}"},"query-input":"required name=search_term_string"}],"inLanguage":"fr-FR"},{"@type":"Organization","@id":"https:\/\/www.probeautyaesthetics.com\/#organization","name":"Pro Beauty Aesthetics","url":"https:\/\/www.probeautyaesthetics.com\/","logo":{"@type":"ImageObject","inLanguage":"fr-FR","@id":"https:\/\/www.probeautyaesthetics.com\/#\/schema\/logo\/image\/","url":"https:\/\/www.probeautyaesthetics.com\/wp-content\/uploads\/2019\/11\/logo-1.png","contentUrl":"https:\/\/www.probeautyaesthetics.com\/wp-content\/uploads\/2019\/11\/logo-1.png","width":200,"height":50,"caption":"Pro Beauty Aesthetics"},"image":{"@id":"https:\/\/www.probeautyaesthetics.com\/#\/schema\/logo\/image\/"}}]}},"_links":{"self":[{"href":"https:\/\/www.probeautyaesthetics.com\/fr\/wp-json\/wp\/v2\/product\/4027"}],"collection":[{"href":"https:\/\/www.probeautyaesthetics.com\/fr\/wp-json\/wp\/v2\/product"}],"about":[{"href":"https:\/\/www.probeautyaesthetics.com\/fr\/wp-json\/wp\/v2\/types\/product"}],"replies":[{"embeddable":true,"href":"https:\/\/www.probeautyaesthetics.com\/fr\/wp-json\/wp\/v2\/comments?post=4027"}],"wp:featuredmedia":[{"embeddable":true,"href":"https:\/\/www.probeautyaesthetics.com\/fr\/wp-json\/wp\/v2\/media\/4047"}],"wp:attachment":[{"href":"https:\/\/www.probeautyaesthetics.com\/fr\/wp-json\/wp\/v2\/media?parent=4027"}],"wp:term":[{"taxonomy":"product_cat","embeddable":true,"href":"https:\/\/www.probeautyaesthetics.com\/fr\/wp-json\/wp\/v2\/product_cat?post=4027"},{"taxonomy":"product_tag","embeddable":true,"href":"https:\/\/www.probeautyaesthetics.com\/fr\/wp-json\/wp\/v2\/product_tag?post=4027"}],"curies":[{"name":"wp","href":"https:\/\/api.w.org\/{rel}","templated":true}]}}