{"id":4056,"date":"2019-11-14T07:18:24","date_gmt":"2019-11-14T07:18:24","guid":{"rendered":"https:\/\/www.safeonlinechemist.com\/dermalfillers\/product\/import-placeholder-for-5903\/"},"modified":"2020-01-28T10:01:37","modified_gmt":"2020-01-28T10:01:37","slug":"buy-amalian-sf-20-medium-1-x-1-0-ml","status":"publish","type":"product","link":"https:\/\/www.probeautyaesthetics.com\/fr\/produit\/buy-amalian-sf-20-medium-1-x-1-0-ml\/","title":{"rendered":"Acheter Amalian SF 20 medium (1 x 1,0 ml)"},"content":{"rendered":"<h2 style=\"text-align: justify;\">Achetez le milieu Amalian SF 20 (1 x 1,0 ml) chez les professionnels<\/h2>\n<p style=\"text-align: justify;\">Pro Beauty Aesthetics a toujours fourni le milieu Amalian SF 20 (1 x 1,0 ml) \u00e0 la vente au niveau mondial. Si vous souhaitez \u00e9galement acheter Amalian SF 20 medium (1 x 1,0 ml) avec bitcoin, moneygram et western union, aucun endroit n'est meilleur qu'ici. Nous vous aiderons et vous soutiendrons pleinement pour acheter le milieu Amalian SF 20 (1 x 1,0 ml) \u00e0 bas prix.<\/p>\n<h3 style=\"text-align: justify;\">Qu'est-ce que le milieu Amalian SF 20 (1 x 1,0 ml) et ses indications ?<\/h3>\n<p style=\"text-align: justify;\">Amalian SF 20 medium (1 x 1,0 ml) bylo v\u017edy pou\u017e\u00edv\u00e1no jako \u00fa\u010dinn\u00fd p\u0159\u00edpravek pro zpevn\u011bn\u00ed pleti. Tento produkt m\u016f\u017eete snadno vyu\u017e\u00edt co nejl\u00e9pe a poskytnout sv\u00e9 pleti jedine\u010dn\u00fd a z\u00e1\u0159iv\u00fd vzhled.<\/p>\n<ul style=\"text-align: justify;\">\n<li>Le milieu Amalian SF 20 (1 x 1,0 ml) est b\u00e9n\u00e9fique pour la peau de plusieurs points de vue.<\/li>\n<li>L'utilisation de cet article donne \u00e0 la peau un aspect fondamental et solide.<\/li>\n<li>Il est g\u00e9n\u00e9ralement utilis\u00e9 pour am\u00e9liorer le niveau d'eau et la souplesse de la peau.<\/li>\n<\/ul>\n<h3 style=\"text-align: justify;\">Contactez-nous aujourd'hui\u00a0!<\/h3>\n<p style=\"text-align: justify;\">Commandez le milieu Amalian SF 20 (1 x 1,0 ml) sur notre boutique en ligne et attendez-vous \u00e0 le recevoir au plus vite. R\u00e9pondez \u00e0 vos exigences pour acheter Amalian SF 20 medium (1 x 1,0 ml) en ligne tout de suite !<\/p>","protected":false},"excerpt":{"rendered":"<p>Acheter Amalian SF 20 medium (1 x 1.0 ml) aupr\u00e8s des professionnels Pro Beauty Aesthetics est un fournisseur constant d'Amalian SF 20 medium (1 x 1.0 ml) \u00e0 la vente.<\/p>","protected":false},"featured_media":4081,"comment_status":"open","ping_status":"closed","template":"","meta":{"_joinchat":[]},"product_cat":[138,237],"product_tag":[238,239,240,241,243,252,244],"yoast_head":"<!-- This site is optimized with the Yoast SEO plugin v21.3 - https:\/\/yoast.com\/wordpress\/plugins\/seo\/ -->\n<title>Buy Amalian SF 20 medium (1 x 1.0 ml) - Pro Beauty Aesthetics<\/title>\n<meta name=\"robots\" content=\"index, follow, max-snippet:-1, max-image-preview:large, max-video-preview:-1\" \/>\n<link rel=\"canonical\" href=\"https:\/\/www.probeautyaesthetics.com\/fr\/produit\/buy-amalian-sf-20-medium-1-x-1-0-ml\/\" \/>\n<meta property=\"og:locale\" content=\"fr_FR\" \/>\n<meta property=\"og:type\" content=\"article\" \/>\n<meta property=\"og:title\" content=\"Buy Amalian SF 20 medium (1 x 1.0 ml) - Pro Beauty Aesthetics\" \/>\n<meta property=\"og:description\" content=\"Buy Amalian SF 20 medium (1 x 1.0 ml) From The Professionals Pro Beauty Aesthetics has been consistent in providing Amalian SF 20 medium (1 x 1.0 ml) for sale\" \/>\n<meta property=\"og:url\" content=\"https:\/\/www.probeautyaesthetics.com\/fr\/produit\/buy-amalian-sf-20-medium-1-x-1-0-ml\/\" \/>\n<meta property=\"og:site_name\" content=\"Pro Beauty Aesthetics\" \/>\n<meta property=\"article:modified_time\" content=\"2020-01-28T10:01:37+00:00\" \/>\n<meta property=\"og:image\" content=\"https:\/\/www.probeautyaesthetics.com\/wp-content\/uploads\/2019\/11\/Buy-Amalian-SF-20-medium-1-x-1.0-ml.jpg\" \/>\n\t<meta property=\"og:image:width\" content=\"659\" \/>\n\t<meta property=\"og:image:height\" content=\"683\" \/>\n\t<meta property=\"og:image:type\" content=\"image\/jpeg\" \/>\n<meta name=\"twitter:card\" content=\"summary_large_image\" \/>\n<meta name=\"twitter:label1\" content=\"Dur\u00e9e de lecture estim\u00e9e\" \/>\n\t<meta name=\"twitter:data1\" content=\"1 minute\" \/>\n<script type=\"application\/ld+json\" class=\"yoast-schema-graph\">{\"@context\":\"https:\/\/schema.org\",\"@graph\":[{\"@type\":\"WebPage\",\"@id\":\"https:\/\/www.probeautyaesthetics.com\/product\/buy-amalian-sf-20-medium-1-x-1-0-ml\/\",\"url\":\"https:\/\/www.probeautyaesthetics.com\/product\/buy-amalian-sf-20-medium-1-x-1-0-ml\/\",\"name\":\"Buy Amalian SF 20 medium (1 x 1.0 ml) - Pro Beauty Aesthetics\",\"isPartOf\":{\"@id\":\"https:\/\/www.probeautyaesthetics.com\/#website\"},\"datePublished\":\"2019-11-14T07:18:24+00:00\",\"dateModified\":\"2020-01-28T10:01:37+00:00\",\"breadcrumb\":{\"@id\":\"https:\/\/www.probeautyaesthetics.com\/product\/buy-amalian-sf-20-medium-1-x-1-0-ml\/#breadcrumb\"},\"inLanguage\":\"fr-FR\",\"potentialAction\":[{\"@type\":\"ReadAction\",\"target\":[\"https:\/\/www.probeautyaesthetics.com\/product\/buy-amalian-sf-20-medium-1-x-1-0-ml\/\"]}]},{\"@type\":\"BreadcrumbList\",\"@id\":\"https:\/\/www.probeautyaesthetics.com\/product\/buy-amalian-sf-20-medium-1-x-1-0-ml\/#breadcrumb\",\"itemListElement\":[{\"@type\":\"ListItem\",\"position\":1,\"name\":\"Home\",\"item\":\"https:\/\/www.probeautyaesthetics.com\/\"},{\"@type\":\"ListItem\",\"position\":2,\"name\":\"Our Products\",\"item\":\"https:\/\/www.probeautyaesthetics.com\/shop\/\"},{\"@type\":\"ListItem\",\"position\":3,\"name\":\"Buy Amalian SF 20 medium (1 x 1.0 ml)\"}]},{\"@type\":\"WebSite\",\"@id\":\"https:\/\/www.probeautyaesthetics.com\/#website\",\"url\":\"https:\/\/www.probeautyaesthetics.com\/\",\"name\":\"Pro Beauty Aesthetics\",\"description\":\"\",\"publisher\":{\"@id\":\"https:\/\/www.probeautyaesthetics.com\/#organization\"},\"potentialAction\":[{\"@type\":\"SearchAction\",\"target\":{\"@type\":\"EntryPoint\",\"urlTemplate\":\"https:\/\/www.probeautyaesthetics.com\/?s={search_term_string}\"},\"query-input\":\"required name=search_term_string\"}],\"inLanguage\":\"fr-FR\"},{\"@type\":\"Organization\",\"@id\":\"https:\/\/www.probeautyaesthetics.com\/#organization\",\"name\":\"Pro Beauty Aesthetics\",\"url\":\"https:\/\/www.probeautyaesthetics.com\/\",\"logo\":{\"@type\":\"ImageObject\",\"inLanguage\":\"fr-FR\",\"@id\":\"https:\/\/www.probeautyaesthetics.com\/#\/schema\/logo\/image\/\",\"url\":\"https:\/\/www.probeautyaesthetics.com\/wp-content\/uploads\/2019\/11\/logo-1.png\",\"contentUrl\":\"https:\/\/www.probeautyaesthetics.com\/wp-content\/uploads\/2019\/11\/logo-1.png\",\"width\":200,\"height\":50,\"caption\":\"Pro Beauty Aesthetics\"},\"image\":{\"@id\":\"https:\/\/www.probeautyaesthetics.com\/#\/schema\/logo\/image\/\"}}]}<\/script>\n<!-- \/ Yoast SEO plugin. -->","yoast_head_json":{"title":"Buy Amalian SF 20 medium (1 x 1.0 ml) - Pro Beauty Aesthetics","robots":{"index":"index","follow":"follow","max-snippet":"max-snippet:-1","max-image-preview":"max-image-preview:large","max-video-preview":"max-video-preview:-1"},"canonical":"https:\/\/www.probeautyaesthetics.com\/fr\/produit\/buy-amalian-sf-20-medium-1-x-1-0-ml\/","og_locale":"fr_FR","og_type":"article","og_title":"Buy Amalian SF 20 medium (1 x 1.0 ml) - Pro Beauty Aesthetics","og_description":"Buy Amalian SF 20 medium (1 x 1.0 ml) From The Professionals Pro Beauty Aesthetics has been consistent in providing Amalian SF 20 medium (1 x 1.0 ml) for sale","og_url":"https:\/\/www.probeautyaesthetics.com\/fr\/produit\/buy-amalian-sf-20-medium-1-x-1-0-ml\/","og_site_name":"Pro Beauty Aesthetics","article_modified_time":"2020-01-28T10:01:37+00:00","og_image":[{"width":659,"height":683,"url":"https:\/\/www.probeautyaesthetics.com\/wp-content\/uploads\/2019\/11\/Buy-Amalian-SF-20-medium-1-x-1.0-ml.jpg","type":"image\/jpeg"}],"twitter_card":"summary_large_image","twitter_misc":{"Dur\u00e9e de lecture estim\u00e9e":"1 minute"},"schema":{"@context":"https:\/\/schema.org","@graph":[{"@type":"WebPage","@id":"https:\/\/www.probeautyaesthetics.com\/product\/buy-amalian-sf-20-medium-1-x-1-0-ml\/","url":"https:\/\/www.probeautyaesthetics.com\/product\/buy-amalian-sf-20-medium-1-x-1-0-ml\/","name":"Buy Amalian SF 20 medium (1 x 1.0 ml) - Pro Beauty Aesthetics","isPartOf":{"@id":"https:\/\/www.probeautyaesthetics.com\/#website"},"datePublished":"2019-11-14T07:18:24+00:00","dateModified":"2020-01-28T10:01:37+00:00","breadcrumb":{"@id":"https:\/\/www.probeautyaesthetics.com\/product\/buy-amalian-sf-20-medium-1-x-1-0-ml\/#breadcrumb"},"inLanguage":"fr-FR","potentialAction":[{"@type":"ReadAction","target":["https:\/\/www.probeautyaesthetics.com\/product\/buy-amalian-sf-20-medium-1-x-1-0-ml\/"]}]},{"@type":"BreadcrumbList","@id":"https:\/\/www.probeautyaesthetics.com\/product\/buy-amalian-sf-20-medium-1-x-1-0-ml\/#breadcrumb","itemListElement":[{"@type":"ListItem","position":1,"name":"Home","item":"https:\/\/www.probeautyaesthetics.com\/"},{"@type":"ListItem","position":2,"name":"Our Products","item":"https:\/\/www.probeautyaesthetics.com\/shop\/"},{"@type":"ListItem","position":3,"name":"Buy Amalian SF 20 medium (1 x 1.0 ml)"}]},{"@type":"WebSite","@id":"https:\/\/www.probeautyaesthetics.com\/#website","url":"https:\/\/www.probeautyaesthetics.com\/","name":"Pro Beauty Aesthetics","description":"","publisher":{"@id":"https:\/\/www.probeautyaesthetics.com\/#organization"},"potentialAction":[{"@type":"SearchAction","target":{"@type":"EntryPoint","urlTemplate":"https:\/\/www.probeautyaesthetics.com\/?s={search_term_string}"},"query-input":"required name=search_term_string"}],"inLanguage":"fr-FR"},{"@type":"Organization","@id":"https:\/\/www.probeautyaesthetics.com\/#organization","name":"Pro Beauty Aesthetics","url":"https:\/\/www.probeautyaesthetics.com\/","logo":{"@type":"ImageObject","inLanguage":"fr-FR","@id":"https:\/\/www.probeautyaesthetics.com\/#\/schema\/logo\/image\/","url":"https:\/\/www.probeautyaesthetics.com\/wp-content\/uploads\/2019\/11\/logo-1.png","contentUrl":"https:\/\/www.probeautyaesthetics.com\/wp-content\/uploads\/2019\/11\/logo-1.png","width":200,"height":50,"caption":"Pro Beauty Aesthetics"},"image":{"@id":"https:\/\/www.probeautyaesthetics.com\/#\/schema\/logo\/image\/"}}]}},"_links":{"self":[{"href":"https:\/\/www.probeautyaesthetics.com\/fr\/wp-json\/wp\/v2\/product\/4056"}],"collection":[{"href":"https:\/\/www.probeautyaesthetics.com\/fr\/wp-json\/wp\/v2\/product"}],"about":[{"href":"https:\/\/www.probeautyaesthetics.com\/fr\/wp-json\/wp\/v2\/types\/product"}],"replies":[{"embeddable":true,"href":"https:\/\/www.probeautyaesthetics.com\/fr\/wp-json\/wp\/v2\/comments?post=4056"}],"wp:featuredmedia":[{"embeddable":true,"href":"https:\/\/www.probeautyaesthetics.com\/fr\/wp-json\/wp\/v2\/media\/4081"}],"wp:attachment":[{"href":"https:\/\/www.probeautyaesthetics.com\/fr\/wp-json\/wp\/v2\/media?parent=4056"}],"wp:term":[{"taxonomy":"product_cat","embeddable":true,"href":"https:\/\/www.probeautyaesthetics.com\/fr\/wp-json\/wp\/v2\/product_cat?post=4056"},{"taxonomy":"product_tag","embeddable":true,"href":"https:\/\/www.probeautyaesthetics.com\/fr\/wp-json\/wp\/v2\/product_tag?post=4056"}],"curies":[{"name":"wp","href":"https:\/\/api.w.org\/{rel}","templated":true}]}}