{"id":4093,"date":"2019-11-14T07:18:35","date_gmt":"2019-11-14T07:18:35","guid":{"rendered":"https:\/\/www.safeonlinechemist.com\/dermalfillers\/product\/import-placeholder-for-5950\/"},"modified":"2020-01-29T13:11:44","modified_gmt":"2020-01-29T13:11:44","slug":"buy-belotero-lips-contour-lidocaine-1-x-0-6ml","status":"publish","type":"product","link":"https:\/\/www.probeautyaesthetics.com\/fr\/produit\/buy-belotero-lips-contour-lidocaine-1-x-0-6ml\/","title":{"rendered":"Achetez Belotero Lips Contour Lidoca\u00efne 1 x 0,6 ml"},"content":{"rendered":"<h2 style=\"text-align: justify;\"><strong>Acheter Belotero Lips Contour Lidoca\u00efne 1 x 0,6 ml chez les meilleurs professionnels<\/strong><\/h2>\n<p style=\"text-align: justify;\">Chez Pro Beauty Aesthetics, vous pouvez acheter Belotero Lips Contour Lidocaine 1 x 0,6 ml \u00e0 bas prix. Nous vous aiderons \u00e0 acheter Belotero Lips Contour Lidocaine 1 x 0,6 ml avec bitcoin, moneygram et western union. Commandez Belotero Lips Contour Lidocaine 1 x 0,6 ml \u00e0 vendre maintenant\u00a0!<\/p>\n<h3 style=\"text-align: justify;\"><strong>Quel est le but d'utiliser Belotero Lips Contour Lidocaine 1 x 0,6 ml ?<\/strong><\/h3>\n<p style=\"text-align: justify;\">Belotero Lips Contour Lidocaine 1 x 0,6 ml est utilis\u00e9 pour l'augmentation des l\u00e8vres, offrant la mise \u00e0 niveau de la l\u00e8vre sup\u00e9rieure et inf\u00e9rieure. Lip Contour contient \u00e9galement 0,3% de lidoca\u00efne pour diminuer la douleur pendant le traitement. Belotero\u00e2 offre une vaste gamme de produits de comblement dermique pour lisser et combler les rides, r\u00e9tablir le volume facial perdu et r\u00e9hydrater la peau.<\/p>\n<ul style=\"text-align: justify;\">\n<li>La gamme de produits de comblement Belotero est accessible avec et sans l'anesth\u00e9sique lidoca\u00efne.<\/li>\n<li>Les articles Belotero peuvent \u00eatre utilis\u00e9s s\u00e9par\u00e9ment ou en combinaison pour adapter une solution modifi\u00e9e \u00e0 chaque personne, en fonction de la structure de la peau, du type de peau et des besoins.<\/li>\n<li>Belotero propose une gamme compl\u00e8te de charges de gel HA pour lisser et combler les rides, \u00e9largir les l\u00e8vres, r\u00e9tablir le volume du visage et r\u00e9hydrater la peau.<\/li>\n<\/ul>\n<h3 style=\"text-align: justify;\"><strong>Frappez votre commande maintenant!<\/strong><\/h3>\n<p style=\"text-align: justify;\">Achetez Belotero Lips Contour Lidocaine 1 x 0,6 ml en ligne sur notre boutique en ligne et recevez-le bient\u00f4t \u00e0 l'endroit de votre choix !<\/p>","protected":false},"excerpt":{"rendered":"<table>\n<tbody>\n<tr>\n<td>Taille<\/td>\n<td>1ml<\/td>\n<\/tr>\n<tr>\n<td>Produit sous licence<\/td>\n<td>Non<\/td>\n<\/tr>\n<tr>\n<td>Enregistrement requis<\/td>\n<td>Non<\/td>\n<\/tr>\n<tr>\n<td>Pays R\u00e9gion<\/td>\n<td>Ce produit est d'origine europ\u00e9enne<\/td>\n<\/tr>\n<\/tbody>\n<\/table>","protected":false},"featured_media":4117,"comment_status":"open","ping_status":"closed","template":"","meta":{"_joinchat":[]},"product_cat":[138,254],"product_tag":[239,255,256,257,258,259,260,261,262,263,264,265,266,267,268,269,270,271,272,273,144,274,275,276,277,278,279],"yoast_head":"<!-- This site is optimized with the Yoast SEO plugin v21.3 - https:\/\/yoast.com\/wordpress\/plugins\/seo\/ -->\n<title>Buy Belotero Lips Contour Lidocaine 1 x 0.6ml - Pro Beauty Aesthetics<\/title>\n<meta name=\"robots\" content=\"index, follow, max-snippet:-1, max-image-preview:large, max-video-preview:-1\" \/>\n<link rel=\"canonical\" href=\"https:\/\/www.probeautyaesthetics.com\/fr\/produit\/buy-belotero-lips-contour-lidocaine-1-x-0-6ml\/\" \/>\n<meta property=\"og:locale\" content=\"fr_FR\" \/>\n<meta property=\"og:type\" content=\"article\" \/>\n<meta property=\"og:title\" content=\"Buy Belotero Lips Contour Lidocaine 1 x 0.6ml - Pro Beauty Aesthetics\" \/>\n<meta property=\"og:description\" content=\"Size 1ml   Licensed Product No   Registration Required No   Country Region This product is of European origin\" \/>\n<meta property=\"og:url\" content=\"https:\/\/www.probeautyaesthetics.com\/fr\/produit\/buy-belotero-lips-contour-lidocaine-1-x-0-6ml\/\" \/>\n<meta property=\"og:site_name\" content=\"Pro Beauty Aesthetics\" \/>\n<meta property=\"article:modified_time\" content=\"2020-01-29T13:11:44+00:00\" \/>\n<meta property=\"og:image\" content=\"https:\/\/www.probeautyaesthetics.com\/wp-content\/uploads\/2019\/11\/Buy-Belotero-Lips-Contour-Lidocaine-1-x-0.6ml.jpg\" \/>\n\t<meta property=\"og:image:width\" content=\"1000\" \/>\n\t<meta property=\"og:image:height\" content=\"1000\" \/>\n\t<meta property=\"og:image:type\" content=\"image\/jpeg\" \/>\n<meta name=\"twitter:card\" content=\"summary_large_image\" \/>\n<meta name=\"twitter:label1\" content=\"Dur\u00e9e de lecture estim\u00e9e\" \/>\n\t<meta name=\"twitter:data1\" content=\"1 minute\" \/>\n<script type=\"application\/ld+json\" class=\"yoast-schema-graph\">{\"@context\":\"https:\/\/schema.org\",\"@graph\":[{\"@type\":\"WebPage\",\"@id\":\"https:\/\/www.probeautyaesthetics.com\/product\/buy-belotero-lips-contour-lidocaine-1-x-0-6ml\/\",\"url\":\"https:\/\/www.probeautyaesthetics.com\/product\/buy-belotero-lips-contour-lidocaine-1-x-0-6ml\/\",\"name\":\"Buy Belotero Lips Contour Lidocaine 1 x 0.6ml - Pro Beauty Aesthetics\",\"isPartOf\":{\"@id\":\"https:\/\/www.probeautyaesthetics.com\/#website\"},\"datePublished\":\"2019-11-14T07:18:35+00:00\",\"dateModified\":\"2020-01-29T13:11:44+00:00\",\"breadcrumb\":{\"@id\":\"https:\/\/www.probeautyaesthetics.com\/product\/buy-belotero-lips-contour-lidocaine-1-x-0-6ml\/#breadcrumb\"},\"inLanguage\":\"fr-FR\",\"potentialAction\":[{\"@type\":\"ReadAction\",\"target\":[\"https:\/\/www.probeautyaesthetics.com\/product\/buy-belotero-lips-contour-lidocaine-1-x-0-6ml\/\"]}]},{\"@type\":\"BreadcrumbList\",\"@id\":\"https:\/\/www.probeautyaesthetics.com\/product\/buy-belotero-lips-contour-lidocaine-1-x-0-6ml\/#breadcrumb\",\"itemListElement\":[{\"@type\":\"ListItem\",\"position\":1,\"name\":\"Home\",\"item\":\"https:\/\/www.probeautyaesthetics.com\/\"},{\"@type\":\"ListItem\",\"position\":2,\"name\":\"Our Products\",\"item\":\"https:\/\/www.probeautyaesthetics.com\/shop\/\"},{\"@type\":\"ListItem\",\"position\":3,\"name\":\"Buy Belotero Lips Contour Lidocaine 1 x 0.6ml\"}]},{\"@type\":\"WebSite\",\"@id\":\"https:\/\/www.probeautyaesthetics.com\/#website\",\"url\":\"https:\/\/www.probeautyaesthetics.com\/\",\"name\":\"Pro Beauty Aesthetics\",\"description\":\"\",\"publisher\":{\"@id\":\"https:\/\/www.probeautyaesthetics.com\/#organization\"},\"potentialAction\":[{\"@type\":\"SearchAction\",\"target\":{\"@type\":\"EntryPoint\",\"urlTemplate\":\"https:\/\/www.probeautyaesthetics.com\/?s={search_term_string}\"},\"query-input\":\"required name=search_term_string\"}],\"inLanguage\":\"fr-FR\"},{\"@type\":\"Organization\",\"@id\":\"https:\/\/www.probeautyaesthetics.com\/#organization\",\"name\":\"Pro Beauty Aesthetics\",\"url\":\"https:\/\/www.probeautyaesthetics.com\/\",\"logo\":{\"@type\":\"ImageObject\",\"inLanguage\":\"fr-FR\",\"@id\":\"https:\/\/www.probeautyaesthetics.com\/#\/schema\/logo\/image\/\",\"url\":\"https:\/\/www.probeautyaesthetics.com\/wp-content\/uploads\/2019\/11\/logo-1.png\",\"contentUrl\":\"https:\/\/www.probeautyaesthetics.com\/wp-content\/uploads\/2019\/11\/logo-1.png\",\"width\":200,\"height\":50,\"caption\":\"Pro Beauty Aesthetics\"},\"image\":{\"@id\":\"https:\/\/www.probeautyaesthetics.com\/#\/schema\/logo\/image\/\"}}]}<\/script>\n<!-- \/ Yoast SEO plugin. -->","yoast_head_json":{"title":"Buy Belotero Lips Contour Lidocaine 1 x 0.6ml - Pro Beauty Aesthetics","robots":{"index":"index","follow":"follow","max-snippet":"max-snippet:-1","max-image-preview":"max-image-preview:large","max-video-preview":"max-video-preview:-1"},"canonical":"https:\/\/www.probeautyaesthetics.com\/fr\/produit\/buy-belotero-lips-contour-lidocaine-1-x-0-6ml\/","og_locale":"fr_FR","og_type":"article","og_title":"Buy Belotero Lips Contour Lidocaine 1 x 0.6ml - Pro Beauty Aesthetics","og_description":"Size 1ml   Licensed Product No   Registration Required No   Country Region This product is of European origin","og_url":"https:\/\/www.probeautyaesthetics.com\/fr\/produit\/buy-belotero-lips-contour-lidocaine-1-x-0-6ml\/","og_site_name":"Pro Beauty Aesthetics","article_modified_time":"2020-01-29T13:11:44+00:00","og_image":[{"width":1000,"height":1000,"url":"https:\/\/www.probeautyaesthetics.com\/wp-content\/uploads\/2019\/11\/Buy-Belotero-Lips-Contour-Lidocaine-1-x-0.6ml.jpg","type":"image\/jpeg"}],"twitter_card":"summary_large_image","twitter_misc":{"Dur\u00e9e de lecture estim\u00e9e":"1 minute"},"schema":{"@context":"https:\/\/schema.org","@graph":[{"@type":"WebPage","@id":"https:\/\/www.probeautyaesthetics.com\/product\/buy-belotero-lips-contour-lidocaine-1-x-0-6ml\/","url":"https:\/\/www.probeautyaesthetics.com\/product\/buy-belotero-lips-contour-lidocaine-1-x-0-6ml\/","name":"Buy Belotero Lips Contour Lidocaine 1 x 0.6ml - Pro Beauty Aesthetics","isPartOf":{"@id":"https:\/\/www.probeautyaesthetics.com\/#website"},"datePublished":"2019-11-14T07:18:35+00:00","dateModified":"2020-01-29T13:11:44+00:00","breadcrumb":{"@id":"https:\/\/www.probeautyaesthetics.com\/product\/buy-belotero-lips-contour-lidocaine-1-x-0-6ml\/#breadcrumb"},"inLanguage":"fr-FR","potentialAction":[{"@type":"ReadAction","target":["https:\/\/www.probeautyaesthetics.com\/product\/buy-belotero-lips-contour-lidocaine-1-x-0-6ml\/"]}]},{"@type":"BreadcrumbList","@id":"https:\/\/www.probeautyaesthetics.com\/product\/buy-belotero-lips-contour-lidocaine-1-x-0-6ml\/#breadcrumb","itemListElement":[{"@type":"ListItem","position":1,"name":"Home","item":"https:\/\/www.probeautyaesthetics.com\/"},{"@type":"ListItem","position":2,"name":"Our Products","item":"https:\/\/www.probeautyaesthetics.com\/shop\/"},{"@type":"ListItem","position":3,"name":"Buy Belotero Lips Contour Lidocaine 1 x 0.6ml"}]},{"@type":"WebSite","@id":"https:\/\/www.probeautyaesthetics.com\/#website","url":"https:\/\/www.probeautyaesthetics.com\/","name":"Pro Beauty Aesthetics","description":"","publisher":{"@id":"https:\/\/www.probeautyaesthetics.com\/#organization"},"potentialAction":[{"@type":"SearchAction","target":{"@type":"EntryPoint","urlTemplate":"https:\/\/www.probeautyaesthetics.com\/?s={search_term_string}"},"query-input":"required name=search_term_string"}],"inLanguage":"fr-FR"},{"@type":"Organization","@id":"https:\/\/www.probeautyaesthetics.com\/#organization","name":"Pro Beauty Aesthetics","url":"https:\/\/www.probeautyaesthetics.com\/","logo":{"@type":"ImageObject","inLanguage":"fr-FR","@id":"https:\/\/www.probeautyaesthetics.com\/#\/schema\/logo\/image\/","url":"https:\/\/www.probeautyaesthetics.com\/wp-content\/uploads\/2019\/11\/logo-1.png","contentUrl":"https:\/\/www.probeautyaesthetics.com\/wp-content\/uploads\/2019\/11\/logo-1.png","width":200,"height":50,"caption":"Pro Beauty Aesthetics"},"image":{"@id":"https:\/\/www.probeautyaesthetics.com\/#\/schema\/logo\/image\/"}}]}},"_links":{"self":[{"href":"https:\/\/www.probeautyaesthetics.com\/fr\/wp-json\/wp\/v2\/product\/4093"}],"collection":[{"href":"https:\/\/www.probeautyaesthetics.com\/fr\/wp-json\/wp\/v2\/product"}],"about":[{"href":"https:\/\/www.probeautyaesthetics.com\/fr\/wp-json\/wp\/v2\/types\/product"}],"replies":[{"embeddable":true,"href":"https:\/\/www.probeautyaesthetics.com\/fr\/wp-json\/wp\/v2\/comments?post=4093"}],"wp:featuredmedia":[{"embeddable":true,"href":"https:\/\/www.probeautyaesthetics.com\/fr\/wp-json\/wp\/v2\/media\/4117"}],"wp:attachment":[{"href":"https:\/\/www.probeautyaesthetics.com\/fr\/wp-json\/wp\/v2\/media?parent=4093"}],"wp:term":[{"taxonomy":"product_cat","embeddable":true,"href":"https:\/\/www.probeautyaesthetics.com\/fr\/wp-json\/wp\/v2\/product_cat?post=4093"},{"taxonomy":"product_tag","embeddable":true,"href":"https:\/\/www.probeautyaesthetics.com\/fr\/wp-json\/wp\/v2\/product_tag?post=4093"}],"curies":[{"name":"wp","href":"https:\/\/api.w.org\/{rel}","templated":true}]}}