{"id":4570,"date":"2019-11-14T07:20:55","date_gmt":"2019-11-14T07:20:55","guid":{"rendered":"https:\/\/www.safeonlinechemist.com\/dermalfillers\/product\/import-placeholder-for-6538\/"},"modified":"2020-03-02T16:10:23","modified_gmt":"2020-03-02T16:10:23","slug":"buy-teosyal-ultimate-1x3ml","status":"publish","type":"product","link":"https:\/\/www.probeautyaesthetics.com\/fr\/produit\/acheter-teosyal-ultimate-1x3ml\/","title":{"rendered":"Acheter Teosyal Ultimate 1x3ml"},"content":{"rendered":"<h2 style=\"text-align: justify;\">Acheter Teosyal Ultimate 1x3ml aupr\u00e8s des meilleurs fournisseurs en ligne<\/h2>\n<p style=\"text-align: justify;\">Pro Beauty Aesthetics est une soci\u00e9t\u00e9 en ligne de premier ordre qui propose des produits de comblement dermique de haute qualit\u00e9. Pour acheter Teosyal Ultimate 1x3ml \u00e0 bas prix, vous pouvez vous connecter directement \u00e0 notre boutique en ligne. Nous avons plusieurs options de paiement disponibles pour vous. Cela signifie que vous pouvez acheter Teosyal Ultimate 1x3ml avec bitcoin, moneygram, et western union. Vos besoins et exigences pour Teosyal Ultimate 1x3ml en ligne seront satisfaits par les membres de notre \u00e9quipe dans un court laps de temps.<\/p>\n<h3 style=\"text-align: justify;\">Quels sont les b\u00e9n\u00e9fices de l'utilisation de Teosyal Ultimate 1x3ml ?<\/h3>\n<p style=\"text-align: justify;\">Teosyal Ultimate 1x3ml peut vous donner une apparence lift\u00e9e en traitant la peau tombante et en lissant les d\u00e9pressions cutan\u00e9es. Les reliefs de votre visage peuvent para\u00eetre plus jeunes et moins us\u00e9s gr\u00e2ce au RHA 4, qui augmente myst\u00e9rieusement le volume dans les couches profondes de la peau.<\/p>\n<ul style=\"text-align: justify;\">\n<li>Remodeler la forme du visage<\/li>\n<li>Donner du volume au haut des joues<\/li>\n<li>Rectifier les d\u00e9pressions cutan\u00e9es profondes<\/li>\n<\/ul>\n<h3 style=\"text-align: justify;\">Commandez vos besoins maintenant!<\/h3>\n<p style=\"text-align: justify;\">Si vous voulez commander Teosyal Ultimate 1x3ml, Pro Beauty Aesthetics est l'endroit id\u00e9al. Nous nous occupons de ce produit depuis tr\u00e8s longtemps et nous le livrons dans le monde entier. Passez votre commande de Teosyal Ultimate 1x3ml en ligne d\u00e8s aujourd'hui et faites-vous livrer dans les plus brefs d\u00e9lais. Contactez-nous d\u00e8s aujourd'hui !<\/p>","protected":false},"excerpt":{"rendered":"<p>Acheter Teosyal Ultimate 1x3ml aupr\u00e8s des meilleurs fournisseurs en ligne Pro Beauty Aesthetics est une soci\u00e9t\u00e9 en ligne de premier plan qui propose des produits de comblement dermique de haute qualit\u00e9. Pour acheter Teosyal Ultimate 1x3ml \u00e0<\/p>","protected":false},"featured_media":4578,"comment_status":"open","ping_status":"closed","template":"","meta":{"_joinchat":[]},"product_cat":[138,435],"product_tag":[144,401,232,437,452,438,439,440,441],"yoast_head":"<!-- This site is optimized with the Yoast SEO plugin v21.3 - https:\/\/yoast.com\/wordpress\/plugins\/seo\/ -->\n<title>Buy Teosyal Ultimate 1x3ml - Pro Beauty Aesthetics<\/title>\n<meta name=\"robots\" content=\"index, follow, max-snippet:-1, max-image-preview:large, max-video-preview:-1\" \/>\n<link rel=\"canonical\" href=\"https:\/\/www.probeautyaesthetics.com\/fr\/produit\/acheter-teosyal-ultimate-1x3ml\/\" \/>\n<meta property=\"og:locale\" content=\"fr_FR\" \/>\n<meta property=\"og:type\" content=\"article\" \/>\n<meta property=\"og:title\" content=\"Buy Teosyal Ultimate 1x3ml - Pro Beauty Aesthetics\" \/>\n<meta property=\"og:description\" content=\"Buy Teosyal Ultimate 1x3ml From The Best Online Suppliers Pro Beauty Aesthetics is a top-notch online company available with high quality dermal filler products. To buy Teosyal Ultimate 1x3ml at\" \/>\n<meta property=\"og:url\" content=\"https:\/\/www.probeautyaesthetics.com\/fr\/produit\/acheter-teosyal-ultimate-1x3ml\/\" \/>\n<meta property=\"og:site_name\" content=\"Pro Beauty Aesthetics\" \/>\n<meta property=\"article:modified_time\" content=\"2020-03-02T16:10:23+00:00\" \/>\n<meta property=\"og:image\" content=\"https:\/\/www.probeautyaesthetics.com\/wp-content\/uploads\/2019\/11\/Buy-Teosyal-Ultimate-1x3ml.jpg\" \/>\n\t<meta property=\"og:image:width\" content=\"640\" \/>\n\t<meta property=\"og:image:height\" content=\"640\" \/>\n\t<meta property=\"og:image:type\" content=\"image\/jpeg\" \/>\n<meta name=\"twitter:card\" content=\"summary_large_image\" \/>\n<meta name=\"twitter:label1\" content=\"Dur\u00e9e de lecture estim\u00e9e\" \/>\n\t<meta name=\"twitter:data1\" content=\"1 minute\" \/>\n<script type=\"application\/ld+json\" class=\"yoast-schema-graph\">{\"@context\":\"https:\/\/schema.org\",\"@graph\":[{\"@type\":\"WebPage\",\"@id\":\"https:\/\/www.probeautyaesthetics.com\/product\/buy-teosyal-ultimate-1x3ml\/\",\"url\":\"https:\/\/www.probeautyaesthetics.com\/product\/buy-teosyal-ultimate-1x3ml\/\",\"name\":\"Buy Teosyal Ultimate 1x3ml - Pro Beauty Aesthetics\",\"isPartOf\":{\"@id\":\"https:\/\/www.probeautyaesthetics.com\/#website\"},\"datePublished\":\"2019-11-14T07:20:55+00:00\",\"dateModified\":\"2020-03-02T16:10:23+00:00\",\"breadcrumb\":{\"@id\":\"https:\/\/www.probeautyaesthetics.com\/product\/buy-teosyal-ultimate-1x3ml\/#breadcrumb\"},\"inLanguage\":\"fr-FR\",\"potentialAction\":[{\"@type\":\"ReadAction\",\"target\":[\"https:\/\/www.probeautyaesthetics.com\/product\/buy-teosyal-ultimate-1x3ml\/\"]}]},{\"@type\":\"BreadcrumbList\",\"@id\":\"https:\/\/www.probeautyaesthetics.com\/product\/buy-teosyal-ultimate-1x3ml\/#breadcrumb\",\"itemListElement\":[{\"@type\":\"ListItem\",\"position\":1,\"name\":\"Home\",\"item\":\"https:\/\/www.probeautyaesthetics.com\/\"},{\"@type\":\"ListItem\",\"position\":2,\"name\":\"Our Products\",\"item\":\"https:\/\/www.probeautyaesthetics.com\/shop\/\"},{\"@type\":\"ListItem\",\"position\":3,\"name\":\"Buy Teosyal Ultimate 1x3ml\"}]},{\"@type\":\"WebSite\",\"@id\":\"https:\/\/www.probeautyaesthetics.com\/#website\",\"url\":\"https:\/\/www.probeautyaesthetics.com\/\",\"name\":\"Pro Beauty Aesthetics\",\"description\":\"\",\"publisher\":{\"@id\":\"https:\/\/www.probeautyaesthetics.com\/#organization\"},\"potentialAction\":[{\"@type\":\"SearchAction\",\"target\":{\"@type\":\"EntryPoint\",\"urlTemplate\":\"https:\/\/www.probeautyaesthetics.com\/?s={search_term_string}\"},\"query-input\":\"required name=search_term_string\"}],\"inLanguage\":\"fr-FR\"},{\"@type\":\"Organization\",\"@id\":\"https:\/\/www.probeautyaesthetics.com\/#organization\",\"name\":\"Pro Beauty Aesthetics\",\"url\":\"https:\/\/www.probeautyaesthetics.com\/\",\"logo\":{\"@type\":\"ImageObject\",\"inLanguage\":\"fr-FR\",\"@id\":\"https:\/\/www.probeautyaesthetics.com\/#\/schema\/logo\/image\/\",\"url\":\"https:\/\/www.probeautyaesthetics.com\/wp-content\/uploads\/2019\/11\/logo-1.png\",\"contentUrl\":\"https:\/\/www.probeautyaesthetics.com\/wp-content\/uploads\/2019\/11\/logo-1.png\",\"width\":200,\"height\":50,\"caption\":\"Pro Beauty Aesthetics\"},\"image\":{\"@id\":\"https:\/\/www.probeautyaesthetics.com\/#\/schema\/logo\/image\/\"}}]}<\/script>\n<!-- \/ Yoast SEO plugin. -->","yoast_head_json":{"title":"Buy Teosyal Ultimate 1x3ml - Pro Beauty Aesthetics","robots":{"index":"index","follow":"follow","max-snippet":"max-snippet:-1","max-image-preview":"max-image-preview:large","max-video-preview":"max-video-preview:-1"},"canonical":"https:\/\/www.probeautyaesthetics.com\/fr\/produit\/acheter-teosyal-ultimate-1x3ml\/","og_locale":"fr_FR","og_type":"article","og_title":"Buy Teosyal Ultimate 1x3ml - Pro Beauty Aesthetics","og_description":"Buy Teosyal Ultimate 1x3ml From The Best Online Suppliers Pro Beauty Aesthetics is a top-notch online company available with high quality dermal filler products. To buy Teosyal Ultimate 1x3ml at","og_url":"https:\/\/www.probeautyaesthetics.com\/fr\/produit\/acheter-teosyal-ultimate-1x3ml\/","og_site_name":"Pro Beauty Aesthetics","article_modified_time":"2020-03-02T16:10:23+00:00","og_image":[{"width":640,"height":640,"url":"https:\/\/www.probeautyaesthetics.com\/wp-content\/uploads\/2019\/11\/Buy-Teosyal-Ultimate-1x3ml.jpg","type":"image\/jpeg"}],"twitter_card":"summary_large_image","twitter_misc":{"Dur\u00e9e de lecture estim\u00e9e":"1 minute"},"schema":{"@context":"https:\/\/schema.org","@graph":[{"@type":"WebPage","@id":"https:\/\/www.probeautyaesthetics.com\/product\/buy-teosyal-ultimate-1x3ml\/","url":"https:\/\/www.probeautyaesthetics.com\/product\/buy-teosyal-ultimate-1x3ml\/","name":"Buy Teosyal Ultimate 1x3ml - Pro Beauty Aesthetics","isPartOf":{"@id":"https:\/\/www.probeautyaesthetics.com\/#website"},"datePublished":"2019-11-14T07:20:55+00:00","dateModified":"2020-03-02T16:10:23+00:00","breadcrumb":{"@id":"https:\/\/www.probeautyaesthetics.com\/product\/buy-teosyal-ultimate-1x3ml\/#breadcrumb"},"inLanguage":"fr-FR","potentialAction":[{"@type":"ReadAction","target":["https:\/\/www.probeautyaesthetics.com\/product\/buy-teosyal-ultimate-1x3ml\/"]}]},{"@type":"BreadcrumbList","@id":"https:\/\/www.probeautyaesthetics.com\/product\/buy-teosyal-ultimate-1x3ml\/#breadcrumb","itemListElement":[{"@type":"ListItem","position":1,"name":"Home","item":"https:\/\/www.probeautyaesthetics.com\/"},{"@type":"ListItem","position":2,"name":"Our Products","item":"https:\/\/www.probeautyaesthetics.com\/shop\/"},{"@type":"ListItem","position":3,"name":"Buy Teosyal Ultimate 1x3ml"}]},{"@type":"WebSite","@id":"https:\/\/www.probeautyaesthetics.com\/#website","url":"https:\/\/www.probeautyaesthetics.com\/","name":"Pro Beauty Aesthetics","description":"","publisher":{"@id":"https:\/\/www.probeautyaesthetics.com\/#organization"},"potentialAction":[{"@type":"SearchAction","target":{"@type":"EntryPoint","urlTemplate":"https:\/\/www.probeautyaesthetics.com\/?s={search_term_string}"},"query-input":"required name=search_term_string"}],"inLanguage":"fr-FR"},{"@type":"Organization","@id":"https:\/\/www.probeautyaesthetics.com\/#organization","name":"Pro Beauty Aesthetics","url":"https:\/\/www.probeautyaesthetics.com\/","logo":{"@type":"ImageObject","inLanguage":"fr-FR","@id":"https:\/\/www.probeautyaesthetics.com\/#\/schema\/logo\/image\/","url":"https:\/\/www.probeautyaesthetics.com\/wp-content\/uploads\/2019\/11\/logo-1.png","contentUrl":"https:\/\/www.probeautyaesthetics.com\/wp-content\/uploads\/2019\/11\/logo-1.png","width":200,"height":50,"caption":"Pro Beauty Aesthetics"},"image":{"@id":"https:\/\/www.probeautyaesthetics.com\/#\/schema\/logo\/image\/"}}]}},"_links":{"self":[{"href":"https:\/\/www.probeautyaesthetics.com\/fr\/wp-json\/wp\/v2\/product\/4570"}],"collection":[{"href":"https:\/\/www.probeautyaesthetics.com\/fr\/wp-json\/wp\/v2\/product"}],"about":[{"href":"https:\/\/www.probeautyaesthetics.com\/fr\/wp-json\/wp\/v2\/types\/product"}],"replies":[{"embeddable":true,"href":"https:\/\/www.probeautyaesthetics.com\/fr\/wp-json\/wp\/v2\/comments?post=4570"}],"wp:featuredmedia":[{"embeddable":true,"href":"https:\/\/www.probeautyaesthetics.com\/fr\/wp-json\/wp\/v2\/media\/4578"}],"wp:attachment":[{"href":"https:\/\/www.probeautyaesthetics.com\/fr\/wp-json\/wp\/v2\/media?parent=4570"}],"wp:term":[{"taxonomy":"product_cat","embeddable":true,"href":"https:\/\/www.probeautyaesthetics.com\/fr\/wp-json\/wp\/v2\/product_cat?post=4570"},{"taxonomy":"product_tag","embeddable":true,"href":"https:\/\/www.probeautyaesthetics.com\/fr\/wp-json\/wp\/v2\/product_tag?post=4570"}],"curies":[{"name":"wp","href":"https:\/\/api.w.org\/{rel}","templated":true}]}}