{"id":4605,"date":"2019-11-14T07:21:05","date_gmt":"2019-11-14T07:21:05","guid":{"rendered":"https:\/\/www.safeonlinechemist.com\/dermalfillers\/product\/import-placeholder-for-6577\/"},"modified":"2020-01-29T13:31:19","modified_gmt":"2020-01-29T13:31:19","slug":"buy-ellanse-e-1-x-1ml-single-filler","status":"publish","type":"product","link":"https:\/\/www.probeautyaesthetics.com\/fr\/produit\/acheter-ellanse-e-1-x-1ml-single-filler\/","title":{"rendered":"Acheter Ellanse E 1 x 1ml (Single) Filler"},"content":{"rendered":"<h2 style=\"text-align: justify;\"><strong>Acheter Ellanse E 1 x 1ml (Single) Filler \u00e0 bas prix<\/strong><\/h2>\n<p style=\"text-align: justify;\">Pro Beauty Aesthetics est connu comme le meilleur magasin en ligne depuis une longue p\u00e9riode. Si vous souhaitez acheter Ellanse E 1 x 1ml (Single) Filler avec bitcoin, moneygram, et western union ; alors vous \u00eates au bon endroit. Nous sommes exclusivement disponibles avec Ellanse E 1 x 1ml (Single) Filler pour la vente. Passez votre commande pour acheter Ellanse E 1 x 1ml (Single) Filler \u00e0 bas prix maintenant et recevez-le rapidement \u00e0 votre porte.<\/p>\n<h3 style=\"text-align: justify;\"><strong>Quels sont les principaux avantages de l'utilisation d'Ellanse E 1 x 1ml (Single) Filler ?<\/strong><\/h3>\n<ul style=\"text-align: justify;\">\n<li>Les m\u00e9decins utilisent Ellanse E 1ml pour stimuler la peau des patients \u00e0 cr\u00e9er son propre collag\u00e8ne.<\/li>\n<li>Il s'agit d'une apparence de plus en plus \u00e9nergique pendant une p\u00e9riode pouvant aller jusqu'\u00e0 quatre ans.<\/li>\n<li>Il rend et am\u00e9liore l'\u00e9clat de la peau et retarde l'apparition d'imperfections et de rides.<\/li>\n<li>Il s'agit d'une autre innovation insurrectionnelle dans le domaine des m\u00e9dicaments esth\u00e9tiques, qui vous donne la possibilit\u00e9 de choisir jusqu'\u00e0 quel point vous souhaitez que le r\u00e9sultat se poursuive.<\/li>\n<li>Vous pouvez choisir un an, 2, 3 ou 4 ans.<\/li>\n<li>Cette innovation est absolument prot\u00e9g\u00e9e et solidement biocompatible.<\/li>\n<\/ul>\n<h3 style=\"text-align: justify;\"><strong>Connectez-vous avec nous maintenant\u00a0!<\/strong><\/h3>\n<p style=\"text-align: justify;\">Achetez Ellanse E 1 x 1ml (Single) Filler en ligne et attendez la livraison dans les plus brefs d\u00e9lais !<\/p>","protected":false},"excerpt":{"rendered":"<table>\n<tbody>\n<tr>\n<td>Taille<\/td>\n<td>1x1ml<\/td>\n<\/tr>\n<tr>\n<td>Produit sous licence<\/td>\n<td>Non<\/td>\n<\/tr>\n<tr>\n<td>Enregistrement requis<\/td>\n<td>Non<\/td>\n<\/tr>\n<tr>\n<td>Pays R\u00e9gion<\/td>\n<td>Ce produit est d'origine europ\u00e9enne<\/td>\n<\/tr>\n<\/tbody>\n<\/table>","protected":false},"featured_media":4613,"comment_status":"open","ping_status":"closed","template":"","meta":{"_joinchat":[]},"product_cat":[138,458],"product_tag":[459,460,401,461,462,463,464,465,466,467,468],"yoast_head":"<!-- This site is optimized with the Yoast SEO plugin v21.3 - https:\/\/yoast.com\/wordpress\/plugins\/seo\/ -->\n<title>Buy Ellanse E 1 x 1ml (Single) Filler - Pro Beauty Aesthetics<\/title>\n<meta name=\"robots\" content=\"index, follow, max-snippet:-1, max-image-preview:large, max-video-preview:-1\" \/>\n<link rel=\"canonical\" href=\"https:\/\/www.probeautyaesthetics.com\/fr\/produit\/acheter-ellanse-e-1-x-1ml-single-filler\/\" \/>\n<meta property=\"og:locale\" content=\"fr_FR\" \/>\n<meta property=\"og:type\" content=\"article\" \/>\n<meta property=\"og:title\" content=\"Buy Ellanse E 1 x 1ml (Single) Filler - Pro Beauty Aesthetics\" \/>\n<meta property=\"og:description\" content=\"Size 1x1ml   Licensed Product No   Registration Required No   Country Region This product is of European origin\" \/>\n<meta property=\"og:url\" content=\"https:\/\/www.probeautyaesthetics.com\/fr\/produit\/acheter-ellanse-e-1-x-1ml-single-filler\/\" \/>\n<meta property=\"og:site_name\" content=\"Pro Beauty Aesthetics\" \/>\n<meta property=\"article:modified_time\" content=\"2020-01-29T13:31:19+00:00\" \/>\n<meta property=\"og:image\" content=\"https:\/\/www.probeautyaesthetics.com\/wp-content\/uploads\/2019\/11\/Buy-Ellanse-E-1-x-1ml-Single-Filler.jpg\" \/>\n\t<meta property=\"og:image:width\" content=\"609\" \/>\n\t<meta property=\"og:image:height\" content=\"599\" \/>\n\t<meta property=\"og:image:type\" content=\"image\/jpeg\" \/>\n<meta name=\"twitter:card\" content=\"summary_large_image\" \/>\n<meta name=\"twitter:label1\" content=\"Dur\u00e9e de lecture estim\u00e9e\" \/>\n\t<meta name=\"twitter:data1\" content=\"1 minute\" \/>\n<script type=\"application\/ld+json\" class=\"yoast-schema-graph\">{\"@context\":\"https:\/\/schema.org\",\"@graph\":[{\"@type\":\"WebPage\",\"@id\":\"https:\/\/www.probeautyaesthetics.com\/product\/buy-ellanse-e-1-x-1ml-single-filler\/\",\"url\":\"https:\/\/www.probeautyaesthetics.com\/product\/buy-ellanse-e-1-x-1ml-single-filler\/\",\"name\":\"Buy Ellanse E 1 x 1ml (Single) Filler - Pro Beauty Aesthetics\",\"isPartOf\":{\"@id\":\"https:\/\/www.probeautyaesthetics.com\/#website\"},\"datePublished\":\"2019-11-14T07:21:05+00:00\",\"dateModified\":\"2020-01-29T13:31:19+00:00\",\"breadcrumb\":{\"@id\":\"https:\/\/www.probeautyaesthetics.com\/product\/buy-ellanse-e-1-x-1ml-single-filler\/#breadcrumb\"},\"inLanguage\":\"fr-FR\",\"potentialAction\":[{\"@type\":\"ReadAction\",\"target\":[\"https:\/\/www.probeautyaesthetics.com\/product\/buy-ellanse-e-1-x-1ml-single-filler\/\"]}]},{\"@type\":\"BreadcrumbList\",\"@id\":\"https:\/\/www.probeautyaesthetics.com\/product\/buy-ellanse-e-1-x-1ml-single-filler\/#breadcrumb\",\"itemListElement\":[{\"@type\":\"ListItem\",\"position\":1,\"name\":\"Home\",\"item\":\"https:\/\/www.probeautyaesthetics.com\/\"},{\"@type\":\"ListItem\",\"position\":2,\"name\":\"Our Products\",\"item\":\"https:\/\/www.probeautyaesthetics.com\/shop\/\"},{\"@type\":\"ListItem\",\"position\":3,\"name\":\"Buy Ellanse E 1 x 1ml (Single) Filler\"}]},{\"@type\":\"WebSite\",\"@id\":\"https:\/\/www.probeautyaesthetics.com\/#website\",\"url\":\"https:\/\/www.probeautyaesthetics.com\/\",\"name\":\"Pro Beauty Aesthetics\",\"description\":\"\",\"publisher\":{\"@id\":\"https:\/\/www.probeautyaesthetics.com\/#organization\"},\"potentialAction\":[{\"@type\":\"SearchAction\",\"target\":{\"@type\":\"EntryPoint\",\"urlTemplate\":\"https:\/\/www.probeautyaesthetics.com\/?s={search_term_string}\"},\"query-input\":\"required name=search_term_string\"}],\"inLanguage\":\"fr-FR\"},{\"@type\":\"Organization\",\"@id\":\"https:\/\/www.probeautyaesthetics.com\/#organization\",\"name\":\"Pro Beauty Aesthetics\",\"url\":\"https:\/\/www.probeautyaesthetics.com\/\",\"logo\":{\"@type\":\"ImageObject\",\"inLanguage\":\"fr-FR\",\"@id\":\"https:\/\/www.probeautyaesthetics.com\/#\/schema\/logo\/image\/\",\"url\":\"https:\/\/www.probeautyaesthetics.com\/wp-content\/uploads\/2019\/11\/logo-1.png\",\"contentUrl\":\"https:\/\/www.probeautyaesthetics.com\/wp-content\/uploads\/2019\/11\/logo-1.png\",\"width\":200,\"height\":50,\"caption\":\"Pro Beauty Aesthetics\"},\"image\":{\"@id\":\"https:\/\/www.probeautyaesthetics.com\/#\/schema\/logo\/image\/\"}}]}<\/script>\n<!-- \/ Yoast SEO plugin. -->","yoast_head_json":{"title":"Buy Ellanse E 1 x 1ml (Single) Filler - Pro Beauty Aesthetics","robots":{"index":"index","follow":"follow","max-snippet":"max-snippet:-1","max-image-preview":"max-image-preview:large","max-video-preview":"max-video-preview:-1"},"canonical":"https:\/\/www.probeautyaesthetics.com\/fr\/produit\/acheter-ellanse-e-1-x-1ml-single-filler\/","og_locale":"fr_FR","og_type":"article","og_title":"Buy Ellanse E 1 x 1ml (Single) Filler - Pro Beauty Aesthetics","og_description":"Size 1x1ml   Licensed Product No   Registration Required No   Country Region This product is of European origin","og_url":"https:\/\/www.probeautyaesthetics.com\/fr\/produit\/acheter-ellanse-e-1-x-1ml-single-filler\/","og_site_name":"Pro Beauty Aesthetics","article_modified_time":"2020-01-29T13:31:19+00:00","og_image":[{"width":609,"height":599,"url":"https:\/\/www.probeautyaesthetics.com\/wp-content\/uploads\/2019\/11\/Buy-Ellanse-E-1-x-1ml-Single-Filler.jpg","type":"image\/jpeg"}],"twitter_card":"summary_large_image","twitter_misc":{"Dur\u00e9e de lecture estim\u00e9e":"1 minute"},"schema":{"@context":"https:\/\/schema.org","@graph":[{"@type":"WebPage","@id":"https:\/\/www.probeautyaesthetics.com\/product\/buy-ellanse-e-1-x-1ml-single-filler\/","url":"https:\/\/www.probeautyaesthetics.com\/product\/buy-ellanse-e-1-x-1ml-single-filler\/","name":"Buy Ellanse E 1 x 1ml (Single) Filler - Pro Beauty Aesthetics","isPartOf":{"@id":"https:\/\/www.probeautyaesthetics.com\/#website"},"datePublished":"2019-11-14T07:21:05+00:00","dateModified":"2020-01-29T13:31:19+00:00","breadcrumb":{"@id":"https:\/\/www.probeautyaesthetics.com\/product\/buy-ellanse-e-1-x-1ml-single-filler\/#breadcrumb"},"inLanguage":"fr-FR","potentialAction":[{"@type":"ReadAction","target":["https:\/\/www.probeautyaesthetics.com\/product\/buy-ellanse-e-1-x-1ml-single-filler\/"]}]},{"@type":"BreadcrumbList","@id":"https:\/\/www.probeautyaesthetics.com\/product\/buy-ellanse-e-1-x-1ml-single-filler\/#breadcrumb","itemListElement":[{"@type":"ListItem","position":1,"name":"Home","item":"https:\/\/www.probeautyaesthetics.com\/"},{"@type":"ListItem","position":2,"name":"Our Products","item":"https:\/\/www.probeautyaesthetics.com\/shop\/"},{"@type":"ListItem","position":3,"name":"Buy Ellanse E 1 x 1ml (Single) Filler"}]},{"@type":"WebSite","@id":"https:\/\/www.probeautyaesthetics.com\/#website","url":"https:\/\/www.probeautyaesthetics.com\/","name":"Pro Beauty Aesthetics","description":"","publisher":{"@id":"https:\/\/www.probeautyaesthetics.com\/#organization"},"potentialAction":[{"@type":"SearchAction","target":{"@type":"EntryPoint","urlTemplate":"https:\/\/www.probeautyaesthetics.com\/?s={search_term_string}"},"query-input":"required name=search_term_string"}],"inLanguage":"fr-FR"},{"@type":"Organization","@id":"https:\/\/www.probeautyaesthetics.com\/#organization","name":"Pro Beauty Aesthetics","url":"https:\/\/www.probeautyaesthetics.com\/","logo":{"@type":"ImageObject","inLanguage":"fr-FR","@id":"https:\/\/www.probeautyaesthetics.com\/#\/schema\/logo\/image\/","url":"https:\/\/www.probeautyaesthetics.com\/wp-content\/uploads\/2019\/11\/logo-1.png","contentUrl":"https:\/\/www.probeautyaesthetics.com\/wp-content\/uploads\/2019\/11\/logo-1.png","width":200,"height":50,"caption":"Pro Beauty Aesthetics"},"image":{"@id":"https:\/\/www.probeautyaesthetics.com\/#\/schema\/logo\/image\/"}}]}},"_links":{"self":[{"href":"https:\/\/www.probeautyaesthetics.com\/fr\/wp-json\/wp\/v2\/product\/4605"}],"collection":[{"href":"https:\/\/www.probeautyaesthetics.com\/fr\/wp-json\/wp\/v2\/product"}],"about":[{"href":"https:\/\/www.probeautyaesthetics.com\/fr\/wp-json\/wp\/v2\/types\/product"}],"replies":[{"embeddable":true,"href":"https:\/\/www.probeautyaesthetics.com\/fr\/wp-json\/wp\/v2\/comments?post=4605"}],"wp:featuredmedia":[{"embeddable":true,"href":"https:\/\/www.probeautyaesthetics.com\/fr\/wp-json\/wp\/v2\/media\/4613"}],"wp:attachment":[{"href":"https:\/\/www.probeautyaesthetics.com\/fr\/wp-json\/wp\/v2\/media?parent=4605"}],"wp:term":[{"taxonomy":"product_cat","embeddable":true,"href":"https:\/\/www.probeautyaesthetics.com\/fr\/wp-json\/wp\/v2\/product_cat?post=4605"},{"taxonomy":"product_tag","embeddable":true,"href":"https:\/\/www.probeautyaesthetics.com\/fr\/wp-json\/wp\/v2\/product_tag?post=4605"}],"curies":[{"name":"wp","href":"https:\/\/api.w.org\/{rel}","templated":true}]}}