{"id":4707,"date":"2019-11-14T07:21:37","date_gmt":"2019-11-14T07:21:37","guid":{"rendered":"https:\/\/www.safeonlinechemist.com\/dermalfillers\/product\/import-placeholder-for-6699\/"},"modified":"2023-07-10T00:13:25","modified_gmt":"2023-07-10T00:13:25","slug":"silhouette-soft-12-cones-2-sutures-5-packs","status":"publish","type":"product","link":"https:\/\/www.probeautyaesthetics.com\/fr\/produit\/silhouette-soft-12-cones-2-sutures-5-packs\/","title":{"rendered":"Acheter Silhouette Soft 12 c\u00f4nes 2 sutures 5 paquets en ligne"},"content":{"rendered":"<h2 style=\"text-align: justify;\">Placez une commande pour Silhouette Soft 12 Cones 2 Sutures 5 Packs online at our store<\/h2>\n<p style=\"text-align: justify;\">Vous souhaitez acheter Silhouette Soft 12 Cones 2 Sutures 5 Packs \u00e0 un prix avantageux ? Contactez Pro Beauty Aesthetics d\u00e8s aujourd'hui. Nous sommes une boutique en ligne professionnelle qui vous aidera \u00e0 acheter Silhouette Soft 12 C\u00f4nes 2 Sutures 5 Packs avec bitcoin, moneygram, et western union. Commandez Silhouette Soft 12 C\u00f4nes 2 Sutures 5 Packs d\u00e8s aujourd'hui !<\/p>\n<h3 style=\"text-align: justify;\">Quel est le m\u00e9canisme de Silhouette Soft 12 c\u00f4nes 2 sutures 5 paquets ?<\/h3>\n<ul style=\"text-align: justify;\">\n<li>Le dispositif d'instalift Silhouette Soft 12 Cones est une suture sp\u00e9ciale que vous pouvez utiliser pour effectuer un lifting non chirurgical.<\/li>\n<li>La suture est compos\u00e9e d'acide polylactique, qui se dissout progressivement en abandonnant le d\u00e9veloppement naturel du collag\u00e8ne, avec des c\u00f4nes bidirectionnels en glycolide de lactide, qui est un m\u00e9lange d'acides lactique et glycolique.<\/li>\n<li>Ces c\u00f4nes aident \u00e0 maintenir les filets en place. S<\/li>\n<li>Ilhouette Soft 12 Cones se pr\u00e9sente sous forme de sutures de 26,8 cm, 27,5 cm et 30 cm de long, avec 8, 12 ou 16 c\u00f4nes sur chaque suture, et se pr\u00e9sente sous forme de faisceaux de deux sutures.<\/li>\n<li>La proc\u00e9dure Silhouette Soft 12 Cones est parfois appel\u00e9e \"lifting sur mannequin\", \"lifting en un point\" ou \"lifting non chirurgical\".<\/li>\n<\/ul>\n<h3 style=\"text-align: justify;\">Acheter maintenant !<\/h3>\n<p style=\"text-align: justify;\">Obtenez Silhouette Soft 12 Cones 2 Sutures 5 Packs en vente et recevez la commande \u00e0 l'endroit que vous avez indiqu\u00e9.<\/p>\n<p>acheter silhouette soft 12 cones 2 sutures 5 packs en ligne, silhouette soft 12 cones 2 sutures 5 packs \u00e0 vendre, silhouette soft 12 cones 2 sutures 5 packs \u00e0 vendre USA, acheter silhouette soft 12 cones 2 sutures 5 packs en ligne, o\u00f9 acheter silhouette soft 12 cones 2 sutures 5 packs, acheter silhouette soft 12 cones 2 sutures 5 packs en ligne, acheter silhouette soft 12 cones 2 sutures 5 packs Espagne, silhouette soft 12 cones 2 sutures 5 packs \u00e0 vendre Ukraine, silhouette soft 12 cones 2 sutures 5 packs \u00e0 vendre Canada, silhouette soft 12 cones 2 sutures 5 packs \u00e0 vendre Europe, acheter silhouette soft 12 cones 2 sutures 5 packs en ligne l\u00e9gal, acheter silhouette soft 12 cones 2 sutures 5 packs en ligne avec bitcoin, acheter silhouette soft 12 cones 2 sutures 5 packs en ligne avec MoneyGram, silhouette soft 12 cones 2 sutures 5 packs en vente avec Western Union, comment acheter silhouette soft 12 cones 2 sutures 5 packs en ligne, acheter silhouette soft 12 cones 2 sutures 5 packs \u00e0 bas prix, acheter silhouette soft 12 cones 2 sutures 5 packs en ligne, commander silhouette soft 12 cones 2 sutures 5 packs en ligne, Mail silhouette soft 12 cones 2 sutures 5 packs, Vous pouvez commander silhouette soft 12 cones 2 sutures 5 packs aux Etats-Unis, au Canada, en Europe, en Italie.<\/p>","protected":false},"excerpt":{"rendered":"<p>Commandez Silhouette Soft 12 C\u00f4nes 2 Sutures 5 Packs en ligne dans notre magasin Vous voulez acheter Silhouette Soft 12 C\u00f4nes 2 Sutures 5 Packs \u00e0 un prix avantageux ?<\/p>","protected":false},"featured_media":4718,"comment_status":"open","ping_status":"closed","template":"","meta":{"_joinchat":[]},"product_cat":[494],"product_tag":[863,874,860,870,871,865,869,658,659,873,660,876,875,495,861,867,868,866,862,872,864,877],"yoast_head":"<!-- This site is optimized with the Yoast SEO plugin v21.3 - https:\/\/yoast.com\/wordpress\/plugins\/seo\/ -->\n<title>Buy Silhouette Soft 12 Cones 2 Sutures 5 Packs Online - Pro Beauty Aesthetics<\/title>\n<meta name=\"robots\" content=\"index, follow, max-snippet:-1, max-image-preview:large, max-video-preview:-1\" \/>\n<link rel=\"canonical\" href=\"https:\/\/www.probeautyaesthetics.com\/fr\/produit\/silhouette-soft-12-cones-2-sutures-5-packs\/\" \/>\n<meta property=\"og:locale\" content=\"fr_FR\" \/>\n<meta property=\"og:type\" content=\"article\" \/>\n<meta property=\"og:title\" content=\"Buy Silhouette Soft 12 Cones 2 Sutures 5 Packs Online - Pro Beauty Aesthetics\" \/>\n<meta property=\"og:description\" content=\"Place an order for Silhouette Soft 12 Cones 2 Sutures 5 Packs online at our store Want to buy Silhouette Soft 12 Cones 2 Sutures 5 Packs at cheap price?\" \/>\n<meta property=\"og:url\" content=\"https:\/\/www.probeautyaesthetics.com\/fr\/produit\/silhouette-soft-12-cones-2-sutures-5-packs\/\" \/>\n<meta property=\"og:site_name\" content=\"Pro Beauty Aesthetics\" \/>\n<meta property=\"article:modified_time\" content=\"2023-07-10T00:13:25+00:00\" \/>\n<meta property=\"og:image\" content=\"https:\/\/www.probeautyaesthetics.com\/wp-content\/uploads\/2019\/11\/Silhouette-Soft-12-Cones-2-Sutures-5-Packs-1.jpg\" \/>\n\t<meta property=\"og:image:width\" content=\"1200\" \/>\n\t<meta property=\"og:image:height\" content=\"800\" \/>\n\t<meta property=\"og:image:type\" content=\"image\/jpeg\" \/>\n<meta name=\"twitter:card\" content=\"summary_large_image\" \/>\n<meta name=\"twitter:label1\" content=\"Dur\u00e9e de lecture estim\u00e9e\" \/>\n\t<meta name=\"twitter:data1\" content=\"2 minutes\" \/>\n<script type=\"application\/ld+json\" class=\"yoast-schema-graph\">{\"@context\":\"https:\/\/schema.org\",\"@graph\":[{\"@type\":\"WebPage\",\"@id\":\"https:\/\/www.probeautyaesthetics.com\/product\/silhouette-soft-12-cones-2-sutures-5-packs\/\",\"url\":\"https:\/\/www.probeautyaesthetics.com\/product\/silhouette-soft-12-cones-2-sutures-5-packs\/\",\"name\":\"Buy Silhouette Soft 12 Cones 2 Sutures 5 Packs Online - Pro Beauty Aesthetics\",\"isPartOf\":{\"@id\":\"https:\/\/www.probeautyaesthetics.com\/#website\"},\"datePublished\":\"2019-11-14T07:21:37+00:00\",\"dateModified\":\"2023-07-10T00:13:25+00:00\",\"breadcrumb\":{\"@id\":\"https:\/\/www.probeautyaesthetics.com\/product\/silhouette-soft-12-cones-2-sutures-5-packs\/#breadcrumb\"},\"inLanguage\":\"fr-FR\",\"potentialAction\":[{\"@type\":\"ReadAction\",\"target\":[\"https:\/\/www.probeautyaesthetics.com\/product\/silhouette-soft-12-cones-2-sutures-5-packs\/\"]}]},{\"@type\":\"BreadcrumbList\",\"@id\":\"https:\/\/www.probeautyaesthetics.com\/product\/silhouette-soft-12-cones-2-sutures-5-packs\/#breadcrumb\",\"itemListElement\":[{\"@type\":\"ListItem\",\"position\":1,\"name\":\"Home\",\"item\":\"https:\/\/www.probeautyaesthetics.com\/\"},{\"@type\":\"ListItem\",\"position\":2,\"name\":\"Our Products\",\"item\":\"https:\/\/www.probeautyaesthetics.com\/shop\/\"},{\"@type\":\"ListItem\",\"position\":3,\"name\":\"Buy Silhouette Soft 12 Cones 2 Sutures 5 Packs Online\"}]},{\"@type\":\"WebSite\",\"@id\":\"https:\/\/www.probeautyaesthetics.com\/#website\",\"url\":\"https:\/\/www.probeautyaesthetics.com\/\",\"name\":\"Pro Beauty Aesthetics\",\"description\":\"\",\"publisher\":{\"@id\":\"https:\/\/www.probeautyaesthetics.com\/#organization\"},\"potentialAction\":[{\"@type\":\"SearchAction\",\"target\":{\"@type\":\"EntryPoint\",\"urlTemplate\":\"https:\/\/www.probeautyaesthetics.com\/?s={search_term_string}\"},\"query-input\":\"required name=search_term_string\"}],\"inLanguage\":\"fr-FR\"},{\"@type\":\"Organization\",\"@id\":\"https:\/\/www.probeautyaesthetics.com\/#organization\",\"name\":\"Pro Beauty Aesthetics\",\"url\":\"https:\/\/www.probeautyaesthetics.com\/\",\"logo\":{\"@type\":\"ImageObject\",\"inLanguage\":\"fr-FR\",\"@id\":\"https:\/\/www.probeautyaesthetics.com\/#\/schema\/logo\/image\/\",\"url\":\"https:\/\/www.probeautyaesthetics.com\/wp-content\/uploads\/2019\/11\/logo-1.png\",\"contentUrl\":\"https:\/\/www.probeautyaesthetics.com\/wp-content\/uploads\/2019\/11\/logo-1.png\",\"width\":200,\"height\":50,\"caption\":\"Pro Beauty Aesthetics\"},\"image\":{\"@id\":\"https:\/\/www.probeautyaesthetics.com\/#\/schema\/logo\/image\/\"}}]}<\/script>\n<!-- \/ Yoast SEO plugin. -->","yoast_head_json":{"title":"Buy Silhouette Soft 12 Cones 2 Sutures 5 Packs Online - Pro Beauty Aesthetics","robots":{"index":"index","follow":"follow","max-snippet":"max-snippet:-1","max-image-preview":"max-image-preview:large","max-video-preview":"max-video-preview:-1"},"canonical":"https:\/\/www.probeautyaesthetics.com\/fr\/produit\/silhouette-soft-12-cones-2-sutures-5-packs\/","og_locale":"fr_FR","og_type":"article","og_title":"Buy Silhouette Soft 12 Cones 2 Sutures 5 Packs Online - Pro Beauty Aesthetics","og_description":"Place an order for Silhouette Soft 12 Cones 2 Sutures 5 Packs online at our store Want to buy Silhouette Soft 12 Cones 2 Sutures 5 Packs at cheap price?","og_url":"https:\/\/www.probeautyaesthetics.com\/fr\/produit\/silhouette-soft-12-cones-2-sutures-5-packs\/","og_site_name":"Pro Beauty Aesthetics","article_modified_time":"2023-07-10T00:13:25+00:00","og_image":[{"width":1200,"height":800,"url":"https:\/\/www.probeautyaesthetics.com\/wp-content\/uploads\/2019\/11\/Silhouette-Soft-12-Cones-2-Sutures-5-Packs-1.jpg","type":"image\/jpeg"}],"twitter_card":"summary_large_image","twitter_misc":{"Dur\u00e9e de lecture estim\u00e9e":"2 minutes"},"schema":{"@context":"https:\/\/schema.org","@graph":[{"@type":"WebPage","@id":"https:\/\/www.probeautyaesthetics.com\/product\/silhouette-soft-12-cones-2-sutures-5-packs\/","url":"https:\/\/www.probeautyaesthetics.com\/product\/silhouette-soft-12-cones-2-sutures-5-packs\/","name":"Buy Silhouette Soft 12 Cones 2 Sutures 5 Packs Online - Pro Beauty Aesthetics","isPartOf":{"@id":"https:\/\/www.probeautyaesthetics.com\/#website"},"datePublished":"2019-11-14T07:21:37+00:00","dateModified":"2023-07-10T00:13:25+00:00","breadcrumb":{"@id":"https:\/\/www.probeautyaesthetics.com\/product\/silhouette-soft-12-cones-2-sutures-5-packs\/#breadcrumb"},"inLanguage":"fr-FR","potentialAction":[{"@type":"ReadAction","target":["https:\/\/www.probeautyaesthetics.com\/product\/silhouette-soft-12-cones-2-sutures-5-packs\/"]}]},{"@type":"BreadcrumbList","@id":"https:\/\/www.probeautyaesthetics.com\/product\/silhouette-soft-12-cones-2-sutures-5-packs\/#breadcrumb","itemListElement":[{"@type":"ListItem","position":1,"name":"Home","item":"https:\/\/www.probeautyaesthetics.com\/"},{"@type":"ListItem","position":2,"name":"Our Products","item":"https:\/\/www.probeautyaesthetics.com\/shop\/"},{"@type":"ListItem","position":3,"name":"Buy Silhouette Soft 12 Cones 2 Sutures 5 Packs Online"}]},{"@type":"WebSite","@id":"https:\/\/www.probeautyaesthetics.com\/#website","url":"https:\/\/www.probeautyaesthetics.com\/","name":"Pro Beauty Aesthetics","description":"","publisher":{"@id":"https:\/\/www.probeautyaesthetics.com\/#organization"},"potentialAction":[{"@type":"SearchAction","target":{"@type":"EntryPoint","urlTemplate":"https:\/\/www.probeautyaesthetics.com\/?s={search_term_string}"},"query-input":"required name=search_term_string"}],"inLanguage":"fr-FR"},{"@type":"Organization","@id":"https:\/\/www.probeautyaesthetics.com\/#organization","name":"Pro Beauty Aesthetics","url":"https:\/\/www.probeautyaesthetics.com\/","logo":{"@type":"ImageObject","inLanguage":"fr-FR","@id":"https:\/\/www.probeautyaesthetics.com\/#\/schema\/logo\/image\/","url":"https:\/\/www.probeautyaesthetics.com\/wp-content\/uploads\/2019\/11\/logo-1.png","contentUrl":"https:\/\/www.probeautyaesthetics.com\/wp-content\/uploads\/2019\/11\/logo-1.png","width":200,"height":50,"caption":"Pro Beauty Aesthetics"},"image":{"@id":"https:\/\/www.probeautyaesthetics.com\/#\/schema\/logo\/image\/"}}]}},"_links":{"self":[{"href":"https:\/\/www.probeautyaesthetics.com\/fr\/wp-json\/wp\/v2\/product\/4707"}],"collection":[{"href":"https:\/\/www.probeautyaesthetics.com\/fr\/wp-json\/wp\/v2\/product"}],"about":[{"href":"https:\/\/www.probeautyaesthetics.com\/fr\/wp-json\/wp\/v2\/types\/product"}],"replies":[{"embeddable":true,"href":"https:\/\/www.probeautyaesthetics.com\/fr\/wp-json\/wp\/v2\/comments?post=4707"}],"wp:featuredmedia":[{"embeddable":true,"href":"https:\/\/www.probeautyaesthetics.com\/fr\/wp-json\/wp\/v2\/media\/4718"}],"wp:attachment":[{"href":"https:\/\/www.probeautyaesthetics.com\/fr\/wp-json\/wp\/v2\/media?parent=4707"}],"wp:term":[{"taxonomy":"product_cat","embeddable":true,"href":"https:\/\/www.probeautyaesthetics.com\/fr\/wp-json\/wp\/v2\/product_cat?post=4707"},{"taxonomy":"product_tag","embeddable":true,"href":"https:\/\/www.probeautyaesthetics.com\/fr\/wp-json\/wp\/v2\/product_tag?post=4707"}],"curies":[{"name":"wp","href":"https:\/\/api.w.org\/{rel}","templated":true}]}}