{"id":4781,"date":"2019-11-14T07:21:59","date_gmt":"2019-11-14T07:21:59","guid":{"rendered":"https:\/\/www.safeonlinechemist.com\/dermalfillers\/product\/import-placeholder-for-6783\/"},"modified":"2020-02-27T16:01:53","modified_gmt":"2020-02-27T16:01:53","slug":"buy-pluryal-volume-dermal-filler-1ml","status":"publish","type":"product","link":"https:\/\/www.probeautyaesthetics.com\/fr\/produit\/buy-pluryal-volume-dermal-filler-1ml\/","title":{"rendered":"Acheter Pluryal Volume Dermal Filler 1ml"},"content":{"rendered":"<h2 style=\"text-align: justify;\">Acheter Pluryal Volume Dermal Filler 1ml aupr\u00e8s des experts ici<\/h2>\n<p style=\"text-align: justify;\">Pluryal Volume Dermal Filler 1ml \u00e0 vendre est maintenant disponible chez Pro Beauty Aesthetics. Nous sommes une boutique en ligne de premier ordre o\u00f9 vous pouvez acheter Pluryal Volume Dermal Filler 1ml \u00e0 bas prix. Nous vous offrons la possibilit\u00e9 d'acheter Pluryal Volume Dermal Filler 1ml avec bitcoin, moneygram, et western union.<\/p>\n<h3 style=\"text-align: justify;\">Quelles sont les sp\u00e9cifications de Pluryal Volume Dermal Filler 1ml ?<\/h3>\n<p style=\"text-align: justify;\">Pluryal Volume Dermal Filler 1ml est un produit de comblement dermique exceptionnellement polyvalent, compos\u00e9 de hyaluronate de sodium interconnect\u00e9 \u00e0 une concentration de 23mg\/ml. Ce produit de comblement dermique ajoute ou r\u00e9tablit le volume des parties du visage. Par cons\u00e9quent, il aide \u00e0 inverser les effets du vieillissement, de l'exposition au soleil, du tabagisme, de la contamination et d'autres aggravations li\u00e9es \u00e0 l'environnement. De plus, la seringue de Pluryal Volume est ergonomique et confortable.<\/p>\n<ul style=\"text-align: justify;\">\n<li>Pluryal Volume 1ml est un gel injectable simple et propre \u00e0 base d'acide hyaluronique.<\/li>\n<li>Il est inject\u00e9 dans les rides profondes pour redonner une surface plus lisse \u00e0 la peau vieillissante.<\/li>\n<li>Elle peut \u00e9galement comprendre l'injection dans les l\u00e8vres, les joues ou le menton pour y ajouter du volume, ou dans le nez dans le cadre d'une rhinoplastie facultative.<\/li>\n<\/ul>\n<h3 style=\"text-align: justify;\">Contacter maintenant !<\/h3>\n<p style=\"text-align: justify;\">Vous pouvez maintenant commander Pluryal Volume Dermal Filler 1ml dans notre boutique en ligne et vous faire livrer le produit \u00e0 l'adresse indiqu\u00e9e par nos membres de l'\u00e9quipe dans les d\u00e9lais promis.<\/p>","protected":false},"excerpt":{"rendered":"<table>\n<tbody>\n<tr>\n<td>Taille<\/td>\n<td>1\u00d71 ml<\/td>\n<\/tr>\n<tr>\n<td>Produit sous licence<\/td>\n<td>Non<\/td>\n<\/tr>\n<tr>\n<td>Enregistrement requis<\/td>\n<td>Non<\/td>\n<\/tr>\n<tr>\n<td>Pays R\u00e9gion<\/td>\n<td>Ce produit est d'origine europ\u00e9enne<\/td>\n<\/tr>\n<\/tbody>\n<\/table>","protected":false},"featured_media":4789,"comment_status":"open","ping_status":"closed","template":"","meta":{"_joinchat":[]},"product_cat":[138,506],"product_tag":[519,508,509,510,511],"yoast_head":"<!-- This site is optimized with the Yoast SEO plugin v21.3 - https:\/\/yoast.com\/wordpress\/plugins\/seo\/ -->\n<title>Buy Pluryal Volume Dermal Filler 1ml - Pro Beauty Aesthetics<\/title>\n<meta name=\"robots\" content=\"index, follow, max-snippet:-1, max-image-preview:large, max-video-preview:-1\" \/>\n<link rel=\"canonical\" href=\"https:\/\/www.probeautyaesthetics.com\/fr\/produit\/buy-pluryal-volume-dermal-filler-1ml\/\" \/>\n<meta property=\"og:locale\" content=\"fr_FR\" \/>\n<meta property=\"og:type\" content=\"article\" \/>\n<meta property=\"og:title\" content=\"Buy Pluryal Volume Dermal Filler 1ml - Pro Beauty Aesthetics\" \/>\n<meta property=\"og:description\" content=\"Size 1x1 ml   Licensed Product No   Registration Required No   Country Region This product is of European origin\" \/>\n<meta property=\"og:url\" content=\"https:\/\/www.probeautyaesthetics.com\/fr\/produit\/buy-pluryal-volume-dermal-filler-1ml\/\" \/>\n<meta property=\"og:site_name\" content=\"Pro Beauty Aesthetics\" \/>\n<meta property=\"article:modified_time\" content=\"2020-02-27T16:01:53+00:00\" \/>\n<meta property=\"og:image\" content=\"https:\/\/www.probeautyaesthetics.com\/wp-content\/uploads\/2019\/11\/Buy-Pluryal-Volume-Dermal-Filler-1ml.jpg\" \/>\n\t<meta property=\"og:image:width\" content=\"458\" \/>\n\t<meta property=\"og:image:height\" content=\"458\" \/>\n\t<meta property=\"og:image:type\" content=\"image\/jpeg\" \/>\n<meta name=\"twitter:card\" content=\"summary_large_image\" \/>\n<meta name=\"twitter:label1\" content=\"Dur\u00e9e de lecture estim\u00e9e\" \/>\n\t<meta name=\"twitter:data1\" content=\"1 minute\" \/>\n<script type=\"application\/ld+json\" class=\"yoast-schema-graph\">{\"@context\":\"https:\/\/schema.org\",\"@graph\":[{\"@type\":\"WebPage\",\"@id\":\"https:\/\/www.probeautyaesthetics.com\/product\/buy-pluryal-volume-dermal-filler-1ml\/\",\"url\":\"https:\/\/www.probeautyaesthetics.com\/product\/buy-pluryal-volume-dermal-filler-1ml\/\",\"name\":\"Buy Pluryal Volume Dermal Filler 1ml - Pro Beauty Aesthetics\",\"isPartOf\":{\"@id\":\"https:\/\/www.probeautyaesthetics.com\/#website\"},\"datePublished\":\"2019-11-14T07:21:59+00:00\",\"dateModified\":\"2020-02-27T16:01:53+00:00\",\"breadcrumb\":{\"@id\":\"https:\/\/www.probeautyaesthetics.com\/product\/buy-pluryal-volume-dermal-filler-1ml\/#breadcrumb\"},\"inLanguage\":\"fr-FR\",\"potentialAction\":[{\"@type\":\"ReadAction\",\"target\":[\"https:\/\/www.probeautyaesthetics.com\/product\/buy-pluryal-volume-dermal-filler-1ml\/\"]}]},{\"@type\":\"BreadcrumbList\",\"@id\":\"https:\/\/www.probeautyaesthetics.com\/product\/buy-pluryal-volume-dermal-filler-1ml\/#breadcrumb\",\"itemListElement\":[{\"@type\":\"ListItem\",\"position\":1,\"name\":\"Home\",\"item\":\"https:\/\/www.probeautyaesthetics.com\/\"},{\"@type\":\"ListItem\",\"position\":2,\"name\":\"Our Products\",\"item\":\"https:\/\/www.probeautyaesthetics.com\/shop\/\"},{\"@type\":\"ListItem\",\"position\":3,\"name\":\"Buy Pluryal Volume Dermal Filler 1ml\"}]},{\"@type\":\"WebSite\",\"@id\":\"https:\/\/www.probeautyaesthetics.com\/#website\",\"url\":\"https:\/\/www.probeautyaesthetics.com\/\",\"name\":\"Pro Beauty Aesthetics\",\"description\":\"\",\"publisher\":{\"@id\":\"https:\/\/www.probeautyaesthetics.com\/#organization\"},\"potentialAction\":[{\"@type\":\"SearchAction\",\"target\":{\"@type\":\"EntryPoint\",\"urlTemplate\":\"https:\/\/www.probeautyaesthetics.com\/?s={search_term_string}\"},\"query-input\":\"required name=search_term_string\"}],\"inLanguage\":\"fr-FR\"},{\"@type\":\"Organization\",\"@id\":\"https:\/\/www.probeautyaesthetics.com\/#organization\",\"name\":\"Pro Beauty Aesthetics\",\"url\":\"https:\/\/www.probeautyaesthetics.com\/\",\"logo\":{\"@type\":\"ImageObject\",\"inLanguage\":\"fr-FR\",\"@id\":\"https:\/\/www.probeautyaesthetics.com\/#\/schema\/logo\/image\/\",\"url\":\"https:\/\/www.probeautyaesthetics.com\/wp-content\/uploads\/2019\/11\/logo-1.png\",\"contentUrl\":\"https:\/\/www.probeautyaesthetics.com\/wp-content\/uploads\/2019\/11\/logo-1.png\",\"width\":200,\"height\":50,\"caption\":\"Pro Beauty Aesthetics\"},\"image\":{\"@id\":\"https:\/\/www.probeautyaesthetics.com\/#\/schema\/logo\/image\/\"}}]}<\/script>\n<!-- \/ Yoast SEO plugin. -->","yoast_head_json":{"title":"Buy Pluryal Volume Dermal Filler 1ml - Pro Beauty Aesthetics","robots":{"index":"index","follow":"follow","max-snippet":"max-snippet:-1","max-image-preview":"max-image-preview:large","max-video-preview":"max-video-preview:-1"},"canonical":"https:\/\/www.probeautyaesthetics.com\/fr\/produit\/buy-pluryal-volume-dermal-filler-1ml\/","og_locale":"fr_FR","og_type":"article","og_title":"Buy Pluryal Volume Dermal Filler 1ml - Pro Beauty Aesthetics","og_description":"Size 1x1 ml   Licensed Product No   Registration Required No   Country Region This product is of European origin","og_url":"https:\/\/www.probeautyaesthetics.com\/fr\/produit\/buy-pluryal-volume-dermal-filler-1ml\/","og_site_name":"Pro Beauty Aesthetics","article_modified_time":"2020-02-27T16:01:53+00:00","og_image":[{"width":458,"height":458,"url":"https:\/\/www.probeautyaesthetics.com\/wp-content\/uploads\/2019\/11\/Buy-Pluryal-Volume-Dermal-Filler-1ml.jpg","type":"image\/jpeg"}],"twitter_card":"summary_large_image","twitter_misc":{"Dur\u00e9e de lecture estim\u00e9e":"1 minute"},"schema":{"@context":"https:\/\/schema.org","@graph":[{"@type":"WebPage","@id":"https:\/\/www.probeautyaesthetics.com\/product\/buy-pluryal-volume-dermal-filler-1ml\/","url":"https:\/\/www.probeautyaesthetics.com\/product\/buy-pluryal-volume-dermal-filler-1ml\/","name":"Buy Pluryal Volume Dermal Filler 1ml - Pro Beauty Aesthetics","isPartOf":{"@id":"https:\/\/www.probeautyaesthetics.com\/#website"},"datePublished":"2019-11-14T07:21:59+00:00","dateModified":"2020-02-27T16:01:53+00:00","breadcrumb":{"@id":"https:\/\/www.probeautyaesthetics.com\/product\/buy-pluryal-volume-dermal-filler-1ml\/#breadcrumb"},"inLanguage":"fr-FR","potentialAction":[{"@type":"ReadAction","target":["https:\/\/www.probeautyaesthetics.com\/product\/buy-pluryal-volume-dermal-filler-1ml\/"]}]},{"@type":"BreadcrumbList","@id":"https:\/\/www.probeautyaesthetics.com\/product\/buy-pluryal-volume-dermal-filler-1ml\/#breadcrumb","itemListElement":[{"@type":"ListItem","position":1,"name":"Home","item":"https:\/\/www.probeautyaesthetics.com\/"},{"@type":"ListItem","position":2,"name":"Our Products","item":"https:\/\/www.probeautyaesthetics.com\/shop\/"},{"@type":"ListItem","position":3,"name":"Buy Pluryal Volume Dermal Filler 1ml"}]},{"@type":"WebSite","@id":"https:\/\/www.probeautyaesthetics.com\/#website","url":"https:\/\/www.probeautyaesthetics.com\/","name":"Pro Beauty Aesthetics","description":"","publisher":{"@id":"https:\/\/www.probeautyaesthetics.com\/#organization"},"potentialAction":[{"@type":"SearchAction","target":{"@type":"EntryPoint","urlTemplate":"https:\/\/www.probeautyaesthetics.com\/?s={search_term_string}"},"query-input":"required name=search_term_string"}],"inLanguage":"fr-FR"},{"@type":"Organization","@id":"https:\/\/www.probeautyaesthetics.com\/#organization","name":"Pro Beauty Aesthetics","url":"https:\/\/www.probeautyaesthetics.com\/","logo":{"@type":"ImageObject","inLanguage":"fr-FR","@id":"https:\/\/www.probeautyaesthetics.com\/#\/schema\/logo\/image\/","url":"https:\/\/www.probeautyaesthetics.com\/wp-content\/uploads\/2019\/11\/logo-1.png","contentUrl":"https:\/\/www.probeautyaesthetics.com\/wp-content\/uploads\/2019\/11\/logo-1.png","width":200,"height":50,"caption":"Pro Beauty Aesthetics"},"image":{"@id":"https:\/\/www.probeautyaesthetics.com\/#\/schema\/logo\/image\/"}}]}},"_links":{"self":[{"href":"https:\/\/www.probeautyaesthetics.com\/fr\/wp-json\/wp\/v2\/product\/4781"}],"collection":[{"href":"https:\/\/www.probeautyaesthetics.com\/fr\/wp-json\/wp\/v2\/product"}],"about":[{"href":"https:\/\/www.probeautyaesthetics.com\/fr\/wp-json\/wp\/v2\/types\/product"}],"replies":[{"embeddable":true,"href":"https:\/\/www.probeautyaesthetics.com\/fr\/wp-json\/wp\/v2\/comments?post=4781"}],"wp:featuredmedia":[{"embeddable":true,"href":"https:\/\/www.probeautyaesthetics.com\/fr\/wp-json\/wp\/v2\/media\/4789"}],"wp:attachment":[{"href":"https:\/\/www.probeautyaesthetics.com\/fr\/wp-json\/wp\/v2\/media?parent=4781"}],"wp:term":[{"taxonomy":"product_cat","embeddable":true,"href":"https:\/\/www.probeautyaesthetics.com\/fr\/wp-json\/wp\/v2\/product_cat?post=4781"},{"taxonomy":"product_tag","embeddable":true,"href":"https:\/\/www.probeautyaesthetics.com\/fr\/wp-json\/wp\/v2\/product_tag?post=4781"}],"curies":[{"name":"wp","href":"https:\/\/api.w.org\/{rel}","templated":true}]}}