{"id":4849,"date":"2019-11-14T07:22:20","date_gmt":"2019-11-14T07:22:20","guid":{"rendered":"https:\/\/www.safeonlinechemist.com\/dermalfillers\/product\/import-placeholder-for-6865\/"},"modified":"2020-03-01T08:03:38","modified_gmt":"2020-03-01T08:03:38","slug":"buy-revofil-aquashine-soft-filler-1x2ml","status":"publish","type":"product","link":"https:\/\/www.probeautyaesthetics.com\/fr\/produit\/buy-revofil-aquashine-soft-filler-1x2ml\/","title":{"rendered":"Acheter Revofil Aquashine Soft Filler 1x2ml"},"content":{"rendered":"<h2 style=\"text-align: justify;\">Acheter Revofil Aquashine Soft Filler 1x2ml aupr\u00e8s des meilleurs fournisseurs<\/h2>\n<p style=\"text-align: justify;\">Achetez Revofil Aquashine Soft Filler 1x2ml en vente chez Pro Beauty Aesthetics et profitez des avantages. Nous compl\u00e9terons votre commande pour acheter Revofil Aquashine Soft Filler 1x2ml avec bitcoin, moneygram, et western union. Commandez Revofil Aquashine Soft Filler 1x2ml maintenant !<\/p>\n<h3 style=\"text-align: justify;\">Quels sont les avantages d'utiliser Revofil Aquashine Soft Filler 1x2ml ?<\/h3>\n<p style=\"text-align: justify;\">Revofil Aquashine Soft Filler est un gel injectable transparent et st\u00e9rile compos\u00e9 d'acide hyaluronique, de min\u00e9raux et de coenzymes, de nutriments et d'acides amin\u00e9s. Injecter Revofil Aquashine Soft Filler pour revitaliser et r\u00e9tablir une surface plus lisse sur une peau vieillissante.<\/p>\n<ul style=\"text-align: justify;\">\n<li>Revofil Aquashine Soft Filler est une injection de m\u00e9soth\u00e9rapie qui peut am\u00e9liorer la surface et l'apparence de la peau en la r\u00e9hydratant et en la nourrissant.<\/li>\n<li>Revofil Aquashine Soft Filler contient de l'acide hyaluronique, qui aide \u00e0 combler les rides en volumisant et en hydratant le derme.<\/li>\n<li>Les peptides contenus dans Revofil Aquashine Soft Filler, notamment l'oligopeptide-34, l'ac\u00e9tyl d\u00e9capeptide-3, l'oligopeptide-24 et l'oligopeptide-72, augmentent l'\u00e9lastine dans la peau pour am\u00e9liorer la qualit\u00e9 g\u00e9n\u00e9rale de la peau.<\/li>\n<li>Ensemble, l'acide hyaluronique et le complexe r\u00e9parateur de Revofil Aquashine Soft Filler aident \u00e0 ressusciter la peau et \u00e0 att\u00e9nuer les signes de vieillissement.<\/li>\n<\/ul>\n<h3 style=\"text-align: justify;\">Placez vos exigences d\u00e8s aujourd'hui !<\/h3>\n<p style=\"text-align: justify;\">Profitez d'une occasion en or pour acheter Revofil Aquashine Soft Filler 1x2ml \u00e0 bon prix dans notre magasin et attendez-vous \u00e0 \u00eatre livr\u00e9 dans un court laps de temps !<\/p>","protected":false},"excerpt":{"rendered":"<p>Acheter Revofil Aquashine Soft Filler 1x2ml aupr\u00e8s des meilleurs fournisseurs Acheter Revofil Aquashine Soft Filler 1x2ml en vente chez Pro Beauty Aesthetics et profiter des avantages. Nous compl\u00e9terons votre<\/p>","protected":false},"featured_media":4859,"comment_status":"open","ping_status":"closed","template":"","meta":{"_joinchat":[]},"product_cat":[138,546],"product_tag":[551,548,549],"yoast_head":"<!-- This site is optimized with the Yoast SEO plugin v21.3 - https:\/\/yoast.com\/wordpress\/plugins\/seo\/ -->\n<title>Buy Revofil Aquashine Soft Filler 1x2ml - Pro Beauty Aesthetics<\/title>\n<meta name=\"robots\" content=\"index, follow, max-snippet:-1, max-image-preview:large, max-video-preview:-1\" \/>\n<link rel=\"canonical\" href=\"https:\/\/www.probeautyaesthetics.com\/fr\/produit\/buy-revofil-aquashine-soft-filler-1x2ml\/\" \/>\n<meta property=\"og:locale\" content=\"fr_FR\" \/>\n<meta property=\"og:type\" content=\"article\" \/>\n<meta property=\"og:title\" content=\"Buy Revofil Aquashine Soft Filler 1x2ml - Pro Beauty Aesthetics\" \/>\n<meta property=\"og:description\" content=\"Buy Revofil Aquashine Soft Filler 1x2ml From The Top Suppliers Purchase Revofil Aquashine Soft Filler 1x2ml for sale at Pro Beauty Aesthetics and avail the benefits. We will complete your\" \/>\n<meta property=\"og:url\" content=\"https:\/\/www.probeautyaesthetics.com\/fr\/produit\/buy-revofil-aquashine-soft-filler-1x2ml\/\" \/>\n<meta property=\"og:site_name\" content=\"Pro Beauty Aesthetics\" \/>\n<meta property=\"article:modified_time\" content=\"2020-03-01T08:03:38+00:00\" \/>\n<meta property=\"og:image\" content=\"https:\/\/www.probeautyaesthetics.com\/wp-content\/uploads\/2019\/11\/Buy-Revofil-Aquashine-Soft-Filler-1x2ml.jpg\" \/>\n\t<meta property=\"og:image:width\" content=\"1200\" \/>\n\t<meta property=\"og:image:height\" content=\"901\" \/>\n\t<meta property=\"og:image:type\" content=\"image\/jpeg\" \/>\n<meta name=\"twitter:card\" content=\"summary_large_image\" \/>\n<meta name=\"twitter:label1\" content=\"Dur\u00e9e de lecture estim\u00e9e\" \/>\n\t<meta name=\"twitter:data1\" content=\"1 minute\" \/>\n<script type=\"application\/ld+json\" class=\"yoast-schema-graph\">{\"@context\":\"https:\/\/schema.org\",\"@graph\":[{\"@type\":\"WebPage\",\"@id\":\"https:\/\/www.probeautyaesthetics.com\/product\/buy-revofil-aquashine-soft-filler-1x2ml\/\",\"url\":\"https:\/\/www.probeautyaesthetics.com\/product\/buy-revofil-aquashine-soft-filler-1x2ml\/\",\"name\":\"Buy Revofil Aquashine Soft Filler 1x2ml - Pro Beauty Aesthetics\",\"isPartOf\":{\"@id\":\"https:\/\/www.probeautyaesthetics.com\/#website\"},\"datePublished\":\"2019-11-14T07:22:20+00:00\",\"dateModified\":\"2020-03-01T08:03:38+00:00\",\"breadcrumb\":{\"@id\":\"https:\/\/www.probeautyaesthetics.com\/product\/buy-revofil-aquashine-soft-filler-1x2ml\/#breadcrumb\"},\"inLanguage\":\"fr-FR\",\"potentialAction\":[{\"@type\":\"ReadAction\",\"target\":[\"https:\/\/www.probeautyaesthetics.com\/product\/buy-revofil-aquashine-soft-filler-1x2ml\/\"]}]},{\"@type\":\"BreadcrumbList\",\"@id\":\"https:\/\/www.probeautyaesthetics.com\/product\/buy-revofil-aquashine-soft-filler-1x2ml\/#breadcrumb\",\"itemListElement\":[{\"@type\":\"ListItem\",\"position\":1,\"name\":\"Home\",\"item\":\"https:\/\/www.probeautyaesthetics.com\/\"},{\"@type\":\"ListItem\",\"position\":2,\"name\":\"Our Products\",\"item\":\"https:\/\/www.probeautyaesthetics.com\/shop\/\"},{\"@type\":\"ListItem\",\"position\":3,\"name\":\"Buy Revofil Aquashine Soft Filler 1x2ml\"}]},{\"@type\":\"WebSite\",\"@id\":\"https:\/\/www.probeautyaesthetics.com\/#website\",\"url\":\"https:\/\/www.probeautyaesthetics.com\/\",\"name\":\"Pro Beauty Aesthetics\",\"description\":\"\",\"publisher\":{\"@id\":\"https:\/\/www.probeautyaesthetics.com\/#organization\"},\"potentialAction\":[{\"@type\":\"SearchAction\",\"target\":{\"@type\":\"EntryPoint\",\"urlTemplate\":\"https:\/\/www.probeautyaesthetics.com\/?s={search_term_string}\"},\"query-input\":\"required name=search_term_string\"}],\"inLanguage\":\"fr-FR\"},{\"@type\":\"Organization\",\"@id\":\"https:\/\/www.probeautyaesthetics.com\/#organization\",\"name\":\"Pro Beauty Aesthetics\",\"url\":\"https:\/\/www.probeautyaesthetics.com\/\",\"logo\":{\"@type\":\"ImageObject\",\"inLanguage\":\"fr-FR\",\"@id\":\"https:\/\/www.probeautyaesthetics.com\/#\/schema\/logo\/image\/\",\"url\":\"https:\/\/www.probeautyaesthetics.com\/wp-content\/uploads\/2019\/11\/logo-1.png\",\"contentUrl\":\"https:\/\/www.probeautyaesthetics.com\/wp-content\/uploads\/2019\/11\/logo-1.png\",\"width\":200,\"height\":50,\"caption\":\"Pro Beauty Aesthetics\"},\"image\":{\"@id\":\"https:\/\/www.probeautyaesthetics.com\/#\/schema\/logo\/image\/\"}}]}<\/script>\n<!-- \/ Yoast SEO plugin. -->","yoast_head_json":{"title":"Buy Revofil Aquashine Soft Filler 1x2ml - Pro Beauty Aesthetics","robots":{"index":"index","follow":"follow","max-snippet":"max-snippet:-1","max-image-preview":"max-image-preview:large","max-video-preview":"max-video-preview:-1"},"canonical":"https:\/\/www.probeautyaesthetics.com\/fr\/produit\/buy-revofil-aquashine-soft-filler-1x2ml\/","og_locale":"fr_FR","og_type":"article","og_title":"Buy Revofil Aquashine Soft Filler 1x2ml - Pro Beauty Aesthetics","og_description":"Buy Revofil Aquashine Soft Filler 1x2ml From The Top Suppliers Purchase Revofil Aquashine Soft Filler 1x2ml for sale at Pro Beauty Aesthetics and avail the benefits. We will complete your","og_url":"https:\/\/www.probeautyaesthetics.com\/fr\/produit\/buy-revofil-aquashine-soft-filler-1x2ml\/","og_site_name":"Pro Beauty Aesthetics","article_modified_time":"2020-03-01T08:03:38+00:00","og_image":[{"width":1200,"height":901,"url":"https:\/\/www.probeautyaesthetics.com\/wp-content\/uploads\/2019\/11\/Buy-Revofil-Aquashine-Soft-Filler-1x2ml.jpg","type":"image\/jpeg"}],"twitter_card":"summary_large_image","twitter_misc":{"Dur\u00e9e de lecture estim\u00e9e":"1 minute"},"schema":{"@context":"https:\/\/schema.org","@graph":[{"@type":"WebPage","@id":"https:\/\/www.probeautyaesthetics.com\/product\/buy-revofil-aquashine-soft-filler-1x2ml\/","url":"https:\/\/www.probeautyaesthetics.com\/product\/buy-revofil-aquashine-soft-filler-1x2ml\/","name":"Buy Revofil Aquashine Soft Filler 1x2ml - Pro Beauty Aesthetics","isPartOf":{"@id":"https:\/\/www.probeautyaesthetics.com\/#website"},"datePublished":"2019-11-14T07:22:20+00:00","dateModified":"2020-03-01T08:03:38+00:00","breadcrumb":{"@id":"https:\/\/www.probeautyaesthetics.com\/product\/buy-revofil-aquashine-soft-filler-1x2ml\/#breadcrumb"},"inLanguage":"fr-FR","potentialAction":[{"@type":"ReadAction","target":["https:\/\/www.probeautyaesthetics.com\/product\/buy-revofil-aquashine-soft-filler-1x2ml\/"]}]},{"@type":"BreadcrumbList","@id":"https:\/\/www.probeautyaesthetics.com\/product\/buy-revofil-aquashine-soft-filler-1x2ml\/#breadcrumb","itemListElement":[{"@type":"ListItem","position":1,"name":"Home","item":"https:\/\/www.probeautyaesthetics.com\/"},{"@type":"ListItem","position":2,"name":"Our Products","item":"https:\/\/www.probeautyaesthetics.com\/shop\/"},{"@type":"ListItem","position":3,"name":"Buy Revofil Aquashine Soft Filler 1x2ml"}]},{"@type":"WebSite","@id":"https:\/\/www.probeautyaesthetics.com\/#website","url":"https:\/\/www.probeautyaesthetics.com\/","name":"Pro Beauty Aesthetics","description":"","publisher":{"@id":"https:\/\/www.probeautyaesthetics.com\/#organization"},"potentialAction":[{"@type":"SearchAction","target":{"@type":"EntryPoint","urlTemplate":"https:\/\/www.probeautyaesthetics.com\/?s={search_term_string}"},"query-input":"required name=search_term_string"}],"inLanguage":"fr-FR"},{"@type":"Organization","@id":"https:\/\/www.probeautyaesthetics.com\/#organization","name":"Pro Beauty Aesthetics","url":"https:\/\/www.probeautyaesthetics.com\/","logo":{"@type":"ImageObject","inLanguage":"fr-FR","@id":"https:\/\/www.probeautyaesthetics.com\/#\/schema\/logo\/image\/","url":"https:\/\/www.probeautyaesthetics.com\/wp-content\/uploads\/2019\/11\/logo-1.png","contentUrl":"https:\/\/www.probeautyaesthetics.com\/wp-content\/uploads\/2019\/11\/logo-1.png","width":200,"height":50,"caption":"Pro Beauty Aesthetics"},"image":{"@id":"https:\/\/www.probeautyaesthetics.com\/#\/schema\/logo\/image\/"}}]}},"_links":{"self":[{"href":"https:\/\/www.probeautyaesthetics.com\/fr\/wp-json\/wp\/v2\/product\/4849"}],"collection":[{"href":"https:\/\/www.probeautyaesthetics.com\/fr\/wp-json\/wp\/v2\/product"}],"about":[{"href":"https:\/\/www.probeautyaesthetics.com\/fr\/wp-json\/wp\/v2\/types\/product"}],"replies":[{"embeddable":true,"href":"https:\/\/www.probeautyaesthetics.com\/fr\/wp-json\/wp\/v2\/comments?post=4849"}],"wp:featuredmedia":[{"embeddable":true,"href":"https:\/\/www.probeautyaesthetics.com\/fr\/wp-json\/wp\/v2\/media\/4859"}],"wp:attachment":[{"href":"https:\/\/www.probeautyaesthetics.com\/fr\/wp-json\/wp\/v2\/media?parent=4849"}],"wp:term":[{"taxonomy":"product_cat","embeddable":true,"href":"https:\/\/www.probeautyaesthetics.com\/fr\/wp-json\/wp\/v2\/product_cat?post=4849"},{"taxonomy":"product_tag","embeddable":true,"href":"https:\/\/www.probeautyaesthetics.com\/fr\/wp-json\/wp\/v2\/product_tag?post=4849"}],"curies":[{"name":"wp","href":"https:\/\/api.w.org\/{rel}","templated":true}]}}