{"id":4872,"date":"2019-11-14T07:22:30","date_gmt":"2019-11-14T07:22:30","guid":{"rendered":"https:\/\/www.safeonlinechemist.com\/dermalfillers\/product\/import-placeholder-for-6886\/"},"modified":"2020-03-03T05:06:35","modified_gmt":"2020-03-03T05:06:35","slug":"buy-suplasyn-1-shot-1-x-60mg-6ml","status":"publish","type":"product","link":"https:\/\/www.probeautyaesthetics.com\/fr\/produit\/buy-suplasyn-1-shot-1-x-60mg-6ml\/","title":{"rendered":"Acheter Suplasyn 1-Shot 1 x 60mg\/6ml"},"content":{"rendered":"<h2 style=\"text-align: justify;\">Acheter Suplasyn 1-Shot 1 x 60mg\/6ml avec Bitcoin, MoneyGram, et Western Union<\/h2>\n<p style=\"text-align: justify;\">Si vous voulez acheter Suplasyn 1-Shot 1 x 60mg\/6ml avec bitcoin, moneygram, et western union, alors connectez-vous avec Pro Beauty Aesthetics. Nous avons \u00e9galement Suplasyn 1-Shot 1 x 60mg\/6ml \u00e0 vendre. Contactez nous maintenant et achetez Suplasyn 1-Shot 1 x 60mg\/6ml \u00e0 bas prix.<\/p>\n<h3 style=\"text-align: justify;\">Quelles sont les propri\u00e9t\u00e9s de Suplasyn 1-Shot 1 x 60mg\/6ml ?<\/h3>\n<p style=\"text-align: justify;\">Suplasyn 1-Shot 60mg\/6ml - est un gadget m\u00e9dical dont l'utilisation a \u00e9t\u00e9 d\u00e9montr\u00e9e dans le traitement symptomatique de l'arthrose, agit comme un op\u00e9rateur de soulagement de la douleur. La seringue pr\u00e9-remplie contient une solution visco\u00e9lastique avec un poids atomique caract\u00e9ris\u00e9 d'acide hyaluronique purifi\u00e9, qui a \u00e9t\u00e9 obtenu au cours de la proc\u00e9dure de vieillissement. L'acide hyaluronique est l'un des composants normalement pr\u00e9sents dans le liquide synovial, o\u00f9 il joue un r\u00f4le important dans le maintien du bon \u00e9tat de l'articulation.<\/p>\n<ul style=\"text-align: justify;\">\n<li>Utiliser selon les recommandations de votre m\u00e9decin.<\/li>\n<li>Le produit ne peut \u00eatre utilis\u00e9 que par un m\u00e9decin.<\/li>\n<li>La seringue pr\u00e9-remplie est propos\u00e9e pour une seule organisation.<\/li>\n<li>En fonction de la taille du joint, des doses allant jusqu'\u00e0 6 ml peuvent \u00eatre appliqu\u00e9es par transport.<\/li>\n<\/ul>\n<h3 style=\"text-align: justify;\">Connectez-vous \u00e0 notre magasin d\u00e8s maintenant !<\/h3>\n<p style=\"text-align: justify;\">Commandez Suplasyn 1-Shot 1 x 60mg\/6ml dans notre boutique en ligne et faites-vous livrer dans les plus brefs d\u00e9lais !<\/p>","protected":false},"excerpt":{"rendered":"<p>Acheter Suplasyn 1-Shot 1 x 60mg\/6ml avec Bitcoin, MoneyGram, et Western Union Si vous voulez acheter Suplasyn 1-Shot 1 x 60mg\/6ml avec bitcoin, moneygram, et western union, alors connectez-vous.<\/p>","protected":false},"featured_media":4892,"comment_status":"open","ping_status":"closed","template":"","meta":{"_joinchat":[]},"product_cat":[521],"product_tag":[558],"yoast_head":"<!-- This site is optimized with the Yoast SEO plugin v21.3 - https:\/\/yoast.com\/wordpress\/plugins\/seo\/ -->\n<title>Buy Suplasyn 1-Shot 1 x 60mg\/6ml - Pro Beauty Aesthetics<\/title>\n<meta name=\"robots\" content=\"index, follow, max-snippet:-1, max-image-preview:large, max-video-preview:-1\" \/>\n<link rel=\"canonical\" href=\"https:\/\/www.probeautyaesthetics.com\/fr\/produit\/buy-suplasyn-1-shot-1-x-60mg-6ml\/\" \/>\n<meta property=\"og:locale\" content=\"fr_FR\" \/>\n<meta property=\"og:type\" content=\"article\" \/>\n<meta property=\"og:title\" content=\"Buy Suplasyn 1-Shot 1 x 60mg\/6ml - Pro Beauty Aesthetics\" \/>\n<meta property=\"og:description\" content=\"Buy Suplasyn 1-Shot 1 x 60mg\/6ml with Bitcoin, MoneyGram, and Western Union If you want to buy Suplasyn 1-Shot 1 x 60mg\/6ml with bitcoin, moneygram, and western union, then connect\" \/>\n<meta property=\"og:url\" content=\"https:\/\/www.probeautyaesthetics.com\/fr\/produit\/buy-suplasyn-1-shot-1-x-60mg-6ml\/\" \/>\n<meta property=\"og:site_name\" content=\"Pro Beauty Aesthetics\" \/>\n<meta property=\"article:modified_time\" content=\"2020-03-03T05:06:35+00:00\" \/>\n<meta property=\"og:image\" content=\"https:\/\/www.probeautyaesthetics.com\/wp-content\/uploads\/2019\/11\/Buy-Suplasyn-1-Shot-1-x-60mg-6ml.jpg\" \/>\n\t<meta property=\"og:image:width\" content=\"651\" \/>\n\t<meta property=\"og:image:height\" content=\"651\" \/>\n\t<meta property=\"og:image:type\" content=\"image\/jpeg\" \/>\n<meta name=\"twitter:card\" content=\"summary_large_image\" \/>\n<meta name=\"twitter:label1\" content=\"Dur\u00e9e de lecture estim\u00e9e\" \/>\n\t<meta name=\"twitter:data1\" content=\"1 minute\" \/>\n<script type=\"application\/ld+json\" class=\"yoast-schema-graph\">{\"@context\":\"https:\/\/schema.org\",\"@graph\":[{\"@type\":\"WebPage\",\"@id\":\"https:\/\/www.probeautyaesthetics.com\/product\/buy-suplasyn-1-shot-1-x-60mg-6ml\/\",\"url\":\"https:\/\/www.probeautyaesthetics.com\/product\/buy-suplasyn-1-shot-1-x-60mg-6ml\/\",\"name\":\"Buy Suplasyn 1-Shot 1 x 60mg\/6ml - Pro Beauty Aesthetics\",\"isPartOf\":{\"@id\":\"https:\/\/www.probeautyaesthetics.com\/#website\"},\"datePublished\":\"2019-11-14T07:22:30+00:00\",\"dateModified\":\"2020-03-03T05:06:35+00:00\",\"breadcrumb\":{\"@id\":\"https:\/\/www.probeautyaesthetics.com\/product\/buy-suplasyn-1-shot-1-x-60mg-6ml\/#breadcrumb\"},\"inLanguage\":\"fr-FR\",\"potentialAction\":[{\"@type\":\"ReadAction\",\"target\":[\"https:\/\/www.probeautyaesthetics.com\/product\/buy-suplasyn-1-shot-1-x-60mg-6ml\/\"]}]},{\"@type\":\"BreadcrumbList\",\"@id\":\"https:\/\/www.probeautyaesthetics.com\/product\/buy-suplasyn-1-shot-1-x-60mg-6ml\/#breadcrumb\",\"itemListElement\":[{\"@type\":\"ListItem\",\"position\":1,\"name\":\"Home\",\"item\":\"https:\/\/www.probeautyaesthetics.com\/\"},{\"@type\":\"ListItem\",\"position\":2,\"name\":\"Our Products\",\"item\":\"https:\/\/www.probeautyaesthetics.com\/shop\/\"},{\"@type\":\"ListItem\",\"position\":3,\"name\":\"Buy Suplasyn 1-Shot 1 x 60mg\/6ml\"}]},{\"@type\":\"WebSite\",\"@id\":\"https:\/\/www.probeautyaesthetics.com\/#website\",\"url\":\"https:\/\/www.probeautyaesthetics.com\/\",\"name\":\"Pro Beauty Aesthetics\",\"description\":\"\",\"publisher\":{\"@id\":\"https:\/\/www.probeautyaesthetics.com\/#organization\"},\"potentialAction\":[{\"@type\":\"SearchAction\",\"target\":{\"@type\":\"EntryPoint\",\"urlTemplate\":\"https:\/\/www.probeautyaesthetics.com\/?s={search_term_string}\"},\"query-input\":\"required name=search_term_string\"}],\"inLanguage\":\"fr-FR\"},{\"@type\":\"Organization\",\"@id\":\"https:\/\/www.probeautyaesthetics.com\/#organization\",\"name\":\"Pro Beauty Aesthetics\",\"url\":\"https:\/\/www.probeautyaesthetics.com\/\",\"logo\":{\"@type\":\"ImageObject\",\"inLanguage\":\"fr-FR\",\"@id\":\"https:\/\/www.probeautyaesthetics.com\/#\/schema\/logo\/image\/\",\"url\":\"https:\/\/www.probeautyaesthetics.com\/wp-content\/uploads\/2019\/11\/logo-1.png\",\"contentUrl\":\"https:\/\/www.probeautyaesthetics.com\/wp-content\/uploads\/2019\/11\/logo-1.png\",\"width\":200,\"height\":50,\"caption\":\"Pro Beauty Aesthetics\"},\"image\":{\"@id\":\"https:\/\/www.probeautyaesthetics.com\/#\/schema\/logo\/image\/\"}}]}<\/script>\n<!-- \/ Yoast SEO plugin. -->","yoast_head_json":{"title":"Buy Suplasyn 1-Shot 1 x 60mg\/6ml - Pro Beauty Aesthetics","robots":{"index":"index","follow":"follow","max-snippet":"max-snippet:-1","max-image-preview":"max-image-preview:large","max-video-preview":"max-video-preview:-1"},"canonical":"https:\/\/www.probeautyaesthetics.com\/fr\/produit\/buy-suplasyn-1-shot-1-x-60mg-6ml\/","og_locale":"fr_FR","og_type":"article","og_title":"Buy Suplasyn 1-Shot 1 x 60mg\/6ml - Pro Beauty Aesthetics","og_description":"Buy Suplasyn 1-Shot 1 x 60mg\/6ml with Bitcoin, MoneyGram, and Western Union If you want to buy Suplasyn 1-Shot 1 x 60mg\/6ml with bitcoin, moneygram, and western union, then connect","og_url":"https:\/\/www.probeautyaesthetics.com\/fr\/produit\/buy-suplasyn-1-shot-1-x-60mg-6ml\/","og_site_name":"Pro Beauty Aesthetics","article_modified_time":"2020-03-03T05:06:35+00:00","og_image":[{"width":651,"height":651,"url":"https:\/\/www.probeautyaesthetics.com\/wp-content\/uploads\/2019\/11\/Buy-Suplasyn-1-Shot-1-x-60mg-6ml.jpg","type":"image\/jpeg"}],"twitter_card":"summary_large_image","twitter_misc":{"Dur\u00e9e de lecture estim\u00e9e":"1 minute"},"schema":{"@context":"https:\/\/schema.org","@graph":[{"@type":"WebPage","@id":"https:\/\/www.probeautyaesthetics.com\/product\/buy-suplasyn-1-shot-1-x-60mg-6ml\/","url":"https:\/\/www.probeautyaesthetics.com\/product\/buy-suplasyn-1-shot-1-x-60mg-6ml\/","name":"Buy Suplasyn 1-Shot 1 x 60mg\/6ml - Pro Beauty Aesthetics","isPartOf":{"@id":"https:\/\/www.probeautyaesthetics.com\/#website"},"datePublished":"2019-11-14T07:22:30+00:00","dateModified":"2020-03-03T05:06:35+00:00","breadcrumb":{"@id":"https:\/\/www.probeautyaesthetics.com\/product\/buy-suplasyn-1-shot-1-x-60mg-6ml\/#breadcrumb"},"inLanguage":"fr-FR","potentialAction":[{"@type":"ReadAction","target":["https:\/\/www.probeautyaesthetics.com\/product\/buy-suplasyn-1-shot-1-x-60mg-6ml\/"]}]},{"@type":"BreadcrumbList","@id":"https:\/\/www.probeautyaesthetics.com\/product\/buy-suplasyn-1-shot-1-x-60mg-6ml\/#breadcrumb","itemListElement":[{"@type":"ListItem","position":1,"name":"Home","item":"https:\/\/www.probeautyaesthetics.com\/"},{"@type":"ListItem","position":2,"name":"Our Products","item":"https:\/\/www.probeautyaesthetics.com\/shop\/"},{"@type":"ListItem","position":3,"name":"Buy Suplasyn 1-Shot 1 x 60mg\/6ml"}]},{"@type":"WebSite","@id":"https:\/\/www.probeautyaesthetics.com\/#website","url":"https:\/\/www.probeautyaesthetics.com\/","name":"Pro Beauty Aesthetics","description":"","publisher":{"@id":"https:\/\/www.probeautyaesthetics.com\/#organization"},"potentialAction":[{"@type":"SearchAction","target":{"@type":"EntryPoint","urlTemplate":"https:\/\/www.probeautyaesthetics.com\/?s={search_term_string}"},"query-input":"required name=search_term_string"}],"inLanguage":"fr-FR"},{"@type":"Organization","@id":"https:\/\/www.probeautyaesthetics.com\/#organization","name":"Pro Beauty Aesthetics","url":"https:\/\/www.probeautyaesthetics.com\/","logo":{"@type":"ImageObject","inLanguage":"fr-FR","@id":"https:\/\/www.probeautyaesthetics.com\/#\/schema\/logo\/image\/","url":"https:\/\/www.probeautyaesthetics.com\/wp-content\/uploads\/2019\/11\/logo-1.png","contentUrl":"https:\/\/www.probeautyaesthetics.com\/wp-content\/uploads\/2019\/11\/logo-1.png","width":200,"height":50,"caption":"Pro Beauty Aesthetics"},"image":{"@id":"https:\/\/www.probeautyaesthetics.com\/#\/schema\/logo\/image\/"}}]}},"_links":{"self":[{"href":"https:\/\/www.probeautyaesthetics.com\/fr\/wp-json\/wp\/v2\/product\/4872"}],"collection":[{"href":"https:\/\/www.probeautyaesthetics.com\/fr\/wp-json\/wp\/v2\/product"}],"about":[{"href":"https:\/\/www.probeautyaesthetics.com\/fr\/wp-json\/wp\/v2\/types\/product"}],"replies":[{"embeddable":true,"href":"https:\/\/www.probeautyaesthetics.com\/fr\/wp-json\/wp\/v2\/comments?post=4872"}],"wp:featuredmedia":[{"embeddable":true,"href":"https:\/\/www.probeautyaesthetics.com\/fr\/wp-json\/wp\/v2\/media\/4892"}],"wp:attachment":[{"href":"https:\/\/www.probeautyaesthetics.com\/fr\/wp-json\/wp\/v2\/media?parent=4872"}],"wp:term":[{"taxonomy":"product_cat","embeddable":true,"href":"https:\/\/www.probeautyaesthetics.com\/fr\/wp-json\/wp\/v2\/product_cat?post=4872"},{"taxonomy":"product_tag","embeddable":true,"href":"https:\/\/www.probeautyaesthetics.com\/fr\/wp-json\/wp\/v2\/product_tag?post=4872"}],"curies":[{"name":"wp","href":"https:\/\/api.w.org\/{rel}","templated":true}]}}