{"id":4895,"date":"2019-11-14T07:22:39","date_gmt":"2019-11-14T07:22:39","guid":{"rendered":"https:\/\/www.safeonlinechemist.com\/dermalfillers\/product\/import-placeholder-for-6916\/"},"modified":"2020-03-02T16:20:24","modified_gmt":"2020-03-02T16:20:24","slug":"buy-yvoire-volume-plus-1-x-1ml","status":"publish","type":"product","link":"https:\/\/www.probeautyaesthetics.com\/fr\/produit\/acheter-yvoire-volume-plus-1-x-1ml\/","title":{"rendered":"Acheter Yvoire Volume Plus 1 x 1ml"},"content":{"rendered":"<h2 style=\"text-align: justify;\">Obtenez Yvoire Volume Plus 1 x 1ml dans la boutique en ligne de classe mondiale<\/h2>\n<p style=\"text-align: justify;\">Chez Pro Beauty Aesthetics, vous pouvez contacter les fournisseurs professionnels et acheter Yvoire Volume Plus 1 x 1ml avec bitcoin, moneygram, et western union. Passez votre commande pour acheter Yvoire Volume Plus 1 x 1ml \u00e0 bas prix maintenant !<\/p>\n<h3 style=\"text-align: justify;\">Quel est l'int\u00e9r\u00eat d'utiliser Yvoire Volume Plus 1 x 1ml ?<\/h3>\n<p style=\"text-align: justify;\">Yvoire Volume Plus 1 x 1ml comprend des atomes de glucose non animal r\u00e9ticul\u00e9s, obtenus \u00e0 partir du processus de vieillissement microbien, comme indiqu\u00e9 par une convention rigoureuse. Pour amplifier le confort de l'injection, Yvoire Volume Plus 1 x 1ml contient de la lidoca\u00efne, ce qui permet l'utilisation du produit de comblement m\u00eame chez les patients \u00e0 la peau la plus d\u00e9licate.<\/p>\n<ul style=\"text-align: justify;\">\n<li>Le gel est utilis\u00e9 dans le modelage plastique du visage, des lobes d'oreilles, du dos de la paume de la main.<\/li>\n<li>Le produit de comblement est pr\u00e9vu pour la correction des rides profondes et des chevauchements de III-IV degr\u00e9s.<\/li>\n<li>Le m\u00e9dicament recharge le volume manquant sur les joues, les pommettes, les zones temporales, le menton et le lobe de l'oreille.<\/li>\n<li>Le gel est utilis\u00e9 avec la rhinoplastie par injection, l'augmentation du front et la plastie volum\u00e9trique des mains. Il est efficace pour ajuster la forme et le volume des l\u00e8vres, l'ovale du visage et les cicatrices d\u00e9cr\u00e9pies.<\/li>\n<\/ul>\n<h3 style=\"text-align: justify;\">Passez commande d\u00e8s aujourd'hui !<\/h3>\n<p style=\"text-align: justify;\">Si vous avez besoin d'Yvoire Volume Plus 1 x 1ml pour la vente, commandez imm\u00e9diatement Yvoire Volume Plus 1 x 1ml.<\/p>","protected":false},"excerpt":{"rendered":"<table>\n<tbody>\n<tr>\n<td>Taille<\/td>\n<td>1\u00d71 ml<\/td>\n<\/tr>\n<tr>\n<td>Produit sous licence<\/td>\n<td>Non<\/td>\n<\/tr>\n<tr>\n<td>Enregistrement requis<\/td>\n<td>Non<\/td>\n<\/tr>\n<tr>\n<td>Pays R\u00e9gion<\/td>\n<td>Ce produit est d'origine europ\u00e9enne<\/td>\n<\/tr>\n<\/tbody>\n<\/table>","protected":false},"featured_media":4925,"comment_status":"open","ping_status":"closed","template":"","meta":{"_joinchat":[]},"product_cat":[138,553],"product_tag":[555,561,556,557],"yoast_head":"<!-- This site is optimized with the Yoast SEO plugin v21.3 - https:\/\/yoast.com\/wordpress\/plugins\/seo\/ -->\n<title>Buy Yvoire Volume Plus 1 x 1ml - Pro Beauty Aesthetics<\/title>\n<meta name=\"robots\" content=\"index, follow, max-snippet:-1, max-image-preview:large, max-video-preview:-1\" \/>\n<link rel=\"canonical\" href=\"https:\/\/www.probeautyaesthetics.com\/fr\/produit\/acheter-yvoire-volume-plus-1-x-1ml\/\" \/>\n<meta property=\"og:locale\" content=\"fr_FR\" \/>\n<meta property=\"og:type\" content=\"article\" \/>\n<meta property=\"og:title\" content=\"Buy Yvoire Volume Plus 1 x 1ml - Pro Beauty Aesthetics\" \/>\n<meta property=\"og:description\" content=\"Size 1x1 ml   Licensed Product No   Registration Required No   Country Region This product is of European origin\" \/>\n<meta property=\"og:url\" content=\"https:\/\/www.probeautyaesthetics.com\/fr\/produit\/acheter-yvoire-volume-plus-1-x-1ml\/\" \/>\n<meta property=\"og:site_name\" content=\"Pro Beauty Aesthetics\" \/>\n<meta property=\"article:modified_time\" content=\"2020-03-02T16:20:24+00:00\" \/>\n<meta property=\"og:image\" content=\"https:\/\/www.probeautyaesthetics.com\/wp-content\/uploads\/2019\/11\/Buy-Yvoire-Volume-Plus-1-x-1ml.jpg\" \/>\n\t<meta property=\"og:image:width\" content=\"337\" \/>\n\t<meta property=\"og:image:height\" content=\"424\" \/>\n\t<meta property=\"og:image:type\" content=\"image\/jpeg\" \/>\n<meta name=\"twitter:card\" content=\"summary_large_image\" \/>\n<meta name=\"twitter:label1\" content=\"Dur\u00e9e de lecture estim\u00e9e\" \/>\n\t<meta name=\"twitter:data1\" content=\"1 minute\" \/>\n<script type=\"application\/ld+json\" class=\"yoast-schema-graph\">{\"@context\":\"https:\/\/schema.org\",\"@graph\":[{\"@type\":\"WebPage\",\"@id\":\"https:\/\/www.probeautyaesthetics.com\/product\/buy-yvoire-volume-plus-1-x-1ml\/\",\"url\":\"https:\/\/www.probeautyaesthetics.com\/product\/buy-yvoire-volume-plus-1-x-1ml\/\",\"name\":\"Buy Yvoire Volume Plus 1 x 1ml - Pro Beauty Aesthetics\",\"isPartOf\":{\"@id\":\"https:\/\/www.probeautyaesthetics.com\/#website\"},\"datePublished\":\"2019-11-14T07:22:39+00:00\",\"dateModified\":\"2020-03-02T16:20:24+00:00\",\"breadcrumb\":{\"@id\":\"https:\/\/www.probeautyaesthetics.com\/product\/buy-yvoire-volume-plus-1-x-1ml\/#breadcrumb\"},\"inLanguage\":\"fr-FR\",\"potentialAction\":[{\"@type\":\"ReadAction\",\"target\":[\"https:\/\/www.probeautyaesthetics.com\/product\/buy-yvoire-volume-plus-1-x-1ml\/\"]}]},{\"@type\":\"BreadcrumbList\",\"@id\":\"https:\/\/www.probeautyaesthetics.com\/product\/buy-yvoire-volume-plus-1-x-1ml\/#breadcrumb\",\"itemListElement\":[{\"@type\":\"ListItem\",\"position\":1,\"name\":\"Home\",\"item\":\"https:\/\/www.probeautyaesthetics.com\/\"},{\"@type\":\"ListItem\",\"position\":2,\"name\":\"Our Products\",\"item\":\"https:\/\/www.probeautyaesthetics.com\/shop\/\"},{\"@type\":\"ListItem\",\"position\":3,\"name\":\"Buy Yvoire Volume Plus 1 x 1ml\"}]},{\"@type\":\"WebSite\",\"@id\":\"https:\/\/www.probeautyaesthetics.com\/#website\",\"url\":\"https:\/\/www.probeautyaesthetics.com\/\",\"name\":\"Pro Beauty Aesthetics\",\"description\":\"\",\"publisher\":{\"@id\":\"https:\/\/www.probeautyaesthetics.com\/#organization\"},\"potentialAction\":[{\"@type\":\"SearchAction\",\"target\":{\"@type\":\"EntryPoint\",\"urlTemplate\":\"https:\/\/www.probeautyaesthetics.com\/?s={search_term_string}\"},\"query-input\":\"required name=search_term_string\"}],\"inLanguage\":\"fr-FR\"},{\"@type\":\"Organization\",\"@id\":\"https:\/\/www.probeautyaesthetics.com\/#organization\",\"name\":\"Pro Beauty Aesthetics\",\"url\":\"https:\/\/www.probeautyaesthetics.com\/\",\"logo\":{\"@type\":\"ImageObject\",\"inLanguage\":\"fr-FR\",\"@id\":\"https:\/\/www.probeautyaesthetics.com\/#\/schema\/logo\/image\/\",\"url\":\"https:\/\/www.probeautyaesthetics.com\/wp-content\/uploads\/2019\/11\/logo-1.png\",\"contentUrl\":\"https:\/\/www.probeautyaesthetics.com\/wp-content\/uploads\/2019\/11\/logo-1.png\",\"width\":200,\"height\":50,\"caption\":\"Pro Beauty Aesthetics\"},\"image\":{\"@id\":\"https:\/\/www.probeautyaesthetics.com\/#\/schema\/logo\/image\/\"}}]}<\/script>\n<!-- \/ Yoast SEO plugin. -->","yoast_head_json":{"title":"Buy Yvoire Volume Plus 1 x 1ml - Pro Beauty Aesthetics","robots":{"index":"index","follow":"follow","max-snippet":"max-snippet:-1","max-image-preview":"max-image-preview:large","max-video-preview":"max-video-preview:-1"},"canonical":"https:\/\/www.probeautyaesthetics.com\/fr\/produit\/acheter-yvoire-volume-plus-1-x-1ml\/","og_locale":"fr_FR","og_type":"article","og_title":"Buy Yvoire Volume Plus 1 x 1ml - Pro Beauty Aesthetics","og_description":"Size 1x1 ml   Licensed Product No   Registration Required No   Country Region This product is of European origin","og_url":"https:\/\/www.probeautyaesthetics.com\/fr\/produit\/acheter-yvoire-volume-plus-1-x-1ml\/","og_site_name":"Pro Beauty Aesthetics","article_modified_time":"2020-03-02T16:20:24+00:00","og_image":[{"width":337,"height":424,"url":"https:\/\/www.probeautyaesthetics.com\/wp-content\/uploads\/2019\/11\/Buy-Yvoire-Volume-Plus-1-x-1ml.jpg","type":"image\/jpeg"}],"twitter_card":"summary_large_image","twitter_misc":{"Dur\u00e9e de lecture estim\u00e9e":"1 minute"},"schema":{"@context":"https:\/\/schema.org","@graph":[{"@type":"WebPage","@id":"https:\/\/www.probeautyaesthetics.com\/product\/buy-yvoire-volume-plus-1-x-1ml\/","url":"https:\/\/www.probeautyaesthetics.com\/product\/buy-yvoire-volume-plus-1-x-1ml\/","name":"Buy Yvoire Volume Plus 1 x 1ml - Pro Beauty Aesthetics","isPartOf":{"@id":"https:\/\/www.probeautyaesthetics.com\/#website"},"datePublished":"2019-11-14T07:22:39+00:00","dateModified":"2020-03-02T16:20:24+00:00","breadcrumb":{"@id":"https:\/\/www.probeautyaesthetics.com\/product\/buy-yvoire-volume-plus-1-x-1ml\/#breadcrumb"},"inLanguage":"fr-FR","potentialAction":[{"@type":"ReadAction","target":["https:\/\/www.probeautyaesthetics.com\/product\/buy-yvoire-volume-plus-1-x-1ml\/"]}]},{"@type":"BreadcrumbList","@id":"https:\/\/www.probeautyaesthetics.com\/product\/buy-yvoire-volume-plus-1-x-1ml\/#breadcrumb","itemListElement":[{"@type":"ListItem","position":1,"name":"Home","item":"https:\/\/www.probeautyaesthetics.com\/"},{"@type":"ListItem","position":2,"name":"Our Products","item":"https:\/\/www.probeautyaesthetics.com\/shop\/"},{"@type":"ListItem","position":3,"name":"Buy Yvoire Volume Plus 1 x 1ml"}]},{"@type":"WebSite","@id":"https:\/\/www.probeautyaesthetics.com\/#website","url":"https:\/\/www.probeautyaesthetics.com\/","name":"Pro Beauty Aesthetics","description":"","publisher":{"@id":"https:\/\/www.probeautyaesthetics.com\/#organization"},"potentialAction":[{"@type":"SearchAction","target":{"@type":"EntryPoint","urlTemplate":"https:\/\/www.probeautyaesthetics.com\/?s={search_term_string}"},"query-input":"required name=search_term_string"}],"inLanguage":"fr-FR"},{"@type":"Organization","@id":"https:\/\/www.probeautyaesthetics.com\/#organization","name":"Pro Beauty Aesthetics","url":"https:\/\/www.probeautyaesthetics.com\/","logo":{"@type":"ImageObject","inLanguage":"fr-FR","@id":"https:\/\/www.probeautyaesthetics.com\/#\/schema\/logo\/image\/","url":"https:\/\/www.probeautyaesthetics.com\/wp-content\/uploads\/2019\/11\/logo-1.png","contentUrl":"https:\/\/www.probeautyaesthetics.com\/wp-content\/uploads\/2019\/11\/logo-1.png","width":200,"height":50,"caption":"Pro Beauty Aesthetics"},"image":{"@id":"https:\/\/www.probeautyaesthetics.com\/#\/schema\/logo\/image\/"}}]}},"_links":{"self":[{"href":"https:\/\/www.probeautyaesthetics.com\/fr\/wp-json\/wp\/v2\/product\/4895"}],"collection":[{"href":"https:\/\/www.probeautyaesthetics.com\/fr\/wp-json\/wp\/v2\/product"}],"about":[{"href":"https:\/\/www.probeautyaesthetics.com\/fr\/wp-json\/wp\/v2\/types\/product"}],"replies":[{"embeddable":true,"href":"https:\/\/www.probeautyaesthetics.com\/fr\/wp-json\/wp\/v2\/comments?post=4895"}],"wp:featuredmedia":[{"embeddable":true,"href":"https:\/\/www.probeautyaesthetics.com\/fr\/wp-json\/wp\/v2\/media\/4925"}],"wp:attachment":[{"href":"https:\/\/www.probeautyaesthetics.com\/fr\/wp-json\/wp\/v2\/media?parent=4895"}],"wp:term":[{"taxonomy":"product_cat","embeddable":true,"href":"https:\/\/www.probeautyaesthetics.com\/fr\/wp-json\/wp\/v2\/product_cat?post=4895"},{"taxonomy":"product_tag","embeddable":true,"href":"https:\/\/www.probeautyaesthetics.com\/fr\/wp-json\/wp\/v2\/product_tag?post=4895"}],"curies":[{"name":"wp","href":"https:\/\/api.w.org\/{rel}","templated":true}]}}