{"id":4919,"date":"2019-11-14T07:22:41","date_gmt":"2019-11-14T07:22:41","guid":{"rendered":"https:\/\/www.safeonlinechemist.com\/dermalfillers\/product\/import-placeholder-for-6961\/"},"modified":"2020-01-28T09:17:16","modified_gmt":"2020-01-28T09:17:16","slug":"buy-allergan-botox-1x100iu-online","status":"publish","type":"product","link":"https:\/\/www.probeautyaesthetics.com\/fr\/produit\/buy-allergan-botox-1x100iu-online\/","title":{"rendered":"Acheter Allergan Botox (1x100iu) en ligne"},"content":{"rendered":"<h2 style=\"text-align: justify;\">Achetez Allergan Botox (1x100iu) en ligne dans le meilleur magasin<\/h2>\n<p style=\"text-align: justify;\">Pour acheter Allergan Botox (1x100iu) avec bitcoin, moneygram et western union, vous pouvez commander Allergan Botox (1x100iu) chez Pro Beauty Aesthetics. Nous vous aiderons \u00e0 vendre Allergan Botox (1x100iu) au meilleur prix. Achetez Allergan Botox (1x100iu) \u00e0 bas prix maintenant\u00a0!<\/p>\n<h3 style=\"text-align: justify;\">Qu'est-ce que le Botox Allergan (1x100iu) et ses utilisations ?<\/h3>\n<p style=\"text-align: justify;\">Allergan Botox (1x100iu) est utilis\u00e9 m\u00e9dicalement pour traiter certaines conditions solides, et cosm\u00e9tiquement pour \u00e9vacuer les rides en neutralisant bri\u00e8vement les muscles. Il est produit \u00e0 l'aide d'une neurotoxine consid\u00e9r\u00e9e comme un poison botulique qui est d\u00e9livr\u00e9e par la bact\u00e9rie Clostridium botulinum. Allergan Botox (1x100iu) est le traitement correctif non prudent le plus r\u00e9pandu, avec plus de 6 millions de traitements Botox contr\u00f4l\u00e9s chaque ann\u00e9e.<\/p>\n<ul style=\"text-align: justify;\">\n<li>Allergan Botox (1x100iu) est une neurotoxine obtenue \u00e0 partir de Clostridium botulinum, une cr\u00e9ature trouv\u00e9e dans l'habitat indig\u00e8ne o\u00f9 elle est en grande partie dormante et non toxique.<\/li>\n<li>Le poison botulique est utilis\u00e9 pour r\u00e9duire les diff\u00e9rences et les rides \u00e0 peine reconnaissables en amortissant les muscles de base.<\/li>\n<li>Les gens utilisent \u00e9galement Allergan Botox (1x100iu) pour traiter la transpiration excessive, les maux de t\u00eate, les troubles solides et certains troubles de la vessie et de l'int\u00e9rieur.<\/li>\n<\/ul>\n<h3 style=\"text-align: justify;\">Connectez-vous avec notre magasin maintenant\u00a0!<\/h3>\n<p style=\"text-align: justify;\">Passez votre commande de Allergan Botox (1x100iu) en ligne sur notre boutique en ligne et recevez-la dans un court laps de temps.<\/p>","protected":false},"excerpt":{"rendered":"<p>Acheter Allergan Botox (1x100iu) en ligne dans le Top Store Afin d'acheter Allergan Botox (1x100iu) avec bitcoin, moneygram et western union, vous pouvez commander Allergan Botox (1x100iu) chez Pro<\/p>","protected":false},"featured_media":4930,"comment_status":"open","ping_status":"closed","template":"","meta":{"_joinchat":[]},"product_cat":[566],"product_tag":[567,568,569,570,571,572,573,574,140,141,575,576,577,578,579,580],"yoast_head":"<!-- This site is optimized with the Yoast SEO plugin v21.3 - https:\/\/yoast.com\/wordpress\/plugins\/seo\/ -->\n<title>Buy Allergan Botox (1x100iu) Online - Pro Beauty Aesthetics<\/title>\n<meta name=\"robots\" content=\"index, follow, max-snippet:-1, max-image-preview:large, max-video-preview:-1\" \/>\n<link rel=\"canonical\" href=\"https:\/\/www.probeautyaesthetics.com\/fr\/produit\/buy-allergan-botox-1x100iu-online\/\" \/>\n<meta property=\"og:locale\" content=\"fr_FR\" \/>\n<meta property=\"og:type\" content=\"article\" \/>\n<meta property=\"og:title\" content=\"Buy Allergan Botox (1x100iu) Online - Pro Beauty Aesthetics\" \/>\n<meta property=\"og:description\" content=\"Buy Allergan Botox (1x100iu) Online From The Top Store In order to buy Allergan Botox (1x100iu) with bitcoin, moneygram, and western union, you can order Allergan Botox (1x100iu) at Pro\" \/>\n<meta property=\"og:url\" content=\"https:\/\/www.probeautyaesthetics.com\/fr\/produit\/buy-allergan-botox-1x100iu-online\/\" \/>\n<meta property=\"og:site_name\" content=\"Pro Beauty Aesthetics\" \/>\n<meta property=\"article:modified_time\" content=\"2020-01-28T09:17:16+00:00\" \/>\n<meta property=\"og:image\" content=\"https:\/\/www.probeautyaesthetics.com\/wp-content\/uploads\/2019\/11\/Buy-Allergan-Botox-1x100iu-Online.jpg\" \/>\n\t<meta property=\"og:image:width\" content=\"500\" \/>\n\t<meta property=\"og:image:height\" content=\"500\" \/>\n\t<meta property=\"og:image:type\" content=\"image\/jpeg\" \/>\n<meta name=\"twitter:card\" content=\"summary_large_image\" \/>\n<meta name=\"twitter:label1\" content=\"Dur\u00e9e de lecture estim\u00e9e\" \/>\n\t<meta name=\"twitter:data1\" content=\"1 minute\" \/>\n<script type=\"application\/ld+json\" class=\"yoast-schema-graph\">{\"@context\":\"https:\/\/schema.org\",\"@graph\":[{\"@type\":\"WebPage\",\"@id\":\"https:\/\/www.probeautyaesthetics.com\/product\/buy-allergan-botox-1x100iu-online\/\",\"url\":\"https:\/\/www.probeautyaesthetics.com\/product\/buy-allergan-botox-1x100iu-online\/\",\"name\":\"Buy Allergan Botox (1x100iu) Online - Pro Beauty Aesthetics\",\"isPartOf\":{\"@id\":\"https:\/\/www.probeautyaesthetics.com\/#website\"},\"datePublished\":\"2019-11-14T07:22:41+00:00\",\"dateModified\":\"2020-01-28T09:17:16+00:00\",\"breadcrumb\":{\"@id\":\"https:\/\/www.probeautyaesthetics.com\/product\/buy-allergan-botox-1x100iu-online\/#breadcrumb\"},\"inLanguage\":\"fr-FR\",\"potentialAction\":[{\"@type\":\"ReadAction\",\"target\":[\"https:\/\/www.probeautyaesthetics.com\/product\/buy-allergan-botox-1x100iu-online\/\"]}]},{\"@type\":\"BreadcrumbList\",\"@id\":\"https:\/\/www.probeautyaesthetics.com\/product\/buy-allergan-botox-1x100iu-online\/#breadcrumb\",\"itemListElement\":[{\"@type\":\"ListItem\",\"position\":1,\"name\":\"Home\",\"item\":\"https:\/\/www.probeautyaesthetics.com\/\"},{\"@type\":\"ListItem\",\"position\":2,\"name\":\"Our Products\",\"item\":\"https:\/\/www.probeautyaesthetics.com\/shop\/\"},{\"@type\":\"ListItem\",\"position\":3,\"name\":\"Buy Allergan Botox (1x100iu) Online\"}]},{\"@type\":\"WebSite\",\"@id\":\"https:\/\/www.probeautyaesthetics.com\/#website\",\"url\":\"https:\/\/www.probeautyaesthetics.com\/\",\"name\":\"Pro Beauty Aesthetics\",\"description\":\"\",\"publisher\":{\"@id\":\"https:\/\/www.probeautyaesthetics.com\/#organization\"},\"potentialAction\":[{\"@type\":\"SearchAction\",\"target\":{\"@type\":\"EntryPoint\",\"urlTemplate\":\"https:\/\/www.probeautyaesthetics.com\/?s={search_term_string}\"},\"query-input\":\"required name=search_term_string\"}],\"inLanguage\":\"fr-FR\"},{\"@type\":\"Organization\",\"@id\":\"https:\/\/www.probeautyaesthetics.com\/#organization\",\"name\":\"Pro Beauty Aesthetics\",\"url\":\"https:\/\/www.probeautyaesthetics.com\/\",\"logo\":{\"@type\":\"ImageObject\",\"inLanguage\":\"fr-FR\",\"@id\":\"https:\/\/www.probeautyaesthetics.com\/#\/schema\/logo\/image\/\",\"url\":\"https:\/\/www.probeautyaesthetics.com\/wp-content\/uploads\/2019\/11\/logo-1.png\",\"contentUrl\":\"https:\/\/www.probeautyaesthetics.com\/wp-content\/uploads\/2019\/11\/logo-1.png\",\"width\":200,\"height\":50,\"caption\":\"Pro Beauty Aesthetics\"},\"image\":{\"@id\":\"https:\/\/www.probeautyaesthetics.com\/#\/schema\/logo\/image\/\"}}]}<\/script>\n<!-- \/ Yoast SEO plugin. -->","yoast_head_json":{"title":"Buy Allergan Botox (1x100iu) Online - Pro Beauty Aesthetics","robots":{"index":"index","follow":"follow","max-snippet":"max-snippet:-1","max-image-preview":"max-image-preview:large","max-video-preview":"max-video-preview:-1"},"canonical":"https:\/\/www.probeautyaesthetics.com\/fr\/produit\/buy-allergan-botox-1x100iu-online\/","og_locale":"fr_FR","og_type":"article","og_title":"Buy Allergan Botox (1x100iu) Online - Pro Beauty Aesthetics","og_description":"Buy Allergan Botox (1x100iu) Online From The Top Store In order to buy Allergan Botox (1x100iu) with bitcoin, moneygram, and western union, you can order Allergan Botox (1x100iu) at Pro","og_url":"https:\/\/www.probeautyaesthetics.com\/fr\/produit\/buy-allergan-botox-1x100iu-online\/","og_site_name":"Pro Beauty Aesthetics","article_modified_time":"2020-01-28T09:17:16+00:00","og_image":[{"width":500,"height":500,"url":"https:\/\/www.probeautyaesthetics.com\/wp-content\/uploads\/2019\/11\/Buy-Allergan-Botox-1x100iu-Online.jpg","type":"image\/jpeg"}],"twitter_card":"summary_large_image","twitter_misc":{"Dur\u00e9e de lecture estim\u00e9e":"1 minute"},"schema":{"@context":"https:\/\/schema.org","@graph":[{"@type":"WebPage","@id":"https:\/\/www.probeautyaesthetics.com\/product\/buy-allergan-botox-1x100iu-online\/","url":"https:\/\/www.probeautyaesthetics.com\/product\/buy-allergan-botox-1x100iu-online\/","name":"Buy Allergan Botox (1x100iu) Online - Pro Beauty Aesthetics","isPartOf":{"@id":"https:\/\/www.probeautyaesthetics.com\/#website"},"datePublished":"2019-11-14T07:22:41+00:00","dateModified":"2020-01-28T09:17:16+00:00","breadcrumb":{"@id":"https:\/\/www.probeautyaesthetics.com\/product\/buy-allergan-botox-1x100iu-online\/#breadcrumb"},"inLanguage":"fr-FR","potentialAction":[{"@type":"ReadAction","target":["https:\/\/www.probeautyaesthetics.com\/product\/buy-allergan-botox-1x100iu-online\/"]}]},{"@type":"BreadcrumbList","@id":"https:\/\/www.probeautyaesthetics.com\/product\/buy-allergan-botox-1x100iu-online\/#breadcrumb","itemListElement":[{"@type":"ListItem","position":1,"name":"Home","item":"https:\/\/www.probeautyaesthetics.com\/"},{"@type":"ListItem","position":2,"name":"Our Products","item":"https:\/\/www.probeautyaesthetics.com\/shop\/"},{"@type":"ListItem","position":3,"name":"Buy Allergan Botox (1x100iu) Online"}]},{"@type":"WebSite","@id":"https:\/\/www.probeautyaesthetics.com\/#website","url":"https:\/\/www.probeautyaesthetics.com\/","name":"Pro Beauty Aesthetics","description":"","publisher":{"@id":"https:\/\/www.probeautyaesthetics.com\/#organization"},"potentialAction":[{"@type":"SearchAction","target":{"@type":"EntryPoint","urlTemplate":"https:\/\/www.probeautyaesthetics.com\/?s={search_term_string}"},"query-input":"required name=search_term_string"}],"inLanguage":"fr-FR"},{"@type":"Organization","@id":"https:\/\/www.probeautyaesthetics.com\/#organization","name":"Pro Beauty Aesthetics","url":"https:\/\/www.probeautyaesthetics.com\/","logo":{"@type":"ImageObject","inLanguage":"fr-FR","@id":"https:\/\/www.probeautyaesthetics.com\/#\/schema\/logo\/image\/","url":"https:\/\/www.probeautyaesthetics.com\/wp-content\/uploads\/2019\/11\/logo-1.png","contentUrl":"https:\/\/www.probeautyaesthetics.com\/wp-content\/uploads\/2019\/11\/logo-1.png","width":200,"height":50,"caption":"Pro Beauty Aesthetics"},"image":{"@id":"https:\/\/www.probeautyaesthetics.com\/#\/schema\/logo\/image\/"}}]}},"_links":{"self":[{"href":"https:\/\/www.probeautyaesthetics.com\/fr\/wp-json\/wp\/v2\/product\/4919"}],"collection":[{"href":"https:\/\/www.probeautyaesthetics.com\/fr\/wp-json\/wp\/v2\/product"}],"about":[{"href":"https:\/\/www.probeautyaesthetics.com\/fr\/wp-json\/wp\/v2\/types\/product"}],"replies":[{"embeddable":true,"href":"https:\/\/www.probeautyaesthetics.com\/fr\/wp-json\/wp\/v2\/comments?post=4919"}],"wp:featuredmedia":[{"embeddable":true,"href":"https:\/\/www.probeautyaesthetics.com\/fr\/wp-json\/wp\/v2\/media\/4930"}],"wp:attachment":[{"href":"https:\/\/www.probeautyaesthetics.com\/fr\/wp-json\/wp\/v2\/media?parent=4919"}],"wp:term":[{"taxonomy":"product_cat","embeddable":true,"href":"https:\/\/www.probeautyaesthetics.com\/fr\/wp-json\/wp\/v2\/product_cat?post=4919"},{"taxonomy":"product_tag","embeddable":true,"href":"https:\/\/www.probeautyaesthetics.com\/fr\/wp-json\/wp\/v2\/product_tag?post=4919"}],"curies":[{"name":"wp","href":"https:\/\/api.w.org\/{rel}","templated":true}]}}