{"id":4947,"date":"2019-11-14T07:22:51","date_gmt":"2019-11-14T07:22:51","guid":{"rendered":"https:\/\/www.safeonlinechemist.com\/dermalfillers\/product\/import-placeholder-for-6991\/"},"modified":"2020-01-29T12:58:33","modified_gmt":"2020-01-29T12:58:33","slug":"buy-bcn-mesocell-200ml","status":"publish","type":"product","link":"https:\/\/www.probeautyaesthetics.com\/fr\/produit\/buy-bcn-mesocell-200ml\/","title":{"rendered":"Acheter BCN Mesocell 200ml"},"content":{"rendered":"<h2 style=\"text-align: justify;\"><strong>Achetez BCN Mesocell 200 ml \u00e0 des prix avantageux sur notre boutique en ligne<\/strong><\/h2>\n<p style=\"text-align: justify;\">Chez Pro Beauty Aesthetics, vous pouvez acheter BCN Mesocell 200 ml avec bitcoin, moneygram et western union. Nous sommes \u00e9galement disponibles exclusivement avec BCN Mesocell 200ml \u00e0 vendre aux meilleurs prix. Passez votre commande pour acheter BCN Mesocell 200 ml \u00e0 bas prix maintenant et faites-le livrer rapidement \u00e0 votre porte.<\/p>\n<h3 style=\"text-align: justify;\"><strong>Quelle est l'efficacit\u00e9 de BCN Mesocell 200ml ?<\/strong><\/h3>\n<p style=\"text-align: justify;\">BCN MesoCell suit le tissu adipeux, le tissu conjonctif et la microcirculation, pour acc\u00e9l\u00e9rer les instruments courants de r\u00e9duction de la graisse sous-cutan\u00e9e du corps.<\/p>\n<p style=\"text-align: justify;\">Appliquer 2 fois par jour sur les zones de cellulite confin\u00e9e. Les r\u00e9sultats, clairement perceptibles apr\u00e8s 30 jours, seront de plus en plus articul\u00e9s apr\u00e8s 60 jours d'utilisation habituelle.<\/p>\n<p style=\"text-align: justify;\">Avantages de BCN MesoCell :<\/p>\n<ul style=\"text-align: justify;\">\n<li>Augmente la diffusion du sang<\/li>\n<li>S\u00e9pare les cellules graisseuses en provoquant la lipolyse<\/li>\n<li>Combat l'entretien de l'eau<\/li>\n<li>Tonifie, fixe et raffermit la peau<\/li>\n<li>Am\u00e9liore la r\u00e9sorption de l'\u0153d\u00e8me restreint<\/li>\n<li>Construit le flux sanguin dans les territoires o\u00f9 la cellulite est disponible<\/li>\n<\/ul>\n<h3 style=\"text-align: justify;\"><strong>Commandez aujourd'hui\u00a0!<\/strong><\/h3>\n<p style=\"text-align: justify;\">Si vous souhaitez commander BCN Mesocell 200 ml en ligne, soumettez vos besoins sur notre boutique en ligne. Nous examinerons ces d\u00e9tails imm\u00e9diatement et l'enverrons \u00e0 votre adresse au plus t\u00f4t! Nous sommes maintenant \u00e0 deux pas de vous. Achetez BCN Mesocell 200 ml en ligne tout de suite !<\/p>","protected":false},"excerpt":{"rendered":"<p>Taille du produit<\/p>\n<p>200ml<\/p>","protected":false},"featured_media":4964,"comment_status":"open","ping_status":"closed","template":"","meta":{"_joinchat":[]},"product_cat":[566],"product_tag":[567,568,569,570,571,583,572,584,573,574,140,141,575,576,577,578,579,580],"yoast_head":"<!-- This site is optimized with the Yoast SEO plugin v21.3 - https:\/\/yoast.com\/wordpress\/plugins\/seo\/ -->\n<title>Buy BCN Mesocell 200ml - Pro Beauty Aesthetics<\/title>\n<meta name=\"robots\" content=\"index, follow, max-snippet:-1, max-image-preview:large, max-video-preview:-1\" \/>\n<link rel=\"canonical\" href=\"https:\/\/www.probeautyaesthetics.com\/fr\/produit\/buy-bcn-mesocell-200ml\/\" \/>\n<meta property=\"og:locale\" content=\"fr_FR\" \/>\n<meta property=\"og:type\" content=\"article\" \/>\n<meta property=\"og:title\" content=\"Buy BCN Mesocell 200ml - Pro Beauty Aesthetics\" \/>\n<meta property=\"og:description\" content=\"Product Size  200ml\" \/>\n<meta property=\"og:url\" content=\"https:\/\/www.probeautyaesthetics.com\/fr\/produit\/buy-bcn-mesocell-200ml\/\" \/>\n<meta property=\"og:site_name\" content=\"Pro Beauty Aesthetics\" \/>\n<meta property=\"article:modified_time\" content=\"2020-01-29T12:58:33+00:00\" \/>\n<meta property=\"og:image\" content=\"https:\/\/www.probeautyaesthetics.com\/wp-content\/uploads\/2019\/11\/Buy-BCN-Mesocell-200ml.jpg\" \/>\n\t<meta property=\"og:image:width\" content=\"800\" \/>\n\t<meta property=\"og:image:height\" content=\"800\" \/>\n\t<meta property=\"og:image:type\" content=\"image\/jpeg\" \/>\n<meta name=\"twitter:card\" content=\"summary_large_image\" \/>\n<meta name=\"twitter:label1\" content=\"Dur\u00e9e de lecture estim\u00e9e\" \/>\n\t<meta name=\"twitter:data1\" content=\"1 minute\" \/>\n<script type=\"application\/ld+json\" class=\"yoast-schema-graph\">{\"@context\":\"https:\/\/schema.org\",\"@graph\":[{\"@type\":\"WebPage\",\"@id\":\"https:\/\/www.probeautyaesthetics.com\/product\/buy-bcn-mesocell-200ml\/\",\"url\":\"https:\/\/www.probeautyaesthetics.com\/product\/buy-bcn-mesocell-200ml\/\",\"name\":\"Buy BCN Mesocell 200ml - Pro Beauty Aesthetics\",\"isPartOf\":{\"@id\":\"https:\/\/www.probeautyaesthetics.com\/#website\"},\"datePublished\":\"2019-11-14T07:22:51+00:00\",\"dateModified\":\"2020-01-29T12:58:33+00:00\",\"breadcrumb\":{\"@id\":\"https:\/\/www.probeautyaesthetics.com\/product\/buy-bcn-mesocell-200ml\/#breadcrumb\"},\"inLanguage\":\"fr-FR\",\"potentialAction\":[{\"@type\":\"ReadAction\",\"target\":[\"https:\/\/www.probeautyaesthetics.com\/product\/buy-bcn-mesocell-200ml\/\"]}]},{\"@type\":\"BreadcrumbList\",\"@id\":\"https:\/\/www.probeautyaesthetics.com\/product\/buy-bcn-mesocell-200ml\/#breadcrumb\",\"itemListElement\":[{\"@type\":\"ListItem\",\"position\":1,\"name\":\"Home\",\"item\":\"https:\/\/www.probeautyaesthetics.com\/\"},{\"@type\":\"ListItem\",\"position\":2,\"name\":\"Our Products\",\"item\":\"https:\/\/www.probeautyaesthetics.com\/shop\/\"},{\"@type\":\"ListItem\",\"position\":3,\"name\":\"Buy BCN Mesocell 200ml\"}]},{\"@type\":\"WebSite\",\"@id\":\"https:\/\/www.probeautyaesthetics.com\/#website\",\"url\":\"https:\/\/www.probeautyaesthetics.com\/\",\"name\":\"Pro Beauty Aesthetics\",\"description\":\"\",\"publisher\":{\"@id\":\"https:\/\/www.probeautyaesthetics.com\/#organization\"},\"potentialAction\":[{\"@type\":\"SearchAction\",\"target\":{\"@type\":\"EntryPoint\",\"urlTemplate\":\"https:\/\/www.probeautyaesthetics.com\/?s={search_term_string}\"},\"query-input\":\"required name=search_term_string\"}],\"inLanguage\":\"fr-FR\"},{\"@type\":\"Organization\",\"@id\":\"https:\/\/www.probeautyaesthetics.com\/#organization\",\"name\":\"Pro Beauty Aesthetics\",\"url\":\"https:\/\/www.probeautyaesthetics.com\/\",\"logo\":{\"@type\":\"ImageObject\",\"inLanguage\":\"fr-FR\",\"@id\":\"https:\/\/www.probeautyaesthetics.com\/#\/schema\/logo\/image\/\",\"url\":\"https:\/\/www.probeautyaesthetics.com\/wp-content\/uploads\/2019\/11\/logo-1.png\",\"contentUrl\":\"https:\/\/www.probeautyaesthetics.com\/wp-content\/uploads\/2019\/11\/logo-1.png\",\"width\":200,\"height\":50,\"caption\":\"Pro Beauty Aesthetics\"},\"image\":{\"@id\":\"https:\/\/www.probeautyaesthetics.com\/#\/schema\/logo\/image\/\"}}]}<\/script>\n<!-- \/ Yoast SEO plugin. -->","yoast_head_json":{"title":"Buy BCN Mesocell 200ml - Pro Beauty Aesthetics","robots":{"index":"index","follow":"follow","max-snippet":"max-snippet:-1","max-image-preview":"max-image-preview:large","max-video-preview":"max-video-preview:-1"},"canonical":"https:\/\/www.probeautyaesthetics.com\/fr\/produit\/buy-bcn-mesocell-200ml\/","og_locale":"fr_FR","og_type":"article","og_title":"Buy BCN Mesocell 200ml - Pro Beauty Aesthetics","og_description":"Product Size  200ml","og_url":"https:\/\/www.probeautyaesthetics.com\/fr\/produit\/buy-bcn-mesocell-200ml\/","og_site_name":"Pro Beauty Aesthetics","article_modified_time":"2020-01-29T12:58:33+00:00","og_image":[{"width":800,"height":800,"url":"https:\/\/www.probeautyaesthetics.com\/wp-content\/uploads\/2019\/11\/Buy-BCN-Mesocell-200ml.jpg","type":"image\/jpeg"}],"twitter_card":"summary_large_image","twitter_misc":{"Dur\u00e9e de lecture estim\u00e9e":"1 minute"},"schema":{"@context":"https:\/\/schema.org","@graph":[{"@type":"WebPage","@id":"https:\/\/www.probeautyaesthetics.com\/product\/buy-bcn-mesocell-200ml\/","url":"https:\/\/www.probeautyaesthetics.com\/product\/buy-bcn-mesocell-200ml\/","name":"Buy BCN Mesocell 200ml - Pro Beauty Aesthetics","isPartOf":{"@id":"https:\/\/www.probeautyaesthetics.com\/#website"},"datePublished":"2019-11-14T07:22:51+00:00","dateModified":"2020-01-29T12:58:33+00:00","breadcrumb":{"@id":"https:\/\/www.probeautyaesthetics.com\/product\/buy-bcn-mesocell-200ml\/#breadcrumb"},"inLanguage":"fr-FR","potentialAction":[{"@type":"ReadAction","target":["https:\/\/www.probeautyaesthetics.com\/product\/buy-bcn-mesocell-200ml\/"]}]},{"@type":"BreadcrumbList","@id":"https:\/\/www.probeautyaesthetics.com\/product\/buy-bcn-mesocell-200ml\/#breadcrumb","itemListElement":[{"@type":"ListItem","position":1,"name":"Home","item":"https:\/\/www.probeautyaesthetics.com\/"},{"@type":"ListItem","position":2,"name":"Our Products","item":"https:\/\/www.probeautyaesthetics.com\/shop\/"},{"@type":"ListItem","position":3,"name":"Buy BCN Mesocell 200ml"}]},{"@type":"WebSite","@id":"https:\/\/www.probeautyaesthetics.com\/#website","url":"https:\/\/www.probeautyaesthetics.com\/","name":"Pro Beauty Aesthetics","description":"","publisher":{"@id":"https:\/\/www.probeautyaesthetics.com\/#organization"},"potentialAction":[{"@type":"SearchAction","target":{"@type":"EntryPoint","urlTemplate":"https:\/\/www.probeautyaesthetics.com\/?s={search_term_string}"},"query-input":"required name=search_term_string"}],"inLanguage":"fr-FR"},{"@type":"Organization","@id":"https:\/\/www.probeautyaesthetics.com\/#organization","name":"Pro Beauty Aesthetics","url":"https:\/\/www.probeautyaesthetics.com\/","logo":{"@type":"ImageObject","inLanguage":"fr-FR","@id":"https:\/\/www.probeautyaesthetics.com\/#\/schema\/logo\/image\/","url":"https:\/\/www.probeautyaesthetics.com\/wp-content\/uploads\/2019\/11\/logo-1.png","contentUrl":"https:\/\/www.probeautyaesthetics.com\/wp-content\/uploads\/2019\/11\/logo-1.png","width":200,"height":50,"caption":"Pro Beauty Aesthetics"},"image":{"@id":"https:\/\/www.probeautyaesthetics.com\/#\/schema\/logo\/image\/"}}]}},"_links":{"self":[{"href":"https:\/\/www.probeautyaesthetics.com\/fr\/wp-json\/wp\/v2\/product\/4947"}],"collection":[{"href":"https:\/\/www.probeautyaesthetics.com\/fr\/wp-json\/wp\/v2\/product"}],"about":[{"href":"https:\/\/www.probeautyaesthetics.com\/fr\/wp-json\/wp\/v2\/types\/product"}],"replies":[{"embeddable":true,"href":"https:\/\/www.probeautyaesthetics.com\/fr\/wp-json\/wp\/v2\/comments?post=4947"}],"wp:featuredmedia":[{"embeddable":true,"href":"https:\/\/www.probeautyaesthetics.com\/fr\/wp-json\/wp\/v2\/media\/4964"}],"wp:attachment":[{"href":"https:\/\/www.probeautyaesthetics.com\/fr\/wp-json\/wp\/v2\/media?parent=4947"}],"wp:term":[{"taxonomy":"product_cat","embeddable":true,"href":"https:\/\/www.probeautyaesthetics.com\/fr\/wp-json\/wp\/v2\/product_cat?post=4947"},{"taxonomy":"product_tag","embeddable":true,"href":"https:\/\/www.probeautyaesthetics.com\/fr\/wp-json\/wp\/v2\/product_tag?post=4947"}],"curies":[{"name":"wp","href":"https:\/\/api.w.org\/{rel}","templated":true}]}}