{"id":4969,"date":"2019-11-14T07:23:01","date_gmt":"2019-11-14T07:23:01","guid":{"rendered":"https:\/\/www.safeonlinechemist.com\/dermalfillers\/product\/import-placeholder-for-7014\/"},"modified":"2020-01-29T13:30:20","modified_gmt":"2020-01-29T13:30:20","slug":"buy-dysport-type-a-500-units-vial","status":"publish","type":"product","link":"https:\/\/www.probeautyaesthetics.com\/fr\/produit\/buy-dysport-type-a-500-units-vial\/","title":{"rendered":"Acheter Dysport Type A 500 Unit\u00e9s Flacon"},"content":{"rendered":"<h2 style=\"text-align: justify;\"><strong>Acheter Dysport Type A 500 Unit\u00e9s Flacon \u00e0 partir de la meilleure boutique en ligne<\/strong><\/h2>\n<p style=\"text-align: justify;\">Vous cherchez un magasin en ligne o\u00f9 vous pouvez acheter Dysport Type A 500 Unit\u00e9s Flacon avec bitcoin, moneygram, et western union ? Si oui, alors Pro Beauty Aesthetics est le meilleur endroit \u00e0 visiter. Vous pouvez acheter Dysport Type A 500 Unit\u00e9s Flacon \u00e0 un prix avantageux. Commandez Dysport Type A 500 Unit\u00e9s Flacon maintenant !<\/p>\n<h3 style=\"text-align: justify;\"><strong>Qu'est-ce que Dysport Type A 500 Unit\u00e9s Flacon ? Comment fonctionne-t-il ?<\/strong><\/h3>\n<p style=\"text-align: justify;\">Dysport contient la substance dynamique Clostridium botulinum type A poison haemagglutinin complex. Il agit en emp\u00eachant les muscles de se contracter. Il le fait en stoppant l'arriv\u00e9e de l'ac\u00e9tylcholine, qui agit entre les nerfs et les muscles et qui provoque la contraction des muscles. Pour le traitement symptomatique de la spasticit\u00e9 centrale et, chez l'adulte, pour le traitement symptomatique du torticolis spasmodique (cou et \u00e9paules), du bl\u00e9pharospasme (yeux) et de la crise h\u00e9mifaciale (visage).<\/p>\n<ul style=\"text-align: justify;\">\n<li>Dysport contient un poison cr\u00e9\u00e9 par la bact\u00e9rie Clostridium botulinum.<\/li>\n<li>Il le fait en stoppant l'arriv\u00e9e d'une substance synth\u00e9tique qui agit entre les nerfs et les muscles et qui fait se contracter les muscles.<\/li>\n<li>Cela permet de diminuer les contractions musculaires anormales connues sous le nom de spasmes.<\/li>\n<\/ul>\n<h3 style=\"text-align: justify;\"><strong>Passez votre commande d\u00e8s aujourd'hui !<\/strong><\/h3>\n<p style=\"text-align: justify;\">Dysport Type A 500 Units Vial est disponible \u00e0 la vente. Passez votre commande maintenant et recevez-la bient\u00f4t !<\/p>","protected":false},"excerpt":{"rendered":"<p><strong>Former:<\/strong>Lahvi\u010dka<br \/>\n<strong>Frigo-ligne\u00a0:<\/strong>Non<br \/>\n<strong>Toxin:<\/strong>Oui<br \/>\n<strong>POM\u00a0:<\/strong>Oui<br \/>\n<strong>Cat\u00e9gorie juridique\u00a0:<\/strong>POM<br \/>\n<strong>Remplissage\u00a0:<\/strong>Non<br \/>\n<strong>Temp\u00e9rature de stockage:<\/strong>N \/ A<br \/>\n<strong>Fabricante: <\/strong>Ipsen<\/p>","protected":false},"featured_media":4997,"comment_status":"open","ping_status":"closed","template":"","meta":{"_joinchat":[]},"product_cat":[566],"product_tag":[567,568,569,570,571,583,572,584,573,574,140,141,575,576,577,585,578,579,580],"yoast_head":"<!-- This site is optimized with the Yoast SEO plugin v21.3 - https:\/\/yoast.com\/wordpress\/plugins\/seo\/ -->\n<title>Buy Dysport Type A 500 Units Vial - Pro Beauty Aesthetics<\/title>\n<meta name=\"robots\" content=\"index, follow, max-snippet:-1, max-image-preview:large, max-video-preview:-1\" \/>\n<link rel=\"canonical\" href=\"https:\/\/www.probeautyaesthetics.com\/fr\/produit\/buy-dysport-type-a-500-units-vial\/\" \/>\n<meta property=\"og:locale\" content=\"fr_FR\" \/>\n<meta property=\"og:type\" content=\"article\" \/>\n<meta property=\"og:title\" content=\"Buy Dysport Type A 500 Units Vial - Pro Beauty Aesthetics\" \/>\n<meta property=\"og:description\" content=\"Form:Vial Fridge-line:No Toxin:Yes POM:Yes Legal Category:POM Filler:No Storage Temperature:N\/A Manufacturer: Ipsen\" \/>\n<meta property=\"og:url\" content=\"https:\/\/www.probeautyaesthetics.com\/fr\/produit\/buy-dysport-type-a-500-units-vial\/\" \/>\n<meta property=\"og:site_name\" content=\"Pro Beauty Aesthetics\" \/>\n<meta property=\"article:modified_time\" content=\"2020-01-29T13:30:20+00:00\" \/>\n<meta property=\"og:image\" content=\"https:\/\/www.probeautyaesthetics.com\/wp-content\/uploads\/2019\/11\/Buy-Dysport-Type-A-500-Units-Vial.jpg\" \/>\n\t<meta property=\"og:image:width\" content=\"477\" \/>\n\t<meta property=\"og:image:height\" content=\"472\" \/>\n\t<meta property=\"og:image:type\" content=\"image\/jpeg\" \/>\n<meta name=\"twitter:card\" content=\"summary_large_image\" \/>\n<meta name=\"twitter:label1\" content=\"Dur\u00e9e de lecture estim\u00e9e\" \/>\n\t<meta name=\"twitter:data1\" content=\"1 minute\" \/>\n<script type=\"application\/ld+json\" class=\"yoast-schema-graph\">{\"@context\":\"https:\/\/schema.org\",\"@graph\":[{\"@type\":\"WebPage\",\"@id\":\"https:\/\/www.probeautyaesthetics.com\/product\/buy-dysport-type-a-500-units-vial\/\",\"url\":\"https:\/\/www.probeautyaesthetics.com\/product\/buy-dysport-type-a-500-units-vial\/\",\"name\":\"Buy Dysport Type A 500 Units Vial - Pro Beauty Aesthetics\",\"isPartOf\":{\"@id\":\"https:\/\/www.probeautyaesthetics.com\/#website\"},\"datePublished\":\"2019-11-14T07:23:01+00:00\",\"dateModified\":\"2020-01-29T13:30:20+00:00\",\"breadcrumb\":{\"@id\":\"https:\/\/www.probeautyaesthetics.com\/product\/buy-dysport-type-a-500-units-vial\/#breadcrumb\"},\"inLanguage\":\"fr-FR\",\"potentialAction\":[{\"@type\":\"ReadAction\",\"target\":[\"https:\/\/www.probeautyaesthetics.com\/product\/buy-dysport-type-a-500-units-vial\/\"]}]},{\"@type\":\"BreadcrumbList\",\"@id\":\"https:\/\/www.probeautyaesthetics.com\/product\/buy-dysport-type-a-500-units-vial\/#breadcrumb\",\"itemListElement\":[{\"@type\":\"ListItem\",\"position\":1,\"name\":\"Home\",\"item\":\"https:\/\/www.probeautyaesthetics.com\/\"},{\"@type\":\"ListItem\",\"position\":2,\"name\":\"Our Products\",\"item\":\"https:\/\/www.probeautyaesthetics.com\/shop\/\"},{\"@type\":\"ListItem\",\"position\":3,\"name\":\"Buy Dysport Type A 500 Units Vial\"}]},{\"@type\":\"WebSite\",\"@id\":\"https:\/\/www.probeautyaesthetics.com\/#website\",\"url\":\"https:\/\/www.probeautyaesthetics.com\/\",\"name\":\"Pro Beauty Aesthetics\",\"description\":\"\",\"publisher\":{\"@id\":\"https:\/\/www.probeautyaesthetics.com\/#organization\"},\"potentialAction\":[{\"@type\":\"SearchAction\",\"target\":{\"@type\":\"EntryPoint\",\"urlTemplate\":\"https:\/\/www.probeautyaesthetics.com\/?s={search_term_string}\"},\"query-input\":\"required name=search_term_string\"}],\"inLanguage\":\"fr-FR\"},{\"@type\":\"Organization\",\"@id\":\"https:\/\/www.probeautyaesthetics.com\/#organization\",\"name\":\"Pro Beauty Aesthetics\",\"url\":\"https:\/\/www.probeautyaesthetics.com\/\",\"logo\":{\"@type\":\"ImageObject\",\"inLanguage\":\"fr-FR\",\"@id\":\"https:\/\/www.probeautyaesthetics.com\/#\/schema\/logo\/image\/\",\"url\":\"https:\/\/www.probeautyaesthetics.com\/wp-content\/uploads\/2019\/11\/logo-1.png\",\"contentUrl\":\"https:\/\/www.probeautyaesthetics.com\/wp-content\/uploads\/2019\/11\/logo-1.png\",\"width\":200,\"height\":50,\"caption\":\"Pro Beauty Aesthetics\"},\"image\":{\"@id\":\"https:\/\/www.probeautyaesthetics.com\/#\/schema\/logo\/image\/\"}}]}<\/script>\n<!-- \/ Yoast SEO plugin. -->","yoast_head_json":{"title":"Buy Dysport Type A 500 Units Vial - Pro Beauty Aesthetics","robots":{"index":"index","follow":"follow","max-snippet":"max-snippet:-1","max-image-preview":"max-image-preview:large","max-video-preview":"max-video-preview:-1"},"canonical":"https:\/\/www.probeautyaesthetics.com\/fr\/produit\/buy-dysport-type-a-500-units-vial\/","og_locale":"fr_FR","og_type":"article","og_title":"Buy Dysport Type A 500 Units Vial - Pro Beauty Aesthetics","og_description":"Form:Vial Fridge-line:No Toxin:Yes POM:Yes Legal Category:POM Filler:No Storage Temperature:N\/A Manufacturer: Ipsen","og_url":"https:\/\/www.probeautyaesthetics.com\/fr\/produit\/buy-dysport-type-a-500-units-vial\/","og_site_name":"Pro Beauty Aesthetics","article_modified_time":"2020-01-29T13:30:20+00:00","og_image":[{"width":477,"height":472,"url":"https:\/\/www.probeautyaesthetics.com\/wp-content\/uploads\/2019\/11\/Buy-Dysport-Type-A-500-Units-Vial.jpg","type":"image\/jpeg"}],"twitter_card":"summary_large_image","twitter_misc":{"Dur\u00e9e de lecture estim\u00e9e":"1 minute"},"schema":{"@context":"https:\/\/schema.org","@graph":[{"@type":"WebPage","@id":"https:\/\/www.probeautyaesthetics.com\/product\/buy-dysport-type-a-500-units-vial\/","url":"https:\/\/www.probeautyaesthetics.com\/product\/buy-dysport-type-a-500-units-vial\/","name":"Buy Dysport Type A 500 Units Vial - Pro Beauty Aesthetics","isPartOf":{"@id":"https:\/\/www.probeautyaesthetics.com\/#website"},"datePublished":"2019-11-14T07:23:01+00:00","dateModified":"2020-01-29T13:30:20+00:00","breadcrumb":{"@id":"https:\/\/www.probeautyaesthetics.com\/product\/buy-dysport-type-a-500-units-vial\/#breadcrumb"},"inLanguage":"fr-FR","potentialAction":[{"@type":"ReadAction","target":["https:\/\/www.probeautyaesthetics.com\/product\/buy-dysport-type-a-500-units-vial\/"]}]},{"@type":"BreadcrumbList","@id":"https:\/\/www.probeautyaesthetics.com\/product\/buy-dysport-type-a-500-units-vial\/#breadcrumb","itemListElement":[{"@type":"ListItem","position":1,"name":"Home","item":"https:\/\/www.probeautyaesthetics.com\/"},{"@type":"ListItem","position":2,"name":"Our Products","item":"https:\/\/www.probeautyaesthetics.com\/shop\/"},{"@type":"ListItem","position":3,"name":"Buy Dysport Type A 500 Units Vial"}]},{"@type":"WebSite","@id":"https:\/\/www.probeautyaesthetics.com\/#website","url":"https:\/\/www.probeautyaesthetics.com\/","name":"Pro Beauty Aesthetics","description":"","publisher":{"@id":"https:\/\/www.probeautyaesthetics.com\/#organization"},"potentialAction":[{"@type":"SearchAction","target":{"@type":"EntryPoint","urlTemplate":"https:\/\/www.probeautyaesthetics.com\/?s={search_term_string}"},"query-input":"required name=search_term_string"}],"inLanguage":"fr-FR"},{"@type":"Organization","@id":"https:\/\/www.probeautyaesthetics.com\/#organization","name":"Pro Beauty Aesthetics","url":"https:\/\/www.probeautyaesthetics.com\/","logo":{"@type":"ImageObject","inLanguage":"fr-FR","@id":"https:\/\/www.probeautyaesthetics.com\/#\/schema\/logo\/image\/","url":"https:\/\/www.probeautyaesthetics.com\/wp-content\/uploads\/2019\/11\/logo-1.png","contentUrl":"https:\/\/www.probeautyaesthetics.com\/wp-content\/uploads\/2019\/11\/logo-1.png","width":200,"height":50,"caption":"Pro Beauty Aesthetics"},"image":{"@id":"https:\/\/www.probeautyaesthetics.com\/#\/schema\/logo\/image\/"}}]}},"_links":{"self":[{"href":"https:\/\/www.probeautyaesthetics.com\/fr\/wp-json\/wp\/v2\/product\/4969"}],"collection":[{"href":"https:\/\/www.probeautyaesthetics.com\/fr\/wp-json\/wp\/v2\/product"}],"about":[{"href":"https:\/\/www.probeautyaesthetics.com\/fr\/wp-json\/wp\/v2\/types\/product"}],"replies":[{"embeddable":true,"href":"https:\/\/www.probeautyaesthetics.com\/fr\/wp-json\/wp\/v2\/comments?post=4969"}],"wp:featuredmedia":[{"embeddable":true,"href":"https:\/\/www.probeautyaesthetics.com\/fr\/wp-json\/wp\/v2\/media\/4997"}],"wp:attachment":[{"href":"https:\/\/www.probeautyaesthetics.com\/fr\/wp-json\/wp\/v2\/media?parent=4969"}],"wp:term":[{"taxonomy":"product_cat","embeddable":true,"href":"https:\/\/www.probeautyaesthetics.com\/fr\/wp-json\/wp\/v2\/product_cat?post=4969"},{"taxonomy":"product_tag","embeddable":true,"href":"https:\/\/www.probeautyaesthetics.com\/fr\/wp-json\/wp\/v2\/product_tag?post=4969"}],"curies":[{"name":"wp","href":"https:\/\/api.w.org\/{rel}","templated":true}]}}