{"id":5003,"date":"2019-11-14T07:23:13","date_gmt":"2019-11-14T07:23:13","guid":{"rendered":"https:\/\/www.safeonlinechemist.com\/dermalfillers\/product\/import-placeholder-for-7057\/"},"modified":"2020-03-02T16:23:29","modified_gmt":"2020-03-02T16:23:29","slug":"hyalase-1500-i-u-powder-for-solution-for-injection-infusion","status":"publish","type":"product","link":"https:\/\/www.probeautyaesthetics.com\/fr\/produit\/hyalase-1500-i-u-powder-for-solution-for-injection-infusion\/","title":{"rendered":"Hyalase 1500 I.U. Poudre pour solution injectable pour perfusion"},"content":{"rendered":"<h2 style=\"text-align: justify;\">Commander Hyalase 1500 I.U. Poudre pour solution injectable pour perfusion \u00e0 partir d'ici maintenant<\/h2>\n<p style=\"text-align: justify;\">Achetez Hyalase 1500 I.U. Powder for Solution for Injection Infusion avec bitcoin, moneygram, et western union chez Pro Beauty Aesthetics. Vous avez fait le bon choix si vous achetez Hyalase 1500 I.U. Powder for Solution for Injection Infusion en vente ici. Commandez Hyalase 1500 U.I. poudre pour solution injectable pour perfusion maintenant !<\/p>\n<h3 style=\"text-align: justify;\">Quelle est l'importance de l'utilisation de Hyalase 1500 U.I. poudre pour solution injectable pour perfusion ?<\/h3>\n<p style=\"text-align: justify;\">La hyaluronidase est une enzyme qui a un effet d\u00e9polym\u00e9risant impermanent et r\u00e9versible sur le polysaccharide acide hyaluronique, pr\u00e9sent dans la matrice intercellulaire du tissu conjonctif. La solution doit \u00eatre utilis\u00e9e apr\u00e8s avoir \u00e9t\u00e9 pr\u00e9par\u00e9e. La pr\u00e9sence de la solution est claire et pas plus que l\u00e9g\u00e8rement jaune.<\/p>\n<ul style=\"text-align: justify;\">\n<li>1500iu est suffisant pour l'administration de 500-1000ml de la plupart des liquides.<\/li>\n<li>Se r\u00e9f\u00e9rer \u00e0 la section 4.4 pour les donn\u00e9es relatives aux solutions d'hypodermoclyse.<\/li>\n<li>Chez les jeunes enfants et les personnes \u00e2g\u00e9es, il convient de contr\u00f4ler la vitesse et le volume absolu de liquide administr\u00e9 et d'\u00e9viter une surhydratation, en particulier en cas d'insuffisance r\u00e9nale.<\/li>\n<\/ul>\n<h3 style=\"text-align: justify;\">Placez vos exigences maintenant !<\/h3>\n<p style=\"text-align: justify;\">Nous sommes \u00e0 votre disposition 24\u00d77\/365 jours. Vous pouvez facilement acheter Hyalase 1500 I.U. Powder for Solution for Injection Infusion \u00e0 bon prix ici. Faites-nous part des d\u00e9tails de votre commande d\u00e8s maintenant !<\/p>","protected":false},"excerpt":{"rendered":"<p><strong>Que contient la bo\u00eete ?<\/strong><\/p>\n<p>Enzyme hyaluronidase (principe actif)<br \/>\n10 amp\u00e8res (1500iu)<\/p>\n<p><strong>La force :<\/strong> 1500 unit\u00e9s | <strong>Taille :<\/strong> 1 x 1 ml <strong>Former:<\/strong> Ampoules<\/p>\n<p>&nbsp;<\/p>","protected":false},"featured_media":5032,"comment_status":"open","ping_status":"closed","template":"","meta":{"_joinchat":[]},"product_cat":[566],"product_tag":[590],"yoast_head":"<!-- This site is optimized with the Yoast SEO plugin v21.3 - https:\/\/yoast.com\/wordpress\/plugins\/seo\/ -->\n<title>Hyalase 1500 I.U. Powder for Solution for Injection Infusion - Pro Beauty Aesthetics<\/title>\n<meta name=\"robots\" content=\"index, follow, max-snippet:-1, max-image-preview:large, max-video-preview:-1\" \/>\n<link rel=\"canonical\" href=\"https:\/\/www.probeautyaesthetics.com\/fr\/produit\/hyalase-1500-i-u-powder-for-solution-for-injection-infusion\/\" \/>\n<meta property=\"og:locale\" content=\"fr_FR\" \/>\n<meta property=\"og:type\" content=\"article\" \/>\n<meta property=\"og:title\" content=\"Hyalase 1500 I.U. Powder for Solution for Injection Infusion - Pro Beauty Aesthetics\" \/>\n<meta property=\"og:description\" content=\"What\u2019s in the box?  Hyaluronidase enzyme (active\u00a0ingredient) 10 amps (1500iu)  Strength: 1500units | Size: 1 x 1 ml | Form: Ampoules  &nbsp;\" \/>\n<meta property=\"og:url\" content=\"https:\/\/www.probeautyaesthetics.com\/fr\/produit\/hyalase-1500-i-u-powder-for-solution-for-injection-infusion\/\" \/>\n<meta property=\"og:site_name\" content=\"Pro Beauty Aesthetics\" \/>\n<meta property=\"article:modified_time\" content=\"2020-03-02T16:23:29+00:00\" \/>\n<meta property=\"og:image\" content=\"https:\/\/www.probeautyaesthetics.com\/wp-content\/uploads\/2019\/11\/Hyalase-1500-I.U.-Powder-for-Solution-for-Injection-Infusion.jpg\" \/>\n\t<meta property=\"og:image:width\" content=\"1000\" \/>\n\t<meta property=\"og:image:height\" content=\"1000\" \/>\n\t<meta property=\"og:image:type\" content=\"image\/jpeg\" \/>\n<meta name=\"twitter:card\" content=\"summary_large_image\" \/>\n<meta name=\"twitter:label1\" content=\"Dur\u00e9e de lecture estim\u00e9e\" \/>\n\t<meta name=\"twitter:data1\" content=\"1 minute\" \/>\n<script type=\"application\/ld+json\" class=\"yoast-schema-graph\">{\"@context\":\"https:\/\/schema.org\",\"@graph\":[{\"@type\":\"WebPage\",\"@id\":\"https:\/\/www.probeautyaesthetics.com\/product\/hyalase-1500-i-u-powder-for-solution-for-injection-infusion\/\",\"url\":\"https:\/\/www.probeautyaesthetics.com\/product\/hyalase-1500-i-u-powder-for-solution-for-injection-infusion\/\",\"name\":\"Hyalase 1500 I.U. Powder for Solution for Injection Infusion - Pro Beauty Aesthetics\",\"isPartOf\":{\"@id\":\"https:\/\/www.probeautyaesthetics.com\/#website\"},\"datePublished\":\"2019-11-14T07:23:13+00:00\",\"dateModified\":\"2020-03-02T16:23:29+00:00\",\"breadcrumb\":{\"@id\":\"https:\/\/www.probeautyaesthetics.com\/product\/hyalase-1500-i-u-powder-for-solution-for-injection-infusion\/#breadcrumb\"},\"inLanguage\":\"fr-FR\",\"potentialAction\":[{\"@type\":\"ReadAction\",\"target\":[\"https:\/\/www.probeautyaesthetics.com\/product\/hyalase-1500-i-u-powder-for-solution-for-injection-infusion\/\"]}]},{\"@type\":\"BreadcrumbList\",\"@id\":\"https:\/\/www.probeautyaesthetics.com\/product\/hyalase-1500-i-u-powder-for-solution-for-injection-infusion\/#breadcrumb\",\"itemListElement\":[{\"@type\":\"ListItem\",\"position\":1,\"name\":\"Home\",\"item\":\"https:\/\/www.probeautyaesthetics.com\/\"},{\"@type\":\"ListItem\",\"position\":2,\"name\":\"Our Products\",\"item\":\"https:\/\/www.probeautyaesthetics.com\/shop\/\"},{\"@type\":\"ListItem\",\"position\":3,\"name\":\"Hyalase 1500 I.U. Powder for Solution for Injection Infusion\"}]},{\"@type\":\"WebSite\",\"@id\":\"https:\/\/www.probeautyaesthetics.com\/#website\",\"url\":\"https:\/\/www.probeautyaesthetics.com\/\",\"name\":\"Pro Beauty Aesthetics\",\"description\":\"\",\"publisher\":{\"@id\":\"https:\/\/www.probeautyaesthetics.com\/#organization\"},\"potentialAction\":[{\"@type\":\"SearchAction\",\"target\":{\"@type\":\"EntryPoint\",\"urlTemplate\":\"https:\/\/www.probeautyaesthetics.com\/?s={search_term_string}\"},\"query-input\":\"required name=search_term_string\"}],\"inLanguage\":\"fr-FR\"},{\"@type\":\"Organization\",\"@id\":\"https:\/\/www.probeautyaesthetics.com\/#organization\",\"name\":\"Pro Beauty Aesthetics\",\"url\":\"https:\/\/www.probeautyaesthetics.com\/\",\"logo\":{\"@type\":\"ImageObject\",\"inLanguage\":\"fr-FR\",\"@id\":\"https:\/\/www.probeautyaesthetics.com\/#\/schema\/logo\/image\/\",\"url\":\"https:\/\/www.probeautyaesthetics.com\/wp-content\/uploads\/2019\/11\/logo-1.png\",\"contentUrl\":\"https:\/\/www.probeautyaesthetics.com\/wp-content\/uploads\/2019\/11\/logo-1.png\",\"width\":200,\"height\":50,\"caption\":\"Pro Beauty Aesthetics\"},\"image\":{\"@id\":\"https:\/\/www.probeautyaesthetics.com\/#\/schema\/logo\/image\/\"}}]}<\/script>\n<!-- \/ Yoast SEO plugin. -->","yoast_head_json":{"title":"Hyalase 1500 I.U. Powder for Solution for Injection Infusion - Pro Beauty Aesthetics","robots":{"index":"index","follow":"follow","max-snippet":"max-snippet:-1","max-image-preview":"max-image-preview:large","max-video-preview":"max-video-preview:-1"},"canonical":"https:\/\/www.probeautyaesthetics.com\/fr\/produit\/hyalase-1500-i-u-powder-for-solution-for-injection-infusion\/","og_locale":"fr_FR","og_type":"article","og_title":"Hyalase 1500 I.U. Powder for Solution for Injection Infusion - Pro Beauty Aesthetics","og_description":"What\u2019s in the box?  Hyaluronidase enzyme (active\u00a0ingredient) 10 amps (1500iu)  Strength: 1500units | Size: 1 x 1 ml | Form: Ampoules  &nbsp;","og_url":"https:\/\/www.probeautyaesthetics.com\/fr\/produit\/hyalase-1500-i-u-powder-for-solution-for-injection-infusion\/","og_site_name":"Pro Beauty Aesthetics","article_modified_time":"2020-03-02T16:23:29+00:00","og_image":[{"width":1000,"height":1000,"url":"https:\/\/www.probeautyaesthetics.com\/wp-content\/uploads\/2019\/11\/Hyalase-1500-I.U.-Powder-for-Solution-for-Injection-Infusion.jpg","type":"image\/jpeg"}],"twitter_card":"summary_large_image","twitter_misc":{"Dur\u00e9e de lecture estim\u00e9e":"1 minute"},"schema":{"@context":"https:\/\/schema.org","@graph":[{"@type":"WebPage","@id":"https:\/\/www.probeautyaesthetics.com\/product\/hyalase-1500-i-u-powder-for-solution-for-injection-infusion\/","url":"https:\/\/www.probeautyaesthetics.com\/product\/hyalase-1500-i-u-powder-for-solution-for-injection-infusion\/","name":"Hyalase 1500 I.U. Powder for Solution for Injection Infusion - Pro Beauty Aesthetics","isPartOf":{"@id":"https:\/\/www.probeautyaesthetics.com\/#website"},"datePublished":"2019-11-14T07:23:13+00:00","dateModified":"2020-03-02T16:23:29+00:00","breadcrumb":{"@id":"https:\/\/www.probeautyaesthetics.com\/product\/hyalase-1500-i-u-powder-for-solution-for-injection-infusion\/#breadcrumb"},"inLanguage":"fr-FR","potentialAction":[{"@type":"ReadAction","target":["https:\/\/www.probeautyaesthetics.com\/product\/hyalase-1500-i-u-powder-for-solution-for-injection-infusion\/"]}]},{"@type":"BreadcrumbList","@id":"https:\/\/www.probeautyaesthetics.com\/product\/hyalase-1500-i-u-powder-for-solution-for-injection-infusion\/#breadcrumb","itemListElement":[{"@type":"ListItem","position":1,"name":"Home","item":"https:\/\/www.probeautyaesthetics.com\/"},{"@type":"ListItem","position":2,"name":"Our Products","item":"https:\/\/www.probeautyaesthetics.com\/shop\/"},{"@type":"ListItem","position":3,"name":"Hyalase 1500 I.U. Powder for Solution for Injection Infusion"}]},{"@type":"WebSite","@id":"https:\/\/www.probeautyaesthetics.com\/#website","url":"https:\/\/www.probeautyaesthetics.com\/","name":"Pro Beauty Aesthetics","description":"","publisher":{"@id":"https:\/\/www.probeautyaesthetics.com\/#organization"},"potentialAction":[{"@type":"SearchAction","target":{"@type":"EntryPoint","urlTemplate":"https:\/\/www.probeautyaesthetics.com\/?s={search_term_string}"},"query-input":"required name=search_term_string"}],"inLanguage":"fr-FR"},{"@type":"Organization","@id":"https:\/\/www.probeautyaesthetics.com\/#organization","name":"Pro Beauty Aesthetics","url":"https:\/\/www.probeautyaesthetics.com\/","logo":{"@type":"ImageObject","inLanguage":"fr-FR","@id":"https:\/\/www.probeautyaesthetics.com\/#\/schema\/logo\/image\/","url":"https:\/\/www.probeautyaesthetics.com\/wp-content\/uploads\/2019\/11\/logo-1.png","contentUrl":"https:\/\/www.probeautyaesthetics.com\/wp-content\/uploads\/2019\/11\/logo-1.png","width":200,"height":50,"caption":"Pro Beauty Aesthetics"},"image":{"@id":"https:\/\/www.probeautyaesthetics.com\/#\/schema\/logo\/image\/"}}]}},"_links":{"self":[{"href":"https:\/\/www.probeautyaesthetics.com\/fr\/wp-json\/wp\/v2\/product\/5003"}],"collection":[{"href":"https:\/\/www.probeautyaesthetics.com\/fr\/wp-json\/wp\/v2\/product"}],"about":[{"href":"https:\/\/www.probeautyaesthetics.com\/fr\/wp-json\/wp\/v2\/types\/product"}],"replies":[{"embeddable":true,"href":"https:\/\/www.probeautyaesthetics.com\/fr\/wp-json\/wp\/v2\/comments?post=5003"}],"wp:featuredmedia":[{"embeddable":true,"href":"https:\/\/www.probeautyaesthetics.com\/fr\/wp-json\/wp\/v2\/media\/5032"}],"wp:attachment":[{"href":"https:\/\/www.probeautyaesthetics.com\/fr\/wp-json\/wp\/v2\/media?parent=5003"}],"wp:term":[{"taxonomy":"product_cat","embeddable":true,"href":"https:\/\/www.probeautyaesthetics.com\/fr\/wp-json\/wp\/v2\/product_cat?post=5003"},{"taxonomy":"product_tag","embeddable":true,"href":"https:\/\/www.probeautyaesthetics.com\/fr\/wp-json\/wp\/v2\/product_tag?post=5003"}],"curies":[{"name":"wp","href":"https:\/\/api.w.org\/{rel}","templated":true}]}}