{"id":5010,"date":"2019-11-14T07:23:13","date_gmt":"2019-11-14T07:23:13","guid":{"rendered":"https:\/\/www.safeonlinechemist.com\/dermalfillers\/product\/import-placeholder-for-7071\/"},"modified":"2020-03-11T07:05:54","modified_gmt":"2020-03-11T07:05:54","slug":"buy-aqualyx-10-x-8ml-injection","status":"publish","type":"product","link":"https:\/\/www.probeautyaesthetics.com\/fr\/produit\/buy-aqualyx-10-x-8ml-injection\/","title":{"rendered":"Acheter Aqualyx (10 x 8ml ) injection en ligne"},"content":{"rendered":"<h2 style=\"text-align: justify;\">Acheter Aqualyx (10 x 8 ml) injection parmi les meilleurs vendeurs en ligne<\/h2>\n<p style=\"text-align: justify;\">Si vous souhaitez acheter Aqualyx (10 x 8 ml) \u00e0 bas prix, connectez-vous maintenant avec Pro Beauty Aesthetics. Nous sommes disponibles pour vous aider \u00e0 acheter Aqualyx (10 x 8 ml) avec bitcoin, moneygram et western union. Obtenez Aqualyx (10 x 8 ml) en vente maintenant\u00a0!<\/p>\n<h3 style=\"text-align: justify;\">Quels sont les avantages d'utiliser l'injection Aqualyx (10 x 8 ml) ?<\/h3>\n<p style=\"text-align: justify;\">Aqualyx (10 x 8 ml) est une solution non chirurgicale pour limiter et \u00e9vacuer les poches de graisse difficiles \u00e0 engorger. Il est parfait pour les personnes qui font r\u00e9guli\u00e8rement de l'exercice et qui suivent une alimentation saine. cependant, ont des poches de graisse qui ne se d\u00e9placent pas, m\u00eame avec un exercice centr\u00e9.<\/p>\n<ul style=\"text-align: justify;\">\n<li>Aqualyx (10 x 8 ml) comprend de la phosphatidylcholine - une substance caract\u00e9ristique qui, lorsqu'elle est administr\u00e9e en quantit\u00e9s plus \u00e9lev\u00e9es, peut provoquer la d\u00e9cimation des cellules graisseuses.<\/li>\n<li>L'annihilation des cellules graisseuses est une solution \u00e0 long terme qui vous permet de maintenir un poids stable, de manger sainement et de faire de l'exercice bien s\u00fbr.<\/li>\n<li>Aqualyx (10 x 8 ml) provoque une diminution constante du tissu adipeux ; une fois expuls\u00e9es, les cellules graisseuses ne reviendront pas.<\/li>\n<\/ul>\n<h3 style=\"text-align: justify;\">Commandez maintenant!<\/h3>\n<p style=\"text-align: justify;\">Vous pouvez commander Aqualyx (10 x 8 ml) en ligne et vous le faire livrer rapidement \u00e0 votre porte. Contactez-nous tout de suite. Achetez Aqualyx (10 x 8 ml) maintenant\u00a0!<\/p>\n<p>acheter de l'injection d'aqualyx (10 x 8 ml) en ligne, de l'injection d'aqualyx (10 x 8 ml) \u00e0 vendre, de l'injection d'aqualyx (10 x 8 ml) \u00e0 vendre aux \u00c9tats-Unis, acheter de l'injection r\u00e9elle d'aqualyx (10 x 8 ml) en ligne, o\u00f9 acheter de l'aqualyx (10 x 8 ml ) injection, acheter aqualyx (10 x 8ml ) injection en ligne, acheter aqualyx (10 x 8ml ) injection Espagne, aqualyx (10 x 8ml ) injection \u00e0 vendre Ukraine, aqualyx (10 x 8ml ) injection \u00e0 vendre Canada, aqualyx (10 x 8ml ) injection \u00e0 vendre ) injection \u00e0 vendre Europe, acheter aqualyx (10 x 8ml) injection en ligne l\u00e9gal, acheter aqualyx (10 x 8ml) injection en ligne avec bitcoin, acheter aqualyx (10 x 8ml) injection en ligne avec MoneyGram, aqualyx (10 x 8ml) injection \u00e0 vendre avec Western Union, comment acheter de l'injection d'aqualyx (10 x 8 ml) en ligne, acheter de l'injection d'aqualyx (10 x 8 ml) \u00e0 bas prix, acheter de l'injection d'aqualyx (10 x 8 ml) en ligne, commander de l'injection d'aqualyx (10 x 8 ml) en ligne, Mail injection d'aqualyx (10 x 8 ml), vous pouvez commander l'injection d'aqualyx (10 x 8 ml) aux \u00c9tats-Unis, au Canada, en Europe et en Italie.<\/p>","protected":false},"excerpt":{"rendered":"<p>10 x 8 ml<\/p>","protected":false},"featured_media":5033,"comment_status":"open","ping_status":"closed","template":"","meta":{"_joinchat":[]},"product_cat":[185],"product_tag":[826,832,833,831,827,837,839,825,835,836,830,828,834,658,659,482,838,602,660,841,603,604,605,606,607,608,609,610,840,829,842],"yoast_head":"<!-- This site is optimized with the Yoast SEO plugin v21.3 - https:\/\/yoast.com\/wordpress\/plugins\/seo\/ -->\n<title>Buy Aqualyx (10 x 8ml ) injection Online - Order Aqualyx Filler Online<\/title>\n<meta name=\"description\" content=\"Buy Aqualyx (10 x 8ml ) injection Online - ProBeautyAesthetics is a wholesale supplier of Aqualyx (10 x 8ml ) injection. Order Now!\" \/>\n<meta name=\"robots\" content=\"index, follow, max-snippet:-1, max-image-preview:large, max-video-preview:-1\" \/>\n<link rel=\"canonical\" href=\"https:\/\/www.probeautyaesthetics.com\/fr\/produit\/buy-aqualyx-10-x-8ml-injection\/\" \/>\n<meta property=\"og:locale\" content=\"fr_FR\" \/>\n<meta property=\"og:type\" content=\"article\" \/>\n<meta property=\"og:title\" content=\"Buy Aqualyx (10 x 8ml ) injection Online - Order Aqualyx Filler Online\" \/>\n<meta property=\"og:description\" content=\"Buy Aqualyx (10 x 8ml ) injection Online - ProBeautyAesthetics is a wholesale supplier of Aqualyx (10 x 8ml ) injection. Order Now!\" \/>\n<meta property=\"og:url\" content=\"https:\/\/www.probeautyaesthetics.com\/fr\/produit\/buy-aqualyx-10-x-8ml-injection\/\" \/>\n<meta property=\"og:site_name\" content=\"Pro Beauty Aesthetics\" \/>\n<meta property=\"article:modified_time\" content=\"2020-03-11T07:05:54+00:00\" \/>\n<meta property=\"og:image\" content=\"https:\/\/www.probeautyaesthetics.com\/wp-content\/uploads\/2019\/11\/Buy-Aqualyx-10-x-8ml-injection.jpg\" \/>\n\t<meta property=\"og:image:width\" content=\"800\" \/>\n\t<meta property=\"og:image:height\" content=\"534\" \/>\n\t<meta property=\"og:image:type\" content=\"image\/jpeg\" \/>\n<meta name=\"twitter:card\" content=\"summary_large_image\" \/>\n<meta name=\"twitter:label1\" content=\"Dur\u00e9e de lecture estim\u00e9e\" \/>\n\t<meta name=\"twitter:data1\" content=\"2 minutes\" \/>\n<script type=\"application\/ld+json\" class=\"yoast-schema-graph\">{\"@context\":\"https:\/\/schema.org\",\"@graph\":[{\"@type\":\"WebPage\",\"@id\":\"https:\/\/www.probeautyaesthetics.com\/product\/buy-aqualyx-10-x-8ml-injection\/\",\"url\":\"https:\/\/www.probeautyaesthetics.com\/product\/buy-aqualyx-10-x-8ml-injection\/\",\"name\":\"Buy Aqualyx (10 x 8ml ) injection Online - Order Aqualyx Filler Online\",\"isPartOf\":{\"@id\":\"https:\/\/www.probeautyaesthetics.com\/#website\"},\"datePublished\":\"2019-11-14T07:23:13+00:00\",\"dateModified\":\"2020-03-11T07:05:54+00:00\",\"description\":\"Buy Aqualyx (10 x 8ml ) injection Online - ProBeautyAesthetics is a wholesale supplier of Aqualyx (10 x 8ml ) injection. Order Now!\",\"breadcrumb\":{\"@id\":\"https:\/\/www.probeautyaesthetics.com\/product\/buy-aqualyx-10-x-8ml-injection\/#breadcrumb\"},\"inLanguage\":\"fr-FR\",\"potentialAction\":[{\"@type\":\"ReadAction\",\"target\":[\"https:\/\/www.probeautyaesthetics.com\/product\/buy-aqualyx-10-x-8ml-injection\/\"]}]},{\"@type\":\"BreadcrumbList\",\"@id\":\"https:\/\/www.probeautyaesthetics.com\/product\/buy-aqualyx-10-x-8ml-injection\/#breadcrumb\",\"itemListElement\":[{\"@type\":\"ListItem\",\"position\":1,\"name\":\"Home\",\"item\":\"https:\/\/www.probeautyaesthetics.com\/\"},{\"@type\":\"ListItem\",\"position\":2,\"name\":\"Our Products\",\"item\":\"https:\/\/www.probeautyaesthetics.com\/shop\/\"},{\"@type\":\"ListItem\",\"position\":3,\"name\":\"Buy Aqualyx (10 x 8ml ) injection Online\"}]},{\"@type\":\"WebSite\",\"@id\":\"https:\/\/www.probeautyaesthetics.com\/#website\",\"url\":\"https:\/\/www.probeautyaesthetics.com\/\",\"name\":\"Pro Beauty Aesthetics\",\"description\":\"\",\"publisher\":{\"@id\":\"https:\/\/www.probeautyaesthetics.com\/#organization\"},\"potentialAction\":[{\"@type\":\"SearchAction\",\"target\":{\"@type\":\"EntryPoint\",\"urlTemplate\":\"https:\/\/www.probeautyaesthetics.com\/?s={search_term_string}\"},\"query-input\":\"required name=search_term_string\"}],\"inLanguage\":\"fr-FR\"},{\"@type\":\"Organization\",\"@id\":\"https:\/\/www.probeautyaesthetics.com\/#organization\",\"name\":\"Pro Beauty Aesthetics\",\"url\":\"https:\/\/www.probeautyaesthetics.com\/\",\"logo\":{\"@type\":\"ImageObject\",\"inLanguage\":\"fr-FR\",\"@id\":\"https:\/\/www.probeautyaesthetics.com\/#\/schema\/logo\/image\/\",\"url\":\"https:\/\/www.probeautyaesthetics.com\/wp-content\/uploads\/2019\/11\/logo-1.png\",\"contentUrl\":\"https:\/\/www.probeautyaesthetics.com\/wp-content\/uploads\/2019\/11\/logo-1.png\",\"width\":200,\"height\":50,\"caption\":\"Pro Beauty Aesthetics\"},\"image\":{\"@id\":\"https:\/\/www.probeautyaesthetics.com\/#\/schema\/logo\/image\/\"}}]}<\/script>\n<!-- \/ Yoast SEO plugin. -->","yoast_head_json":{"title":"Buy Aqualyx (10 x 8ml ) injection Online - Order Aqualyx Filler Online","description":"Buy Aqualyx (10 x 8ml ) injection Online - ProBeautyAesthetics is a wholesale supplier of Aqualyx (10 x 8ml ) injection. Order Now!","robots":{"index":"index","follow":"follow","max-snippet":"max-snippet:-1","max-image-preview":"max-image-preview:large","max-video-preview":"max-video-preview:-1"},"canonical":"https:\/\/www.probeautyaesthetics.com\/fr\/produit\/buy-aqualyx-10-x-8ml-injection\/","og_locale":"fr_FR","og_type":"article","og_title":"Buy Aqualyx (10 x 8ml ) injection Online - Order Aqualyx Filler Online","og_description":"Buy Aqualyx (10 x 8ml ) injection Online - ProBeautyAesthetics is a wholesale supplier of Aqualyx (10 x 8ml ) injection. Order Now!","og_url":"https:\/\/www.probeautyaesthetics.com\/fr\/produit\/buy-aqualyx-10-x-8ml-injection\/","og_site_name":"Pro Beauty Aesthetics","article_modified_time":"2020-03-11T07:05:54+00:00","og_image":[{"width":800,"height":534,"url":"https:\/\/www.probeautyaesthetics.com\/wp-content\/uploads\/2019\/11\/Buy-Aqualyx-10-x-8ml-injection.jpg","type":"image\/jpeg"}],"twitter_card":"summary_large_image","twitter_misc":{"Dur\u00e9e de lecture estim\u00e9e":"2 minutes"},"schema":{"@context":"https:\/\/schema.org","@graph":[{"@type":"WebPage","@id":"https:\/\/www.probeautyaesthetics.com\/product\/buy-aqualyx-10-x-8ml-injection\/","url":"https:\/\/www.probeautyaesthetics.com\/product\/buy-aqualyx-10-x-8ml-injection\/","name":"Buy Aqualyx (10 x 8ml ) injection Online - Order Aqualyx Filler Online","isPartOf":{"@id":"https:\/\/www.probeautyaesthetics.com\/#website"},"datePublished":"2019-11-14T07:23:13+00:00","dateModified":"2020-03-11T07:05:54+00:00","description":"Buy Aqualyx (10 x 8ml ) injection Online - ProBeautyAesthetics is a wholesale supplier of Aqualyx (10 x 8ml ) injection. Order Now!","breadcrumb":{"@id":"https:\/\/www.probeautyaesthetics.com\/product\/buy-aqualyx-10-x-8ml-injection\/#breadcrumb"},"inLanguage":"fr-FR","potentialAction":[{"@type":"ReadAction","target":["https:\/\/www.probeautyaesthetics.com\/product\/buy-aqualyx-10-x-8ml-injection\/"]}]},{"@type":"BreadcrumbList","@id":"https:\/\/www.probeautyaesthetics.com\/product\/buy-aqualyx-10-x-8ml-injection\/#breadcrumb","itemListElement":[{"@type":"ListItem","position":1,"name":"Home","item":"https:\/\/www.probeautyaesthetics.com\/"},{"@type":"ListItem","position":2,"name":"Our Products","item":"https:\/\/www.probeautyaesthetics.com\/shop\/"},{"@type":"ListItem","position":3,"name":"Buy Aqualyx (10 x 8ml ) injection Online"}]},{"@type":"WebSite","@id":"https:\/\/www.probeautyaesthetics.com\/#website","url":"https:\/\/www.probeautyaesthetics.com\/","name":"Pro Beauty Aesthetics","description":"","publisher":{"@id":"https:\/\/www.probeautyaesthetics.com\/#organization"},"potentialAction":[{"@type":"SearchAction","target":{"@type":"EntryPoint","urlTemplate":"https:\/\/www.probeautyaesthetics.com\/?s={search_term_string}"},"query-input":"required name=search_term_string"}],"inLanguage":"fr-FR"},{"@type":"Organization","@id":"https:\/\/www.probeautyaesthetics.com\/#organization","name":"Pro Beauty Aesthetics","url":"https:\/\/www.probeautyaesthetics.com\/","logo":{"@type":"ImageObject","inLanguage":"fr-FR","@id":"https:\/\/www.probeautyaesthetics.com\/#\/schema\/logo\/image\/","url":"https:\/\/www.probeautyaesthetics.com\/wp-content\/uploads\/2019\/11\/logo-1.png","contentUrl":"https:\/\/www.probeautyaesthetics.com\/wp-content\/uploads\/2019\/11\/logo-1.png","width":200,"height":50,"caption":"Pro Beauty Aesthetics"},"image":{"@id":"https:\/\/www.probeautyaesthetics.com\/#\/schema\/logo\/image\/"}}]}},"_links":{"self":[{"href":"https:\/\/www.probeautyaesthetics.com\/fr\/wp-json\/wp\/v2\/product\/5010"}],"collection":[{"href":"https:\/\/www.probeautyaesthetics.com\/fr\/wp-json\/wp\/v2\/product"}],"about":[{"href":"https:\/\/www.probeautyaesthetics.com\/fr\/wp-json\/wp\/v2\/types\/product"}],"replies":[{"embeddable":true,"href":"https:\/\/www.probeautyaesthetics.com\/fr\/wp-json\/wp\/v2\/comments?post=5010"}],"wp:featuredmedia":[{"embeddable":true,"href":"https:\/\/www.probeautyaesthetics.com\/fr\/wp-json\/wp\/v2\/media\/5033"}],"wp:attachment":[{"href":"https:\/\/www.probeautyaesthetics.com\/fr\/wp-json\/wp\/v2\/media?parent=5010"}],"wp:term":[{"taxonomy":"product_cat","embeddable":true,"href":"https:\/\/www.probeautyaesthetics.com\/fr\/wp-json\/wp\/v2\/product_cat?post=5010"},{"taxonomy":"product_tag","embeddable":true,"href":"https:\/\/www.probeautyaesthetics.com\/fr\/wp-json\/wp\/v2\/product_tag?post=5010"}],"curies":[{"name":"wp","href":"https:\/\/api.w.org\/{rel}","templated":true}]}}