{"id":5024,"date":"2019-11-14T07:23:15","date_gmt":"2019-11-14T07:23:15","guid":{"rendered":"https:\/\/www.safeonlinechemist.com\/dermalfillers\/product\/import-placeholder-for-7100\/"},"modified":"2020-01-28T10:21:22","modified_gmt":"2020-01-28T10:21:22","slug":"buy-bcn-adipo-forte-5-x-10ml","status":"publish","type":"product","link":"https:\/\/www.probeautyaesthetics.com\/fr\/produit\/buy-bcn-adipo-forte-5-x-10ml\/","title":{"rendered":"Acheter BCN Adipo Forte 5 x 10ml"},"content":{"rendered":"<h2 style=\"text-align: justify;\">Acheter BCN Adipo Forte 5 x 10 ml \u00e0 vendre aux meilleurs prix<\/h2>\n<p style=\"text-align: justify;\">Si vous souhaitez acheter BCN Adipo Forte 5 x 10 ml \u00e0 bas prix, alors Pro Beauty Aesthetics est le bon endroit \u00e0 consid\u00e9rer. Nous vous aiderons enti\u00e8rement \u00e0 acheter BCN Adipo Forte 5 x 10 ml avec bitcoin, moneygram et western union. Commandez BCN Adipo Forte 5 x 10 ml tout de suite !<\/p>\n<h3 style=\"text-align: justify;\">Qu'est-ce que BCN Adipo Forte 5 x 10 ml et Ses Caract\u00e9ristiques ?<\/h3>\n<p style=\"text-align: justify;\">BCN Adipo Forte 5 x 10 ml peut \u00e9galement \u00eatre utilis\u00e9 pour \u00e9liminer les lipomes et les traitements de liposuccion. Il est prescrit aux personnes de poids normal ou un peu au-dessus, mais qui ont des zones de graisse restreintes et aux personnes souhaitant am\u00e9liorer et entretenir les s\u00e9quelles d'un traitement de perte de graisse.<\/p>\n<ul style=\"text-align: justify;\">\n<li>La phosphatidylcholine d\u00e9compose la graisse stock\u00e9e dans les adipocytes ou les cellules graisseuses, lui permettant de se d\u00e9barrasser d'un nombre limit\u00e9 d'adipocytes.<\/li>\n<li>Le corrosif d\u00e9soxycholique est utilis\u00e9 dans la diminution de la graisse confin\u00e9e.<\/li>\n<li>Aide \u00e0 \u00e9liminer les d\u00e9p\u00f4ts de graisse confin\u00e9s de la forme du corps et des plis abdominaux, ainsi que du haut des bras, des cuisses, des fesses, des genoux et du ventre.<\/li>\n<\/ul>\n<h3 style=\"text-align: justify;\">Commandez vos besoins maintenant\u00a0!<\/h3>\n<p style=\"text-align: justify;\">Entrez en contact avec notre boutique en ligne et achetez BCN Adipo Forte 5 x 10 ml en ligne. Nous r\u00e9pondrons \u00e0 vos exigences sous peu!<\/p>","protected":false},"excerpt":{"rendered":"<p>5 x 10 ml<\/p>","protected":false},"featured_media":5036,"comment_status":"open","ping_status":"closed","template":"","meta":{"_joinchat":[]},"product_cat":[185],"product_tag":[597,598,613,401,600,601,482,602,603,604,605,606,607,608,609,610],"yoast_head":"<!-- This site is optimized with the Yoast SEO plugin v21.3 - https:\/\/yoast.com\/wordpress\/plugins\/seo\/ -->\n<title>Buy BCN Adipo Forte 5 x 10ml - Pro Beauty Aesthetics<\/title>\n<meta name=\"robots\" content=\"index, follow, max-snippet:-1, max-image-preview:large, max-video-preview:-1\" \/>\n<link rel=\"canonical\" href=\"https:\/\/www.probeautyaesthetics.com\/fr\/produit\/buy-bcn-adipo-forte-5-x-10ml\/\" \/>\n<meta property=\"og:locale\" content=\"fr_FR\" \/>\n<meta property=\"og:type\" content=\"article\" \/>\n<meta property=\"og:title\" content=\"Buy BCN Adipo Forte 5 x 10ml - Pro Beauty Aesthetics\" \/>\n<meta property=\"og:description\" content=\"5 x 10ml\" \/>\n<meta property=\"og:url\" content=\"https:\/\/www.probeautyaesthetics.com\/fr\/produit\/buy-bcn-adipo-forte-5-x-10ml\/\" \/>\n<meta property=\"og:site_name\" content=\"Pro Beauty Aesthetics\" \/>\n<meta property=\"article:modified_time\" content=\"2020-01-28T10:21:22+00:00\" \/>\n<meta property=\"og:image\" content=\"https:\/\/www.probeautyaesthetics.com\/wp-content\/uploads\/2019\/11\/Buy-BCN-Adipo-Forte-5-x-10ml.jpg\" \/>\n\t<meta property=\"og:image:width\" content=\"348\" \/>\n\t<meta property=\"og:image:height\" content=\"450\" \/>\n\t<meta property=\"og:image:type\" content=\"image\/jpeg\" \/>\n<meta name=\"twitter:card\" content=\"summary_large_image\" \/>\n<meta name=\"twitter:label1\" content=\"Dur\u00e9e de lecture estim\u00e9e\" \/>\n\t<meta name=\"twitter:data1\" content=\"1 minute\" \/>\n<script type=\"application\/ld+json\" class=\"yoast-schema-graph\">{\"@context\":\"https:\/\/schema.org\",\"@graph\":[{\"@type\":\"WebPage\",\"@id\":\"https:\/\/www.probeautyaesthetics.com\/product\/buy-bcn-adipo-forte-5-x-10ml\/\",\"url\":\"https:\/\/www.probeautyaesthetics.com\/product\/buy-bcn-adipo-forte-5-x-10ml\/\",\"name\":\"Buy BCN Adipo Forte 5 x 10ml - Pro Beauty Aesthetics\",\"isPartOf\":{\"@id\":\"https:\/\/www.probeautyaesthetics.com\/#website\"},\"datePublished\":\"2019-11-14T07:23:15+00:00\",\"dateModified\":\"2020-01-28T10:21:22+00:00\",\"breadcrumb\":{\"@id\":\"https:\/\/www.probeautyaesthetics.com\/product\/buy-bcn-adipo-forte-5-x-10ml\/#breadcrumb\"},\"inLanguage\":\"fr-FR\",\"potentialAction\":[{\"@type\":\"ReadAction\",\"target\":[\"https:\/\/www.probeautyaesthetics.com\/product\/buy-bcn-adipo-forte-5-x-10ml\/\"]}]},{\"@type\":\"BreadcrumbList\",\"@id\":\"https:\/\/www.probeautyaesthetics.com\/product\/buy-bcn-adipo-forte-5-x-10ml\/#breadcrumb\",\"itemListElement\":[{\"@type\":\"ListItem\",\"position\":1,\"name\":\"Home\",\"item\":\"https:\/\/www.probeautyaesthetics.com\/\"},{\"@type\":\"ListItem\",\"position\":2,\"name\":\"Our Products\",\"item\":\"https:\/\/www.probeautyaesthetics.com\/shop\/\"},{\"@type\":\"ListItem\",\"position\":3,\"name\":\"Buy BCN Adipo Forte 5 x 10ml\"}]},{\"@type\":\"WebSite\",\"@id\":\"https:\/\/www.probeautyaesthetics.com\/#website\",\"url\":\"https:\/\/www.probeautyaesthetics.com\/\",\"name\":\"Pro Beauty Aesthetics\",\"description\":\"\",\"publisher\":{\"@id\":\"https:\/\/www.probeautyaesthetics.com\/#organization\"},\"potentialAction\":[{\"@type\":\"SearchAction\",\"target\":{\"@type\":\"EntryPoint\",\"urlTemplate\":\"https:\/\/www.probeautyaesthetics.com\/?s={search_term_string}\"},\"query-input\":\"required name=search_term_string\"}],\"inLanguage\":\"fr-FR\"},{\"@type\":\"Organization\",\"@id\":\"https:\/\/www.probeautyaesthetics.com\/#organization\",\"name\":\"Pro Beauty Aesthetics\",\"url\":\"https:\/\/www.probeautyaesthetics.com\/\",\"logo\":{\"@type\":\"ImageObject\",\"inLanguage\":\"fr-FR\",\"@id\":\"https:\/\/www.probeautyaesthetics.com\/#\/schema\/logo\/image\/\",\"url\":\"https:\/\/www.probeautyaesthetics.com\/wp-content\/uploads\/2019\/11\/logo-1.png\",\"contentUrl\":\"https:\/\/www.probeautyaesthetics.com\/wp-content\/uploads\/2019\/11\/logo-1.png\",\"width\":200,\"height\":50,\"caption\":\"Pro Beauty Aesthetics\"},\"image\":{\"@id\":\"https:\/\/www.probeautyaesthetics.com\/#\/schema\/logo\/image\/\"}}]}<\/script>\n<!-- \/ Yoast SEO plugin. -->","yoast_head_json":{"title":"Buy BCN Adipo Forte 5 x 10ml - Pro Beauty Aesthetics","robots":{"index":"index","follow":"follow","max-snippet":"max-snippet:-1","max-image-preview":"max-image-preview:large","max-video-preview":"max-video-preview:-1"},"canonical":"https:\/\/www.probeautyaesthetics.com\/fr\/produit\/buy-bcn-adipo-forte-5-x-10ml\/","og_locale":"fr_FR","og_type":"article","og_title":"Buy BCN Adipo Forte 5 x 10ml - Pro Beauty Aesthetics","og_description":"5 x 10ml","og_url":"https:\/\/www.probeautyaesthetics.com\/fr\/produit\/buy-bcn-adipo-forte-5-x-10ml\/","og_site_name":"Pro Beauty Aesthetics","article_modified_time":"2020-01-28T10:21:22+00:00","og_image":[{"width":348,"height":450,"url":"https:\/\/www.probeautyaesthetics.com\/wp-content\/uploads\/2019\/11\/Buy-BCN-Adipo-Forte-5-x-10ml.jpg","type":"image\/jpeg"}],"twitter_card":"summary_large_image","twitter_misc":{"Dur\u00e9e de lecture estim\u00e9e":"1 minute"},"schema":{"@context":"https:\/\/schema.org","@graph":[{"@type":"WebPage","@id":"https:\/\/www.probeautyaesthetics.com\/product\/buy-bcn-adipo-forte-5-x-10ml\/","url":"https:\/\/www.probeautyaesthetics.com\/product\/buy-bcn-adipo-forte-5-x-10ml\/","name":"Buy BCN Adipo Forte 5 x 10ml - Pro Beauty Aesthetics","isPartOf":{"@id":"https:\/\/www.probeautyaesthetics.com\/#website"},"datePublished":"2019-11-14T07:23:15+00:00","dateModified":"2020-01-28T10:21:22+00:00","breadcrumb":{"@id":"https:\/\/www.probeautyaesthetics.com\/product\/buy-bcn-adipo-forte-5-x-10ml\/#breadcrumb"},"inLanguage":"fr-FR","potentialAction":[{"@type":"ReadAction","target":["https:\/\/www.probeautyaesthetics.com\/product\/buy-bcn-adipo-forte-5-x-10ml\/"]}]},{"@type":"BreadcrumbList","@id":"https:\/\/www.probeautyaesthetics.com\/product\/buy-bcn-adipo-forte-5-x-10ml\/#breadcrumb","itemListElement":[{"@type":"ListItem","position":1,"name":"Home","item":"https:\/\/www.probeautyaesthetics.com\/"},{"@type":"ListItem","position":2,"name":"Our Products","item":"https:\/\/www.probeautyaesthetics.com\/shop\/"},{"@type":"ListItem","position":3,"name":"Buy BCN Adipo Forte 5 x 10ml"}]},{"@type":"WebSite","@id":"https:\/\/www.probeautyaesthetics.com\/#website","url":"https:\/\/www.probeautyaesthetics.com\/","name":"Pro Beauty Aesthetics","description":"","publisher":{"@id":"https:\/\/www.probeautyaesthetics.com\/#organization"},"potentialAction":[{"@type":"SearchAction","target":{"@type":"EntryPoint","urlTemplate":"https:\/\/www.probeautyaesthetics.com\/?s={search_term_string}"},"query-input":"required name=search_term_string"}],"inLanguage":"fr-FR"},{"@type":"Organization","@id":"https:\/\/www.probeautyaesthetics.com\/#organization","name":"Pro Beauty Aesthetics","url":"https:\/\/www.probeautyaesthetics.com\/","logo":{"@type":"ImageObject","inLanguage":"fr-FR","@id":"https:\/\/www.probeautyaesthetics.com\/#\/schema\/logo\/image\/","url":"https:\/\/www.probeautyaesthetics.com\/wp-content\/uploads\/2019\/11\/logo-1.png","contentUrl":"https:\/\/www.probeautyaesthetics.com\/wp-content\/uploads\/2019\/11\/logo-1.png","width":200,"height":50,"caption":"Pro Beauty Aesthetics"},"image":{"@id":"https:\/\/www.probeautyaesthetics.com\/#\/schema\/logo\/image\/"}}]}},"_links":{"self":[{"href":"https:\/\/www.probeautyaesthetics.com\/fr\/wp-json\/wp\/v2\/product\/5024"}],"collection":[{"href":"https:\/\/www.probeautyaesthetics.com\/fr\/wp-json\/wp\/v2\/product"}],"about":[{"href":"https:\/\/www.probeautyaesthetics.com\/fr\/wp-json\/wp\/v2\/types\/product"}],"replies":[{"embeddable":true,"href":"https:\/\/www.probeautyaesthetics.com\/fr\/wp-json\/wp\/v2\/comments?post=5024"}],"wp:featuredmedia":[{"embeddable":true,"href":"https:\/\/www.probeautyaesthetics.com\/fr\/wp-json\/wp\/v2\/media\/5036"}],"wp:attachment":[{"href":"https:\/\/www.probeautyaesthetics.com\/fr\/wp-json\/wp\/v2\/media?parent=5024"}],"wp:term":[{"taxonomy":"product_cat","embeddable":true,"href":"https:\/\/www.probeautyaesthetics.com\/fr\/wp-json\/wp\/v2\/product_cat?post=5024"},{"taxonomy":"product_tag","embeddable":true,"href":"https:\/\/www.probeautyaesthetics.com\/fr\/wp-json\/wp\/v2\/product_tag?post=5024"}],"curies":[{"name":"wp","href":"https:\/\/api.w.org\/{rel}","templated":true}]}}