{"id":5097,"date":"2019-11-14T07:23:40","date_gmt":"2019-11-14T07:23:40","guid":{"rendered":"https:\/\/www.safeonlinechemist.com\/dermalfillers\/product\/import-placeholder-for-7216\/"},"modified":"2020-03-02T15:17:29","modified_gmt":"2020-03-02T15:17:29","slug":"buy-sculptra-twin-vial-online","status":"publish","type":"product","link":"https:\/\/www.probeautyaesthetics.com\/fr\/produit\/buy-sculptra-twin-vial-online\/","title":{"rendered":"Acheter SCULPTRA - Ampoule double en ligne"},"content":{"rendered":"<h2 style=\"text-align: justify;\">Acheter SCULPTRA - Twin Vial en ligne aupr\u00e8s des meilleurs fournisseurs<\/h2>\n<p style=\"text-align: justify;\">Chez Pro Beauty Aesthetics, vous pouvez acheter SCULPTRA - Twin Vial avec bitcoin, moneygram, et western union. Nous sommes l\u00e0 pour vous aider \u00e0 acheter SCULPTRA - Twin Vial \u00e0 bas prix. Nous sommes l\u00e0 pour vous aider \u00e0 acheter SCULPTRA - Twin Vial \u00e0 un prix tr\u00e8s bas.<\/p>\n<h3 style=\"text-align: justify;\">En quoi SCULPTRA - Twin Vial est-il b\u00e9n\u00e9fique pour vous ?<\/h3>\n<p style=\"text-align: justify;\">SCULPTRA - Twin Vial tente de cibler les raisons cach\u00e9es des signes de vieillissement, par exemple la perte de collag\u00e8ne. SCULPTRA - Twin Vial est un produit injectable pour le visage qui agit lentement par une progression de traitements ; une normale de 3 s\u00e9ances d'injection sur deux mois ; pour cr\u00e9er une apparence raffin\u00e9e et de plus en plus jeune.<\/p>\n<ul style=\"text-align: justify;\">\n<li>Tout au long de vos traitements SCULPTRA - Twin Vial, le collag\u00e8ne est supplant\u00e9.<\/li>\n<li>Au fil du temps, vous remarquerez des changements dans votre visage qui peuvent durer jusqu'\u00e0 deux ans.<\/li>\n<li>Il est compos\u00e9 d'un mat\u00e9riau synth\u00e9tique appel\u00e9 acide poly-lactique, qui tente de remplacer le collag\u00e8ne perdu.<\/li>\n<li>Acide poly-lactique - sans danger - absorb\u00e9 naturellement par le corps et utilis\u00e9 pendant une longue p\u00e9riode dans les attaches dissolvables.<\/li>\n<\/ul>\n<h3 style=\"text-align: justify;\">Passez votre commande maintenant\u00a0!<\/h3>\n<p style=\"text-align: justify;\">Commandez SCULPTRA - Twin Vial dans notre magasin d\u00e8s maintenant et recevez-le \u00e0 votre adresse mentionn\u00e9e dans un court d\u00e9lai.<\/p>","protected":false},"excerpt":{"rendered":"<p><strong>Emballage<\/strong><\/p>\n<p>-5ml x 2 flacons<\/p>\n<p>-Notice d'utilisation<\/p>\n<p>&nbsp;<\/p>","protected":false},"featured_media":5108,"comment_status":"open","ping_status":"closed","template":"","meta":{"_joinchat":[]},"product_cat":[185],"product_tag":[597,598,401,625,600,601,482,602,603,604,605,606,607,608,609,610],"yoast_head":"<!-- This site is optimized with the Yoast SEO plugin v21.3 - https:\/\/yoast.com\/wordpress\/plugins\/seo\/ -->\n<title>Buy SCULPTRA \u2013 Twin Vial Online @ Cheap Price | ProBeautyAesthetics<\/title>\n<meta name=\"description\" content=\"Looking to buy SCULPTRA \u2013 Twin vial online without any hassle? ProBeautyAesthetics.com is the best online shop. Order Now!\" \/>\n<meta name=\"robots\" content=\"index, follow, max-snippet:-1, max-image-preview:large, max-video-preview:-1\" \/>\n<link rel=\"canonical\" href=\"https:\/\/www.probeautyaesthetics.com\/fr\/produit\/buy-sculptra-twin-vial-online\/\" \/>\n<meta property=\"og:locale\" content=\"fr_FR\" \/>\n<meta property=\"og:type\" content=\"article\" \/>\n<meta property=\"og:title\" content=\"Buy SCULPTRA \u2013 Twin Vial Online @ Cheap Price | ProBeautyAesthetics\" \/>\n<meta property=\"og:description\" content=\"Looking to buy SCULPTRA \u2013 Twin vial online without any hassle? ProBeautyAesthetics.com is the best online shop. Order Now!\" \/>\n<meta property=\"og:url\" content=\"https:\/\/www.probeautyaesthetics.com\/fr\/produit\/buy-sculptra-twin-vial-online\/\" \/>\n<meta property=\"og:site_name\" content=\"Pro Beauty Aesthetics\" \/>\n<meta property=\"article:modified_time\" content=\"2020-03-02T15:17:29+00:00\" \/>\n<meta property=\"og:image\" content=\"https:\/\/www.probeautyaesthetics.com\/wp-content\/uploads\/2019\/11\/Buy-SCULPTRA-Twin-Vial-Online.jpg\" \/>\n\t<meta property=\"og:image:width\" content=\"800\" \/>\n\t<meta property=\"og:image:height\" content=\"800\" \/>\n\t<meta property=\"og:image:type\" content=\"image\/jpeg\" \/>\n<meta name=\"twitter:card\" content=\"summary_large_image\" \/>\n<meta name=\"twitter:label1\" content=\"Dur\u00e9e de lecture estim\u00e9e\" \/>\n\t<meta name=\"twitter:data1\" content=\"1 minute\" \/>\n<script type=\"application\/ld+json\" class=\"yoast-schema-graph\">{\"@context\":\"https:\/\/schema.org\",\"@graph\":[{\"@type\":\"WebPage\",\"@id\":\"https:\/\/www.probeautyaesthetics.com\/product\/buy-sculptra-twin-vial-online\/\",\"url\":\"https:\/\/www.probeautyaesthetics.com\/product\/buy-sculptra-twin-vial-online\/\",\"name\":\"Buy SCULPTRA \u2013 Twin Vial Online @ Cheap Price | ProBeautyAesthetics\",\"isPartOf\":{\"@id\":\"https:\/\/www.probeautyaesthetics.com\/#website\"},\"datePublished\":\"2019-11-14T07:23:40+00:00\",\"dateModified\":\"2020-03-02T15:17:29+00:00\",\"description\":\"Looking to buy SCULPTRA \u2013 Twin vial online without any hassle? ProBeautyAesthetics.com is the best online shop. Order Now!\",\"breadcrumb\":{\"@id\":\"https:\/\/www.probeautyaesthetics.com\/product\/buy-sculptra-twin-vial-online\/#breadcrumb\"},\"inLanguage\":\"fr-FR\",\"potentialAction\":[{\"@type\":\"ReadAction\",\"target\":[\"https:\/\/www.probeautyaesthetics.com\/product\/buy-sculptra-twin-vial-online\/\"]}]},{\"@type\":\"BreadcrumbList\",\"@id\":\"https:\/\/www.probeautyaesthetics.com\/product\/buy-sculptra-twin-vial-online\/#breadcrumb\",\"itemListElement\":[{\"@type\":\"ListItem\",\"position\":1,\"name\":\"Home\",\"item\":\"https:\/\/www.probeautyaesthetics.com\/\"},{\"@type\":\"ListItem\",\"position\":2,\"name\":\"Our Products\",\"item\":\"https:\/\/www.probeautyaesthetics.com\/shop\/\"},{\"@type\":\"ListItem\",\"position\":3,\"name\":\"Buy SCULPTRA \u2013 Twin Vial Online\"}]},{\"@type\":\"WebSite\",\"@id\":\"https:\/\/www.probeautyaesthetics.com\/#website\",\"url\":\"https:\/\/www.probeautyaesthetics.com\/\",\"name\":\"Pro Beauty Aesthetics\",\"description\":\"\",\"publisher\":{\"@id\":\"https:\/\/www.probeautyaesthetics.com\/#organization\"},\"potentialAction\":[{\"@type\":\"SearchAction\",\"target\":{\"@type\":\"EntryPoint\",\"urlTemplate\":\"https:\/\/www.probeautyaesthetics.com\/?s={search_term_string}\"},\"query-input\":\"required name=search_term_string\"}],\"inLanguage\":\"fr-FR\"},{\"@type\":\"Organization\",\"@id\":\"https:\/\/www.probeautyaesthetics.com\/#organization\",\"name\":\"Pro Beauty Aesthetics\",\"url\":\"https:\/\/www.probeautyaesthetics.com\/\",\"logo\":{\"@type\":\"ImageObject\",\"inLanguage\":\"fr-FR\",\"@id\":\"https:\/\/www.probeautyaesthetics.com\/#\/schema\/logo\/image\/\",\"url\":\"https:\/\/www.probeautyaesthetics.com\/wp-content\/uploads\/2019\/11\/logo-1.png\",\"contentUrl\":\"https:\/\/www.probeautyaesthetics.com\/wp-content\/uploads\/2019\/11\/logo-1.png\",\"width\":200,\"height\":50,\"caption\":\"Pro Beauty Aesthetics\"},\"image\":{\"@id\":\"https:\/\/www.probeautyaesthetics.com\/#\/schema\/logo\/image\/\"}}]}<\/script>\n<!-- \/ Yoast SEO plugin. -->","yoast_head_json":{"title":"Buy SCULPTRA \u2013 Twin Vial Online @ Cheap Price | ProBeautyAesthetics","description":"Looking to buy SCULPTRA \u2013 Twin vial online without any hassle? ProBeautyAesthetics.com is the best online shop. Order Now!","robots":{"index":"index","follow":"follow","max-snippet":"max-snippet:-1","max-image-preview":"max-image-preview:large","max-video-preview":"max-video-preview:-1"},"canonical":"https:\/\/www.probeautyaesthetics.com\/fr\/produit\/buy-sculptra-twin-vial-online\/","og_locale":"fr_FR","og_type":"article","og_title":"Buy SCULPTRA \u2013 Twin Vial Online @ Cheap Price | ProBeautyAesthetics","og_description":"Looking to buy SCULPTRA \u2013 Twin vial online without any hassle? ProBeautyAesthetics.com is the best online shop. Order Now!","og_url":"https:\/\/www.probeautyaesthetics.com\/fr\/produit\/buy-sculptra-twin-vial-online\/","og_site_name":"Pro Beauty Aesthetics","article_modified_time":"2020-03-02T15:17:29+00:00","og_image":[{"width":800,"height":800,"url":"https:\/\/www.probeautyaesthetics.com\/wp-content\/uploads\/2019\/11\/Buy-SCULPTRA-Twin-Vial-Online.jpg","type":"image\/jpeg"}],"twitter_card":"summary_large_image","twitter_misc":{"Dur\u00e9e de lecture estim\u00e9e":"1 minute"},"schema":{"@context":"https:\/\/schema.org","@graph":[{"@type":"WebPage","@id":"https:\/\/www.probeautyaesthetics.com\/product\/buy-sculptra-twin-vial-online\/","url":"https:\/\/www.probeautyaesthetics.com\/product\/buy-sculptra-twin-vial-online\/","name":"Buy SCULPTRA \u2013 Twin Vial Online @ Cheap Price | ProBeautyAesthetics","isPartOf":{"@id":"https:\/\/www.probeautyaesthetics.com\/#website"},"datePublished":"2019-11-14T07:23:40+00:00","dateModified":"2020-03-02T15:17:29+00:00","description":"Looking to buy SCULPTRA \u2013 Twin vial online without any hassle? ProBeautyAesthetics.com is the best online shop. Order Now!","breadcrumb":{"@id":"https:\/\/www.probeautyaesthetics.com\/product\/buy-sculptra-twin-vial-online\/#breadcrumb"},"inLanguage":"fr-FR","potentialAction":[{"@type":"ReadAction","target":["https:\/\/www.probeautyaesthetics.com\/product\/buy-sculptra-twin-vial-online\/"]}]},{"@type":"BreadcrumbList","@id":"https:\/\/www.probeautyaesthetics.com\/product\/buy-sculptra-twin-vial-online\/#breadcrumb","itemListElement":[{"@type":"ListItem","position":1,"name":"Home","item":"https:\/\/www.probeautyaesthetics.com\/"},{"@type":"ListItem","position":2,"name":"Our Products","item":"https:\/\/www.probeautyaesthetics.com\/shop\/"},{"@type":"ListItem","position":3,"name":"Buy SCULPTRA \u2013 Twin Vial Online"}]},{"@type":"WebSite","@id":"https:\/\/www.probeautyaesthetics.com\/#website","url":"https:\/\/www.probeautyaesthetics.com\/","name":"Pro Beauty Aesthetics","description":"","publisher":{"@id":"https:\/\/www.probeautyaesthetics.com\/#organization"},"potentialAction":[{"@type":"SearchAction","target":{"@type":"EntryPoint","urlTemplate":"https:\/\/www.probeautyaesthetics.com\/?s={search_term_string}"},"query-input":"required name=search_term_string"}],"inLanguage":"fr-FR"},{"@type":"Organization","@id":"https:\/\/www.probeautyaesthetics.com\/#organization","name":"Pro Beauty Aesthetics","url":"https:\/\/www.probeautyaesthetics.com\/","logo":{"@type":"ImageObject","inLanguage":"fr-FR","@id":"https:\/\/www.probeautyaesthetics.com\/#\/schema\/logo\/image\/","url":"https:\/\/www.probeautyaesthetics.com\/wp-content\/uploads\/2019\/11\/logo-1.png","contentUrl":"https:\/\/www.probeautyaesthetics.com\/wp-content\/uploads\/2019\/11\/logo-1.png","width":200,"height":50,"caption":"Pro Beauty Aesthetics"},"image":{"@id":"https:\/\/www.probeautyaesthetics.com\/#\/schema\/logo\/image\/"}}]}},"_links":{"self":[{"href":"https:\/\/www.probeautyaesthetics.com\/fr\/wp-json\/wp\/v2\/product\/5097"}],"collection":[{"href":"https:\/\/www.probeautyaesthetics.com\/fr\/wp-json\/wp\/v2\/product"}],"about":[{"href":"https:\/\/www.probeautyaesthetics.com\/fr\/wp-json\/wp\/v2\/types\/product"}],"replies":[{"embeddable":true,"href":"https:\/\/www.probeautyaesthetics.com\/fr\/wp-json\/wp\/v2\/comments?post=5097"}],"wp:featuredmedia":[{"embeddable":true,"href":"https:\/\/www.probeautyaesthetics.com\/fr\/wp-json\/wp\/v2\/media\/5108"}],"wp:attachment":[{"href":"https:\/\/www.probeautyaesthetics.com\/fr\/wp-json\/wp\/v2\/media?parent=5097"}],"wp:term":[{"taxonomy":"product_cat","embeddable":true,"href":"https:\/\/www.probeautyaesthetics.com\/fr\/wp-json\/wp\/v2\/product_cat?post=5097"},{"taxonomy":"product_tag","embeddable":true,"href":"https:\/\/www.probeautyaesthetics.com\/fr\/wp-json\/wp\/v2\/product_tag?post=5097"}],"curies":[{"name":"wp","href":"https:\/\/api.w.org\/{rel}","templated":true}]}}