{"id":5118,"date":"2019-11-14T07:23:51","date_gmt":"2019-11-14T07:23:51","guid":{"rendered":"https:\/\/www.safeonlinechemist.com\/dermalfillers\/product\/import-placeholder-for-7237\/"},"modified":"2020-03-01T07:33:27","modified_gmt":"2020-03-01T07:33:27","slug":"buy-relumins-advance-white-1650mg-glutathione-complex","status":"publish","type":"product","link":"https:\/\/www.probeautyaesthetics.com\/fr\/produit\/acheter-relumins-advance-white-1650mg-glutathione-complex\/","title":{"rendered":"Acheter Relumins Advance White 1650mg Glutathione Complex"},"content":{"rendered":"<h2 style=\"text-align: justify;\">Acheter Relumins Advance White 1650mg Glutathione en ligne \u00e0 partir du meilleur magasin<\/h2>\n<p style=\"text-align: justify;\">Si vous souhaitez acheter Relumins Advance White 1650mg Glutathione \u00e0 un prix avantageux, contactez Pro Beauty Aesthetics. Nous vous aiderons \u00e0 obtenir Relumins Advance White 1650mg Glutathione en vente ici. Contactez-nous maintenant et achetez Relumins Advance White 1650mg Glutathione avec bitcoin, moneygram, et western union tout de suite !<\/p>\n<h3 style=\"text-align: justify;\">Qu'est-ce que Relumins Advance White 1650mg Glutathione et quelle est son efficacit\u00e9 ?<\/h3>\n<ul style=\"text-align: justify;\">\n<li>90 g\u00e9lules v\u00e9g\u00e9tales<\/li>\n<li>1650 mg de complexe L-Glutathion pour le soutien du glutathion s\u00e9rique<\/li>\n<li>Certifi\u00e9 Halal et cGMP<\/li>\n<li>S\u00fbre et efficace<\/li>\n<\/ul>\n<p style=\"text-align: justify;\">L-Glutathion booster, 225 mg d'acide alpha-lipo\u00efque, dont il a \u00e9t\u00e9 d\u00e9montr\u00e9 qu'il soutient naturellement des niveaux \u00e9lev\u00e9s de glutathion dans l'organisme.<\/p>\n<p style=\"text-align: justify;\">Le complexe L-Glutathion de Relumins est l'\u00e9quation de glutathion par voie orale la plus progressive qui soit. C'est le meilleur blanchisseur de peau oral disponible et il pr\u00e9sente de nombreux autres avantages pour la sant\u00e9. Le glutathion est un excellent antioxydant qui aide \u00e0 lutter contre les radicaux libres qui causent des dommages \u00e0 la peau. Il soutient en outre la capacit\u00e9 du foie.<\/p>\n<h3 style=\"text-align: justify;\">Contactez notre magasin d\u00e8s aujourd'hui !<\/h3>\n<p style=\"text-align: justify;\">Vous pouvez d\u00e9sormais commander Relumins Advance White 1650mg Glutathione et le faire livrer rapidement \u00e0 votre adresse. Nous ne sommes plus qu'\u00e0 un pas de vous. Commandez Relumins Advance White 1650mg Glutathione en ligne et recevez-le dans les plus brefs d\u00e9lais.<\/p>","protected":false},"excerpt":{"rendered":"<p><strong>Certifi\u00e9 halal, casher, v\u00e9g\u00e9talien et cGMP<\/strong><br \/>\n<strong>Blanchit, r\u00e9pare et rajeunit la peau\u00a0<\/strong><\/p>","protected":false},"featured_media":5141,"comment_status":"open","ping_status":"closed","template":"","meta":{"_joinchat":[]},"product_cat":[626],"product_tag":[629],"yoast_head":"<!-- This site is optimized with the Yoast SEO plugin v21.3 - https:\/\/yoast.com\/wordpress\/plugins\/seo\/ -->\n<title>Buy Relumins Advance White 1650mg Glutathione Online @ Low Price<\/title>\n<meta name=\"description\" content=\"Looking to buy relumins advance white 1650mg glutathione complex online without any hassle? ProBeautyAesthetics.com is the best online shop. Order Now!\" \/>\n<meta name=\"robots\" content=\"index, follow, max-snippet:-1, max-image-preview:large, max-video-preview:-1\" \/>\n<link rel=\"canonical\" href=\"https:\/\/www.probeautyaesthetics.com\/fr\/produit\/acheter-relumins-advance-white-1650mg-glutathione-complex\/\" \/>\n<meta property=\"og:locale\" content=\"fr_FR\" \/>\n<meta property=\"og:type\" content=\"article\" \/>\n<meta property=\"og:title\" content=\"Buy Relumins Advance White 1650mg Glutathione Online @ Low Price\" \/>\n<meta property=\"og:description\" content=\"Looking to buy relumins advance white 1650mg glutathione complex online without any hassle? ProBeautyAesthetics.com is the best online shop. Order Now!\" \/>\n<meta property=\"og:url\" content=\"https:\/\/www.probeautyaesthetics.com\/fr\/produit\/acheter-relumins-advance-white-1650mg-glutathione-complex\/\" \/>\n<meta property=\"og:site_name\" content=\"Pro Beauty Aesthetics\" \/>\n<meta property=\"article:modified_time\" content=\"2020-03-01T07:33:27+00:00\" \/>\n<meta property=\"og:image\" content=\"https:\/\/www.probeautyaesthetics.com\/wp-content\/uploads\/2019\/11\/Buy-Relumins-Advance-White-1650mg-Glutathione-Complex.jpg\" \/>\n\t<meta property=\"og:image:width\" content=\"622\" \/>\n\t<meta property=\"og:image:height\" content=\"725\" \/>\n\t<meta property=\"og:image:type\" content=\"image\/jpeg\" \/>\n<meta name=\"twitter:card\" content=\"summary_large_image\" \/>\n<meta name=\"twitter:label1\" content=\"Dur\u00e9e de lecture estim\u00e9e\" \/>\n\t<meta name=\"twitter:data1\" content=\"1 minute\" \/>\n<script type=\"application\/ld+json\" class=\"yoast-schema-graph\">{\"@context\":\"https:\/\/schema.org\",\"@graph\":[{\"@type\":\"WebPage\",\"@id\":\"https:\/\/www.probeautyaesthetics.com\/product\/buy-relumins-advance-white-1650mg-glutathione-complex\/\",\"url\":\"https:\/\/www.probeautyaesthetics.com\/product\/buy-relumins-advance-white-1650mg-glutathione-complex\/\",\"name\":\"Buy Relumins Advance White 1650mg Glutathione Online @ Low Price\",\"isPartOf\":{\"@id\":\"https:\/\/www.probeautyaesthetics.com\/#website\"},\"datePublished\":\"2019-11-14T07:23:51+00:00\",\"dateModified\":\"2020-03-01T07:33:27+00:00\",\"description\":\"Looking to buy relumins advance white 1650mg glutathione complex online without any hassle? ProBeautyAesthetics.com is the best online shop. Order Now!\",\"breadcrumb\":{\"@id\":\"https:\/\/www.probeautyaesthetics.com\/product\/buy-relumins-advance-white-1650mg-glutathione-complex\/#breadcrumb\"},\"inLanguage\":\"fr-FR\",\"potentialAction\":[{\"@type\":\"ReadAction\",\"target\":[\"https:\/\/www.probeautyaesthetics.com\/product\/buy-relumins-advance-white-1650mg-glutathione-complex\/\"]}]},{\"@type\":\"BreadcrumbList\",\"@id\":\"https:\/\/www.probeautyaesthetics.com\/product\/buy-relumins-advance-white-1650mg-glutathione-complex\/#breadcrumb\",\"itemListElement\":[{\"@type\":\"ListItem\",\"position\":1,\"name\":\"Home\",\"item\":\"https:\/\/www.probeautyaesthetics.com\/\"},{\"@type\":\"ListItem\",\"position\":2,\"name\":\"Our Products\",\"item\":\"https:\/\/www.probeautyaesthetics.com\/shop\/\"},{\"@type\":\"ListItem\",\"position\":3,\"name\":\"Buy Relumins Advance White 1650mg Glutathione Complex\"}]},{\"@type\":\"WebSite\",\"@id\":\"https:\/\/www.probeautyaesthetics.com\/#website\",\"url\":\"https:\/\/www.probeautyaesthetics.com\/\",\"name\":\"Pro Beauty Aesthetics\",\"description\":\"\",\"publisher\":{\"@id\":\"https:\/\/www.probeautyaesthetics.com\/#organization\"},\"potentialAction\":[{\"@type\":\"SearchAction\",\"target\":{\"@type\":\"EntryPoint\",\"urlTemplate\":\"https:\/\/www.probeautyaesthetics.com\/?s={search_term_string}\"},\"query-input\":\"required name=search_term_string\"}],\"inLanguage\":\"fr-FR\"},{\"@type\":\"Organization\",\"@id\":\"https:\/\/www.probeautyaesthetics.com\/#organization\",\"name\":\"Pro Beauty Aesthetics\",\"url\":\"https:\/\/www.probeautyaesthetics.com\/\",\"logo\":{\"@type\":\"ImageObject\",\"inLanguage\":\"fr-FR\",\"@id\":\"https:\/\/www.probeautyaesthetics.com\/#\/schema\/logo\/image\/\",\"url\":\"https:\/\/www.probeautyaesthetics.com\/wp-content\/uploads\/2019\/11\/logo-1.png\",\"contentUrl\":\"https:\/\/www.probeautyaesthetics.com\/wp-content\/uploads\/2019\/11\/logo-1.png\",\"width\":200,\"height\":50,\"caption\":\"Pro Beauty Aesthetics\"},\"image\":{\"@id\":\"https:\/\/www.probeautyaesthetics.com\/#\/schema\/logo\/image\/\"}}]}<\/script>\n<!-- \/ Yoast SEO plugin. -->","yoast_head_json":{"title":"Buy Relumins Advance White 1650mg Glutathione Online @ Low Price","description":"Looking to buy relumins advance white 1650mg glutathione complex online without any hassle? ProBeautyAesthetics.com is the best online shop. Order Now!","robots":{"index":"index","follow":"follow","max-snippet":"max-snippet:-1","max-image-preview":"max-image-preview:large","max-video-preview":"max-video-preview:-1"},"canonical":"https:\/\/www.probeautyaesthetics.com\/fr\/produit\/acheter-relumins-advance-white-1650mg-glutathione-complex\/","og_locale":"fr_FR","og_type":"article","og_title":"Buy Relumins Advance White 1650mg Glutathione Online @ Low Price","og_description":"Looking to buy relumins advance white 1650mg glutathione complex online without any hassle? ProBeautyAesthetics.com is the best online shop. Order Now!","og_url":"https:\/\/www.probeautyaesthetics.com\/fr\/produit\/acheter-relumins-advance-white-1650mg-glutathione-complex\/","og_site_name":"Pro Beauty Aesthetics","article_modified_time":"2020-03-01T07:33:27+00:00","og_image":[{"width":622,"height":725,"url":"https:\/\/www.probeautyaesthetics.com\/wp-content\/uploads\/2019\/11\/Buy-Relumins-Advance-White-1650mg-Glutathione-Complex.jpg","type":"image\/jpeg"}],"twitter_card":"summary_large_image","twitter_misc":{"Dur\u00e9e de lecture estim\u00e9e":"1 minute"},"schema":{"@context":"https:\/\/schema.org","@graph":[{"@type":"WebPage","@id":"https:\/\/www.probeautyaesthetics.com\/product\/buy-relumins-advance-white-1650mg-glutathione-complex\/","url":"https:\/\/www.probeautyaesthetics.com\/product\/buy-relumins-advance-white-1650mg-glutathione-complex\/","name":"Buy Relumins Advance White 1650mg Glutathione Online @ Low Price","isPartOf":{"@id":"https:\/\/www.probeautyaesthetics.com\/#website"},"datePublished":"2019-11-14T07:23:51+00:00","dateModified":"2020-03-01T07:33:27+00:00","description":"Looking to buy relumins advance white 1650mg glutathione complex online without any hassle? ProBeautyAesthetics.com is the best online shop. Order Now!","breadcrumb":{"@id":"https:\/\/www.probeautyaesthetics.com\/product\/buy-relumins-advance-white-1650mg-glutathione-complex\/#breadcrumb"},"inLanguage":"fr-FR","potentialAction":[{"@type":"ReadAction","target":["https:\/\/www.probeautyaesthetics.com\/product\/buy-relumins-advance-white-1650mg-glutathione-complex\/"]}]},{"@type":"BreadcrumbList","@id":"https:\/\/www.probeautyaesthetics.com\/product\/buy-relumins-advance-white-1650mg-glutathione-complex\/#breadcrumb","itemListElement":[{"@type":"ListItem","position":1,"name":"Home","item":"https:\/\/www.probeautyaesthetics.com\/"},{"@type":"ListItem","position":2,"name":"Our Products","item":"https:\/\/www.probeautyaesthetics.com\/shop\/"},{"@type":"ListItem","position":3,"name":"Buy Relumins Advance White 1650mg Glutathione Complex"}]},{"@type":"WebSite","@id":"https:\/\/www.probeautyaesthetics.com\/#website","url":"https:\/\/www.probeautyaesthetics.com\/","name":"Pro Beauty Aesthetics","description":"","publisher":{"@id":"https:\/\/www.probeautyaesthetics.com\/#organization"},"potentialAction":[{"@type":"SearchAction","target":{"@type":"EntryPoint","urlTemplate":"https:\/\/www.probeautyaesthetics.com\/?s={search_term_string}"},"query-input":"required name=search_term_string"}],"inLanguage":"fr-FR"},{"@type":"Organization","@id":"https:\/\/www.probeautyaesthetics.com\/#organization","name":"Pro Beauty Aesthetics","url":"https:\/\/www.probeautyaesthetics.com\/","logo":{"@type":"ImageObject","inLanguage":"fr-FR","@id":"https:\/\/www.probeautyaesthetics.com\/#\/schema\/logo\/image\/","url":"https:\/\/www.probeautyaesthetics.com\/wp-content\/uploads\/2019\/11\/logo-1.png","contentUrl":"https:\/\/www.probeautyaesthetics.com\/wp-content\/uploads\/2019\/11\/logo-1.png","width":200,"height":50,"caption":"Pro Beauty Aesthetics"},"image":{"@id":"https:\/\/www.probeautyaesthetics.com\/#\/schema\/logo\/image\/"}}]}},"_links":{"self":[{"href":"https:\/\/www.probeautyaesthetics.com\/fr\/wp-json\/wp\/v2\/product\/5118"}],"collection":[{"href":"https:\/\/www.probeautyaesthetics.com\/fr\/wp-json\/wp\/v2\/product"}],"about":[{"href":"https:\/\/www.probeautyaesthetics.com\/fr\/wp-json\/wp\/v2\/types\/product"}],"replies":[{"embeddable":true,"href":"https:\/\/www.probeautyaesthetics.com\/fr\/wp-json\/wp\/v2\/comments?post=5118"}],"wp:featuredmedia":[{"embeddable":true,"href":"https:\/\/www.probeautyaesthetics.com\/fr\/wp-json\/wp\/v2\/media\/5141"}],"wp:attachment":[{"href":"https:\/\/www.probeautyaesthetics.com\/fr\/wp-json\/wp\/v2\/media?parent=5118"}],"wp:term":[{"taxonomy":"product_cat","embeddable":true,"href":"https:\/\/www.probeautyaesthetics.com\/fr\/wp-json\/wp\/v2\/product_cat?post=5118"},{"taxonomy":"product_tag","embeddable":true,"href":"https:\/\/www.probeautyaesthetics.com\/fr\/wp-json\/wp\/v2\/product_tag?post=5118"}],"curies":[{"name":"wp","href":"https:\/\/api.w.org\/{rel}","templated":true}]}}