{"id":5136,"date":"2019-11-14T07:23:53","date_gmt":"2019-11-14T07:23:53","guid":{"rendered":"https:\/\/www.safeonlinechemist.com\/dermalfillers\/product\/import-placeholder-for-7261\/"},"modified":"2020-03-01T07:36:44","modified_gmt":"2020-03-01T07:36:44","slug":"buy-relumins-advanced-glutathione-2000mg","status":"publish","type":"product","link":"https:\/\/www.probeautyaesthetics.com\/fr\/produit\/acheter-relumins-advanced-glutathione-2000mg\/","title":{"rendered":"Acheter Relumins Advanced Glutathione 2000mg"},"content":{"rendered":"<h2 style=\"text-align: justify;\">Buy Relumins Advanced Glutathione 2000mg Online From The Best Sellers<\/h2>\n<p style=\"text-align: justify;\">Si vous avez besoin d'acheter Relumins Advanced Glutathione 2000mg \u00e0 bas prix, alors il n'y a pas de meilleur endroit que Pro Beauty Aesthetics. Nous vous aiderons \u00e0 acheter Relumins Advanced Glutathione 2000mg avec bitcoin, moneygram, et western union. Faites-nous part de vos besoins d\u00e8s aujourd'hui !<\/p>\n<h3 style=\"text-align: justify;\">Qu'est-ce que Relumins Advanced Glutathione 2000mg et quels sont ses avantages ?<\/h3>\n<ul style=\"text-align: justify;\">\n<li>Il combine le glutathion et le nutriment C en grande quantit\u00e9 avec un booster oral pour maintenir des niveaux significatifs de glutathion dans le corps, m\u00eame entre les traitements.<\/li>\n<li>Relumins est la s\u00e9lection #1 des spas et des centres de soins du monde entier.<\/li>\n<li>Contient 1500 mg de L-Glutathion r\u00e9duit par flacon, plus que d'autres formules st\u00e9riles.<\/li>\n<li>Contient 500 mg de vitamine C, dont il a \u00e9t\u00e9 d\u00e9montr\u00e9 qu'elle aide \u00e0 \u00e9claircir, \u00e0 raffermir et \u00e0 restaurer la peau de mani\u00e8re naturelle.<\/li>\n<li>Relumins advanced de Relumins Labs, USA est la marque de glutathion la plus recherch\u00e9e.<\/li>\n<li>La s\u00e9curit\u00e9 et l'efficacit\u00e9 ont \u00e9t\u00e9 d\u00e9montr\u00e9es dans diverses \u00e9tudes cliniques<\/li>\n<li>Relumins avec Gluta boosters est jusqu'\u00e0 3 fois plus efficace que les autres recettes.<\/li>\n<\/ul>\n<h3 style=\"text-align: justify;\">Partagez les d\u00e9tails de votre commande d\u00e8s aujourd'hui !<\/h3>\n<p style=\"text-align: justify;\">Nous proposons \u00e0 la vente Relumins Advanced Glutathione 2000mg. Pour acheter ce produit, veuillez commander Relumins Advanced Glutathione 2000mg dans notre magasin en ligne. La livraison sera effectu\u00e9e dans les plus brefs d\u00e9lais !<\/p>","protected":false},"excerpt":{"rendered":"<p><strong>Formule 2 000 mg - Flacons st\u00e9riles<\/strong><br \/>\n- 1500 mg de L-Glutathion pour un blanchiment maximal de la peau<br \/>\n\u2013 500mg de Vitamine C<\/p>\n<p>&nbsp;<\/p>","protected":false},"featured_media":5144,"comment_status":"open","ping_status":"closed","template":"","meta":{"_joinchat":[]},"product_cat":[626],"product_tag":[632],"yoast_head":"<!-- This site is optimized with the Yoast SEO plugin v21.3 - https:\/\/yoast.com\/wordpress\/plugins\/seo\/ -->\n<title>Buy Relumins Advanced Glutathione 2000mg Online @ Affordable Price<\/title>\n<meta name=\"description\" content=\"Looking to buy Relumins advanced glutathione 2000mg online without any hassle? ProBeautyAesthetics.com is the best online shop. Order Now!\" \/>\n<meta name=\"robots\" content=\"index, follow, max-snippet:-1, max-image-preview:large, max-video-preview:-1\" \/>\n<link rel=\"canonical\" href=\"https:\/\/www.probeautyaesthetics.com\/fr\/produit\/acheter-relumins-advanced-glutathione-2000mg\/\" \/>\n<meta property=\"og:locale\" content=\"fr_FR\" \/>\n<meta property=\"og:type\" content=\"article\" \/>\n<meta property=\"og:title\" content=\"Buy Relumins Advanced Glutathione 2000mg Online @ Affordable Price\" \/>\n<meta property=\"og:description\" content=\"Looking to buy Relumins advanced glutathione 2000mg online without any hassle? ProBeautyAesthetics.com is the best online shop. Order Now!\" \/>\n<meta property=\"og:url\" content=\"https:\/\/www.probeautyaesthetics.com\/fr\/produit\/acheter-relumins-advanced-glutathione-2000mg\/\" \/>\n<meta property=\"og:site_name\" content=\"Pro Beauty Aesthetics\" \/>\n<meta property=\"article:modified_time\" content=\"2020-03-01T07:36:44+00:00\" \/>\n<meta property=\"og:image\" content=\"https:\/\/www.probeautyaesthetics.com\/wp-content\/uploads\/2019\/11\/Buy-Relumins-Advanced-Glutathione-2000mg.jpg\" \/>\n\t<meta property=\"og:image:width\" content=\"809\" \/>\n\t<meta property=\"og:image:height\" content=\"797\" \/>\n\t<meta property=\"og:image:type\" content=\"image\/jpeg\" \/>\n<meta name=\"twitter:card\" content=\"summary_large_image\" \/>\n<meta name=\"twitter:label1\" content=\"Dur\u00e9e de lecture estim\u00e9e\" \/>\n\t<meta name=\"twitter:data1\" content=\"1 minute\" \/>\n<script type=\"application\/ld+json\" class=\"yoast-schema-graph\">{\"@context\":\"https:\/\/schema.org\",\"@graph\":[{\"@type\":\"WebPage\",\"@id\":\"https:\/\/www.probeautyaesthetics.com\/product\/buy-relumins-advanced-glutathione-2000mg\/\",\"url\":\"https:\/\/www.probeautyaesthetics.com\/product\/buy-relumins-advanced-glutathione-2000mg\/\",\"name\":\"Buy Relumins Advanced Glutathione 2000mg Online @ Affordable Price\",\"isPartOf\":{\"@id\":\"https:\/\/www.probeautyaesthetics.com\/#website\"},\"datePublished\":\"2019-11-14T07:23:53+00:00\",\"dateModified\":\"2020-03-01T07:36:44+00:00\",\"description\":\"Looking to buy Relumins advanced glutathione 2000mg online without any hassle? ProBeautyAesthetics.com is the best online shop. Order Now!\",\"breadcrumb\":{\"@id\":\"https:\/\/www.probeautyaesthetics.com\/product\/buy-relumins-advanced-glutathione-2000mg\/#breadcrumb\"},\"inLanguage\":\"fr-FR\",\"potentialAction\":[{\"@type\":\"ReadAction\",\"target\":[\"https:\/\/www.probeautyaesthetics.com\/product\/buy-relumins-advanced-glutathione-2000mg\/\"]}]},{\"@type\":\"BreadcrumbList\",\"@id\":\"https:\/\/www.probeautyaesthetics.com\/product\/buy-relumins-advanced-glutathione-2000mg\/#breadcrumb\",\"itemListElement\":[{\"@type\":\"ListItem\",\"position\":1,\"name\":\"Home\",\"item\":\"https:\/\/www.probeautyaesthetics.com\/\"},{\"@type\":\"ListItem\",\"position\":2,\"name\":\"Our Products\",\"item\":\"https:\/\/www.probeautyaesthetics.com\/shop\/\"},{\"@type\":\"ListItem\",\"position\":3,\"name\":\"Buy Relumins Advanced Glutathione 2000mg\"}]},{\"@type\":\"WebSite\",\"@id\":\"https:\/\/www.probeautyaesthetics.com\/#website\",\"url\":\"https:\/\/www.probeautyaesthetics.com\/\",\"name\":\"Pro Beauty Aesthetics\",\"description\":\"\",\"publisher\":{\"@id\":\"https:\/\/www.probeautyaesthetics.com\/#organization\"},\"potentialAction\":[{\"@type\":\"SearchAction\",\"target\":{\"@type\":\"EntryPoint\",\"urlTemplate\":\"https:\/\/www.probeautyaesthetics.com\/?s={search_term_string}\"},\"query-input\":\"required name=search_term_string\"}],\"inLanguage\":\"fr-FR\"},{\"@type\":\"Organization\",\"@id\":\"https:\/\/www.probeautyaesthetics.com\/#organization\",\"name\":\"Pro Beauty Aesthetics\",\"url\":\"https:\/\/www.probeautyaesthetics.com\/\",\"logo\":{\"@type\":\"ImageObject\",\"inLanguage\":\"fr-FR\",\"@id\":\"https:\/\/www.probeautyaesthetics.com\/#\/schema\/logo\/image\/\",\"url\":\"https:\/\/www.probeautyaesthetics.com\/wp-content\/uploads\/2019\/11\/logo-1.png\",\"contentUrl\":\"https:\/\/www.probeautyaesthetics.com\/wp-content\/uploads\/2019\/11\/logo-1.png\",\"width\":200,\"height\":50,\"caption\":\"Pro Beauty Aesthetics\"},\"image\":{\"@id\":\"https:\/\/www.probeautyaesthetics.com\/#\/schema\/logo\/image\/\"}}]}<\/script>\n<!-- \/ Yoast SEO plugin. -->","yoast_head_json":{"title":"Buy Relumins Advanced Glutathione 2000mg Online @ Affordable Price","description":"Looking to buy Relumins advanced glutathione 2000mg online without any hassle? ProBeautyAesthetics.com is the best online shop. Order Now!","robots":{"index":"index","follow":"follow","max-snippet":"max-snippet:-1","max-image-preview":"max-image-preview:large","max-video-preview":"max-video-preview:-1"},"canonical":"https:\/\/www.probeautyaesthetics.com\/fr\/produit\/acheter-relumins-advanced-glutathione-2000mg\/","og_locale":"fr_FR","og_type":"article","og_title":"Buy Relumins Advanced Glutathione 2000mg Online @ Affordable Price","og_description":"Looking to buy Relumins advanced glutathione 2000mg online without any hassle? ProBeautyAesthetics.com is the best online shop. Order Now!","og_url":"https:\/\/www.probeautyaesthetics.com\/fr\/produit\/acheter-relumins-advanced-glutathione-2000mg\/","og_site_name":"Pro Beauty Aesthetics","article_modified_time":"2020-03-01T07:36:44+00:00","og_image":[{"width":809,"height":797,"url":"https:\/\/www.probeautyaesthetics.com\/wp-content\/uploads\/2019\/11\/Buy-Relumins-Advanced-Glutathione-2000mg.jpg","type":"image\/jpeg"}],"twitter_card":"summary_large_image","twitter_misc":{"Dur\u00e9e de lecture estim\u00e9e":"1 minute"},"schema":{"@context":"https:\/\/schema.org","@graph":[{"@type":"WebPage","@id":"https:\/\/www.probeautyaesthetics.com\/product\/buy-relumins-advanced-glutathione-2000mg\/","url":"https:\/\/www.probeautyaesthetics.com\/product\/buy-relumins-advanced-glutathione-2000mg\/","name":"Buy Relumins Advanced Glutathione 2000mg Online @ Affordable Price","isPartOf":{"@id":"https:\/\/www.probeautyaesthetics.com\/#website"},"datePublished":"2019-11-14T07:23:53+00:00","dateModified":"2020-03-01T07:36:44+00:00","description":"Looking to buy Relumins advanced glutathione 2000mg online without any hassle? ProBeautyAesthetics.com is the best online shop. Order Now!","breadcrumb":{"@id":"https:\/\/www.probeautyaesthetics.com\/product\/buy-relumins-advanced-glutathione-2000mg\/#breadcrumb"},"inLanguage":"fr-FR","potentialAction":[{"@type":"ReadAction","target":["https:\/\/www.probeautyaesthetics.com\/product\/buy-relumins-advanced-glutathione-2000mg\/"]}]},{"@type":"BreadcrumbList","@id":"https:\/\/www.probeautyaesthetics.com\/product\/buy-relumins-advanced-glutathione-2000mg\/#breadcrumb","itemListElement":[{"@type":"ListItem","position":1,"name":"Home","item":"https:\/\/www.probeautyaesthetics.com\/"},{"@type":"ListItem","position":2,"name":"Our Products","item":"https:\/\/www.probeautyaesthetics.com\/shop\/"},{"@type":"ListItem","position":3,"name":"Buy Relumins Advanced Glutathione 2000mg"}]},{"@type":"WebSite","@id":"https:\/\/www.probeautyaesthetics.com\/#website","url":"https:\/\/www.probeautyaesthetics.com\/","name":"Pro Beauty Aesthetics","description":"","publisher":{"@id":"https:\/\/www.probeautyaesthetics.com\/#organization"},"potentialAction":[{"@type":"SearchAction","target":{"@type":"EntryPoint","urlTemplate":"https:\/\/www.probeautyaesthetics.com\/?s={search_term_string}"},"query-input":"required name=search_term_string"}],"inLanguage":"fr-FR"},{"@type":"Organization","@id":"https:\/\/www.probeautyaesthetics.com\/#organization","name":"Pro Beauty Aesthetics","url":"https:\/\/www.probeautyaesthetics.com\/","logo":{"@type":"ImageObject","inLanguage":"fr-FR","@id":"https:\/\/www.probeautyaesthetics.com\/#\/schema\/logo\/image\/","url":"https:\/\/www.probeautyaesthetics.com\/wp-content\/uploads\/2019\/11\/logo-1.png","contentUrl":"https:\/\/www.probeautyaesthetics.com\/wp-content\/uploads\/2019\/11\/logo-1.png","width":200,"height":50,"caption":"Pro Beauty Aesthetics"},"image":{"@id":"https:\/\/www.probeautyaesthetics.com\/#\/schema\/logo\/image\/"}}]}},"_links":{"self":[{"href":"https:\/\/www.probeautyaesthetics.com\/fr\/wp-json\/wp\/v2\/product\/5136"}],"collection":[{"href":"https:\/\/www.probeautyaesthetics.com\/fr\/wp-json\/wp\/v2\/product"}],"about":[{"href":"https:\/\/www.probeautyaesthetics.com\/fr\/wp-json\/wp\/v2\/types\/product"}],"replies":[{"embeddable":true,"href":"https:\/\/www.probeautyaesthetics.com\/fr\/wp-json\/wp\/v2\/comments?post=5136"}],"wp:featuredmedia":[{"embeddable":true,"href":"https:\/\/www.probeautyaesthetics.com\/fr\/wp-json\/wp\/v2\/media\/5144"}],"wp:attachment":[{"href":"https:\/\/www.probeautyaesthetics.com\/fr\/wp-json\/wp\/v2\/media?parent=5136"}],"wp:term":[{"taxonomy":"product_cat","embeddable":true,"href":"https:\/\/www.probeautyaesthetics.com\/fr\/wp-json\/wp\/v2\/product_cat?post=5136"},{"taxonomy":"product_tag","embeddable":true,"href":"https:\/\/www.probeautyaesthetics.com\/fr\/wp-json\/wp\/v2\/product_tag?post=5136"}],"curies":[{"name":"wp","href":"https:\/\/api.w.org\/{rel}","templated":true}]}}