{"id":3637,"date":"2019-11-14T07:16:21","date_gmt":"2019-11-14T07:16:21","guid":{"rendered":"https:\/\/www.safeonlinechemist.com\/dermalfillers\/product\/import-placeholder-for-5205\/"},"modified":"2020-03-03T10:49:11","modified_gmt":"2020-03-03T10:49:11","slug":"buy-juvederm-hydrate-1-x-1ml","status":"publish","type":"product","link":"https:\/\/www.probeautyaesthetics.com\/it\/prodotto\/acquistare-juvederm-idrato-1-x-1ml\/","title":{"rendered":"Comprare Juvederm Hydrate 1 x 1ml Online"},"content":{"rendered":"<h2 style=\"text-align: justify;\">Acquistate Juvederm Hydrate 1 x 1ml online dai professionisti del settore.<\/h2>\n<p style=\"text-align: justify;\">Per acquistare Juvederm Hydrate 1 x 1ml a prezzi convenienti, potete rivolgervi a Pro Beauty Aesthetics. Siamo sempre qui per aiutarvi a comprare Juvederm Hydrate 1 x 1ml con bitcoin, MoneyGram e Western Union. Basta ordinare Juvederm Hydrate 1 x 1ml e riceverlo presto!<\/p>\n<h3 style=\"text-align: justify;\">Che cos'\u00e8 Juvederm Hydrate 1 x 1ml e quali sono le sue caratteristiche?<\/h3>\n<p style=\"text-align: justify;\">Un trattamento specifico per migliorare l'idratazione e la versatilit\u00e0 della pelle. \u00c8 una soluzione valida per ristabilire il grado di acido ialuronico della pelle e per migliorare la versatilit\u00e0 e il tono della pelle. Juvederm Hydrate ricarica adeguatamente i gradi di acido ialuronico (HA) scaricati nella pelle per ristabilire un naturale e sano splendore. Juvederm Hydrate contiene un operatore antiossidante, il Mannitolo, che contribuisce a prevenire lo sviluppo dei radicali liberi, responsabili della degradazione dell'acido ialuronico, prolungandone gli effetti.<\/p>\n<ul style=\"text-align: justify;\">\n<li>Migliora l'idratazione e la flessibilit\u00e0 della pelle<\/li>\n<li>Territorio di trattamento: Pelle di viso, collo, d\u00e9collet\u00e9 e mani<\/li>\n<li>Contiene un operatore antiossidante, il mannitolo, che contribuisce a prevenire lo sviluppo dei radicali liberi.<\/li>\n<\/ul>\n<h3 style=\"text-align: justify;\">Fai il tuo ordine ora!<\/h3>\n<p style=\"text-align: justify;\">Acquistate Juvederm Hydrate 1 x 1ml in vendita nel nostro negozio online e aspettatevi la consegna al pi\u00f9 presto!<\/p>\n<p>&nbsp;<\/p>\n<p>acquistare juvederm hydrate 1 x 1ml online, juvederm hydrate 1 x 1ml in vendita, juvederm hydrate 1 x 1ml in vendita USA, acquistare juvederm hydrate 1 x 1ml online, dove acquistare juvederm hydrate 1 x 1ml, acquistare juvederm hydrate 1 x 1ml online, acquistare juvederm hydrate 1 x 1ml Spagna, juvederm hydrate 1 x 1ml in vendita Ucraina, juvederm hydrate 1 x 1ml in vendita Canada, juvederm hydrate 1 x 1ml in vendita Europa, acquistare juvederm hydrate 1 x 1ml online legale, acquistare juvederm hydrate 1 x 1ml online con bitcoin, acquistare juvederm hydrate 1 x 1ml online con MoneyGram, juvederm hydrate 1 x 1ml in vendita con Western Union, come acquistare juvederm hydrate 1 x 1ml online, acquistare juvederm hydrate 1 x 1ml a basso prezzo, comprare juvederm hydrate 1 x 1ml falso online, ordinare juvederm hydrate 1 x 1ml online, Mail juvederm hydrate 1 x 1ml, comprare juvederm hydrate 1 x 1ml a prezzo economico, \u00c8 possibile ordinare juvederm hydrate 1 x 1ml in USA, Canada, Europa, Italia.<\/p>","protected":false},"excerpt":{"rendered":"<h3>Ordinare Juvederm Hydrate online<\/h3>\n<p>Consegna in tutto il mondo garantita<\/p>\n<p>Tempi di consegna:<\/p>\n<p>Stati Uniti: da 24 a 72 ore<\/p>\n<p>Canada: da 2 a 3 giorni<br \/>\nConsegna internazionale: da 4 a 7 giorni<\/p>\n<p>Opzioni di pagamento<\/p>\n<p>MONEYGRAMMA<\/p>\n<p>WESTERN UNION<\/p>\n<p>BITCOIN<\/p>\n<p>TRASFERIMENTO BANCARIO<\/p>\n<p>DA WALMART A WALMART<\/p>\n<p>ZELLE PAGA<\/p>\n<p>Sconto del 10% in caso di pagamento con Bitcoin<\/p>","protected":false},"featured_media":3662,"comment_status":"open","ping_status":"closed","template":"","meta":{"_joinchat":[]},"product_cat":[138,139],"product_tag":[140,141,142,143,144,676,145,161,675,661,671,672,666,146,147,148,149,664,150,151,152,670,658,659,674,153,660,154,155,662,668,669,667,663,673,156,157,158,678,159,677,160,665,679],"yoast_head":"<!-- This site is optimized with the Yoast SEO plugin v21.3 - https:\/\/yoast.com\/wordpress\/plugins\/seo\/ -->\n<title>Buy Juvederm Hydrate Online | Juvederm Hydrate for Sale @ Cheap Price<\/title>\n<meta name=\"description\" content=\"You can buy juvederm hydrate online at lowest price from Probeautyaesthetics.Com. Juvederm Hydrate 1x1ml for Sale with Free Shipping Service. Order Now!\" \/>\n<meta name=\"robots\" content=\"index, follow, max-snippet:-1, max-image-preview:large, max-video-preview:-1\" \/>\n<link rel=\"canonical\" href=\"https:\/\/www.probeautyaesthetics.com\/it\/prodotto\/acquistare-juvederm-idrato-1-x-1ml\/\" \/>\n<meta property=\"og:locale\" content=\"it_IT\" \/>\n<meta property=\"og:type\" content=\"article\" \/>\n<meta property=\"og:title\" content=\"Buy Juvederm Hydrate Online | Juvederm Hydrate for Sale @ Cheap Price\" \/>\n<meta property=\"og:description\" content=\"You can buy juvederm hydrate online at lowest price from Probeautyaesthetics.Com. Juvederm Hydrate 1x1ml for Sale with Free Shipping Service. Order Now!\" \/>\n<meta property=\"og:url\" content=\"https:\/\/www.probeautyaesthetics.com\/it\/prodotto\/acquistare-juvederm-idrato-1-x-1ml\/\" \/>\n<meta property=\"og:site_name\" content=\"Pro Beauty Aesthetics\" \/>\n<meta property=\"article:modified_time\" content=\"2020-03-03T10:49:11+00:00\" \/>\n<meta property=\"og:image\" content=\"https:\/\/www.probeautyaesthetics.com\/wp-content\/uploads\/2019\/11\/Buy-Juvederm-Hydrate-1-x-1ml.jpg\" \/>\n\t<meta property=\"og:image:width\" content=\"640\" \/>\n\t<meta property=\"og:image:height\" content=\"640\" \/>\n\t<meta property=\"og:image:type\" content=\"image\/jpeg\" \/>\n<meta name=\"twitter:card\" content=\"summary_large_image\" \/>\n<meta name=\"twitter:label1\" content=\"Tempo di lettura stimato\" \/>\n\t<meta name=\"twitter:data1\" content=\"2 minuti\" \/>\n<script type=\"application\/ld+json\" class=\"yoast-schema-graph\">{\"@context\":\"https:\/\/schema.org\",\"@graph\":[{\"@type\":\"WebPage\",\"@id\":\"https:\/\/www.probeautyaesthetics.com\/product\/buy-juvederm-hydrate-1-x-1ml\/\",\"url\":\"https:\/\/www.probeautyaesthetics.com\/product\/buy-juvederm-hydrate-1-x-1ml\/\",\"name\":\"Buy Juvederm Hydrate Online | Juvederm Hydrate for Sale @ Cheap Price\",\"isPartOf\":{\"@id\":\"https:\/\/www.probeautyaesthetics.com\/#website\"},\"datePublished\":\"2019-11-14T07:16:21+00:00\",\"dateModified\":\"2020-03-03T10:49:11+00:00\",\"description\":\"You can buy juvederm hydrate online at lowest price from Probeautyaesthetics.Com. Juvederm Hydrate 1x1ml for Sale with Free Shipping Service. Order Now!\",\"breadcrumb\":{\"@id\":\"https:\/\/www.probeautyaesthetics.com\/product\/buy-juvederm-hydrate-1-x-1ml\/#breadcrumb\"},\"inLanguage\":\"it-IT\",\"potentialAction\":[{\"@type\":\"ReadAction\",\"target\":[\"https:\/\/www.probeautyaesthetics.com\/product\/buy-juvederm-hydrate-1-x-1ml\/\"]}]},{\"@type\":\"BreadcrumbList\",\"@id\":\"https:\/\/www.probeautyaesthetics.com\/product\/buy-juvederm-hydrate-1-x-1ml\/#breadcrumb\",\"itemListElement\":[{\"@type\":\"ListItem\",\"position\":1,\"name\":\"Home\",\"item\":\"https:\/\/www.probeautyaesthetics.com\/\"},{\"@type\":\"ListItem\",\"position\":2,\"name\":\"Our Products\",\"item\":\"https:\/\/www.probeautyaesthetics.com\/shop\/\"},{\"@type\":\"ListItem\",\"position\":3,\"name\":\"Buy Juvederm Hydrate 1 x 1ml Online\"}]},{\"@type\":\"WebSite\",\"@id\":\"https:\/\/www.probeautyaesthetics.com\/#website\",\"url\":\"https:\/\/www.probeautyaesthetics.com\/\",\"name\":\"Pro Beauty Aesthetics\",\"description\":\"\",\"publisher\":{\"@id\":\"https:\/\/www.probeautyaesthetics.com\/#organization\"},\"potentialAction\":[{\"@type\":\"SearchAction\",\"target\":{\"@type\":\"EntryPoint\",\"urlTemplate\":\"https:\/\/www.probeautyaesthetics.com\/?s={search_term_string}\"},\"query-input\":\"required name=search_term_string\"}],\"inLanguage\":\"it-IT\"},{\"@type\":\"Organization\",\"@id\":\"https:\/\/www.probeautyaesthetics.com\/#organization\",\"name\":\"Pro Beauty Aesthetics\",\"url\":\"https:\/\/www.probeautyaesthetics.com\/\",\"logo\":{\"@type\":\"ImageObject\",\"inLanguage\":\"it-IT\",\"@id\":\"https:\/\/www.probeautyaesthetics.com\/#\/schema\/logo\/image\/\",\"url\":\"https:\/\/www.probeautyaesthetics.com\/wp-content\/uploads\/2019\/11\/logo-1.png\",\"contentUrl\":\"https:\/\/www.probeautyaesthetics.com\/wp-content\/uploads\/2019\/11\/logo-1.png\",\"width\":200,\"height\":50,\"caption\":\"Pro Beauty Aesthetics\"},\"image\":{\"@id\":\"https:\/\/www.probeautyaesthetics.com\/#\/schema\/logo\/image\/\"}}]}<\/script>\n<!-- \/ Yoast SEO plugin. -->","yoast_head_json":{"title":"Buy Juvederm Hydrate Online | Juvederm Hydrate for Sale @ Cheap Price","description":"You can buy juvederm hydrate online at lowest price from Probeautyaesthetics.Com. Juvederm Hydrate 1x1ml for Sale with Free Shipping Service. Order Now!","robots":{"index":"index","follow":"follow","max-snippet":"max-snippet:-1","max-image-preview":"max-image-preview:large","max-video-preview":"max-video-preview:-1"},"canonical":"https:\/\/www.probeautyaesthetics.com\/it\/prodotto\/acquistare-juvederm-idrato-1-x-1ml\/","og_locale":"it_IT","og_type":"article","og_title":"Buy Juvederm Hydrate Online | Juvederm Hydrate for Sale @ Cheap Price","og_description":"You can buy juvederm hydrate online at lowest price from Probeautyaesthetics.Com. Juvederm Hydrate 1x1ml for Sale with Free Shipping Service. Order Now!","og_url":"https:\/\/www.probeautyaesthetics.com\/it\/prodotto\/acquistare-juvederm-idrato-1-x-1ml\/","og_site_name":"Pro Beauty Aesthetics","article_modified_time":"2020-03-03T10:49:11+00:00","og_image":[{"width":640,"height":640,"url":"https:\/\/www.probeautyaesthetics.com\/wp-content\/uploads\/2019\/11\/Buy-Juvederm-Hydrate-1-x-1ml.jpg","type":"image\/jpeg"}],"twitter_card":"summary_large_image","twitter_misc":{"Tempo di lettura stimato":"2 minuti"},"schema":{"@context":"https:\/\/schema.org","@graph":[{"@type":"WebPage","@id":"https:\/\/www.probeautyaesthetics.com\/product\/buy-juvederm-hydrate-1-x-1ml\/","url":"https:\/\/www.probeautyaesthetics.com\/product\/buy-juvederm-hydrate-1-x-1ml\/","name":"Buy Juvederm Hydrate Online | Juvederm Hydrate for Sale @ Cheap Price","isPartOf":{"@id":"https:\/\/www.probeautyaesthetics.com\/#website"},"datePublished":"2019-11-14T07:16:21+00:00","dateModified":"2020-03-03T10:49:11+00:00","description":"You can buy juvederm hydrate online at lowest price from Probeautyaesthetics.Com. Juvederm Hydrate 1x1ml for Sale with Free Shipping Service. Order Now!","breadcrumb":{"@id":"https:\/\/www.probeautyaesthetics.com\/product\/buy-juvederm-hydrate-1-x-1ml\/#breadcrumb"},"inLanguage":"it-IT","potentialAction":[{"@type":"ReadAction","target":["https:\/\/www.probeautyaesthetics.com\/product\/buy-juvederm-hydrate-1-x-1ml\/"]}]},{"@type":"BreadcrumbList","@id":"https:\/\/www.probeautyaesthetics.com\/product\/buy-juvederm-hydrate-1-x-1ml\/#breadcrumb","itemListElement":[{"@type":"ListItem","position":1,"name":"Home","item":"https:\/\/www.probeautyaesthetics.com\/"},{"@type":"ListItem","position":2,"name":"Our Products","item":"https:\/\/www.probeautyaesthetics.com\/shop\/"},{"@type":"ListItem","position":3,"name":"Buy Juvederm Hydrate 1 x 1ml Online"}]},{"@type":"WebSite","@id":"https:\/\/www.probeautyaesthetics.com\/#website","url":"https:\/\/www.probeautyaesthetics.com\/","name":"Pro Beauty Aesthetics","description":"","publisher":{"@id":"https:\/\/www.probeautyaesthetics.com\/#organization"},"potentialAction":[{"@type":"SearchAction","target":{"@type":"EntryPoint","urlTemplate":"https:\/\/www.probeautyaesthetics.com\/?s={search_term_string}"},"query-input":"required name=search_term_string"}],"inLanguage":"it-IT"},{"@type":"Organization","@id":"https:\/\/www.probeautyaesthetics.com\/#organization","name":"Pro Beauty Aesthetics","url":"https:\/\/www.probeautyaesthetics.com\/","logo":{"@type":"ImageObject","inLanguage":"it-IT","@id":"https:\/\/www.probeautyaesthetics.com\/#\/schema\/logo\/image\/","url":"https:\/\/www.probeautyaesthetics.com\/wp-content\/uploads\/2019\/11\/logo-1.png","contentUrl":"https:\/\/www.probeautyaesthetics.com\/wp-content\/uploads\/2019\/11\/logo-1.png","width":200,"height":50,"caption":"Pro Beauty Aesthetics"},"image":{"@id":"https:\/\/www.probeautyaesthetics.com\/#\/schema\/logo\/image\/"}}]}},"_links":{"self":[{"href":"https:\/\/www.probeautyaesthetics.com\/it\/wp-json\/wp\/v2\/product\/3637"}],"collection":[{"href":"https:\/\/www.probeautyaesthetics.com\/it\/wp-json\/wp\/v2\/product"}],"about":[{"href":"https:\/\/www.probeautyaesthetics.com\/it\/wp-json\/wp\/v2\/types\/product"}],"replies":[{"embeddable":true,"href":"https:\/\/www.probeautyaesthetics.com\/it\/wp-json\/wp\/v2\/comments?post=3637"}],"wp:featuredmedia":[{"embeddable":true,"href":"https:\/\/www.probeautyaesthetics.com\/it\/wp-json\/wp\/v2\/media\/3662"}],"wp:attachment":[{"href":"https:\/\/www.probeautyaesthetics.com\/it\/wp-json\/wp\/v2\/media?parent=3637"}],"wp:term":[{"taxonomy":"product_cat","embeddable":true,"href":"https:\/\/www.probeautyaesthetics.com\/it\/wp-json\/wp\/v2\/product_cat?post=3637"},{"taxonomy":"product_tag","embeddable":true,"href":"https:\/\/www.probeautyaesthetics.com\/it\/wp-json\/wp\/v2\/product_tag?post=3637"}],"curies":[{"name":"wp","href":"https:\/\/api.w.org\/{rel}","templated":true}]}}