{"id":3685,"date":"2019-11-14T07:16:31","date_gmt":"2019-11-14T07:16:31","guid":{"rendered":"https:\/\/www.safeonlinechemist.com\/dermalfillers\/product\/import-placeholder-for-5366\/"},"modified":"2020-02-12T15:23:46","modified_gmt":"2020-02-12T15:23:46","slug":"buy-juvederm-volift-retouch-2-x-0-55ml","status":"publish","type":"product","link":"https:\/\/www.probeautyaesthetics.com\/it\/prodotto\/acquistare-juvederm-volift-retouch-2-x-0-55ml\/","title":{"rendered":"Acquistare Juvederm Volift Retouch 2 x 0,55ml online"},"content":{"rendered":"<h2 style=\"text-align: justify;\">Acquistare Juvederm Volift Retouch 2 x 0,55ml online a prezzi convenienti<\/h2>\n<p style=\"text-align: justify;\">Juvederm Volift Retouch 2 x 0,55ml in vendita \u00e8 ora disponibile presso Pro Beauty Aesthetics. Colpisci i tuoi requisiti per acquistare Juvederm Volift Retouch 2 x 0.55ml a prezzi convenienti ora e portali a termine. Siamo qui per aiutarvi a comprare Juvederm Volift Retouch 2 x 0.55ml con bitcoin, moneygram e western union. Ordinate ora Juvederm Volift Retouch 2 x 0.55ml!<\/p>\n<h3 style=\"text-align: justify;\">Quali sono le migliori propriet\u00e0 di Juvederm Volift Retouch 2 x 0,55ml?<\/h3>\n<p style=\"text-align: justify;\">Juvederm Volift Retouch \u00e8 uno degli ultimi riempitivi dermici che si sono aggiunti all'offerta di prodotti Juvederm. Juvederm Volift Retouch \u00e8 una combinazione fantasiosa di acido ialuronico a basso e alto peso atomico per migliorare la produttivit\u00e0 della catena di connessione incrociata. Il processo di connessione incrociata consente di ottenere risultati normali e duraturi, con una crescita e un'ecchimosi trascurabili.<\/p>\n<ul style=\"text-align: justify;\">\n<li>Juvederm agisce su una base simile a quella delle lozioni cutanee con acido ialuronico, ma iniettandolo nelle zone influenzate.<\/li>\n<li>Tende a essere veicolato in profondit\u00e0, dove dovrebbe trovarsi l'umidit\u00e0 della pelle.<\/li>\n<li>Grazie al delicato impatto anestetico della lidocaina, la metodica viene resa il pi\u00f9 confortevole possibile.<\/li>\n<li>L'intento \u00e8 quello di realizzare un completamento sottile e dall'aspetto comune.<\/li>\n<\/ul>\n<h3 style=\"text-align: justify;\">Contatta subito il nostro negozio online!<\/h3>\n<p style=\"text-align: justify;\">Acquista Juvederm Volift Retouch 2 x 0,55ml online oggi stesso dal nostro negozio online e ricevilo a breve!<\/p>","protected":false},"excerpt":{"rendered":"<p>Produttore: Allergan<br \/>\nOrigine: Europa<br \/>\nCondizioni di conservazione: Conservare tra 2 e 25 gradi<\/p>","protected":false},"featured_media":3699,"comment_status":"open","ping_status":"closed","template":"","meta":{"_joinchat":[]},"product_cat":[138,139],"product_tag":[140,141,142,143,144,145,146,147,148,149,166,150,151,152,153,154,155,156,157,158,159,160],"yoast_head":"<!-- This site is optimized with the Yoast SEO plugin v21.3 - https:\/\/yoast.com\/wordpress\/plugins\/seo\/ -->\n<title>Buy Juvederm Volift Retouch 2 x 0.55ml Online | Probeautyaesthetics.Com<\/title>\n<meta name=\"description\" content=\"You can buy juvederm volift retouch 2 x 0.55ml online at cheap price from Probeautyaesthetics.Com.Volift Retouch for Sale with Free Shipping Service.\" \/>\n<meta name=\"robots\" content=\"index, follow, max-snippet:-1, max-image-preview:large, max-video-preview:-1\" \/>\n<link rel=\"canonical\" href=\"https:\/\/www.probeautyaesthetics.com\/it\/prodotto\/acquistare-juvederm-volift-retouch-2-x-0-55ml\/\" \/>\n<meta property=\"og:locale\" content=\"it_IT\" \/>\n<meta property=\"og:type\" content=\"article\" \/>\n<meta property=\"og:title\" content=\"Buy Juvederm Volift Retouch 2 x 0.55ml Online | Probeautyaesthetics.Com\" \/>\n<meta property=\"og:description\" content=\"You can buy juvederm volift retouch 2 x 0.55ml online at cheap price from Probeautyaesthetics.Com.Volift Retouch for Sale with Free Shipping Service.\" \/>\n<meta property=\"og:url\" content=\"https:\/\/www.probeautyaesthetics.com\/it\/prodotto\/acquistare-juvederm-volift-retouch-2-x-0-55ml\/\" \/>\n<meta property=\"og:site_name\" content=\"Pro Beauty Aesthetics\" \/>\n<meta property=\"article:modified_time\" content=\"2020-02-12T15:23:46+00:00\" \/>\n<meta property=\"og:image\" content=\"https:\/\/www.probeautyaesthetics.com\/wp-content\/uploads\/2019\/11\/Buy-Juvederm-Volift-Retouch-2-x-0.55ml.png\" \/>\n\t<meta property=\"og:image:width\" content=\"1000\" \/>\n\t<meta property=\"og:image:height\" content=\"1000\" \/>\n\t<meta property=\"og:image:type\" content=\"image\/png\" \/>\n<meta name=\"twitter:card\" content=\"summary_large_image\" \/>\n<meta name=\"twitter:label1\" content=\"Tempo di lettura stimato\" \/>\n\t<meta name=\"twitter:data1\" content=\"1 minuto\" \/>\n<script type=\"application\/ld+json\" class=\"yoast-schema-graph\">{\"@context\":\"https:\/\/schema.org\",\"@graph\":[{\"@type\":\"WebPage\",\"@id\":\"https:\/\/www.probeautyaesthetics.com\/product\/buy-juvederm-volift-retouch-2-x-0-55ml\/\",\"url\":\"https:\/\/www.probeautyaesthetics.com\/product\/buy-juvederm-volift-retouch-2-x-0-55ml\/\",\"name\":\"Buy Juvederm Volift Retouch 2 x 0.55ml Online | Probeautyaesthetics.Com\",\"isPartOf\":{\"@id\":\"https:\/\/www.probeautyaesthetics.com\/#website\"},\"datePublished\":\"2019-11-14T07:16:31+00:00\",\"dateModified\":\"2020-02-12T15:23:46+00:00\",\"description\":\"You can buy juvederm volift retouch 2 x 0.55ml online at cheap price from Probeautyaesthetics.Com.Volift Retouch for Sale with Free Shipping Service.\",\"breadcrumb\":{\"@id\":\"https:\/\/www.probeautyaesthetics.com\/product\/buy-juvederm-volift-retouch-2-x-0-55ml\/#breadcrumb\"},\"inLanguage\":\"it-IT\",\"potentialAction\":[{\"@type\":\"ReadAction\",\"target\":[\"https:\/\/www.probeautyaesthetics.com\/product\/buy-juvederm-volift-retouch-2-x-0-55ml\/\"]}]},{\"@type\":\"BreadcrumbList\",\"@id\":\"https:\/\/www.probeautyaesthetics.com\/product\/buy-juvederm-volift-retouch-2-x-0-55ml\/#breadcrumb\",\"itemListElement\":[{\"@type\":\"ListItem\",\"position\":1,\"name\":\"Home\",\"item\":\"https:\/\/www.probeautyaesthetics.com\/\"},{\"@type\":\"ListItem\",\"position\":2,\"name\":\"Our Products\",\"item\":\"https:\/\/www.probeautyaesthetics.com\/shop\/\"},{\"@type\":\"ListItem\",\"position\":3,\"name\":\"Buy Juvederm Volift Retouch 2 x 0.55ml Online\"}]},{\"@type\":\"WebSite\",\"@id\":\"https:\/\/www.probeautyaesthetics.com\/#website\",\"url\":\"https:\/\/www.probeautyaesthetics.com\/\",\"name\":\"Pro Beauty Aesthetics\",\"description\":\"\",\"publisher\":{\"@id\":\"https:\/\/www.probeautyaesthetics.com\/#organization\"},\"potentialAction\":[{\"@type\":\"SearchAction\",\"target\":{\"@type\":\"EntryPoint\",\"urlTemplate\":\"https:\/\/www.probeautyaesthetics.com\/?s={search_term_string}\"},\"query-input\":\"required name=search_term_string\"}],\"inLanguage\":\"it-IT\"},{\"@type\":\"Organization\",\"@id\":\"https:\/\/www.probeautyaesthetics.com\/#organization\",\"name\":\"Pro Beauty Aesthetics\",\"url\":\"https:\/\/www.probeautyaesthetics.com\/\",\"logo\":{\"@type\":\"ImageObject\",\"inLanguage\":\"it-IT\",\"@id\":\"https:\/\/www.probeautyaesthetics.com\/#\/schema\/logo\/image\/\",\"url\":\"https:\/\/www.probeautyaesthetics.com\/wp-content\/uploads\/2019\/11\/logo-1.png\",\"contentUrl\":\"https:\/\/www.probeautyaesthetics.com\/wp-content\/uploads\/2019\/11\/logo-1.png\",\"width\":200,\"height\":50,\"caption\":\"Pro Beauty Aesthetics\"},\"image\":{\"@id\":\"https:\/\/www.probeautyaesthetics.com\/#\/schema\/logo\/image\/\"}}]}<\/script>\n<!-- \/ Yoast SEO plugin. -->","yoast_head_json":{"title":"Buy Juvederm Volift Retouch 2 x 0.55ml Online | Probeautyaesthetics.Com","description":"You can buy juvederm volift retouch 2 x 0.55ml online at cheap price from Probeautyaesthetics.Com.Volift Retouch for Sale with Free Shipping Service.","robots":{"index":"index","follow":"follow","max-snippet":"max-snippet:-1","max-image-preview":"max-image-preview:large","max-video-preview":"max-video-preview:-1"},"canonical":"https:\/\/www.probeautyaesthetics.com\/it\/prodotto\/acquistare-juvederm-volift-retouch-2-x-0-55ml\/","og_locale":"it_IT","og_type":"article","og_title":"Buy Juvederm Volift Retouch 2 x 0.55ml Online | Probeautyaesthetics.Com","og_description":"You can buy juvederm volift retouch 2 x 0.55ml online at cheap price from Probeautyaesthetics.Com.Volift Retouch for Sale with Free Shipping Service.","og_url":"https:\/\/www.probeautyaesthetics.com\/it\/prodotto\/acquistare-juvederm-volift-retouch-2-x-0-55ml\/","og_site_name":"Pro Beauty Aesthetics","article_modified_time":"2020-02-12T15:23:46+00:00","og_image":[{"width":1000,"height":1000,"url":"https:\/\/www.probeautyaesthetics.com\/wp-content\/uploads\/2019\/11\/Buy-Juvederm-Volift-Retouch-2-x-0.55ml.png","type":"image\/png"}],"twitter_card":"summary_large_image","twitter_misc":{"Tempo di lettura stimato":"1 minuto"},"schema":{"@context":"https:\/\/schema.org","@graph":[{"@type":"WebPage","@id":"https:\/\/www.probeautyaesthetics.com\/product\/buy-juvederm-volift-retouch-2-x-0-55ml\/","url":"https:\/\/www.probeautyaesthetics.com\/product\/buy-juvederm-volift-retouch-2-x-0-55ml\/","name":"Buy Juvederm Volift Retouch 2 x 0.55ml Online | Probeautyaesthetics.Com","isPartOf":{"@id":"https:\/\/www.probeautyaesthetics.com\/#website"},"datePublished":"2019-11-14T07:16:31+00:00","dateModified":"2020-02-12T15:23:46+00:00","description":"You can buy juvederm volift retouch 2 x 0.55ml online at cheap price from Probeautyaesthetics.Com.Volift Retouch for Sale with Free Shipping Service.","breadcrumb":{"@id":"https:\/\/www.probeautyaesthetics.com\/product\/buy-juvederm-volift-retouch-2-x-0-55ml\/#breadcrumb"},"inLanguage":"it-IT","potentialAction":[{"@type":"ReadAction","target":["https:\/\/www.probeautyaesthetics.com\/product\/buy-juvederm-volift-retouch-2-x-0-55ml\/"]}]},{"@type":"BreadcrumbList","@id":"https:\/\/www.probeautyaesthetics.com\/product\/buy-juvederm-volift-retouch-2-x-0-55ml\/#breadcrumb","itemListElement":[{"@type":"ListItem","position":1,"name":"Home","item":"https:\/\/www.probeautyaesthetics.com\/"},{"@type":"ListItem","position":2,"name":"Our Products","item":"https:\/\/www.probeautyaesthetics.com\/shop\/"},{"@type":"ListItem","position":3,"name":"Buy Juvederm Volift Retouch 2 x 0.55ml Online"}]},{"@type":"WebSite","@id":"https:\/\/www.probeautyaesthetics.com\/#website","url":"https:\/\/www.probeautyaesthetics.com\/","name":"Pro Beauty Aesthetics","description":"","publisher":{"@id":"https:\/\/www.probeautyaesthetics.com\/#organization"},"potentialAction":[{"@type":"SearchAction","target":{"@type":"EntryPoint","urlTemplate":"https:\/\/www.probeautyaesthetics.com\/?s={search_term_string}"},"query-input":"required name=search_term_string"}],"inLanguage":"it-IT"},{"@type":"Organization","@id":"https:\/\/www.probeautyaesthetics.com\/#organization","name":"Pro Beauty Aesthetics","url":"https:\/\/www.probeautyaesthetics.com\/","logo":{"@type":"ImageObject","inLanguage":"it-IT","@id":"https:\/\/www.probeautyaesthetics.com\/#\/schema\/logo\/image\/","url":"https:\/\/www.probeautyaesthetics.com\/wp-content\/uploads\/2019\/11\/logo-1.png","contentUrl":"https:\/\/www.probeautyaesthetics.com\/wp-content\/uploads\/2019\/11\/logo-1.png","width":200,"height":50,"caption":"Pro Beauty Aesthetics"},"image":{"@id":"https:\/\/www.probeautyaesthetics.com\/#\/schema\/logo\/image\/"}}]}},"_links":{"self":[{"href":"https:\/\/www.probeautyaesthetics.com\/it\/wp-json\/wp\/v2\/product\/3685"}],"collection":[{"href":"https:\/\/www.probeautyaesthetics.com\/it\/wp-json\/wp\/v2\/product"}],"about":[{"href":"https:\/\/www.probeautyaesthetics.com\/it\/wp-json\/wp\/v2\/types\/product"}],"replies":[{"embeddable":true,"href":"https:\/\/www.probeautyaesthetics.com\/it\/wp-json\/wp\/v2\/comments?post=3685"}],"wp:featuredmedia":[{"embeddable":true,"href":"https:\/\/www.probeautyaesthetics.com\/it\/wp-json\/wp\/v2\/media\/3699"}],"wp:attachment":[{"href":"https:\/\/www.probeautyaesthetics.com\/it\/wp-json\/wp\/v2\/media?parent=3685"}],"wp:term":[{"taxonomy":"product_cat","embeddable":true,"href":"https:\/\/www.probeautyaesthetics.com\/it\/wp-json\/wp\/v2\/product_cat?post=3685"},{"taxonomy":"product_tag","embeddable":true,"href":"https:\/\/www.probeautyaesthetics.com\/it\/wp-json\/wp\/v2\/product_tag?post=3685"}],"curies":[{"name":"wp","href":"https:\/\/api.w.org\/{rel}","templated":true}]}}