{"id":4039,"date":"2019-11-14T07:18:15","date_gmt":"2019-11-14T07:18:15","guid":{"rendered":"https:\/\/www.safeonlinechemist.com\/dermalfillers\/product\/import-placeholder-for-5887\/"},"modified":"2020-03-07T06:13:16","modified_gmt":"2020-03-07T06:13:16","slug":"buy-amalian-sf-14-natural-lips","status":"publish","type":"product","link":"https:\/\/www.probeautyaesthetics.com\/it\/prodotto\/buy-amalian-sf-14-natural-lips\/","title":{"rendered":"Acquista labbra naturali Amalian SF 14"},"content":{"rendered":"<h2 style=\"text-align: justify;\">Acquista Amalian SF 14 Natural Lips in vendita ai migliori prezzi<\/h2>\n<p style=\"text-align: justify;\">Ora puoi acquistare Amalian SF 14 Natural Lips a prezzi economici da Pro Beauty Aesthetics. La parte sorprendente \u00e8 che Amalian SF 14 Natural Lips in vendita \u00e8 disponibile anche qui. Ordina ora Amalian SF 14 Natural Lips!<\/p>\n<h3 style=\"text-align: justify;\">Cos'\u00e8 Amalian SF 14 Natural Lips e le sue caratteristiche?<\/h3>\n<p style=\"text-align: justify;\">Amalian SF 14 Natural Lips \u00e8 un acido a bassa concentrazione utilizzato per aumentare delicatamente le labbra. La linea SF amalian \u00e8 descritta da una struttura delicata, completamente idratata grazie alla quale il capo \u00e8 efficacemente indirizzato. Il gel si diffonde rapidamente e uniformemente nel sito di applicazione e l'impatto dell'ingrandimento \u00e8 immediato.<\/p>\n<ul style=\"text-align: justify;\">\n<li>Amalian SF 14 Natural Lips \u00e8 un corrosivo a bassa concentrazione utilizzato per sviluppare delicatamente le labbra.<\/li>\n<li>\u00c8 stato realizzato con l'obiettivo di rendere le labbra pi\u00f9 carnose, pi\u00f9 giovani, la loro struttura cutanea pi\u00f9 liscia e per integrare la perdita di volume legata all'et\u00e0.<\/li>\n<li>\u00c8 anche ideale per riempire le piccole rughe intorno alla bocca.<\/li>\n<li>Modellazione delle labbra<\/li>\n<li>Regolazione delle rughe sottili intorno alle labbra<\/li>\n<\/ul>\n<h3 style=\"text-align: justify;\">Connettiti ora!<\/h3>\n<p style=\"text-align: justify;\">Qui puoi acquistare Amalian SF 14 Natural Lips con bitcoin, moneygram e western union. Effettua subito l'ordine per acquistare Amalian SF 14 Natural Lips!<\/p>\n<p>&nbsp;<\/p>\n<p>acquista amalian sf 14 labbra naturali online, amalian sf 14 labbra naturali in vendita, amalian sf 14 labbra naturali in vendita USA, acquista vere amalian sf 14 labbra naturali online, dove acquistare amalian sf 14 labbra naturali, acquista amalian sf 14 labbra naturali online , acquista amalian sf 14 labbra naturali Spagna, amalian sf 14 labbra naturali in vendita Ucraina, amalian sf 14 labbra naturali in vendita Canada, amalian sf 14 labbra naturali in vendita Europa, acquisto amalian sf 14 labbra naturali online legale, acquista amalian sf 14 naturali labbra labbra online con bitcoin, acquista labbra naturali amalian sf 14 online con MoneyGram, labbra naturali amalian sf 14 in vendita con Western Union, come acquistare labbra naturali amalian sf 14 online, acquista labbra naturali amalian sf 14 a buon mercato, acquista vero sf 14 amalian online 14 labbra naturali online, ordina amalian sf 14 labbra naturali online, Mail amalian sf 14 labbra naturali, Puoi ordinare amalian sf 14 labbra naturali in USA, Canada, Europa, Italia.<\/p>","protected":false},"excerpt":{"rendered":"<p>Buy Amalian SF 14 Natural Lips For Sale At The Best Prices You can now buy Amalian SF 14 Natural Lips at cheap prices from Pro Beauty Aesthetics. The amazing<\/p>","protected":false},"featured_media":4049,"comment_status":"open","ping_status":"closed","template":"","meta":{"_joinchat":[]},"product_cat":[138,237],"product_tag":[754,760,761,759,755,765,767,753,763,764,758,756,762,658,659,766,660,769,768,757,770],"yoast_head":"<!-- This site is optimized with the Yoast SEO plugin v21.3 - https:\/\/yoast.com\/wordpress\/plugins\/seo\/ -->\n<title>Buy Amalian SF 14 Natural Lips Online - Pro Beauty Aesthetics<\/title>\n<meta name=\"description\" content=\"Buy Amalian SF 14 Natural Lips Online - ProBeautyAesthetics is a wholesale supplier for Amalian SF 14 Natural Lips. Order Now with Fast Shipping Service.\" \/>\n<meta name=\"robots\" content=\"index, follow, max-snippet:-1, max-image-preview:large, max-video-preview:-1\" \/>\n<link rel=\"canonical\" href=\"https:\/\/www.probeautyaesthetics.com\/it\/prodotto\/buy-amalian-sf-14-natural-lips\/\" \/>\n<meta property=\"og:locale\" content=\"it_IT\" \/>\n<meta property=\"og:type\" content=\"article\" \/>\n<meta property=\"og:title\" content=\"Buy Amalian SF 14 Natural Lips Online - Pro Beauty Aesthetics\" \/>\n<meta property=\"og:description\" content=\"Buy Amalian SF 14 Natural Lips Online - ProBeautyAesthetics is a wholesale supplier for Amalian SF 14 Natural Lips. Order Now with Fast Shipping Service.\" \/>\n<meta property=\"og:url\" content=\"https:\/\/www.probeautyaesthetics.com\/it\/prodotto\/buy-amalian-sf-14-natural-lips\/\" \/>\n<meta property=\"og:site_name\" content=\"Pro Beauty Aesthetics\" \/>\n<meta property=\"article:modified_time\" content=\"2020-03-07T06:13:16+00:00\" \/>\n<meta property=\"og:image\" content=\"https:\/\/www.probeautyaesthetics.com\/wp-content\/uploads\/2019\/11\/Buy-Amalian-SF-14-Natural-Lips.jpg\" \/>\n\t<meta property=\"og:image:width\" content=\"400\" \/>\n\t<meta property=\"og:image:height\" content=\"400\" \/>\n\t<meta property=\"og:image:type\" content=\"image\/jpeg\" \/>\n<meta name=\"twitter:card\" content=\"summary_large_image\" \/>\n<meta name=\"twitter:label1\" content=\"Tempo di lettura stimato\" \/>\n\t<meta name=\"twitter:data1\" content=\"2 minuti\" \/>\n<script type=\"application\/ld+json\" class=\"yoast-schema-graph\">{\"@context\":\"https:\/\/schema.org\",\"@graph\":[{\"@type\":\"WebPage\",\"@id\":\"https:\/\/www.probeautyaesthetics.com\/product\/buy-amalian-sf-14-natural-lips\/\",\"url\":\"https:\/\/www.probeautyaesthetics.com\/product\/buy-amalian-sf-14-natural-lips\/\",\"name\":\"Buy Amalian SF 14 Natural Lips Online - Pro Beauty Aesthetics\",\"isPartOf\":{\"@id\":\"https:\/\/www.probeautyaesthetics.com\/#website\"},\"datePublished\":\"2019-11-14T07:18:15+00:00\",\"dateModified\":\"2020-03-07T06:13:16+00:00\",\"description\":\"Buy Amalian SF 14 Natural Lips Online - ProBeautyAesthetics is a wholesale supplier for Amalian SF 14 Natural Lips. Order Now with Fast Shipping Service.\",\"breadcrumb\":{\"@id\":\"https:\/\/www.probeautyaesthetics.com\/product\/buy-amalian-sf-14-natural-lips\/#breadcrumb\"},\"inLanguage\":\"it-IT\",\"potentialAction\":[{\"@type\":\"ReadAction\",\"target\":[\"https:\/\/www.probeautyaesthetics.com\/product\/buy-amalian-sf-14-natural-lips\/\"]}]},{\"@type\":\"BreadcrumbList\",\"@id\":\"https:\/\/www.probeautyaesthetics.com\/product\/buy-amalian-sf-14-natural-lips\/#breadcrumb\",\"itemListElement\":[{\"@type\":\"ListItem\",\"position\":1,\"name\":\"Home\",\"item\":\"https:\/\/www.probeautyaesthetics.com\/\"},{\"@type\":\"ListItem\",\"position\":2,\"name\":\"Our Products\",\"item\":\"https:\/\/www.probeautyaesthetics.com\/shop\/\"},{\"@type\":\"ListItem\",\"position\":3,\"name\":\"Buy Amalian SF 14 Natural Lips\"}]},{\"@type\":\"WebSite\",\"@id\":\"https:\/\/www.probeautyaesthetics.com\/#website\",\"url\":\"https:\/\/www.probeautyaesthetics.com\/\",\"name\":\"Pro Beauty Aesthetics\",\"description\":\"\",\"publisher\":{\"@id\":\"https:\/\/www.probeautyaesthetics.com\/#organization\"},\"potentialAction\":[{\"@type\":\"SearchAction\",\"target\":{\"@type\":\"EntryPoint\",\"urlTemplate\":\"https:\/\/www.probeautyaesthetics.com\/?s={search_term_string}\"},\"query-input\":\"required name=search_term_string\"}],\"inLanguage\":\"it-IT\"},{\"@type\":\"Organization\",\"@id\":\"https:\/\/www.probeautyaesthetics.com\/#organization\",\"name\":\"Pro Beauty Aesthetics\",\"url\":\"https:\/\/www.probeautyaesthetics.com\/\",\"logo\":{\"@type\":\"ImageObject\",\"inLanguage\":\"it-IT\",\"@id\":\"https:\/\/www.probeautyaesthetics.com\/#\/schema\/logo\/image\/\",\"url\":\"https:\/\/www.probeautyaesthetics.com\/wp-content\/uploads\/2019\/11\/logo-1.png\",\"contentUrl\":\"https:\/\/www.probeautyaesthetics.com\/wp-content\/uploads\/2019\/11\/logo-1.png\",\"width\":200,\"height\":50,\"caption\":\"Pro Beauty Aesthetics\"},\"image\":{\"@id\":\"https:\/\/www.probeautyaesthetics.com\/#\/schema\/logo\/image\/\"}}]}<\/script>\n<!-- \/ Yoast SEO plugin. -->","yoast_head_json":{"title":"Buy Amalian SF 14 Natural Lips Online - Pro Beauty Aesthetics","description":"Buy Amalian SF 14 Natural Lips Online - ProBeautyAesthetics is a wholesale supplier for Amalian SF 14 Natural Lips. Order Now with Fast Shipping Service.","robots":{"index":"index","follow":"follow","max-snippet":"max-snippet:-1","max-image-preview":"max-image-preview:large","max-video-preview":"max-video-preview:-1"},"canonical":"https:\/\/www.probeautyaesthetics.com\/it\/prodotto\/buy-amalian-sf-14-natural-lips\/","og_locale":"it_IT","og_type":"article","og_title":"Buy Amalian SF 14 Natural Lips Online - Pro Beauty Aesthetics","og_description":"Buy Amalian SF 14 Natural Lips Online - ProBeautyAesthetics is a wholesale supplier for Amalian SF 14 Natural Lips. Order Now with Fast Shipping Service.","og_url":"https:\/\/www.probeautyaesthetics.com\/it\/prodotto\/buy-amalian-sf-14-natural-lips\/","og_site_name":"Pro Beauty Aesthetics","article_modified_time":"2020-03-07T06:13:16+00:00","og_image":[{"width":400,"height":400,"url":"https:\/\/www.probeautyaesthetics.com\/wp-content\/uploads\/2019\/11\/Buy-Amalian-SF-14-Natural-Lips.jpg","type":"image\/jpeg"}],"twitter_card":"summary_large_image","twitter_misc":{"Tempo di lettura stimato":"2 minuti"},"schema":{"@context":"https:\/\/schema.org","@graph":[{"@type":"WebPage","@id":"https:\/\/www.probeautyaesthetics.com\/product\/buy-amalian-sf-14-natural-lips\/","url":"https:\/\/www.probeautyaesthetics.com\/product\/buy-amalian-sf-14-natural-lips\/","name":"Buy Amalian SF 14 Natural Lips Online - Pro Beauty Aesthetics","isPartOf":{"@id":"https:\/\/www.probeautyaesthetics.com\/#website"},"datePublished":"2019-11-14T07:18:15+00:00","dateModified":"2020-03-07T06:13:16+00:00","description":"Buy Amalian SF 14 Natural Lips Online - ProBeautyAesthetics is a wholesale supplier for Amalian SF 14 Natural Lips. Order Now with Fast Shipping Service.","breadcrumb":{"@id":"https:\/\/www.probeautyaesthetics.com\/product\/buy-amalian-sf-14-natural-lips\/#breadcrumb"},"inLanguage":"it-IT","potentialAction":[{"@type":"ReadAction","target":["https:\/\/www.probeautyaesthetics.com\/product\/buy-amalian-sf-14-natural-lips\/"]}]},{"@type":"BreadcrumbList","@id":"https:\/\/www.probeautyaesthetics.com\/product\/buy-amalian-sf-14-natural-lips\/#breadcrumb","itemListElement":[{"@type":"ListItem","position":1,"name":"Home","item":"https:\/\/www.probeautyaesthetics.com\/"},{"@type":"ListItem","position":2,"name":"Our Products","item":"https:\/\/www.probeautyaesthetics.com\/shop\/"},{"@type":"ListItem","position":3,"name":"Buy Amalian SF 14 Natural Lips"}]},{"@type":"WebSite","@id":"https:\/\/www.probeautyaesthetics.com\/#website","url":"https:\/\/www.probeautyaesthetics.com\/","name":"Pro Beauty Aesthetics","description":"","publisher":{"@id":"https:\/\/www.probeautyaesthetics.com\/#organization"},"potentialAction":[{"@type":"SearchAction","target":{"@type":"EntryPoint","urlTemplate":"https:\/\/www.probeautyaesthetics.com\/?s={search_term_string}"},"query-input":"required name=search_term_string"}],"inLanguage":"it-IT"},{"@type":"Organization","@id":"https:\/\/www.probeautyaesthetics.com\/#organization","name":"Pro Beauty Aesthetics","url":"https:\/\/www.probeautyaesthetics.com\/","logo":{"@type":"ImageObject","inLanguage":"it-IT","@id":"https:\/\/www.probeautyaesthetics.com\/#\/schema\/logo\/image\/","url":"https:\/\/www.probeautyaesthetics.com\/wp-content\/uploads\/2019\/11\/logo-1.png","contentUrl":"https:\/\/www.probeautyaesthetics.com\/wp-content\/uploads\/2019\/11\/logo-1.png","width":200,"height":50,"caption":"Pro Beauty Aesthetics"},"image":{"@id":"https:\/\/www.probeautyaesthetics.com\/#\/schema\/logo\/image\/"}}]}},"_links":{"self":[{"href":"https:\/\/www.probeautyaesthetics.com\/it\/wp-json\/wp\/v2\/product\/4039"}],"collection":[{"href":"https:\/\/www.probeautyaesthetics.com\/it\/wp-json\/wp\/v2\/product"}],"about":[{"href":"https:\/\/www.probeautyaesthetics.com\/it\/wp-json\/wp\/v2\/types\/product"}],"replies":[{"embeddable":true,"href":"https:\/\/www.probeautyaesthetics.com\/it\/wp-json\/wp\/v2\/comments?post=4039"}],"wp:featuredmedia":[{"embeddable":true,"href":"https:\/\/www.probeautyaesthetics.com\/it\/wp-json\/wp\/v2\/media\/4049"}],"wp:attachment":[{"href":"https:\/\/www.probeautyaesthetics.com\/it\/wp-json\/wp\/v2\/media?parent=4039"}],"wp:term":[{"taxonomy":"product_cat","embeddable":true,"href":"https:\/\/www.probeautyaesthetics.com\/it\/wp-json\/wp\/v2\/product_cat?post=4039"},{"taxonomy":"product_tag","embeddable":true,"href":"https:\/\/www.probeautyaesthetics.com\/it\/wp-json\/wp\/v2\/product_tag?post=4039"}],"curies":[{"name":"wp","href":"https:\/\/api.w.org\/{rel}","templated":true}]}}