{"id":4284,"date":"2019-11-14T07:19:31","date_gmt":"2019-11-14T07:19:31","guid":{"rendered":"https:\/\/www.safeonlinechemist.com\/dermalfillers\/product\/import-placeholder-for-6187\/"},"modified":"2020-02-12T15:42:37","modified_gmt":"2020-02-12T15:42:37","slug":"buy-neauvia-intense-flux-1-x-1ml","status":"publish","type":"product","link":"https:\/\/www.probeautyaesthetics.com\/it\/prodotto\/buy-neauvia-intense-flux-1-x-1ml\/","title":{"rendered":"Comprare Neauvia Flusso Intenso 1 x 1ml"},"content":{"rendered":"<h2 style=\"text-align: justify;\">Acquistare Neauvia Intense Flux 1 x 1ml dal negozio online professionale<\/h2>\n<p style=\"text-align: justify;\">Pro Beauty Aesthetics \u00e8 sempre qui per ottenere Neauvia Intense Flux 1 x 1ml in vendita. Qui, \u00e8 possibile acquistare Neauvia Intense Flux 1 x 1ml con bitcoin, moneygram e western union. Il tuo ordine per Neauvia Intense Flux 1 x 1ml online ti arriver\u00e0 a breve. Connettetevi con il nostro negozio online e acquistate Neauvia Intense Flux 1 x 1ml a basso prezzo oggi!<\/p>\n<h3 style=\"text-align: justify;\">Quali sono i benefici di Neauvia Intense Flux 1 x 1ml?<\/h3>\n<p style=\"text-align: justify;\">Neauvia Organic Intense Flux \u00e8 un filler naturale a bassa viscoelasticit\u00e0 ed elevata biointegrazione. Neauvia Organic Intense Flux \u00e8 previsto per la ricostruzione tissutale profonda del volume nella pelle moderata ed enfaticamente matura. \u00c8 adatto per essere iniettato nello strato intradermico.<\/p>\n<ul style=\"text-align: justify;\">\n<li>Alta convergenza di HA e bassa viscoelasticit\u00e0<\/li>\n<li>Recupero del volume dei tessuti profondi<\/li>\n<li>Regioni di trattamento: pieghe nasolabiali, ingrandimento delle labbra, forme del viso, mento e guancia<\/li>\n<li>I risultati sono un momento del trattamento principale.<\/li>\n<li>La moderata biodegradazione implica che i risultati sono comunemente duraturi.<\/li>\n<\/ul>\n<h3 style=\"text-align: justify;\">Ordina adesso!<\/h3>\n<p style=\"text-align: justify;\">Presentate le vostre richieste per l'acquisto di Neauvia Intense Flux 1 x 1ml online presso il nostro negozio e aspettatevi il suo completamento in un breve lasso di tempo. Vi forniremo il vostro prodotto comodamente. Ordinate subito Neauvia Intense Flux 1 x 1ml e iniziate a usarlo per i vostri benefici.<\/p>","protected":false},"excerpt":{"rendered":"<table>\n<tbody>\n<tr>\n<td>Misurare<\/td>\n<td>1ml<\/td>\n<\/tr>\n<tr>\n<td>Prodotto con licenza<\/td>\n<td>NO<\/td>\n<\/tr>\n<tr>\n<td>Registrazione richiesta<\/td>\n<td>NO<\/td>\n<\/tr>\n<tr>\n<td>Paese Regione<\/td>\n<td>Questo prodotto \u00e8 di origine europea<\/td>\n<\/tr>\n<\/tbody>\n<\/table>","protected":false},"featured_media":4296,"comment_status":"open","ping_status":"closed","template":"","meta":{"_joinchat":[]},"product_cat":[138,340],"product_tag":[341,342,343,344,345,346,347,348,349,350,351],"yoast_head":"<!-- This site is optimized with the Yoast SEO plugin v21.3 - https:\/\/yoast.com\/wordpress\/plugins\/seo\/ -->\n<title>Buy Neauvia Intense Flux 1 x 1ml - Pro Beauty Aesthetics<\/title>\n<meta name=\"robots\" content=\"index, follow, max-snippet:-1, max-image-preview:large, max-video-preview:-1\" \/>\n<link rel=\"canonical\" href=\"https:\/\/www.probeautyaesthetics.com\/it\/prodotto\/buy-neauvia-intense-flux-1-x-1ml\/\" \/>\n<meta property=\"og:locale\" content=\"it_IT\" \/>\n<meta property=\"og:type\" content=\"article\" \/>\n<meta property=\"og:title\" content=\"Buy Neauvia Intense Flux 1 x 1ml - Pro Beauty Aesthetics\" \/>\n<meta property=\"og:description\" content=\"Size 1ml   Licensed Product No   Registration Required No   Country Region This product is of European origin\" \/>\n<meta property=\"og:url\" content=\"https:\/\/www.probeautyaesthetics.com\/it\/prodotto\/buy-neauvia-intense-flux-1-x-1ml\/\" \/>\n<meta property=\"og:site_name\" content=\"Pro Beauty Aesthetics\" \/>\n<meta property=\"article:modified_time\" content=\"2020-02-12T15:42:37+00:00\" \/>\n<meta property=\"og:image\" content=\"https:\/\/www.probeautyaesthetics.com\/wp-content\/uploads\/2019\/11\/Buy-Neauvia-Intense-Flux-1-x-1ml.jpg\" \/>\n\t<meta property=\"og:image:width\" content=\"528\" \/>\n\t<meta property=\"og:image:height\" content=\"545\" \/>\n\t<meta property=\"og:image:type\" content=\"image\/jpeg\" \/>\n<meta name=\"twitter:card\" content=\"summary_large_image\" \/>\n<meta name=\"twitter:label1\" content=\"Tempo di lettura stimato\" \/>\n\t<meta name=\"twitter:data1\" content=\"1 minuto\" \/>\n<script type=\"application\/ld+json\" class=\"yoast-schema-graph\">{\"@context\":\"https:\/\/schema.org\",\"@graph\":[{\"@type\":\"WebPage\",\"@id\":\"https:\/\/www.probeautyaesthetics.com\/product\/buy-neauvia-intense-flux-1-x-1ml\/\",\"url\":\"https:\/\/www.probeautyaesthetics.com\/product\/buy-neauvia-intense-flux-1-x-1ml\/\",\"name\":\"Buy Neauvia Intense Flux 1 x 1ml - Pro Beauty Aesthetics\",\"isPartOf\":{\"@id\":\"https:\/\/www.probeautyaesthetics.com\/#website\"},\"datePublished\":\"2019-11-14T07:19:31+00:00\",\"dateModified\":\"2020-02-12T15:42:37+00:00\",\"breadcrumb\":{\"@id\":\"https:\/\/www.probeautyaesthetics.com\/product\/buy-neauvia-intense-flux-1-x-1ml\/#breadcrumb\"},\"inLanguage\":\"it-IT\",\"potentialAction\":[{\"@type\":\"ReadAction\",\"target\":[\"https:\/\/www.probeautyaesthetics.com\/product\/buy-neauvia-intense-flux-1-x-1ml\/\"]}]},{\"@type\":\"BreadcrumbList\",\"@id\":\"https:\/\/www.probeautyaesthetics.com\/product\/buy-neauvia-intense-flux-1-x-1ml\/#breadcrumb\",\"itemListElement\":[{\"@type\":\"ListItem\",\"position\":1,\"name\":\"Home\",\"item\":\"https:\/\/www.probeautyaesthetics.com\/\"},{\"@type\":\"ListItem\",\"position\":2,\"name\":\"Our Products\",\"item\":\"https:\/\/www.probeautyaesthetics.com\/shop\/\"},{\"@type\":\"ListItem\",\"position\":3,\"name\":\"Buy Neauvia Intense Flux 1 x 1ml\"}]},{\"@type\":\"WebSite\",\"@id\":\"https:\/\/www.probeautyaesthetics.com\/#website\",\"url\":\"https:\/\/www.probeautyaesthetics.com\/\",\"name\":\"Pro Beauty Aesthetics\",\"description\":\"\",\"publisher\":{\"@id\":\"https:\/\/www.probeautyaesthetics.com\/#organization\"},\"potentialAction\":[{\"@type\":\"SearchAction\",\"target\":{\"@type\":\"EntryPoint\",\"urlTemplate\":\"https:\/\/www.probeautyaesthetics.com\/?s={search_term_string}\"},\"query-input\":\"required name=search_term_string\"}],\"inLanguage\":\"it-IT\"},{\"@type\":\"Organization\",\"@id\":\"https:\/\/www.probeautyaesthetics.com\/#organization\",\"name\":\"Pro Beauty Aesthetics\",\"url\":\"https:\/\/www.probeautyaesthetics.com\/\",\"logo\":{\"@type\":\"ImageObject\",\"inLanguage\":\"it-IT\",\"@id\":\"https:\/\/www.probeautyaesthetics.com\/#\/schema\/logo\/image\/\",\"url\":\"https:\/\/www.probeautyaesthetics.com\/wp-content\/uploads\/2019\/11\/logo-1.png\",\"contentUrl\":\"https:\/\/www.probeautyaesthetics.com\/wp-content\/uploads\/2019\/11\/logo-1.png\",\"width\":200,\"height\":50,\"caption\":\"Pro Beauty Aesthetics\"},\"image\":{\"@id\":\"https:\/\/www.probeautyaesthetics.com\/#\/schema\/logo\/image\/\"}}]}<\/script>\n<!-- \/ Yoast SEO plugin. -->","yoast_head_json":{"title":"Buy Neauvia Intense Flux 1 x 1ml - Pro Beauty Aesthetics","robots":{"index":"index","follow":"follow","max-snippet":"max-snippet:-1","max-image-preview":"max-image-preview:large","max-video-preview":"max-video-preview:-1"},"canonical":"https:\/\/www.probeautyaesthetics.com\/it\/prodotto\/buy-neauvia-intense-flux-1-x-1ml\/","og_locale":"it_IT","og_type":"article","og_title":"Buy Neauvia Intense Flux 1 x 1ml - Pro Beauty Aesthetics","og_description":"Size 1ml   Licensed Product No   Registration Required No   Country Region This product is of European origin","og_url":"https:\/\/www.probeautyaesthetics.com\/it\/prodotto\/buy-neauvia-intense-flux-1-x-1ml\/","og_site_name":"Pro Beauty Aesthetics","article_modified_time":"2020-02-12T15:42:37+00:00","og_image":[{"width":528,"height":545,"url":"https:\/\/www.probeautyaesthetics.com\/wp-content\/uploads\/2019\/11\/Buy-Neauvia-Intense-Flux-1-x-1ml.jpg","type":"image\/jpeg"}],"twitter_card":"summary_large_image","twitter_misc":{"Tempo di lettura stimato":"1 minuto"},"schema":{"@context":"https:\/\/schema.org","@graph":[{"@type":"WebPage","@id":"https:\/\/www.probeautyaesthetics.com\/product\/buy-neauvia-intense-flux-1-x-1ml\/","url":"https:\/\/www.probeautyaesthetics.com\/product\/buy-neauvia-intense-flux-1-x-1ml\/","name":"Buy Neauvia Intense Flux 1 x 1ml - Pro Beauty Aesthetics","isPartOf":{"@id":"https:\/\/www.probeautyaesthetics.com\/#website"},"datePublished":"2019-11-14T07:19:31+00:00","dateModified":"2020-02-12T15:42:37+00:00","breadcrumb":{"@id":"https:\/\/www.probeautyaesthetics.com\/product\/buy-neauvia-intense-flux-1-x-1ml\/#breadcrumb"},"inLanguage":"it-IT","potentialAction":[{"@type":"ReadAction","target":["https:\/\/www.probeautyaesthetics.com\/product\/buy-neauvia-intense-flux-1-x-1ml\/"]}]},{"@type":"BreadcrumbList","@id":"https:\/\/www.probeautyaesthetics.com\/product\/buy-neauvia-intense-flux-1-x-1ml\/#breadcrumb","itemListElement":[{"@type":"ListItem","position":1,"name":"Home","item":"https:\/\/www.probeautyaesthetics.com\/"},{"@type":"ListItem","position":2,"name":"Our Products","item":"https:\/\/www.probeautyaesthetics.com\/shop\/"},{"@type":"ListItem","position":3,"name":"Buy Neauvia Intense Flux 1 x 1ml"}]},{"@type":"WebSite","@id":"https:\/\/www.probeautyaesthetics.com\/#website","url":"https:\/\/www.probeautyaesthetics.com\/","name":"Pro Beauty Aesthetics","description":"","publisher":{"@id":"https:\/\/www.probeautyaesthetics.com\/#organization"},"potentialAction":[{"@type":"SearchAction","target":{"@type":"EntryPoint","urlTemplate":"https:\/\/www.probeautyaesthetics.com\/?s={search_term_string}"},"query-input":"required name=search_term_string"}],"inLanguage":"it-IT"},{"@type":"Organization","@id":"https:\/\/www.probeautyaesthetics.com\/#organization","name":"Pro Beauty Aesthetics","url":"https:\/\/www.probeautyaesthetics.com\/","logo":{"@type":"ImageObject","inLanguage":"it-IT","@id":"https:\/\/www.probeautyaesthetics.com\/#\/schema\/logo\/image\/","url":"https:\/\/www.probeautyaesthetics.com\/wp-content\/uploads\/2019\/11\/logo-1.png","contentUrl":"https:\/\/www.probeautyaesthetics.com\/wp-content\/uploads\/2019\/11\/logo-1.png","width":200,"height":50,"caption":"Pro Beauty Aesthetics"},"image":{"@id":"https:\/\/www.probeautyaesthetics.com\/#\/schema\/logo\/image\/"}}]}},"_links":{"self":[{"href":"https:\/\/www.probeautyaesthetics.com\/it\/wp-json\/wp\/v2\/product\/4284"}],"collection":[{"href":"https:\/\/www.probeautyaesthetics.com\/it\/wp-json\/wp\/v2\/product"}],"about":[{"href":"https:\/\/www.probeautyaesthetics.com\/it\/wp-json\/wp\/v2\/types\/product"}],"replies":[{"embeddable":true,"href":"https:\/\/www.probeautyaesthetics.com\/it\/wp-json\/wp\/v2\/comments?post=4284"}],"wp:featuredmedia":[{"embeddable":true,"href":"https:\/\/www.probeautyaesthetics.com\/it\/wp-json\/wp\/v2\/media\/4296"}],"wp:attachment":[{"href":"https:\/\/www.probeautyaesthetics.com\/it\/wp-json\/wp\/v2\/media?parent=4284"}],"wp:term":[{"taxonomy":"product_cat","embeddable":true,"href":"https:\/\/www.probeautyaesthetics.com\/it\/wp-json\/wp\/v2\/product_cat?post=4284"},{"taxonomy":"product_tag","embeddable":true,"href":"https:\/\/www.probeautyaesthetics.com\/it\/wp-json\/wp\/v2\/product_tag?post=4284"}],"curies":[{"name":"wp","href":"https:\/\/api.w.org\/{rel}","templated":true}]}}