{"id":4027,"date":"2019-11-14T07:18:14","date_gmt":"2019-11-14T07:18:14","guid":{"rendered":"https:\/\/www.safeonlinechemist.com\/dermalfillers\/product\/import-placeholder-for-5810\/"},"modified":"2020-03-05T07:48:53","modified_gmt":"2020-03-05T07:48:53","slug":"buy-amalian-lt-beauty-lips-1x1-0ml","status":"publish","type":"product","link":"https:\/\/www.probeautyaesthetics.com\/nl_be\/product\/buy-amalian-lt-beauty-lips-1x1-0ml\/","title":{"rendered":"Koop Amalian LT Beauty Lips (1 \u00d7 1,0 ml) online"},"content":{"rendered":"<h2 style=\"text-align: justify;\">Koop Amalian LT Beauty Lips (1\u00d71,0 ml) online tegen voordelige prijzen<\/h2>\n<p style=\"text-align: justify;\">Pro Beauty Aesthetics \u00e9 uma loja online confi\u00e1vel onde voc\u00ea pode comprar Amalian LT Beauty Lips (1\u00d71.0ml) com bitcoin, moneygram e western union. Voc\u00ea tamb\u00e9m pode comprar Amalian LT Beauty Lips (1 \u00d7 1,0 ml) para venda aqui. Entre em contato com nossa loja online e encomende Amalian LT Beauty Lips (1\u00d71,0ml) agora mesmo!<\/p>\n<h3 style=\"text-align: justify;\">Wat is Amalian LT Beauty Lips (1\u00d71.0ml) en de effectiviteit ervan?<\/h3>\n<p style=\"text-align: justify;\">Amalian LT Beauty Lips (1\u00d71.0ml) is een andere definitie voor monofasische, meer geaarde groei van de lippen. Stevigheid en flexibiliteit. Als u uw jonge glans wilt behouden, kan Amalian LT Beauty Lips (1\u00d71,0 ml) u hierbij helpen door in uw huid te werken om de lederhuid te herstellen. Klinische voorbereidingen raden aan om Amalian LT Beauty Lips \u00e9\u00e9n keer op rolletjes te laten lopen voor de beste resultaten. Hoe dan ook, er zijn talloze componenten die de levensduur van effecten bepalen, waaronder de leeftijd van mensen, levensstijl en vereiste behandeling.<\/p>\n<p style=\"text-align: justify;\">Amalian LT Beauty Lips (1\u00d71,0 ml) wordt ge\u00efnjecteerd in de middelste laag van de dermis van de huid en kan worden gebruikt om:<\/p>\n<ul style=\"text-align: justify;\">\n<li>Vernieuw de hydratatie<\/li>\n<li>Maak en verbeter een briljante glans<\/li>\n<li>Stel de aanwezigheid van nauwelijks waarneembare verschillen en rimpels uit<\/li>\n<\/ul>\n<h3 style=\"text-align: justify;\">Plaats nu uw bestelling!<\/h3>\n<p style=\"text-align: justify;\">Koop Amalian LT Beauty Lips (1\u00d71.0ml) goedkoop in onze online winkel en ontvang het zo snel mogelijk op uw adres!<\/p>\n<p>&nbsp;<\/p>\n<p>koop amalian lt beauty lips (1\u00d71.0ml) online, amalian lt beauty lips (1\u00d71.0ml) te koop, amalian lt beauty lips (1\u00d71.0ml) te koop USA, koop echte amalian lt beauty lips (1\u00d71.0 ml) online, waar u amalian lt beauty lips (1\u00d71.0ml) kunt kopen, amalian lt beauty lips (1\u00d71.0ml) online kunt kopen, amalian lt beauty lips (1\u00d71.0ml) kunt kopen Spanje, amalian lt beauty lips (1 \u00d71.0ml) te koop Oekra\u00efne, amalian lt beauty lips (1\u00d71.0ml) te koop Canada, amalian lt beauty lips (1\u00d71.0ml) te koop Europa, kopen amalian lt beauty lips (1\u00d71.0ml) online legaal, koop amalian lt beauty lips (1\u00d71.0ml) online met bitcoin, koop amalian lt beauty lips (1\u00d71.0ml) online met MoneyGram, amalian lt beauty lips (1\u00d71.0ml) te koop bij Western Union, hoe amalian te kopen lt beauty lips (1\u00d71.0ml) online, koop amalian lt beauty lips (1\u00d71.0ml) goedkoop, koop real amalian lt beauty lips (1\u00d71.0ml) online, bestel amalian lt beauty lips (1\u00d71.0ml) ) online, Mail amalian lt beauty lips (1\u00d71.0ml), U kunt amalian lt beauty lips (1\u00d71.0ml) bestellen in de VS, Canada, Europa, Itali\u00eb.<\/p>","protected":false},"excerpt":{"rendered":"<p>Buy Amalian LT Beauty Lips (1\u00d71.0ml) Online At Cost-Effective Prices Pro Beauty Aesthetics is a reliable online shop from where you can buy Amalian LT Beauty Lips (1\u00d71.0ml) with bitcoin,<\/p>","protected":false},"featured_media":4047,"comment_status":"open","ping_status":"closed","template":"","meta":{"_joinchat":[]},"product_cat":[138,237],"product_tag":[238,239,240,241,243,248,244],"yoast_head":"<!-- This site is optimized with the Yoast SEO plugin v21.3 - https:\/\/yoast.com\/wordpress\/plugins\/seo\/ -->\n<title>Buy Amalian LT Beauty Lips (1\u00d71.0ml) Online | Probeautyaesthetics.Com<\/title>\n<meta name=\"description\" content=\"You can buy amalian LT beauty lips 1 x1ml online at lowest price from Probeautyaesthetics.Com. Amalian LT for Sale with Free Shipping Service.Order Now!\" \/>\n<meta name=\"robots\" content=\"index, follow, max-snippet:-1, max-image-preview:large, max-video-preview:-1\" \/>\n<link rel=\"canonical\" href=\"https:\/\/www.probeautyaesthetics.com\/nl_be\/product\/buy-amalian-lt-beauty-lips-1x1-0ml\/\" \/>\n<meta property=\"og:locale\" content=\"nl_BE\" \/>\n<meta property=\"og:type\" content=\"article\" \/>\n<meta property=\"og:title\" content=\"Buy Amalian LT Beauty Lips (1\u00d71.0ml) Online | Probeautyaesthetics.Com\" \/>\n<meta property=\"og:description\" content=\"You can buy amalian LT beauty lips 1 x1ml online at lowest price from Probeautyaesthetics.Com. Amalian LT for Sale with Free Shipping Service.Order Now!\" \/>\n<meta property=\"og:url\" content=\"https:\/\/www.probeautyaesthetics.com\/nl_be\/product\/buy-amalian-lt-beauty-lips-1x1-0ml\/\" \/>\n<meta property=\"og:site_name\" content=\"Pro Beauty Aesthetics\" \/>\n<meta property=\"article:modified_time\" content=\"2020-03-05T07:48:53+00:00\" \/>\n<meta property=\"og:image\" content=\"https:\/\/www.probeautyaesthetics.com\/wp-content\/uploads\/2019\/11\/Buy-Amalian-LT-Beauty-Lips-1x1.0ml.jpg\" \/>\n\t<meta property=\"og:image:width\" content=\"630\" \/>\n\t<meta property=\"og:image:height\" content=\"671\" \/>\n\t<meta property=\"og:image:type\" content=\"image\/jpeg\" \/>\n<meta name=\"twitter:card\" content=\"summary_large_image\" \/>\n<meta name=\"twitter:label1\" content=\"Geschatte leestijd\" \/>\n\t<meta name=\"twitter:data1\" content=\"2 minuten\" \/>\n<script type=\"application\/ld+json\" class=\"yoast-schema-graph\">{\"@context\":\"https:\/\/schema.org\",\"@graph\":[{\"@type\":\"WebPage\",\"@id\":\"https:\/\/www.probeautyaesthetics.com\/product\/buy-amalian-lt-beauty-lips-1x1-0ml\/\",\"url\":\"https:\/\/www.probeautyaesthetics.com\/product\/buy-amalian-lt-beauty-lips-1x1-0ml\/\",\"name\":\"Buy Amalian LT Beauty Lips (1\u00d71.0ml) Online | Probeautyaesthetics.Com\",\"isPartOf\":{\"@id\":\"https:\/\/www.probeautyaesthetics.com\/#website\"},\"datePublished\":\"2019-11-14T07:18:14+00:00\",\"dateModified\":\"2020-03-05T07:48:53+00:00\",\"description\":\"You can buy amalian LT beauty lips 1 x1ml online at lowest price from Probeautyaesthetics.Com. Amalian LT for Sale with Free Shipping Service.Order Now!\",\"breadcrumb\":{\"@id\":\"https:\/\/www.probeautyaesthetics.com\/product\/buy-amalian-lt-beauty-lips-1x1-0ml\/#breadcrumb\"},\"inLanguage\":\"nl-BE\",\"potentialAction\":[{\"@type\":\"ReadAction\",\"target\":[\"https:\/\/www.probeautyaesthetics.com\/product\/buy-amalian-lt-beauty-lips-1x1-0ml\/\"]}]},{\"@type\":\"BreadcrumbList\",\"@id\":\"https:\/\/www.probeautyaesthetics.com\/product\/buy-amalian-lt-beauty-lips-1x1-0ml\/#breadcrumb\",\"itemListElement\":[{\"@type\":\"ListItem\",\"position\":1,\"name\":\"Home\",\"item\":\"https:\/\/www.probeautyaesthetics.com\/\"},{\"@type\":\"ListItem\",\"position\":2,\"name\":\"Our Products\",\"item\":\"https:\/\/www.probeautyaesthetics.com\/shop\/\"},{\"@type\":\"ListItem\",\"position\":3,\"name\":\"Buy Amalian LT Beauty Lips (1\u00d71.0ml) Online\"}]},{\"@type\":\"WebSite\",\"@id\":\"https:\/\/www.probeautyaesthetics.com\/#website\",\"url\":\"https:\/\/www.probeautyaesthetics.com\/\",\"name\":\"Pro Beauty Aesthetics\",\"description\":\"\",\"publisher\":{\"@id\":\"https:\/\/www.probeautyaesthetics.com\/#organization\"},\"potentialAction\":[{\"@type\":\"SearchAction\",\"target\":{\"@type\":\"EntryPoint\",\"urlTemplate\":\"https:\/\/www.probeautyaesthetics.com\/?s={search_term_string}\"},\"query-input\":\"required name=search_term_string\"}],\"inLanguage\":\"nl-BE\"},{\"@type\":\"Organization\",\"@id\":\"https:\/\/www.probeautyaesthetics.com\/#organization\",\"name\":\"Pro Beauty Aesthetics\",\"url\":\"https:\/\/www.probeautyaesthetics.com\/\",\"logo\":{\"@type\":\"ImageObject\",\"inLanguage\":\"nl-BE\",\"@id\":\"https:\/\/www.probeautyaesthetics.com\/#\/schema\/logo\/image\/\",\"url\":\"https:\/\/www.probeautyaesthetics.com\/wp-content\/uploads\/2019\/11\/logo-1.png\",\"contentUrl\":\"https:\/\/www.probeautyaesthetics.com\/wp-content\/uploads\/2019\/11\/logo-1.png\",\"width\":200,\"height\":50,\"caption\":\"Pro Beauty Aesthetics\"},\"image\":{\"@id\":\"https:\/\/www.probeautyaesthetics.com\/#\/schema\/logo\/image\/\"}}]}<\/script>\n<!-- \/ Yoast SEO plugin. -->","yoast_head_json":{"title":"Buy Amalian LT Beauty Lips (1\u00d71.0ml) Online | Probeautyaesthetics.Com","description":"You can buy amalian LT beauty lips 1 x1ml online at lowest price from Probeautyaesthetics.Com. Amalian LT for Sale with Free Shipping Service.Order Now!","robots":{"index":"index","follow":"follow","max-snippet":"max-snippet:-1","max-image-preview":"max-image-preview:large","max-video-preview":"max-video-preview:-1"},"canonical":"https:\/\/www.probeautyaesthetics.com\/nl_be\/product\/buy-amalian-lt-beauty-lips-1x1-0ml\/","og_locale":"nl_BE","og_type":"article","og_title":"Buy Amalian LT Beauty Lips (1\u00d71.0ml) Online | Probeautyaesthetics.Com","og_description":"You can buy amalian LT beauty lips 1 x1ml online at lowest price from Probeautyaesthetics.Com. Amalian LT for Sale with Free Shipping Service.Order Now!","og_url":"https:\/\/www.probeautyaesthetics.com\/nl_be\/product\/buy-amalian-lt-beauty-lips-1x1-0ml\/","og_site_name":"Pro Beauty Aesthetics","article_modified_time":"2020-03-05T07:48:53+00:00","og_image":[{"width":630,"height":671,"url":"https:\/\/www.probeautyaesthetics.com\/wp-content\/uploads\/2019\/11\/Buy-Amalian-LT-Beauty-Lips-1x1.0ml.jpg","type":"image\/jpeg"}],"twitter_card":"summary_large_image","twitter_misc":{"Geschatte leestijd":"2 minuten"},"schema":{"@context":"https:\/\/schema.org","@graph":[{"@type":"WebPage","@id":"https:\/\/www.probeautyaesthetics.com\/product\/buy-amalian-lt-beauty-lips-1x1-0ml\/","url":"https:\/\/www.probeautyaesthetics.com\/product\/buy-amalian-lt-beauty-lips-1x1-0ml\/","name":"Buy Amalian LT Beauty Lips (1\u00d71.0ml) Online | Probeautyaesthetics.Com","isPartOf":{"@id":"https:\/\/www.probeautyaesthetics.com\/#website"},"datePublished":"2019-11-14T07:18:14+00:00","dateModified":"2020-03-05T07:48:53+00:00","description":"You can buy amalian LT beauty lips 1 x1ml online at lowest price from Probeautyaesthetics.Com. Amalian LT for Sale with Free Shipping Service.Order Now!","breadcrumb":{"@id":"https:\/\/www.probeautyaesthetics.com\/product\/buy-amalian-lt-beauty-lips-1x1-0ml\/#breadcrumb"},"inLanguage":"nl-BE","potentialAction":[{"@type":"ReadAction","target":["https:\/\/www.probeautyaesthetics.com\/product\/buy-amalian-lt-beauty-lips-1x1-0ml\/"]}]},{"@type":"BreadcrumbList","@id":"https:\/\/www.probeautyaesthetics.com\/product\/buy-amalian-lt-beauty-lips-1x1-0ml\/#breadcrumb","itemListElement":[{"@type":"ListItem","position":1,"name":"Home","item":"https:\/\/www.probeautyaesthetics.com\/"},{"@type":"ListItem","position":2,"name":"Our Products","item":"https:\/\/www.probeautyaesthetics.com\/shop\/"},{"@type":"ListItem","position":3,"name":"Buy Amalian LT Beauty Lips (1\u00d71.0ml) Online"}]},{"@type":"WebSite","@id":"https:\/\/www.probeautyaesthetics.com\/#website","url":"https:\/\/www.probeautyaesthetics.com\/","name":"Pro Beauty Aesthetics","description":"","publisher":{"@id":"https:\/\/www.probeautyaesthetics.com\/#organization"},"potentialAction":[{"@type":"SearchAction","target":{"@type":"EntryPoint","urlTemplate":"https:\/\/www.probeautyaesthetics.com\/?s={search_term_string}"},"query-input":"required name=search_term_string"}],"inLanguage":"nl-BE"},{"@type":"Organization","@id":"https:\/\/www.probeautyaesthetics.com\/#organization","name":"Pro Beauty Aesthetics","url":"https:\/\/www.probeautyaesthetics.com\/","logo":{"@type":"ImageObject","inLanguage":"nl-BE","@id":"https:\/\/www.probeautyaesthetics.com\/#\/schema\/logo\/image\/","url":"https:\/\/www.probeautyaesthetics.com\/wp-content\/uploads\/2019\/11\/logo-1.png","contentUrl":"https:\/\/www.probeautyaesthetics.com\/wp-content\/uploads\/2019\/11\/logo-1.png","width":200,"height":50,"caption":"Pro Beauty Aesthetics"},"image":{"@id":"https:\/\/www.probeautyaesthetics.com\/#\/schema\/logo\/image\/"}}]}},"_links":{"self":[{"href":"https:\/\/www.probeautyaesthetics.com\/nl_be\/wp-json\/wp\/v2\/product\/4027"}],"collection":[{"href":"https:\/\/www.probeautyaesthetics.com\/nl_be\/wp-json\/wp\/v2\/product"}],"about":[{"href":"https:\/\/www.probeautyaesthetics.com\/nl_be\/wp-json\/wp\/v2\/types\/product"}],"replies":[{"embeddable":true,"href":"https:\/\/www.probeautyaesthetics.com\/nl_be\/wp-json\/wp\/v2\/comments?post=4027"}],"wp:featuredmedia":[{"embeddable":true,"href":"https:\/\/www.probeautyaesthetics.com\/nl_be\/wp-json\/wp\/v2\/media\/4047"}],"wp:attachment":[{"href":"https:\/\/www.probeautyaesthetics.com\/nl_be\/wp-json\/wp\/v2\/media?parent=4027"}],"wp:term":[{"taxonomy":"product_cat","embeddable":true,"href":"https:\/\/www.probeautyaesthetics.com\/nl_be\/wp-json\/wp\/v2\/product_cat?post=4027"},{"taxonomy":"product_tag","embeddable":true,"href":"https:\/\/www.probeautyaesthetics.com\/nl_be\/wp-json\/wp\/v2\/product_tag?post=4027"}],"curies":[{"name":"wp","href":"https:\/\/api.w.org\/{rel}","templated":true}]}}