{"id":4810,"date":"2019-11-14T07:22:10","date_gmt":"2019-11-14T07:22:10","guid":{"rendered":"https:\/\/www.safeonlinechemist.com\/dermalfillers\/product\/import-placeholder-for-6815\/"},"modified":"2020-02-27T16:05:09","modified_gmt":"2020-02-27T16:05:09","slug":"buy-princess-rich-filler-1x1ml","status":"publish","type":"product","link":"https:\/\/www.probeautyaesthetics.com\/nl_be\/product\/buy-princess-rich-filler-1x1ml\/","title":{"rendered":"Princess Rich Filler (1x1ml) kopen"},"content":{"rendered":"<h2 style=\"text-align: justify;\">Koop Princess Rich Filler (1x1ml) online bij de winkel van wereldklasse<\/h2>\n<p style=\"text-align: justify;\">Je kunt Princess Rich Filler (1x1ml) nu kopen met bitcoin, moneygram en western union bij Pro Beauty Aesthetics. We hebben Princess Rich Filler (1x1ml) ook te koop. Plaats uw bestelling om Princess Rich Filler (1x1ml) te kopen tegen een goedkope prijs vandaag en ontvang de levering op uw opgegeven adres binnen een korte tijdspanne door onze deskundige teamleden.<\/p>\n<h3 style=\"text-align: justify;\">Wat zijn de specificaties en voordelen van Princess Rich Filler (1x1ml)?<\/h3>\n<p style=\"text-align: justify;\">Princess Rich Filler (1x1ml) bevat een hoge concentratie hyaluronzuur met een extreem hoog subatomair gewicht voor een betrouwbaar verjongingseffect. HA en glycerol werken tegelijkertijd samen om de hydratatie van de huid uit te breiden. Het verbetert bovendien de veelzijdigheid en teint en geeft een buitengewone gloed.<\/p>\n<ul style=\"text-align: justify;\">\n<li>De gel wordt in de ondiepe lederhuid ge\u00efnjecteerd en pati\u00ebnten krijgen \u00e9\u00e9n behandeling voorgeschreven.<\/li>\n<li>Deze behandeling is in alle opzichten pijnloos en eenvoudig te gebruiken.<\/li>\n<li>Een schone, steriele gel die wordt gebalanceerd door glycerol als optie in tegenstelling tot een kruisverbinding.<\/li>\n<\/ul>\n<h3 style=\"text-align: justify;\">Maak verbinding met onze winkel!<\/h3>\n<p style=\"text-align: justify;\">Ga naar onze professionele webwinkel en koop Princess Rich Filler (1x1ml) gemakkelijk online. Wij staan altijd voor je klaar om je zo snel mogelijk van dit product te voorzien!<\/p>","protected":false},"excerpt":{"rendered":"<table>\n<tbody>\n<tr>\n<td>Maat<\/td>\n<td>1 ml<\/td>\n<\/tr>\n<tr>\n<td>Gelicentieerd product<\/td>\n<td>Nee<\/td>\n<\/tr>\n<tr>\n<td>Registratie vereist<\/td>\n<td>Nee<\/td>\n<\/tr>\n<tr>\n<td>Land Regio<\/td>\n<td>Dit product is van Europese oorsprong<\/td>\n<\/tr>\n<\/tbody>\n<\/table>","protected":false},"featured_media":4823,"comment_status":"open","ping_status":"closed","template":"","meta":{"_joinchat":[]},"product_cat":[138,527],"product_tag":[542,529,277,530,531,532,533,534,535,536,537,538,539,540,541],"yoast_head":"<!-- This site is optimized with the Yoast SEO plugin v21.3 - https:\/\/yoast.com\/wordpress\/plugins\/seo\/ -->\n<title>Buy Princess Rich Filler (1x1ml) - Pro Beauty Aesthetics<\/title>\n<meta name=\"robots\" content=\"index, follow, max-snippet:-1, max-image-preview:large, max-video-preview:-1\" \/>\n<link rel=\"canonical\" href=\"https:\/\/www.probeautyaesthetics.com\/nl_be\/product\/buy-princess-rich-filler-1x1ml\/\" \/>\n<meta property=\"og:locale\" content=\"nl_BE\" \/>\n<meta property=\"og:type\" content=\"article\" \/>\n<meta property=\"og:title\" content=\"Buy Princess Rich Filler (1x1ml) - Pro Beauty Aesthetics\" \/>\n<meta property=\"og:description\" content=\"Size 1 ml   Licensed Product No   Registration Required No   Country Region This product is of European origin\" \/>\n<meta property=\"og:url\" content=\"https:\/\/www.probeautyaesthetics.com\/nl_be\/product\/buy-princess-rich-filler-1x1ml\/\" \/>\n<meta property=\"og:site_name\" content=\"Pro Beauty Aesthetics\" \/>\n<meta property=\"article:modified_time\" content=\"2020-02-27T16:05:09+00:00\" \/>\n<meta property=\"og:image\" content=\"https:\/\/www.probeautyaesthetics.com\/wp-content\/uploads\/2019\/11\/Buy-Princess-Rich-Filler-1x1ml-600x600.jpg\" \/>\n\t<meta property=\"og:image:width\" content=\"600\" \/>\n\t<meta property=\"og:image:height\" content=\"600\" \/>\n\t<meta property=\"og:image:type\" content=\"image\/jpeg\" \/>\n<meta name=\"twitter:card\" content=\"summary_large_image\" \/>\n<meta name=\"twitter:label1\" content=\"Geschatte leestijd\" \/>\n\t<meta name=\"twitter:data1\" content=\"1 minuut\" \/>\n<script type=\"application\/ld+json\" class=\"yoast-schema-graph\">{\"@context\":\"https:\/\/schema.org\",\"@graph\":[{\"@type\":\"WebPage\",\"@id\":\"https:\/\/www.probeautyaesthetics.com\/product\/buy-princess-rich-filler-1x1ml\/\",\"url\":\"https:\/\/www.probeautyaesthetics.com\/product\/buy-princess-rich-filler-1x1ml\/\",\"name\":\"Buy Princess Rich Filler (1x1ml) - Pro Beauty Aesthetics\",\"isPartOf\":{\"@id\":\"https:\/\/www.probeautyaesthetics.com\/#website\"},\"datePublished\":\"2019-11-14T07:22:10+00:00\",\"dateModified\":\"2020-02-27T16:05:09+00:00\",\"breadcrumb\":{\"@id\":\"https:\/\/www.probeautyaesthetics.com\/product\/buy-princess-rich-filler-1x1ml\/#breadcrumb\"},\"inLanguage\":\"nl-BE\",\"potentialAction\":[{\"@type\":\"ReadAction\",\"target\":[\"https:\/\/www.probeautyaesthetics.com\/product\/buy-princess-rich-filler-1x1ml\/\"]}]},{\"@type\":\"BreadcrumbList\",\"@id\":\"https:\/\/www.probeautyaesthetics.com\/product\/buy-princess-rich-filler-1x1ml\/#breadcrumb\",\"itemListElement\":[{\"@type\":\"ListItem\",\"position\":1,\"name\":\"Home\",\"item\":\"https:\/\/www.probeautyaesthetics.com\/\"},{\"@type\":\"ListItem\",\"position\":2,\"name\":\"Our Products\",\"item\":\"https:\/\/www.probeautyaesthetics.com\/shop\/\"},{\"@type\":\"ListItem\",\"position\":3,\"name\":\"Buy Princess Rich Filler (1x1ml)\"}]},{\"@type\":\"WebSite\",\"@id\":\"https:\/\/www.probeautyaesthetics.com\/#website\",\"url\":\"https:\/\/www.probeautyaesthetics.com\/\",\"name\":\"Pro Beauty Aesthetics\",\"description\":\"\",\"publisher\":{\"@id\":\"https:\/\/www.probeautyaesthetics.com\/#organization\"},\"potentialAction\":[{\"@type\":\"SearchAction\",\"target\":{\"@type\":\"EntryPoint\",\"urlTemplate\":\"https:\/\/www.probeautyaesthetics.com\/?s={search_term_string}\"},\"query-input\":\"required name=search_term_string\"}],\"inLanguage\":\"nl-BE\"},{\"@type\":\"Organization\",\"@id\":\"https:\/\/www.probeautyaesthetics.com\/#organization\",\"name\":\"Pro Beauty Aesthetics\",\"url\":\"https:\/\/www.probeautyaesthetics.com\/\",\"logo\":{\"@type\":\"ImageObject\",\"inLanguage\":\"nl-BE\",\"@id\":\"https:\/\/www.probeautyaesthetics.com\/#\/schema\/logo\/image\/\",\"url\":\"https:\/\/www.probeautyaesthetics.com\/wp-content\/uploads\/2019\/11\/logo-1.png\",\"contentUrl\":\"https:\/\/www.probeautyaesthetics.com\/wp-content\/uploads\/2019\/11\/logo-1.png\",\"width\":200,\"height\":50,\"caption\":\"Pro Beauty Aesthetics\"},\"image\":{\"@id\":\"https:\/\/www.probeautyaesthetics.com\/#\/schema\/logo\/image\/\"}}]}<\/script>\n<!-- \/ Yoast SEO plugin. -->","yoast_head_json":{"title":"Buy Princess Rich Filler (1x1ml) - Pro Beauty Aesthetics","robots":{"index":"index","follow":"follow","max-snippet":"max-snippet:-1","max-image-preview":"max-image-preview:large","max-video-preview":"max-video-preview:-1"},"canonical":"https:\/\/www.probeautyaesthetics.com\/nl_be\/product\/buy-princess-rich-filler-1x1ml\/","og_locale":"nl_BE","og_type":"article","og_title":"Buy Princess Rich Filler (1x1ml) - Pro Beauty Aesthetics","og_description":"Size 1 ml   Licensed Product No   Registration Required No   Country Region This product is of European origin","og_url":"https:\/\/www.probeautyaesthetics.com\/nl_be\/product\/buy-princess-rich-filler-1x1ml\/","og_site_name":"Pro Beauty Aesthetics","article_modified_time":"2020-02-27T16:05:09+00:00","og_image":[{"width":600,"height":600,"url":"https:\/\/www.probeautyaesthetics.com\/wp-content\/uploads\/2019\/11\/Buy-Princess-Rich-Filler-1x1ml-600x600.jpg","type":"image\/jpeg"}],"twitter_card":"summary_large_image","twitter_misc":{"Geschatte leestijd":"1 minuut"},"schema":{"@context":"https:\/\/schema.org","@graph":[{"@type":"WebPage","@id":"https:\/\/www.probeautyaesthetics.com\/product\/buy-princess-rich-filler-1x1ml\/","url":"https:\/\/www.probeautyaesthetics.com\/product\/buy-princess-rich-filler-1x1ml\/","name":"Buy Princess Rich Filler (1x1ml) - Pro Beauty Aesthetics","isPartOf":{"@id":"https:\/\/www.probeautyaesthetics.com\/#website"},"datePublished":"2019-11-14T07:22:10+00:00","dateModified":"2020-02-27T16:05:09+00:00","breadcrumb":{"@id":"https:\/\/www.probeautyaesthetics.com\/product\/buy-princess-rich-filler-1x1ml\/#breadcrumb"},"inLanguage":"nl-BE","potentialAction":[{"@type":"ReadAction","target":["https:\/\/www.probeautyaesthetics.com\/product\/buy-princess-rich-filler-1x1ml\/"]}]},{"@type":"BreadcrumbList","@id":"https:\/\/www.probeautyaesthetics.com\/product\/buy-princess-rich-filler-1x1ml\/#breadcrumb","itemListElement":[{"@type":"ListItem","position":1,"name":"Home","item":"https:\/\/www.probeautyaesthetics.com\/"},{"@type":"ListItem","position":2,"name":"Our Products","item":"https:\/\/www.probeautyaesthetics.com\/shop\/"},{"@type":"ListItem","position":3,"name":"Buy Princess Rich Filler (1x1ml)"}]},{"@type":"WebSite","@id":"https:\/\/www.probeautyaesthetics.com\/#website","url":"https:\/\/www.probeautyaesthetics.com\/","name":"Pro Beauty Aesthetics","description":"","publisher":{"@id":"https:\/\/www.probeautyaesthetics.com\/#organization"},"potentialAction":[{"@type":"SearchAction","target":{"@type":"EntryPoint","urlTemplate":"https:\/\/www.probeautyaesthetics.com\/?s={search_term_string}"},"query-input":"required name=search_term_string"}],"inLanguage":"nl-BE"},{"@type":"Organization","@id":"https:\/\/www.probeautyaesthetics.com\/#organization","name":"Pro Beauty Aesthetics","url":"https:\/\/www.probeautyaesthetics.com\/","logo":{"@type":"ImageObject","inLanguage":"nl-BE","@id":"https:\/\/www.probeautyaesthetics.com\/#\/schema\/logo\/image\/","url":"https:\/\/www.probeautyaesthetics.com\/wp-content\/uploads\/2019\/11\/logo-1.png","contentUrl":"https:\/\/www.probeautyaesthetics.com\/wp-content\/uploads\/2019\/11\/logo-1.png","width":200,"height":50,"caption":"Pro Beauty Aesthetics"},"image":{"@id":"https:\/\/www.probeautyaesthetics.com\/#\/schema\/logo\/image\/"}}]}},"_links":{"self":[{"href":"https:\/\/www.probeautyaesthetics.com\/nl_be\/wp-json\/wp\/v2\/product\/4810"}],"collection":[{"href":"https:\/\/www.probeautyaesthetics.com\/nl_be\/wp-json\/wp\/v2\/product"}],"about":[{"href":"https:\/\/www.probeautyaesthetics.com\/nl_be\/wp-json\/wp\/v2\/types\/product"}],"replies":[{"embeddable":true,"href":"https:\/\/www.probeautyaesthetics.com\/nl_be\/wp-json\/wp\/v2\/comments?post=4810"}],"wp:featuredmedia":[{"embeddable":true,"href":"https:\/\/www.probeautyaesthetics.com\/nl_be\/wp-json\/wp\/v2\/media\/4823"}],"wp:attachment":[{"href":"https:\/\/www.probeautyaesthetics.com\/nl_be\/wp-json\/wp\/v2\/media?parent=4810"}],"wp:term":[{"taxonomy":"product_cat","embeddable":true,"href":"https:\/\/www.probeautyaesthetics.com\/nl_be\/wp-json\/wp\/v2\/product_cat?post=4810"},{"taxonomy":"product_tag","embeddable":true,"href":"https:\/\/www.probeautyaesthetics.com\/nl_be\/wp-json\/wp\/v2\/product_tag?post=4810"}],"curies":[{"name":"wp","href":"https:\/\/api.w.org\/{rel}","templated":true}]}}