{"id":5029,"date":"2019-11-14T07:23:15","date_gmt":"2019-11-14T07:23:15","guid":{"rendered":"https:\/\/www.safeonlinechemist.com\/dermalfillers\/product\/import-placeholder-for-7107\/"},"modified":"2020-01-28T10:22:15","modified_gmt":"2020-01-28T10:22:15","slug":"buy-bcn-amino-acids-10-x-2ml","status":"publish","type":"product","link":"https:\/\/www.probeautyaesthetics.com\/nl_be\/product\/buy-bcn-amino-acids-10-x-2ml\/","title":{"rendered":"BCN aminozuren 10 x 2ml kopen"},"content":{"rendered":"<h2 style=\"text-align: justify;\">Koop BCN Aminozuren 10 x 2ml bij The Best Online Store<\/h2>\n<p style=\"text-align: justify;\">Om BCN Aminozuren 10 x 2ml te kopen met bitcoin, moneygram en western union; u kunt verbinding maken met onze online winkel - Pro Beauty Aesthetics. We helpen je ook om BCN Aminozuren 10 x 2ml te koop te krijgen. Bestel BCN Aminozuren 10 x 2ml in onze online winkel en gebruik ze voor verschillende voordelen.<\/p>\n<h3 style=\"text-align: justify;\">Wat zijn de voordelen van het gebruik van BCN Aminozuren 10 x 2ml?<\/h3>\n<ul style=\"text-align: justify;\">\n<li>Os amino\u00e1cidos BCN s\u00e3o itens de caracter\u00edsticas flex\u00edveis em seu comportamento e capacidades.<\/li>\n<li>Nieuwe collageensynthese of fibroblast toevoegen.<\/li>\n<li>Basic Amino Acids-oplossing omvat Ala, Arg, Asp, Cys, Gln, Gly, His, Ile, Leu, Lys, Phe, Pro, Ser, Thr en Tau.<\/li>\n<li>Het resultaat is een vernieuwd, hersteld en herbouwd, met meer flexibiliteit en veelzijdigheid, lichter en met een verbeterd oppervlak.<\/li>\n<\/ul>\n<h3 style=\"text-align: justify;\">Maak nu verbinding met ons!<\/h3>\n<p style=\"text-align: justify;\">Wij zijn een groep ervaren mensen die BCN Aminozuren 10 x 2ml online verkopen tegen de beste prijzen. Dat betekent dat u BCN Aminozuren 10 x 2ml goedkoop kunt kopen. Na ontvangst van de bestelling pakken we deze veilig voor je in en bezorgen deze zo snel mogelijk op je adres. Neem nu contact op met onze online winkel!<\/p>","protected":false},"excerpt":{"rendered":"<p><strong>Product grootte:<\/strong><\/p>\n<p>10 ampullen van 2 ml.<\/p>\n<p>&nbsp;<\/p>","protected":false},"featured_media":5037,"comment_status":"open","ping_status":"closed","template":"","meta":{"_joinchat":[]},"product_cat":[185],"product_tag":[597,598,614,401,600,601,482,602,603,604,605,606,607,608,609,610],"yoast_head":"<!-- This site is optimized with the Yoast SEO plugin v21.3 - https:\/\/yoast.com\/wordpress\/plugins\/seo\/ -->\n<title>Buy BCN Amino Acids 10 x 2ml - Pro Beauty Aesthetics<\/title>\n<meta name=\"robots\" content=\"index, follow, max-snippet:-1, max-image-preview:large, max-video-preview:-1\" \/>\n<link rel=\"canonical\" href=\"https:\/\/www.probeautyaesthetics.com\/nl_be\/product\/buy-bcn-amino-acids-10-x-2ml\/\" \/>\n<meta property=\"og:locale\" content=\"nl_BE\" \/>\n<meta property=\"og:type\" content=\"article\" \/>\n<meta property=\"og:title\" content=\"Buy BCN Amino Acids 10 x 2ml - Pro Beauty Aesthetics\" \/>\n<meta property=\"og:description\" content=\"Product size:  10 x 2ml ampoules.  &nbsp;\" \/>\n<meta property=\"og:url\" content=\"https:\/\/www.probeautyaesthetics.com\/nl_be\/product\/buy-bcn-amino-acids-10-x-2ml\/\" \/>\n<meta property=\"og:site_name\" content=\"Pro Beauty Aesthetics\" \/>\n<meta property=\"article:modified_time\" content=\"2020-01-28T10:22:15+00:00\" \/>\n<meta property=\"og:image\" content=\"https:\/\/www.probeautyaesthetics.com\/wp-content\/uploads\/2019\/11\/Buy-BCN-Amino-Acids-10-x-2ml.jpg\" \/>\n\t<meta property=\"og:image:width\" content=\"576\" \/>\n\t<meta property=\"og:image:height\" content=\"580\" \/>\n\t<meta property=\"og:image:type\" content=\"image\/jpeg\" \/>\n<meta name=\"twitter:card\" content=\"summary_large_image\" \/>\n<meta name=\"twitter:label1\" content=\"Geschatte leestijd\" \/>\n\t<meta name=\"twitter:data1\" content=\"1 minuut\" \/>\n<script type=\"application\/ld+json\" class=\"yoast-schema-graph\">{\"@context\":\"https:\/\/schema.org\",\"@graph\":[{\"@type\":\"WebPage\",\"@id\":\"https:\/\/www.probeautyaesthetics.com\/product\/buy-bcn-amino-acids-10-x-2ml\/\",\"url\":\"https:\/\/www.probeautyaesthetics.com\/product\/buy-bcn-amino-acids-10-x-2ml\/\",\"name\":\"Buy BCN Amino Acids 10 x 2ml - Pro Beauty Aesthetics\",\"isPartOf\":{\"@id\":\"https:\/\/www.probeautyaesthetics.com\/#website\"},\"datePublished\":\"2019-11-14T07:23:15+00:00\",\"dateModified\":\"2020-01-28T10:22:15+00:00\",\"breadcrumb\":{\"@id\":\"https:\/\/www.probeautyaesthetics.com\/product\/buy-bcn-amino-acids-10-x-2ml\/#breadcrumb\"},\"inLanguage\":\"nl-BE\",\"potentialAction\":[{\"@type\":\"ReadAction\",\"target\":[\"https:\/\/www.probeautyaesthetics.com\/product\/buy-bcn-amino-acids-10-x-2ml\/\"]}]},{\"@type\":\"BreadcrumbList\",\"@id\":\"https:\/\/www.probeautyaesthetics.com\/product\/buy-bcn-amino-acids-10-x-2ml\/#breadcrumb\",\"itemListElement\":[{\"@type\":\"ListItem\",\"position\":1,\"name\":\"Home\",\"item\":\"https:\/\/www.probeautyaesthetics.com\/\"},{\"@type\":\"ListItem\",\"position\":2,\"name\":\"Our Products\",\"item\":\"https:\/\/www.probeautyaesthetics.com\/shop\/\"},{\"@type\":\"ListItem\",\"position\":3,\"name\":\"Buy BCN Amino Acids 10 x 2ml\"}]},{\"@type\":\"WebSite\",\"@id\":\"https:\/\/www.probeautyaesthetics.com\/#website\",\"url\":\"https:\/\/www.probeautyaesthetics.com\/\",\"name\":\"Pro Beauty Aesthetics\",\"description\":\"\",\"publisher\":{\"@id\":\"https:\/\/www.probeautyaesthetics.com\/#organization\"},\"potentialAction\":[{\"@type\":\"SearchAction\",\"target\":{\"@type\":\"EntryPoint\",\"urlTemplate\":\"https:\/\/www.probeautyaesthetics.com\/?s={search_term_string}\"},\"query-input\":\"required name=search_term_string\"}],\"inLanguage\":\"nl-BE\"},{\"@type\":\"Organization\",\"@id\":\"https:\/\/www.probeautyaesthetics.com\/#organization\",\"name\":\"Pro Beauty Aesthetics\",\"url\":\"https:\/\/www.probeautyaesthetics.com\/\",\"logo\":{\"@type\":\"ImageObject\",\"inLanguage\":\"nl-BE\",\"@id\":\"https:\/\/www.probeautyaesthetics.com\/#\/schema\/logo\/image\/\",\"url\":\"https:\/\/www.probeautyaesthetics.com\/wp-content\/uploads\/2019\/11\/logo-1.png\",\"contentUrl\":\"https:\/\/www.probeautyaesthetics.com\/wp-content\/uploads\/2019\/11\/logo-1.png\",\"width\":200,\"height\":50,\"caption\":\"Pro Beauty Aesthetics\"},\"image\":{\"@id\":\"https:\/\/www.probeautyaesthetics.com\/#\/schema\/logo\/image\/\"}}]}<\/script>\n<!-- \/ Yoast SEO plugin. -->","yoast_head_json":{"title":"Buy BCN Amino Acids 10 x 2ml - Pro Beauty Aesthetics","robots":{"index":"index","follow":"follow","max-snippet":"max-snippet:-1","max-image-preview":"max-image-preview:large","max-video-preview":"max-video-preview:-1"},"canonical":"https:\/\/www.probeautyaesthetics.com\/nl_be\/product\/buy-bcn-amino-acids-10-x-2ml\/","og_locale":"nl_BE","og_type":"article","og_title":"Buy BCN Amino Acids 10 x 2ml - Pro Beauty Aesthetics","og_description":"Product size:  10 x 2ml ampoules.  &nbsp;","og_url":"https:\/\/www.probeautyaesthetics.com\/nl_be\/product\/buy-bcn-amino-acids-10-x-2ml\/","og_site_name":"Pro Beauty Aesthetics","article_modified_time":"2020-01-28T10:22:15+00:00","og_image":[{"width":576,"height":580,"url":"https:\/\/www.probeautyaesthetics.com\/wp-content\/uploads\/2019\/11\/Buy-BCN-Amino-Acids-10-x-2ml.jpg","type":"image\/jpeg"}],"twitter_card":"summary_large_image","twitter_misc":{"Geschatte leestijd":"1 minuut"},"schema":{"@context":"https:\/\/schema.org","@graph":[{"@type":"WebPage","@id":"https:\/\/www.probeautyaesthetics.com\/product\/buy-bcn-amino-acids-10-x-2ml\/","url":"https:\/\/www.probeautyaesthetics.com\/product\/buy-bcn-amino-acids-10-x-2ml\/","name":"Buy BCN Amino Acids 10 x 2ml - Pro Beauty Aesthetics","isPartOf":{"@id":"https:\/\/www.probeautyaesthetics.com\/#website"},"datePublished":"2019-11-14T07:23:15+00:00","dateModified":"2020-01-28T10:22:15+00:00","breadcrumb":{"@id":"https:\/\/www.probeautyaesthetics.com\/product\/buy-bcn-amino-acids-10-x-2ml\/#breadcrumb"},"inLanguage":"nl-BE","potentialAction":[{"@type":"ReadAction","target":["https:\/\/www.probeautyaesthetics.com\/product\/buy-bcn-amino-acids-10-x-2ml\/"]}]},{"@type":"BreadcrumbList","@id":"https:\/\/www.probeautyaesthetics.com\/product\/buy-bcn-amino-acids-10-x-2ml\/#breadcrumb","itemListElement":[{"@type":"ListItem","position":1,"name":"Home","item":"https:\/\/www.probeautyaesthetics.com\/"},{"@type":"ListItem","position":2,"name":"Our Products","item":"https:\/\/www.probeautyaesthetics.com\/shop\/"},{"@type":"ListItem","position":3,"name":"Buy BCN Amino Acids 10 x 2ml"}]},{"@type":"WebSite","@id":"https:\/\/www.probeautyaesthetics.com\/#website","url":"https:\/\/www.probeautyaesthetics.com\/","name":"Pro Beauty Aesthetics","description":"","publisher":{"@id":"https:\/\/www.probeautyaesthetics.com\/#organization"},"potentialAction":[{"@type":"SearchAction","target":{"@type":"EntryPoint","urlTemplate":"https:\/\/www.probeautyaesthetics.com\/?s={search_term_string}"},"query-input":"required name=search_term_string"}],"inLanguage":"nl-BE"},{"@type":"Organization","@id":"https:\/\/www.probeautyaesthetics.com\/#organization","name":"Pro Beauty Aesthetics","url":"https:\/\/www.probeautyaesthetics.com\/","logo":{"@type":"ImageObject","inLanguage":"nl-BE","@id":"https:\/\/www.probeautyaesthetics.com\/#\/schema\/logo\/image\/","url":"https:\/\/www.probeautyaesthetics.com\/wp-content\/uploads\/2019\/11\/logo-1.png","contentUrl":"https:\/\/www.probeautyaesthetics.com\/wp-content\/uploads\/2019\/11\/logo-1.png","width":200,"height":50,"caption":"Pro Beauty Aesthetics"},"image":{"@id":"https:\/\/www.probeautyaesthetics.com\/#\/schema\/logo\/image\/"}}]}},"_links":{"self":[{"href":"https:\/\/www.probeautyaesthetics.com\/nl_be\/wp-json\/wp\/v2\/product\/5029"}],"collection":[{"href":"https:\/\/www.probeautyaesthetics.com\/nl_be\/wp-json\/wp\/v2\/product"}],"about":[{"href":"https:\/\/www.probeautyaesthetics.com\/nl_be\/wp-json\/wp\/v2\/types\/product"}],"replies":[{"embeddable":true,"href":"https:\/\/www.probeautyaesthetics.com\/nl_be\/wp-json\/wp\/v2\/comments?post=5029"}],"wp:featuredmedia":[{"embeddable":true,"href":"https:\/\/www.probeautyaesthetics.com\/nl_be\/wp-json\/wp\/v2\/media\/5037"}],"wp:attachment":[{"href":"https:\/\/www.probeautyaesthetics.com\/nl_be\/wp-json\/wp\/v2\/media?parent=5029"}],"wp:term":[{"taxonomy":"product_cat","embeddable":true,"href":"https:\/\/www.probeautyaesthetics.com\/nl_be\/wp-json\/wp\/v2\/product_cat?post=5029"},{"taxonomy":"product_tag","embeddable":true,"href":"https:\/\/www.probeautyaesthetics.com\/nl_be\/wp-json\/wp\/v2\/product_tag?post=5029"}],"curies":[{"name":"wp","href":"https:\/\/api.w.org\/{rel}","templated":true}]}}