{"id":3666,"date":"2019-11-14T07:16:30","date_gmt":"2019-11-14T07:16:30","guid":{"rendered":"https:\/\/www.safeonlinechemist.com\/dermalfillers\/product\/import-placeholder-for-5334\/"},"modified":"2020-03-07T06:14:00","modified_gmt":"2020-03-07T06:14:00","slug":"buy-juvederm-volbella-lidocaine-2-x-1ml","status":"publish","type":"product","link":"https:\/\/www.probeautyaesthetics.com\/pl\/produkt\/buy-juvederm-volbella-lidocaine-2-x-1ml\/","title":{"rendered":"Kup Juvederm Volbella Lidocaine 2 x 1 ml online"},"content":{"rendered":"<h2 style=\"text-align: justify;\">Kup Juvederm Volbella Lidocaine 2 x 1 ml online w najlepszym sklepie<\/h2>\n<p style=\"text-align: justify;\">Mo\u017cesz kupi\u0107 Juvederm Volbella Lidocaine 2 x 1ml za pomoc\u0105 bitcoin, moneygram i western union od Pro Beauty Aesthetics. Mamy wieloletnie do\u015bwiadczenie w tej dziedzinie i zajmujemy si\u0119 Juvederm Volbella Lidocaine 2 x 1ml online na ca\u0142ym \u015bwiecie. Je\u015bli chcesz kupi\u0107 Juvederm Volbella Lidocaine 2 x 1ml w niskiej cenie, kup go natychmiast!<\/p>\n<h3 style=\"text-align: justify;\">Co to jest Juvederm Volbella Lidocaine 2 x 1ml i jakie s\u0105 jego w\u0142a\u015bciwo\u015bci?<\/h3>\n<p style=\"text-align: justify;\">Juvederm Volbella Lidocaine 2 x 1 ml zawiera biokompatybilny kwas hialuronowy, kt\u00f3ry jest wype\u0142niaczem do wstrzykiwa\u0144, kt\u00f3ry daje natychmiastowe rezultaty. Zabieg stworzony w celu zwi\u0119kszenia obj\u0119to\u015bci ust, a tak\u017ce zmi\u0119kczenia linii wok\u00f3\u0142 ust.<\/p>\n<p style=\"text-align: justify;\">Stosowanie Juvederm Volbella Lidocaine 2 x 1 ml pomaga w nast\u0119puj\u0105cych przypadkach:<\/p>\n<ul style=\"text-align: justify;\">\n<li>Zwi\u0119ksza obj\u0119to\u015b\u0107 ust<\/li>\n<li>Poprawia wygl\u0105d okolic ust<\/li>\n<li>Zmniejsz wszystkie oznaki linii i zmarszczek<\/li>\n<li>Daje to wp\u0142yw trwaj\u0105cy nawet rok<\/li>\n<\/ul>\n<h3 style=\"text-align: justify;\">Z\u0142\u00f3\u017c zam\u00f3wienie teraz!<\/h3>\n<p style=\"text-align: justify;\">Kup Juvederm Volbella Lidocaine 2 x 1ml na sprzeda\u017c ju\u017c dzi\u015b w naszym sklepie internetowym. Pomo\u017cemy Ci kupi\u0107 Juvederm Volbella Lidocaine 2 x 1ml online i dostarczymy go pod wskazany adres!<\/p>\n<p>&nbsp;<\/p>\n<p>kup juvederm volbella lidokaina 2 x 1ml online, juvederm volbella lidokaina 2 x 1ml na sprzeda\u017c, juvederm volbella lidokaina 2 x 1ml na sprzeda\u017c USA, kup prawdziwy juvederm volbella lidokaina 2 x 1ml online, gdzie kupi\u0107 juvederm volbella lidokaina 2 x 1ml, kup juvederm volbella lidokaina 2 x 1ml online, kupi\u0107 juvederm volbella lidokaina 2 x 1ml Hiszpania, juvederm volbella lidokaina 2 x 1ml na sprzeda\u017c Ukraina, juvederm volbella lidokaina 2 x 1ml na sprzeda\u017c Kanada, juvederm volbella lidokaina 2 x 1ml na sprzeda\u017c Europa, kupowanie juvederm volbella lidokaina 2 x 1ml online legalne, kupi\u0107 juvederm volbella lidokaina 2 x 1ml online z Bitcoin, kupi\u0107 juvederm volbella lidokaina 2 x 1ml online z MoneyGram, juvederm volbella lidokaina 2 x 1ml na sprzeda\u017c z Western Union, jak kupi\u0107 juvederm volbella lidokaina 2 x 1ml online, kupi\u0107 juvederm volbella lidokaina 2 x 1ml w niskiej cenie, kupi\u0107 prawdziwy juvederm volbella lidokaina 2 x 1ml online, zam\u00f3wi\u0107 juvederm volbella lidokaina 2 x 1ml online, Mail juvederm volbella lidokaina 2 x 1ml, Mo\u017cesz zam\u00f3wi\u0107 juvederm volbella lidokaina 2 x 1ml w USA, Kanadzie, Europie, W\u0142oszech.<\/p>","protected":false},"excerpt":{"rendered":"<table>\n<tbody>\n<tr>\n<td>Rozmiar<\/td>\n<td>1x1 ml<\/td>\n<\/tr>\n<tr>\n<td>Produkt licencjonowany<\/td>\n<td>NIE<\/td>\n<\/tr>\n<tr>\n<td>Wymagamy rejestracji<\/td>\n<td>NIE<\/td>\n<\/tr>\n<tr>\n<td>Region kraju<\/td>\n<td>Ten produkt jest pochodzenia europejskiego<\/td>\n<\/tr>\n<\/tbody>\n<\/table>\n<p>Gwarantowana dostawa na ca\u0142ym \u015bwiecie<\/p>\n<p>Czas dostawy:<\/p>\n<p>Stany Zjednoczone: od 24 do 72 godzin<\/p>\n<p>Kanada: 2 do 3 dni<br \/>\nDostawa mi\u0119dzynarodowa: od 4 do 7 dni<\/p>\n<p>Opcje p\u0142atno\u015bci<\/p>\n<p>MONEYGRAM<\/p>\n<p>WESTERN UNION<\/p>\n<p>BITCOINY<\/p>\n<p>PRZELEW BANKOWY<\/p>\n<p>WALMART DO WALMART<\/p>\n<p>ZELLA P\u0141ACI<\/p>\n<p>10% zni\u017cki przy p\u0142atno\u015bci Bitcoinem<\/p>","protected":false},"featured_media":3696,"comment_status":"open","ping_status":"closed","template":"","meta":{"_joinchat":[]},"product_cat":[138,139],"product_tag":[165,785,771,781,782,776,774,780,658,659,784,660,772,778,779,777,773,783,787,786,775,788],"yoast_head":"<!-- This site is optimized with the Yoast SEO plugin v21.3 - https:\/\/yoast.com\/wordpress\/plugins\/seo\/ -->\n<title>Buy Juvederm Volbella Lidocaine 2 x 1ml Online|Probeautyaesthetics.Com<\/title>\n<meta name=\"description\" content=\"You can buy juvederm volbella lidocaine online at cheap price from Probeautyaesthetics.Com. Juvederm Volbella for Sale with Free Shipping Service.Order Now!\" \/>\n<meta name=\"robots\" content=\"index, follow, max-snippet:-1, max-image-preview:large, max-video-preview:-1\" \/>\n<link rel=\"canonical\" href=\"https:\/\/www.probeautyaesthetics.com\/pl\/produkt\/buy-juvederm-volbella-lidocaine-2-x-1ml\/\" \/>\n<meta property=\"og:locale\" content=\"pl_PL\" \/>\n<meta property=\"og:type\" content=\"article\" \/>\n<meta property=\"og:title\" content=\"Buy Juvederm Volbella Lidocaine 2 x 1ml Online|Probeautyaesthetics.Com\" \/>\n<meta property=\"og:description\" content=\"You can buy juvederm volbella lidocaine online at cheap price from Probeautyaesthetics.Com. Juvederm Volbella for Sale with Free Shipping Service.Order Now!\" \/>\n<meta property=\"og:url\" content=\"https:\/\/www.probeautyaesthetics.com\/pl\/produkt\/buy-juvederm-volbella-lidocaine-2-x-1ml\/\" \/>\n<meta property=\"og:site_name\" content=\"Pro Beauty Aesthetics\" \/>\n<meta property=\"article:modified_time\" content=\"2020-03-07T06:14:00+00:00\" \/>\n<meta property=\"og:image\" content=\"https:\/\/www.probeautyaesthetics.com\/wp-content\/uploads\/2019\/11\/Buy-Juvederm-Volbella-Lidocaine-2-x-1ml.jpg\" \/>\n\t<meta property=\"og:image:width\" content=\"1024\" \/>\n\t<meta property=\"og:image:height\" content=\"1024\" \/>\n\t<meta property=\"og:image:type\" content=\"image\/jpeg\" \/>\n<meta name=\"twitter:card\" content=\"summary_large_image\" \/>\n<meta name=\"twitter:label1\" content=\"Szacowany czas czytania\" \/>\n\t<meta name=\"twitter:data1\" content=\"2 minuty\" \/>\n<script type=\"application\/ld+json\" class=\"yoast-schema-graph\">{\"@context\":\"https:\/\/schema.org\",\"@graph\":[{\"@type\":\"WebPage\",\"@id\":\"https:\/\/www.probeautyaesthetics.com\/product\/buy-juvederm-volbella-lidocaine-2-x-1ml\/\",\"url\":\"https:\/\/www.probeautyaesthetics.com\/product\/buy-juvederm-volbella-lidocaine-2-x-1ml\/\",\"name\":\"Buy Juvederm Volbella Lidocaine 2 x 1ml Online|Probeautyaesthetics.Com\",\"isPartOf\":{\"@id\":\"https:\/\/www.probeautyaesthetics.com\/#website\"},\"datePublished\":\"2019-11-14T07:16:30+00:00\",\"dateModified\":\"2020-03-07T06:14:00+00:00\",\"description\":\"You can buy juvederm volbella lidocaine online at cheap price from Probeautyaesthetics.Com. Juvederm Volbella for Sale with Free Shipping Service.Order Now!\",\"breadcrumb\":{\"@id\":\"https:\/\/www.probeautyaesthetics.com\/product\/buy-juvederm-volbella-lidocaine-2-x-1ml\/#breadcrumb\"},\"inLanguage\":\"pl-PL\",\"potentialAction\":[{\"@type\":\"ReadAction\",\"target\":[\"https:\/\/www.probeautyaesthetics.com\/product\/buy-juvederm-volbella-lidocaine-2-x-1ml\/\"]}]},{\"@type\":\"BreadcrumbList\",\"@id\":\"https:\/\/www.probeautyaesthetics.com\/product\/buy-juvederm-volbella-lidocaine-2-x-1ml\/#breadcrumb\",\"itemListElement\":[{\"@type\":\"ListItem\",\"position\":1,\"name\":\"Home\",\"item\":\"https:\/\/www.probeautyaesthetics.com\/\"},{\"@type\":\"ListItem\",\"position\":2,\"name\":\"Our Products\",\"item\":\"https:\/\/www.probeautyaesthetics.com\/shop\/\"},{\"@type\":\"ListItem\",\"position\":3,\"name\":\"Buy Juvederm Volbella Lidocaine 2 x 1ml Online\"}]},{\"@type\":\"WebSite\",\"@id\":\"https:\/\/www.probeautyaesthetics.com\/#website\",\"url\":\"https:\/\/www.probeautyaesthetics.com\/\",\"name\":\"Pro Beauty Aesthetics\",\"description\":\"\",\"publisher\":{\"@id\":\"https:\/\/www.probeautyaesthetics.com\/#organization\"},\"potentialAction\":[{\"@type\":\"SearchAction\",\"target\":{\"@type\":\"EntryPoint\",\"urlTemplate\":\"https:\/\/www.probeautyaesthetics.com\/?s={search_term_string}\"},\"query-input\":\"required name=search_term_string\"}],\"inLanguage\":\"pl-PL\"},{\"@type\":\"Organization\",\"@id\":\"https:\/\/www.probeautyaesthetics.com\/#organization\",\"name\":\"Pro Beauty Aesthetics\",\"url\":\"https:\/\/www.probeautyaesthetics.com\/\",\"logo\":{\"@type\":\"ImageObject\",\"inLanguage\":\"pl-PL\",\"@id\":\"https:\/\/www.probeautyaesthetics.com\/#\/schema\/logo\/image\/\",\"url\":\"https:\/\/www.probeautyaesthetics.com\/wp-content\/uploads\/2019\/11\/logo-1.png\",\"contentUrl\":\"https:\/\/www.probeautyaesthetics.com\/wp-content\/uploads\/2019\/11\/logo-1.png\",\"width\":200,\"height\":50,\"caption\":\"Pro Beauty Aesthetics\"},\"image\":{\"@id\":\"https:\/\/www.probeautyaesthetics.com\/#\/schema\/logo\/image\/\"}}]}<\/script>\n<!-- \/ Yoast SEO plugin. -->","yoast_head_json":{"title":"Buy Juvederm Volbella Lidocaine 2 x 1ml Online|Probeautyaesthetics.Com","description":"You can buy juvederm volbella lidocaine online at cheap price from Probeautyaesthetics.Com. Juvederm Volbella for Sale with Free Shipping Service.Order Now!","robots":{"index":"index","follow":"follow","max-snippet":"max-snippet:-1","max-image-preview":"max-image-preview:large","max-video-preview":"max-video-preview:-1"},"canonical":"https:\/\/www.probeautyaesthetics.com\/pl\/produkt\/buy-juvederm-volbella-lidocaine-2-x-1ml\/","og_locale":"pl_PL","og_type":"article","og_title":"Buy Juvederm Volbella Lidocaine 2 x 1ml Online|Probeautyaesthetics.Com","og_description":"You can buy juvederm volbella lidocaine online at cheap price from Probeautyaesthetics.Com. Juvederm Volbella for Sale with Free Shipping Service.Order Now!","og_url":"https:\/\/www.probeautyaesthetics.com\/pl\/produkt\/buy-juvederm-volbella-lidocaine-2-x-1ml\/","og_site_name":"Pro Beauty Aesthetics","article_modified_time":"2020-03-07T06:14:00+00:00","og_image":[{"width":1024,"height":1024,"url":"https:\/\/www.probeautyaesthetics.com\/wp-content\/uploads\/2019\/11\/Buy-Juvederm-Volbella-Lidocaine-2-x-1ml.jpg","type":"image\/jpeg"}],"twitter_card":"summary_large_image","twitter_misc":{"Szacowany czas czytania":"2 minuty"},"schema":{"@context":"https:\/\/schema.org","@graph":[{"@type":"WebPage","@id":"https:\/\/www.probeautyaesthetics.com\/product\/buy-juvederm-volbella-lidocaine-2-x-1ml\/","url":"https:\/\/www.probeautyaesthetics.com\/product\/buy-juvederm-volbella-lidocaine-2-x-1ml\/","name":"Buy Juvederm Volbella Lidocaine 2 x 1ml Online|Probeautyaesthetics.Com","isPartOf":{"@id":"https:\/\/www.probeautyaesthetics.com\/#website"},"datePublished":"2019-11-14T07:16:30+00:00","dateModified":"2020-03-07T06:14:00+00:00","description":"You can buy juvederm volbella lidocaine online at cheap price from Probeautyaesthetics.Com. Juvederm Volbella for Sale with Free Shipping Service.Order Now!","breadcrumb":{"@id":"https:\/\/www.probeautyaesthetics.com\/product\/buy-juvederm-volbella-lidocaine-2-x-1ml\/#breadcrumb"},"inLanguage":"pl-PL","potentialAction":[{"@type":"ReadAction","target":["https:\/\/www.probeautyaesthetics.com\/product\/buy-juvederm-volbella-lidocaine-2-x-1ml\/"]}]},{"@type":"BreadcrumbList","@id":"https:\/\/www.probeautyaesthetics.com\/product\/buy-juvederm-volbella-lidocaine-2-x-1ml\/#breadcrumb","itemListElement":[{"@type":"ListItem","position":1,"name":"Home","item":"https:\/\/www.probeautyaesthetics.com\/"},{"@type":"ListItem","position":2,"name":"Our Products","item":"https:\/\/www.probeautyaesthetics.com\/shop\/"},{"@type":"ListItem","position":3,"name":"Buy Juvederm Volbella Lidocaine 2 x 1ml Online"}]},{"@type":"WebSite","@id":"https:\/\/www.probeautyaesthetics.com\/#website","url":"https:\/\/www.probeautyaesthetics.com\/","name":"Pro Beauty Aesthetics","description":"","publisher":{"@id":"https:\/\/www.probeautyaesthetics.com\/#organization"},"potentialAction":[{"@type":"SearchAction","target":{"@type":"EntryPoint","urlTemplate":"https:\/\/www.probeautyaesthetics.com\/?s={search_term_string}"},"query-input":"required name=search_term_string"}],"inLanguage":"pl-PL"},{"@type":"Organization","@id":"https:\/\/www.probeautyaesthetics.com\/#organization","name":"Pro Beauty Aesthetics","url":"https:\/\/www.probeautyaesthetics.com\/","logo":{"@type":"ImageObject","inLanguage":"pl-PL","@id":"https:\/\/www.probeautyaesthetics.com\/#\/schema\/logo\/image\/","url":"https:\/\/www.probeautyaesthetics.com\/wp-content\/uploads\/2019\/11\/logo-1.png","contentUrl":"https:\/\/www.probeautyaesthetics.com\/wp-content\/uploads\/2019\/11\/logo-1.png","width":200,"height":50,"caption":"Pro Beauty Aesthetics"},"image":{"@id":"https:\/\/www.probeautyaesthetics.com\/#\/schema\/logo\/image\/"}}]}},"_links":{"self":[{"href":"https:\/\/www.probeautyaesthetics.com\/pl\/wp-json\/wp\/v2\/product\/3666"}],"collection":[{"href":"https:\/\/www.probeautyaesthetics.com\/pl\/wp-json\/wp\/v2\/product"}],"about":[{"href":"https:\/\/www.probeautyaesthetics.com\/pl\/wp-json\/wp\/v2\/types\/product"}],"replies":[{"embeddable":true,"href":"https:\/\/www.probeautyaesthetics.com\/pl\/wp-json\/wp\/v2\/comments?post=3666"}],"wp:featuredmedia":[{"embeddable":true,"href":"https:\/\/www.probeautyaesthetics.com\/pl\/wp-json\/wp\/v2\/media\/3696"}],"wp:attachment":[{"href":"https:\/\/www.probeautyaesthetics.com\/pl\/wp-json\/wp\/v2\/media?parent=3666"}],"wp:term":[{"taxonomy":"product_cat","embeddable":true,"href":"https:\/\/www.probeautyaesthetics.com\/pl\/wp-json\/wp\/v2\/product_cat?post=3666"},{"taxonomy":"product_tag","embeddable":true,"href":"https:\/\/www.probeautyaesthetics.com\/pl\/wp-json\/wp\/v2\/product_tag?post=3666"}],"curies":[{"name":"wp","href":"https:\/\/api.w.org\/{rel}","templated":true}]}}