{"id":3673,"date":"2019-11-14T07:16:30","date_gmt":"2019-11-14T07:16:30","guid":{"rendered":"https:\/\/www.safeonlinechemist.com\/dermalfillers\/product\/import-placeholder-for-5343\/"},"modified":"2020-03-09T12:30:32","modified_gmt":"2020-03-09T12:30:32","slug":"buy-juvederm-volift-lidocaine-1-x-1ml","status":"publish","type":"product","link":"https:\/\/www.probeautyaesthetics.com\/pl\/produkt\/kup-juvederm-volift-lidokaina-1-x-1ml\/","title":{"rendered":"Kup Juvederm Volift Lidocaine 1 x 1 ml online"},"content":{"rendered":"<h2 style=\"text-align: justify;\">Kup Juvederm Volift Lidocaine 1 x 1 ml na sprzeda\u017c w naszym sklepie internetowym<\/h2>\n<p style=\"text-align: justify;\">Kup Juvederm Volift Lidocaine 1 x 1ml na sprzeda\u017c w Pro Beauty Aesthetics. Jeste\u015bmy tutaj, aby pom\u00f3c Ci kupi\u0107 Juvederm Volift Lidocaine 1 x 1ml za pomoc\u0105 bitcoin, moneygram i western union. Zam\u00f3w Juvederm Volift Lidocaine 1 x 1ml ju\u017c dzi\u015b!<\/p>\n<h3 style=\"text-align: justify;\">Jakie s\u0105 w\u0142a\u015bciwo\u015bci Juvederm Volift Lidocaine 1 x 1ml?<\/h3>\n<p style=\"text-align: justify;\">Juvederm Volift Lidocaine 1 x 1 ml to wype\u0142niacz do wstrzykiwa\u0144 przeznaczony do leczenia g\u0142\u0119bszych linii sk\u00f3ry i zmarszczek. Juvederm\u00ae Volift Lidocaine mo\u017ce by\u0107 r\u00f3wnie\u017c stosowany do modelowania twarzy i przywracania utraconej obj\u0119to\u015bci w \u015brodkowej cz\u0119\u015bci twarzy i ustach. Produkt zawiera lidokain\u0119, kt\u00f3ra gwarantuje coraz przyjemniejsze leczenie, a tak\u017ce zmniejsza poziom b\u00f3lu.<\/p>\n<ul style=\"text-align: justify;\">\n<li>Wype\u0142nia dalsze linie i zmarszczki na twarzy<\/li>\n<li>Przywr\u00f3cenie obj\u0119to\u015bci i kszta\u0142tu twarzy<\/li>\n<li>Obszary: Policzki, ko\u015bci policzkowe i podbr\u00f3dek<\/li>\n<\/ul>\n<p style=\"text-align: justify;\">Juvederm Volift Lidocaine 1 x 1 ml jest przeznaczony do stosowania w g\u0142\u0119bokiej sk\u00f3rze w\u0142a\u015bciwej. Produkt nale\u017cy wprowadzi\u0107 do sk\u00f3ry w\u0142a\u015bciwej lub b\u0142ony \u015bluzowej warg.<\/p>\n<h3 style=\"text-align: justify;\">Po\u0142\u0105cz teraz!<\/h3>\n<p style=\"text-align: justify;\">Kup Juvederm Volift Lidocaine 1 x 1ml w niskiej cenie w naszym sklepie internetowym. Twoje zam\u00f3wienie na Juvederm Volift Lidocaine 1 x 1ml online zostanie dostarczone wkr\u00f3tce przez cz\u0142onk\u00f3w naszego zespo\u0142u.<\/p>\n<p>&nbsp;<\/p>\n<p>kupi\u0107 juvederm volift lidokaina 1 x 1ml online, juvederm volift lidokaina 1 x 1ml na sprzeda\u017c, juvederm volift lidokaina 1 x 1ml na sprzeda\u017c USA, kupi\u0107 prawdziwy juvederm volift lidokaina 1 x 1ml online, gdzie kupi\u0107 juvederm volift lidokaina 1 x 1ml, kupi\u0107 juvederm volift lidokaina 1 x 1ml online, kup juvederm volift lidokaina 1 x 1ml Hiszpania, juvederm volift lidokaina 1 x 1ml na sprzeda\u017c Ukraina, juvederm volift lidokaina 1 x 1ml na sprzeda\u017c Kanada, juvederm volift lidokaina 1 x 1ml na sprzeda\u017c Europa, kupowanie juvederm volift lidokaina 1 x 1ml online legalne, kupno juvederm volift lidocaine 1 x 1ml online z Bitcoin, kupno juvederm volift lidocaine 1 x 1ml online z MoneyGram, kupno juvederm volift lidocaine 1 x 1ml na sprzeda\u017c z Western Union, jak kupi\u0107 juvederm volift lidocaine 1 x 1ml online, kupi\u0107 juvederm volift lidokaina 1 x 1ml w niskiej cenie, kupi\u0107 prawdziwy juvederm volift lidokaina 1 x 1ml online, zam\u00f3wi\u0107 juvederm volift lidokaina 1 x 1ml online, Poczta juvederm volift lidokaina 1 x 1ml, Mo\u017cesz zam\u00f3wi\u0107 juvederm volift lidokaina 1 x 1ml w USA, Kanada, Europa, W\u0142ochy.<\/p>","protected":false},"excerpt":{"rendered":"<table>\n<tbody>\n<tr>\n<td>Rozmiar<\/td>\n<td>1x1 ml<\/td>\n<\/tr>\n<tr>\n<td>Produkt licencjonowany<\/td>\n<td>NIE<\/td>\n<\/tr>\n<tr>\n<td>Wymagamy rejestracji<\/td>\n<td>NIE<\/td>\n<\/tr>\n<tr>\n<td>Region kraju<\/td>\n<td>Ten produkt jest pochodzenia europejskiego<\/td>\n<\/tr>\n<\/tbody>\n<\/table>\n<p>Gwarantowana dostawa na ca\u0142ym \u015bwiecie<\/p>\n<p>Czas dostawy:<\/p>\n<p>Stany Zjednoczone: od 24 do 72 godzin<\/p>\n<p>Kanada: 2 do 3 dni<br \/>\nDostawa mi\u0119dzynarodowa: od 4 do 7 dni<\/p>\n<p>Opcje p\u0142atno\u015bci<\/p>\n<p>MONEYGRAM<\/p>\n<p>WESTERN UNION<\/p>\n<p>BITCOINY<\/p>\n<p>PRZELEW BANKOWY<\/p>\n<p>WALMART DO WALMART<\/p>\n<p>ZELLA P\u0141ACI<\/p>\n<p>10% zni\u017cki przy p\u0142atno\u015bci Bitcoinem<\/p>","protected":false},"featured_media":3697,"comment_status":"open","ping_status":"closed","template":"","meta":{"_joinchat":[]},"product_cat":[138,139],"product_tag":[821,807,817,818,812,810,816,658,659,820,660,808,814,815,813,809,819,823,822,811,824],"yoast_head":"<!-- This site is optimized with the Yoast SEO plugin v21.3 - https:\/\/yoast.com\/wordpress\/plugins\/seo\/ -->\n<title>Buy Juvederm Volift Lidocaine 1 x 1ml Online | Probeautyaesthetics.Com<\/title>\n<meta name=\"description\" content=\"You can buy juvederm volift lidocaine online at cheap price from Probeautyaesthetics.Com.Juvederm Volife 1x1ml for Sale with Free Shipping Service.Order Now\" \/>\n<meta name=\"robots\" content=\"index, follow, max-snippet:-1, max-image-preview:large, max-video-preview:-1\" \/>\n<link rel=\"canonical\" href=\"https:\/\/www.probeautyaesthetics.com\/pl\/produkt\/kup-juvederm-volift-lidokaina-1-x-1ml\/\" \/>\n<meta property=\"og:locale\" content=\"pl_PL\" \/>\n<meta property=\"og:type\" content=\"article\" \/>\n<meta property=\"og:title\" content=\"Buy Juvederm Volift Lidocaine 1 x 1ml Online | Probeautyaesthetics.Com\" \/>\n<meta property=\"og:description\" content=\"You can buy juvederm volift lidocaine online at cheap price from Probeautyaesthetics.Com.Juvederm Volife 1x1ml for Sale with Free Shipping Service.Order Now\" \/>\n<meta property=\"og:url\" content=\"https:\/\/www.probeautyaesthetics.com\/pl\/produkt\/kup-juvederm-volift-lidokaina-1-x-1ml\/\" \/>\n<meta property=\"og:site_name\" content=\"Pro Beauty Aesthetics\" \/>\n<meta property=\"article:modified_time\" content=\"2020-03-09T12:30:32+00:00\" \/>\n<meta property=\"og:image\" content=\"https:\/\/www.probeautyaesthetics.com\/wp-content\/uploads\/2019\/11\/Buy-Juvederm-Volift-Lidocaine-1-x-1ml-600x600.jpg\" \/>\n\t<meta property=\"og:image:width\" content=\"600\" \/>\n\t<meta property=\"og:image:height\" content=\"600\" \/>\n\t<meta property=\"og:image:type\" content=\"image\/jpeg\" \/>\n<meta name=\"twitter:card\" content=\"summary_large_image\" \/>\n<meta name=\"twitter:label1\" content=\"Szacowany czas czytania\" \/>\n\t<meta name=\"twitter:data1\" content=\"2 minuty\" \/>\n<script type=\"application\/ld+json\" class=\"yoast-schema-graph\">{\"@context\":\"https:\/\/schema.org\",\"@graph\":[{\"@type\":\"WebPage\",\"@id\":\"https:\/\/www.probeautyaesthetics.com\/product\/buy-juvederm-volift-lidocaine-1-x-1ml\/\",\"url\":\"https:\/\/www.probeautyaesthetics.com\/product\/buy-juvederm-volift-lidocaine-1-x-1ml\/\",\"name\":\"Buy Juvederm Volift Lidocaine 1 x 1ml Online | Probeautyaesthetics.Com\",\"isPartOf\":{\"@id\":\"https:\/\/www.probeautyaesthetics.com\/#website\"},\"datePublished\":\"2019-11-14T07:16:30+00:00\",\"dateModified\":\"2020-03-09T12:30:32+00:00\",\"description\":\"You can buy juvederm volift lidocaine online at cheap price from Probeautyaesthetics.Com.Juvederm Volife 1x1ml for Sale with Free Shipping Service.Order Now\",\"breadcrumb\":{\"@id\":\"https:\/\/www.probeautyaesthetics.com\/product\/buy-juvederm-volift-lidocaine-1-x-1ml\/#breadcrumb\"},\"inLanguage\":\"pl-PL\",\"potentialAction\":[{\"@type\":\"ReadAction\",\"target\":[\"https:\/\/www.probeautyaesthetics.com\/product\/buy-juvederm-volift-lidocaine-1-x-1ml\/\"]}]},{\"@type\":\"BreadcrumbList\",\"@id\":\"https:\/\/www.probeautyaesthetics.com\/product\/buy-juvederm-volift-lidocaine-1-x-1ml\/#breadcrumb\",\"itemListElement\":[{\"@type\":\"ListItem\",\"position\":1,\"name\":\"Home\",\"item\":\"https:\/\/www.probeautyaesthetics.com\/\"},{\"@type\":\"ListItem\",\"position\":2,\"name\":\"Our Products\",\"item\":\"https:\/\/www.probeautyaesthetics.com\/shop\/\"},{\"@type\":\"ListItem\",\"position\":3,\"name\":\"Buy Juvederm Volift Lidocaine 1 x 1ml Online\"}]},{\"@type\":\"WebSite\",\"@id\":\"https:\/\/www.probeautyaesthetics.com\/#website\",\"url\":\"https:\/\/www.probeautyaesthetics.com\/\",\"name\":\"Pro Beauty Aesthetics\",\"description\":\"\",\"publisher\":{\"@id\":\"https:\/\/www.probeautyaesthetics.com\/#organization\"},\"potentialAction\":[{\"@type\":\"SearchAction\",\"target\":{\"@type\":\"EntryPoint\",\"urlTemplate\":\"https:\/\/www.probeautyaesthetics.com\/?s={search_term_string}\"},\"query-input\":\"required name=search_term_string\"}],\"inLanguage\":\"pl-PL\"},{\"@type\":\"Organization\",\"@id\":\"https:\/\/www.probeautyaesthetics.com\/#organization\",\"name\":\"Pro Beauty Aesthetics\",\"url\":\"https:\/\/www.probeautyaesthetics.com\/\",\"logo\":{\"@type\":\"ImageObject\",\"inLanguage\":\"pl-PL\",\"@id\":\"https:\/\/www.probeautyaesthetics.com\/#\/schema\/logo\/image\/\",\"url\":\"https:\/\/www.probeautyaesthetics.com\/wp-content\/uploads\/2019\/11\/logo-1.png\",\"contentUrl\":\"https:\/\/www.probeautyaesthetics.com\/wp-content\/uploads\/2019\/11\/logo-1.png\",\"width\":200,\"height\":50,\"caption\":\"Pro Beauty Aesthetics\"},\"image\":{\"@id\":\"https:\/\/www.probeautyaesthetics.com\/#\/schema\/logo\/image\/\"}}]}<\/script>\n<!-- \/ Yoast SEO plugin. -->","yoast_head_json":{"title":"Buy Juvederm Volift Lidocaine 1 x 1ml Online | Probeautyaesthetics.Com","description":"You can buy juvederm volift lidocaine online at cheap price from Probeautyaesthetics.Com.Juvederm Volife 1x1ml for Sale with Free Shipping Service.Order Now","robots":{"index":"index","follow":"follow","max-snippet":"max-snippet:-1","max-image-preview":"max-image-preview:large","max-video-preview":"max-video-preview:-1"},"canonical":"https:\/\/www.probeautyaesthetics.com\/pl\/produkt\/kup-juvederm-volift-lidokaina-1-x-1ml\/","og_locale":"pl_PL","og_type":"article","og_title":"Buy Juvederm Volift Lidocaine 1 x 1ml Online | Probeautyaesthetics.Com","og_description":"You can buy juvederm volift lidocaine online at cheap price from Probeautyaesthetics.Com.Juvederm Volife 1x1ml for Sale with Free Shipping Service.Order Now","og_url":"https:\/\/www.probeautyaesthetics.com\/pl\/produkt\/kup-juvederm-volift-lidokaina-1-x-1ml\/","og_site_name":"Pro Beauty Aesthetics","article_modified_time":"2020-03-09T12:30:32+00:00","og_image":[{"width":600,"height":600,"url":"https:\/\/www.probeautyaesthetics.com\/wp-content\/uploads\/2019\/11\/Buy-Juvederm-Volift-Lidocaine-1-x-1ml-600x600.jpg","type":"image\/jpeg"}],"twitter_card":"summary_large_image","twitter_misc":{"Szacowany czas czytania":"2 minuty"},"schema":{"@context":"https:\/\/schema.org","@graph":[{"@type":"WebPage","@id":"https:\/\/www.probeautyaesthetics.com\/product\/buy-juvederm-volift-lidocaine-1-x-1ml\/","url":"https:\/\/www.probeautyaesthetics.com\/product\/buy-juvederm-volift-lidocaine-1-x-1ml\/","name":"Buy Juvederm Volift Lidocaine 1 x 1ml Online | Probeautyaesthetics.Com","isPartOf":{"@id":"https:\/\/www.probeautyaesthetics.com\/#website"},"datePublished":"2019-11-14T07:16:30+00:00","dateModified":"2020-03-09T12:30:32+00:00","description":"You can buy juvederm volift lidocaine online at cheap price from Probeautyaesthetics.Com.Juvederm Volife 1x1ml for Sale with Free Shipping Service.Order Now","breadcrumb":{"@id":"https:\/\/www.probeautyaesthetics.com\/product\/buy-juvederm-volift-lidocaine-1-x-1ml\/#breadcrumb"},"inLanguage":"pl-PL","potentialAction":[{"@type":"ReadAction","target":["https:\/\/www.probeautyaesthetics.com\/product\/buy-juvederm-volift-lidocaine-1-x-1ml\/"]}]},{"@type":"BreadcrumbList","@id":"https:\/\/www.probeautyaesthetics.com\/product\/buy-juvederm-volift-lidocaine-1-x-1ml\/#breadcrumb","itemListElement":[{"@type":"ListItem","position":1,"name":"Home","item":"https:\/\/www.probeautyaesthetics.com\/"},{"@type":"ListItem","position":2,"name":"Our Products","item":"https:\/\/www.probeautyaesthetics.com\/shop\/"},{"@type":"ListItem","position":3,"name":"Buy Juvederm Volift Lidocaine 1 x 1ml Online"}]},{"@type":"WebSite","@id":"https:\/\/www.probeautyaesthetics.com\/#website","url":"https:\/\/www.probeautyaesthetics.com\/","name":"Pro Beauty Aesthetics","description":"","publisher":{"@id":"https:\/\/www.probeautyaesthetics.com\/#organization"},"potentialAction":[{"@type":"SearchAction","target":{"@type":"EntryPoint","urlTemplate":"https:\/\/www.probeautyaesthetics.com\/?s={search_term_string}"},"query-input":"required name=search_term_string"}],"inLanguage":"pl-PL"},{"@type":"Organization","@id":"https:\/\/www.probeautyaesthetics.com\/#organization","name":"Pro Beauty Aesthetics","url":"https:\/\/www.probeautyaesthetics.com\/","logo":{"@type":"ImageObject","inLanguage":"pl-PL","@id":"https:\/\/www.probeautyaesthetics.com\/#\/schema\/logo\/image\/","url":"https:\/\/www.probeautyaesthetics.com\/wp-content\/uploads\/2019\/11\/logo-1.png","contentUrl":"https:\/\/www.probeautyaesthetics.com\/wp-content\/uploads\/2019\/11\/logo-1.png","width":200,"height":50,"caption":"Pro Beauty Aesthetics"},"image":{"@id":"https:\/\/www.probeautyaesthetics.com\/#\/schema\/logo\/image\/"}}]}},"_links":{"self":[{"href":"https:\/\/www.probeautyaesthetics.com\/pl\/wp-json\/wp\/v2\/product\/3673"}],"collection":[{"href":"https:\/\/www.probeautyaesthetics.com\/pl\/wp-json\/wp\/v2\/product"}],"about":[{"href":"https:\/\/www.probeautyaesthetics.com\/pl\/wp-json\/wp\/v2\/types\/product"}],"replies":[{"embeddable":true,"href":"https:\/\/www.probeautyaesthetics.com\/pl\/wp-json\/wp\/v2\/comments?post=3673"}],"wp:featuredmedia":[{"embeddable":true,"href":"https:\/\/www.probeautyaesthetics.com\/pl\/wp-json\/wp\/v2\/media\/3697"}],"wp:attachment":[{"href":"https:\/\/www.probeautyaesthetics.com\/pl\/wp-json\/wp\/v2\/media?parent=3673"}],"wp:term":[{"taxonomy":"product_cat","embeddable":true,"href":"https:\/\/www.probeautyaesthetics.com\/pl\/wp-json\/wp\/v2\/product_cat?post=3673"},{"taxonomy":"product_tag","embeddable":true,"href":"https:\/\/www.probeautyaesthetics.com\/pl\/wp-json\/wp\/v2\/product_tag?post=3673"}],"curies":[{"name":"wp","href":"https:\/\/api.w.org\/{rel}","templated":true}]}}