{"id":3784,"date":"2019-11-14T07:17:00","date_gmt":"2019-11-14T07:17:00","guid":{"rendered":"https:\/\/www.safeonlinechemist.com\/dermalfillers\/product\/import-placeholder-for-5481\/"},"modified":"2020-03-01T07:53:11","modified_gmt":"2020-03-01T07:53:11","slug":"buy-restylane-subq-1-x-2ml","status":"publish","type":"product","link":"https:\/\/www.probeautyaesthetics.com\/pl\/produkt\/buy-restylane-subq-1-x-2ml\/","title":{"rendered":"Kup Restylane SUBQ 1 x 2 ml online"},"content":{"rendered":"<h2 style=\"text-align: justify;\">Kup Restylane SUBQ 1 x 2 ml online w najlepszej cenie st\u0105d<\/h2>\n<p style=\"text-align: justify;\">Mo\u017cesz kupi\u0107 Restylane SUBQ 1 x 2ml w niskiej cenie w Pro Beauty Aesthetics i oczekiwa\u0107 dostawy Restylane SUBQ 1 x 2ml na sprzeda\u017c w najbli\u017cszym czasie. Podziel si\u0119 swoimi wymaganiami, aby kupi\u0107 Restylane SUBQ 1 x 2ml za pomoc\u0105 bitcoin, moneygram i western union teraz. Jeste\u015bmy tutaj, aby zapewni\u0107 Ci pe\u0142n\u0105 pomoc.<\/p>\n<h3 style=\"text-align: justify;\">Jaki jest cel stosowania Restylane SUBQ 1 x 2ml?<\/h3>\n<p style=\"text-align: justify;\">Restylane SubQ jest wstrzykiwany g\u0142\u0119biej, aby zwi\u0119kszy\u0107 obj\u0119to\u015b\u0107 i wzmocni\u0107 le\u017c\u0105c\u0105 nad nim tkank\u0119, nadaj\u0105c twarzy dope\u0142nienie i przywracaj\u0105c r\u00f3wnomierno\u015b\u0107. Zabieg ten jest idealny dla pacjent\u00f3w z wyprostowanymi konturami twarzy lub os\u00f3b z niezr\u00f3wnowa\u017con\u0105 lub asymetryczn\u0105 twarz\u0105.<\/p>\n<ul style=\"text-align: justify;\">\n<li>Poprawa strefy podbr\u00f3dka lub policzk\u00f3w<\/li>\n<li>Zwi\u0119kszanie obj\u0119to\u015bci pustych sanktuari\u00f3w<\/li>\n<li>Lifting twarzy<\/li>\n<li>Podnoszenie szcz\u0119ki<\/li>\n<li>Zmniejsza zmarszczki na nosie i ustach<\/li>\n<li>Poprawa og\u00f3lnego kszta\u0142tu twarzy bez zabieg\u00f3w medycznych<\/li>\n<li>\u0141agodniejsza i j\u0119drniejsza sk\u00f3ra<\/li>\n<li>Naprawianie symetrycznego kszta\u0142tu twarzy<\/li>\n<\/ul>\n<h3 style=\"text-align: justify;\">Zam\u00f3w Restylane SUBQ 1 x 2ml ju\u017c teraz!<\/h3>\n<p style=\"text-align: justify;\">Wystarczy zam\u00f3wi\u0107 Restylane SUBQ 1 x 2ml w naszym sklepie online i otrzyma\u0107 kompletne zam\u00f3wienie w obiecanym terminie. Twoje zam\u00f3wienie na Restylane SUBQ 1 x 2ml online zostanie zrealizowane z najwy\u017csz\u0105 precyzj\u0105. Kup Restylane SUBQ 1 x 2ml ju\u017c teraz!<\/p>","protected":false},"excerpt":{"rendered":"<table>\n<tbody>\n<tr>\n<td>Rozmiar<\/td>\n<td>2 ml<\/td>\n<\/tr>\n<tr>\n<td>Produkt licencjonowany<\/td>\n<td>NIE<\/td>\n<\/tr>\n<tr>\n<td>Wymagamy rejestracji<\/td>\n<td>NIE<\/td>\n<\/tr>\n<tr>\n<td>Region kraju<\/td>\n<td>Ten produkt jest pochodzenia europejskiego<\/td>\n<\/tr>\n<\/tbody>\n<\/table>","protected":false},"featured_media":3802,"comment_status":"open","ping_status":"closed","template":"","meta":{"_joinchat":[]},"product_cat":[138,167],"product_tag":[168,144,169,170,171,172,173,150,174,175,176,177,178,179,180,181,182,183,184],"yoast_head":"<!-- This site is optimized with the Yoast SEO plugin v21.3 - https:\/\/yoast.com\/wordpress\/plugins\/seo\/ -->\n<title>Buy Restylane SUBQ 1 x 2ml Online | Probeautyaesthetics.Com<\/title>\n<meta name=\"description\" content=\"You can buy restylane SUBQ 1 x 1ml online at cheap price from Probeautyaesthetics.Com. Restylane SUBQ for Sale with Free Shipping Service.Order Now!\" \/>\n<meta name=\"robots\" content=\"index, follow, max-snippet:-1, max-image-preview:large, max-video-preview:-1\" \/>\n<link rel=\"canonical\" href=\"https:\/\/www.probeautyaesthetics.com\/pl\/produkt\/buy-restylane-subq-1-x-2ml\/\" \/>\n<meta property=\"og:locale\" content=\"pl_PL\" \/>\n<meta property=\"og:type\" content=\"article\" \/>\n<meta property=\"og:title\" content=\"Buy Restylane SUBQ 1 x 2ml Online | Probeautyaesthetics.Com\" \/>\n<meta property=\"og:description\" content=\"You can buy restylane SUBQ 1 x 1ml online at cheap price from Probeautyaesthetics.Com. Restylane SUBQ for Sale with Free Shipping Service.Order Now!\" \/>\n<meta property=\"og:url\" content=\"https:\/\/www.probeautyaesthetics.com\/pl\/produkt\/buy-restylane-subq-1-x-2ml\/\" \/>\n<meta property=\"og:site_name\" content=\"Pro Beauty Aesthetics\" \/>\n<meta property=\"article:modified_time\" content=\"2020-03-01T07:53:11+00:00\" \/>\n<meta property=\"og:image\" content=\"https:\/\/www.probeautyaesthetics.com\/wp-content\/uploads\/2019\/11\/Buy-Restylane-SUBQ-1-x-2ml.jpg\" \/>\n\t<meta property=\"og:image:width\" content=\"1000\" \/>\n\t<meta property=\"og:image:height\" content=\"1000\" \/>\n\t<meta property=\"og:image:type\" content=\"image\/jpeg\" \/>\n<meta name=\"twitter:card\" content=\"summary_large_image\" \/>\n<meta name=\"twitter:label1\" content=\"Szacowany czas czytania\" \/>\n\t<meta name=\"twitter:data1\" content=\"1 minuta\" \/>\n<script type=\"application\/ld+json\" class=\"yoast-schema-graph\">{\"@context\":\"https:\/\/schema.org\",\"@graph\":[{\"@type\":\"WebPage\",\"@id\":\"https:\/\/www.probeautyaesthetics.com\/product\/buy-restylane-subq-1-x-2ml\/\",\"url\":\"https:\/\/www.probeautyaesthetics.com\/product\/buy-restylane-subq-1-x-2ml\/\",\"name\":\"Buy Restylane SUBQ 1 x 2ml Online | Probeautyaesthetics.Com\",\"isPartOf\":{\"@id\":\"https:\/\/www.probeautyaesthetics.com\/#website\"},\"datePublished\":\"2019-11-14T07:17:00+00:00\",\"dateModified\":\"2020-03-01T07:53:11+00:00\",\"description\":\"You can buy restylane SUBQ 1 x 1ml online at cheap price from Probeautyaesthetics.Com. Restylane SUBQ for Sale with Free Shipping Service.Order Now!\",\"breadcrumb\":{\"@id\":\"https:\/\/www.probeautyaesthetics.com\/product\/buy-restylane-subq-1-x-2ml\/#breadcrumb\"},\"inLanguage\":\"pl-PL\",\"potentialAction\":[{\"@type\":\"ReadAction\",\"target\":[\"https:\/\/www.probeautyaesthetics.com\/product\/buy-restylane-subq-1-x-2ml\/\"]}]},{\"@type\":\"BreadcrumbList\",\"@id\":\"https:\/\/www.probeautyaesthetics.com\/product\/buy-restylane-subq-1-x-2ml\/#breadcrumb\",\"itemListElement\":[{\"@type\":\"ListItem\",\"position\":1,\"name\":\"Home\",\"item\":\"https:\/\/www.probeautyaesthetics.com\/\"},{\"@type\":\"ListItem\",\"position\":2,\"name\":\"Our Products\",\"item\":\"https:\/\/www.probeautyaesthetics.com\/shop\/\"},{\"@type\":\"ListItem\",\"position\":3,\"name\":\"Buy Restylane SUBQ 1 x 2ml Online\"}]},{\"@type\":\"WebSite\",\"@id\":\"https:\/\/www.probeautyaesthetics.com\/#website\",\"url\":\"https:\/\/www.probeautyaesthetics.com\/\",\"name\":\"Pro Beauty Aesthetics\",\"description\":\"\",\"publisher\":{\"@id\":\"https:\/\/www.probeautyaesthetics.com\/#organization\"},\"potentialAction\":[{\"@type\":\"SearchAction\",\"target\":{\"@type\":\"EntryPoint\",\"urlTemplate\":\"https:\/\/www.probeautyaesthetics.com\/?s={search_term_string}\"},\"query-input\":\"required name=search_term_string\"}],\"inLanguage\":\"pl-PL\"},{\"@type\":\"Organization\",\"@id\":\"https:\/\/www.probeautyaesthetics.com\/#organization\",\"name\":\"Pro Beauty Aesthetics\",\"url\":\"https:\/\/www.probeautyaesthetics.com\/\",\"logo\":{\"@type\":\"ImageObject\",\"inLanguage\":\"pl-PL\",\"@id\":\"https:\/\/www.probeautyaesthetics.com\/#\/schema\/logo\/image\/\",\"url\":\"https:\/\/www.probeautyaesthetics.com\/wp-content\/uploads\/2019\/11\/logo-1.png\",\"contentUrl\":\"https:\/\/www.probeautyaesthetics.com\/wp-content\/uploads\/2019\/11\/logo-1.png\",\"width\":200,\"height\":50,\"caption\":\"Pro Beauty Aesthetics\"},\"image\":{\"@id\":\"https:\/\/www.probeautyaesthetics.com\/#\/schema\/logo\/image\/\"}}]}<\/script>\n<!-- \/ Yoast SEO plugin. -->","yoast_head_json":{"title":"Buy Restylane SUBQ 1 x 2ml Online | Probeautyaesthetics.Com","description":"You can buy restylane SUBQ 1 x 1ml online at cheap price from Probeautyaesthetics.Com. Restylane SUBQ for Sale with Free Shipping Service.Order Now!","robots":{"index":"index","follow":"follow","max-snippet":"max-snippet:-1","max-image-preview":"max-image-preview:large","max-video-preview":"max-video-preview:-1"},"canonical":"https:\/\/www.probeautyaesthetics.com\/pl\/produkt\/buy-restylane-subq-1-x-2ml\/","og_locale":"pl_PL","og_type":"article","og_title":"Buy Restylane SUBQ 1 x 2ml Online | Probeautyaesthetics.Com","og_description":"You can buy restylane SUBQ 1 x 1ml online at cheap price from Probeautyaesthetics.Com. Restylane SUBQ for Sale with Free Shipping Service.Order Now!","og_url":"https:\/\/www.probeautyaesthetics.com\/pl\/produkt\/buy-restylane-subq-1-x-2ml\/","og_site_name":"Pro Beauty Aesthetics","article_modified_time":"2020-03-01T07:53:11+00:00","og_image":[{"width":1000,"height":1000,"url":"https:\/\/www.probeautyaesthetics.com\/wp-content\/uploads\/2019\/11\/Buy-Restylane-SUBQ-1-x-2ml.jpg","type":"image\/jpeg"}],"twitter_card":"summary_large_image","twitter_misc":{"Szacowany czas czytania":"1 minuta"},"schema":{"@context":"https:\/\/schema.org","@graph":[{"@type":"WebPage","@id":"https:\/\/www.probeautyaesthetics.com\/product\/buy-restylane-subq-1-x-2ml\/","url":"https:\/\/www.probeautyaesthetics.com\/product\/buy-restylane-subq-1-x-2ml\/","name":"Buy Restylane SUBQ 1 x 2ml Online | Probeautyaesthetics.Com","isPartOf":{"@id":"https:\/\/www.probeautyaesthetics.com\/#website"},"datePublished":"2019-11-14T07:17:00+00:00","dateModified":"2020-03-01T07:53:11+00:00","description":"You can buy restylane SUBQ 1 x 1ml online at cheap price from Probeautyaesthetics.Com. Restylane SUBQ for Sale with Free Shipping Service.Order Now!","breadcrumb":{"@id":"https:\/\/www.probeautyaesthetics.com\/product\/buy-restylane-subq-1-x-2ml\/#breadcrumb"},"inLanguage":"pl-PL","potentialAction":[{"@type":"ReadAction","target":["https:\/\/www.probeautyaesthetics.com\/product\/buy-restylane-subq-1-x-2ml\/"]}]},{"@type":"BreadcrumbList","@id":"https:\/\/www.probeautyaesthetics.com\/product\/buy-restylane-subq-1-x-2ml\/#breadcrumb","itemListElement":[{"@type":"ListItem","position":1,"name":"Home","item":"https:\/\/www.probeautyaesthetics.com\/"},{"@type":"ListItem","position":2,"name":"Our Products","item":"https:\/\/www.probeautyaesthetics.com\/shop\/"},{"@type":"ListItem","position":3,"name":"Buy Restylane SUBQ 1 x 2ml Online"}]},{"@type":"WebSite","@id":"https:\/\/www.probeautyaesthetics.com\/#website","url":"https:\/\/www.probeautyaesthetics.com\/","name":"Pro Beauty Aesthetics","description":"","publisher":{"@id":"https:\/\/www.probeautyaesthetics.com\/#organization"},"potentialAction":[{"@type":"SearchAction","target":{"@type":"EntryPoint","urlTemplate":"https:\/\/www.probeautyaesthetics.com\/?s={search_term_string}"},"query-input":"required name=search_term_string"}],"inLanguage":"pl-PL"},{"@type":"Organization","@id":"https:\/\/www.probeautyaesthetics.com\/#organization","name":"Pro Beauty Aesthetics","url":"https:\/\/www.probeautyaesthetics.com\/","logo":{"@type":"ImageObject","inLanguage":"pl-PL","@id":"https:\/\/www.probeautyaesthetics.com\/#\/schema\/logo\/image\/","url":"https:\/\/www.probeautyaesthetics.com\/wp-content\/uploads\/2019\/11\/logo-1.png","contentUrl":"https:\/\/www.probeautyaesthetics.com\/wp-content\/uploads\/2019\/11\/logo-1.png","width":200,"height":50,"caption":"Pro Beauty Aesthetics"},"image":{"@id":"https:\/\/www.probeautyaesthetics.com\/#\/schema\/logo\/image\/"}}]}},"_links":{"self":[{"href":"https:\/\/www.probeautyaesthetics.com\/pl\/wp-json\/wp\/v2\/product\/3784"}],"collection":[{"href":"https:\/\/www.probeautyaesthetics.com\/pl\/wp-json\/wp\/v2\/product"}],"about":[{"href":"https:\/\/www.probeautyaesthetics.com\/pl\/wp-json\/wp\/v2\/types\/product"}],"replies":[{"embeddable":true,"href":"https:\/\/www.probeautyaesthetics.com\/pl\/wp-json\/wp\/v2\/comments?post=3784"}],"wp:featuredmedia":[{"embeddable":true,"href":"https:\/\/www.probeautyaesthetics.com\/pl\/wp-json\/wp\/v2\/media\/3802"}],"wp:attachment":[{"href":"https:\/\/www.probeautyaesthetics.com\/pl\/wp-json\/wp\/v2\/media?parent=3784"}],"wp:term":[{"taxonomy":"product_cat","embeddable":true,"href":"https:\/\/www.probeautyaesthetics.com\/pl\/wp-json\/wp\/v2\/product_cat?post=3784"},{"taxonomy":"product_tag","embeddable":true,"href":"https:\/\/www.probeautyaesthetics.com\/pl\/wp-json\/wp\/v2\/product_tag?post=3784"}],"curies":[{"name":"wp","href":"https:\/\/api.w.org\/{rel}","templated":true}]}}