{"id":3969,"date":"2019-11-14T07:17:52","date_gmt":"2019-11-14T07:17:52","guid":{"rendered":"https:\/\/www.safeonlinechemist.com\/dermalfillers\/product\/import-placeholder-for-5734\/"},"modified":"2020-01-28T09:10:19","modified_gmt":"2020-01-28T09:10:19","slug":"buy-aliaxin-fl-2-x-1ml-online","status":"publish","type":"product","link":"https:\/\/www.probeautyaesthetics.com\/pl\/produkt\/buy-aliaxin-fl-2-x-1ml-online\/","title":{"rendered":"Kup Aliaxin FL 2 x 1 ml online"},"content":{"rendered":"<h2 style=\"text-align: justify;\"><strong>Kup Aliaxin FL 2x 1ml online po niskich cenach<\/strong><\/h2>\n<p style=\"text-align: justify;\">Pro Beauty Aesthetics to najlepsze miejsce do zakupu Aliaxin FL 2 x 1ml w niskiej cenie. Pomo\u017cemy Ci kupi\u0107 Aliaxin FL 2 x 1ml za bitcoiny, moneygram i western union. Cz\u0142onkowie naszego zespo\u0142u udost\u0119pni\u0105 Ci r\u00f3wnie\u017c Aliaxin FL 2 x 1 ml na sprzeda\u017c tutaj. Kup teraz Aliaxin FL 2 x 1ml online!<\/p>\n<h3 style=\"text-align: justify;\"><strong>Czym charakteryzuje si\u0119 Aliaxin FL 2 x 1ml?<\/strong><\/h3>\n<p style=\"text-align: justify;\">Aliaxin FL 2 x 1 ml ma idealn\u0105 g\u0119sto\u015b\u0107 do piel\u0119gnacji okolic ust. Zdolno\u015b\u0107 \u017celu do dyfuzji w warstwie b\u0142ony \u015bluzowej warg zapewnia jednorodny efekt estetyczny nadaj\u0105cy ustom:<\/p>\n<ul style=\"text-align: justify;\">\n<li>Wype\u0142nienie i nie\u015bcieralno\u015b\u0107 (dzia\u0142anie nawil\u017caj\u0105ce)<\/li>\n<li>Normalna projekcja<\/li>\n<li>Polubowne znaczenie cynobrowej granicy<\/li>\n<li>Charakteryzuje kszta\u0142ty i buduje obj\u0119to\u015b\u0107 ust<\/li>\n<li>Idealna konsystencja zapewniaj\u0105ca jednorodn\u0105 dyfuzj\u0119 w b\u0142onie \u015bluzowej<\/li>\n<li>J\u0119drne usta, spoid\u0142a ustne i zmarszczki oko\u0142oustne o dopasowanym kszta\u0142cie<\/li>\n<li>Normalna doskona\u0142o\u015b\u0107 i m\u0142odo\u015b\u0107<\/li>\n<\/ul>\n<h3 style=\"text-align: justify;\"><strong>Zam\u00f3w teraz!<\/strong><\/h3>\n<p style=\"text-align: justify;\">Zam\u00f3w Aliaxin FL 2 x 1 ml online w naszym sklepie internetowym ju\u017c dzi\u015b i otrzymaj kompletne zam\u00f3wienie w najbli\u017cszym czasie we wskazanej lokalizacji. Na pewno nie b\u0119dziemy zwleka\u0107 z dostarczeniem Twojego produktu. Po\u0142\u0105cz si\u0119 z nami i kup teraz Aliaxin FL 2 x 1ml!<\/p>","protected":false},"excerpt":{"rendered":"<table>\n<tbody>\n<tr>\n<td>Rozmiar<\/td>\n<td>2x1 ml<\/td>\n<\/tr>\n<tr>\n<td>Produkt licencjonowany<\/td>\n<td>NIE<\/td>\n<\/tr>\n<tr>\n<td>Wymagamy rejestracji<\/td>\n<td>NIE<\/td>\n<\/tr>\n<tr>\n<td>Region kraju<\/td>\n<td>Ten produkt jest pochodzenia europejskiego<\/td>\n<\/tr>\n<\/tbody>\n<\/table>","protected":false},"featured_media":3979,"comment_status":"open","ping_status":"closed","template":"","meta":{"_joinchat":[]},"product_cat":[138,222],"product_tag":[223,224,225,226,227,229,141,230,231,232],"yoast_head":"<!-- This site is optimized with the Yoast SEO plugin v21.3 - https:\/\/yoast.com\/wordpress\/plugins\/seo\/ -->\n<title>Buy Aliaxin FL 2 x 1ml Online | Aliaxin FL for Sale @ Cheap Price<\/title>\n<meta name=\"description\" content=\"You can buy aliaxin FL 2 x1ml online at lowest price from Probeautyaesthetics.Com. Aliaxin FL for Sale with Free Shipping Service.Order Now!\" \/>\n<meta name=\"robots\" content=\"index, follow, max-snippet:-1, max-image-preview:large, max-video-preview:-1\" \/>\n<link rel=\"canonical\" href=\"https:\/\/www.probeautyaesthetics.com\/pl\/produkt\/buy-aliaxin-fl-2-x-1ml-online\/\" \/>\n<meta property=\"og:locale\" content=\"pl_PL\" \/>\n<meta property=\"og:type\" content=\"article\" \/>\n<meta property=\"og:title\" content=\"Buy Aliaxin FL 2 x 1ml Online | Aliaxin FL for Sale @ Cheap Price\" \/>\n<meta property=\"og:description\" content=\"You can buy aliaxin FL 2 x1ml online at lowest price from Probeautyaesthetics.Com. Aliaxin FL for Sale with Free Shipping Service.Order Now!\" \/>\n<meta property=\"og:url\" content=\"https:\/\/www.probeautyaesthetics.com\/pl\/produkt\/buy-aliaxin-fl-2-x-1ml-online\/\" \/>\n<meta property=\"og:site_name\" content=\"Pro Beauty Aesthetics\" \/>\n<meta property=\"article:modified_time\" content=\"2020-01-28T09:10:19+00:00\" \/>\n<meta property=\"og:image\" content=\"https:\/\/www.probeautyaesthetics.com\/wp-content\/uploads\/2019\/11\/Buy-Aliaxin-FL-2-x-1ml-Online.jpg\" \/>\n\t<meta property=\"og:image:width\" content=\"1000\" \/>\n\t<meta property=\"og:image:height\" content=\"1000\" \/>\n\t<meta property=\"og:image:type\" content=\"image\/jpeg\" \/>\n<meta name=\"twitter:card\" content=\"summary_large_image\" \/>\n<meta name=\"twitter:label1\" content=\"Szacowany czas czytania\" \/>\n\t<meta name=\"twitter:data1\" content=\"1 minuta\" \/>\n<script type=\"application\/ld+json\" class=\"yoast-schema-graph\">{\"@context\":\"https:\/\/schema.org\",\"@graph\":[{\"@type\":\"WebPage\",\"@id\":\"https:\/\/www.probeautyaesthetics.com\/product\/buy-aliaxin-fl-2-x-1ml-online\/\",\"url\":\"https:\/\/www.probeautyaesthetics.com\/product\/buy-aliaxin-fl-2-x-1ml-online\/\",\"name\":\"Buy Aliaxin FL 2 x 1ml Online | Aliaxin FL for Sale @ Cheap Price\",\"isPartOf\":{\"@id\":\"https:\/\/www.probeautyaesthetics.com\/#website\"},\"datePublished\":\"2019-11-14T07:17:52+00:00\",\"dateModified\":\"2020-01-28T09:10:19+00:00\",\"description\":\"You can buy aliaxin FL 2 x1ml online at lowest price from Probeautyaesthetics.Com. Aliaxin FL for Sale with Free Shipping Service.Order Now!\",\"breadcrumb\":{\"@id\":\"https:\/\/www.probeautyaesthetics.com\/product\/buy-aliaxin-fl-2-x-1ml-online\/#breadcrumb\"},\"inLanguage\":\"pl-PL\",\"potentialAction\":[{\"@type\":\"ReadAction\",\"target\":[\"https:\/\/www.probeautyaesthetics.com\/product\/buy-aliaxin-fl-2-x-1ml-online\/\"]}]},{\"@type\":\"BreadcrumbList\",\"@id\":\"https:\/\/www.probeautyaesthetics.com\/product\/buy-aliaxin-fl-2-x-1ml-online\/#breadcrumb\",\"itemListElement\":[{\"@type\":\"ListItem\",\"position\":1,\"name\":\"Home\",\"item\":\"https:\/\/www.probeautyaesthetics.com\/\"},{\"@type\":\"ListItem\",\"position\":2,\"name\":\"Our Products\",\"item\":\"https:\/\/www.probeautyaesthetics.com\/shop\/\"},{\"@type\":\"ListItem\",\"position\":3,\"name\":\"Buy Aliaxin FL 2 x 1ml Online\"}]},{\"@type\":\"WebSite\",\"@id\":\"https:\/\/www.probeautyaesthetics.com\/#website\",\"url\":\"https:\/\/www.probeautyaesthetics.com\/\",\"name\":\"Pro Beauty Aesthetics\",\"description\":\"\",\"publisher\":{\"@id\":\"https:\/\/www.probeautyaesthetics.com\/#organization\"},\"potentialAction\":[{\"@type\":\"SearchAction\",\"target\":{\"@type\":\"EntryPoint\",\"urlTemplate\":\"https:\/\/www.probeautyaesthetics.com\/?s={search_term_string}\"},\"query-input\":\"required name=search_term_string\"}],\"inLanguage\":\"pl-PL\"},{\"@type\":\"Organization\",\"@id\":\"https:\/\/www.probeautyaesthetics.com\/#organization\",\"name\":\"Pro Beauty Aesthetics\",\"url\":\"https:\/\/www.probeautyaesthetics.com\/\",\"logo\":{\"@type\":\"ImageObject\",\"inLanguage\":\"pl-PL\",\"@id\":\"https:\/\/www.probeautyaesthetics.com\/#\/schema\/logo\/image\/\",\"url\":\"https:\/\/www.probeautyaesthetics.com\/wp-content\/uploads\/2019\/11\/logo-1.png\",\"contentUrl\":\"https:\/\/www.probeautyaesthetics.com\/wp-content\/uploads\/2019\/11\/logo-1.png\",\"width\":200,\"height\":50,\"caption\":\"Pro Beauty Aesthetics\"},\"image\":{\"@id\":\"https:\/\/www.probeautyaesthetics.com\/#\/schema\/logo\/image\/\"}}]}<\/script>\n<!-- \/ Yoast SEO plugin. -->","yoast_head_json":{"title":"Buy Aliaxin FL 2 x 1ml Online | Aliaxin FL for Sale @ Cheap Price","description":"You can buy aliaxin FL 2 x1ml online at lowest price from Probeautyaesthetics.Com. Aliaxin FL for Sale with Free Shipping Service.Order Now!","robots":{"index":"index","follow":"follow","max-snippet":"max-snippet:-1","max-image-preview":"max-image-preview:large","max-video-preview":"max-video-preview:-1"},"canonical":"https:\/\/www.probeautyaesthetics.com\/pl\/produkt\/buy-aliaxin-fl-2-x-1ml-online\/","og_locale":"pl_PL","og_type":"article","og_title":"Buy Aliaxin FL 2 x 1ml Online | Aliaxin FL for Sale @ Cheap Price","og_description":"You can buy aliaxin FL 2 x1ml online at lowest price from Probeautyaesthetics.Com. Aliaxin FL for Sale with Free Shipping Service.Order Now!","og_url":"https:\/\/www.probeautyaesthetics.com\/pl\/produkt\/buy-aliaxin-fl-2-x-1ml-online\/","og_site_name":"Pro Beauty Aesthetics","article_modified_time":"2020-01-28T09:10:19+00:00","og_image":[{"width":1000,"height":1000,"url":"https:\/\/www.probeautyaesthetics.com\/wp-content\/uploads\/2019\/11\/Buy-Aliaxin-FL-2-x-1ml-Online.jpg","type":"image\/jpeg"}],"twitter_card":"summary_large_image","twitter_misc":{"Szacowany czas czytania":"1 minuta"},"schema":{"@context":"https:\/\/schema.org","@graph":[{"@type":"WebPage","@id":"https:\/\/www.probeautyaesthetics.com\/product\/buy-aliaxin-fl-2-x-1ml-online\/","url":"https:\/\/www.probeautyaesthetics.com\/product\/buy-aliaxin-fl-2-x-1ml-online\/","name":"Buy Aliaxin FL 2 x 1ml Online | Aliaxin FL for Sale @ Cheap Price","isPartOf":{"@id":"https:\/\/www.probeautyaesthetics.com\/#website"},"datePublished":"2019-11-14T07:17:52+00:00","dateModified":"2020-01-28T09:10:19+00:00","description":"You can buy aliaxin FL 2 x1ml online at lowest price from Probeautyaesthetics.Com. Aliaxin FL for Sale with Free Shipping Service.Order Now!","breadcrumb":{"@id":"https:\/\/www.probeautyaesthetics.com\/product\/buy-aliaxin-fl-2-x-1ml-online\/#breadcrumb"},"inLanguage":"pl-PL","potentialAction":[{"@type":"ReadAction","target":["https:\/\/www.probeautyaesthetics.com\/product\/buy-aliaxin-fl-2-x-1ml-online\/"]}]},{"@type":"BreadcrumbList","@id":"https:\/\/www.probeautyaesthetics.com\/product\/buy-aliaxin-fl-2-x-1ml-online\/#breadcrumb","itemListElement":[{"@type":"ListItem","position":1,"name":"Home","item":"https:\/\/www.probeautyaesthetics.com\/"},{"@type":"ListItem","position":2,"name":"Our Products","item":"https:\/\/www.probeautyaesthetics.com\/shop\/"},{"@type":"ListItem","position":3,"name":"Buy Aliaxin FL 2 x 1ml Online"}]},{"@type":"WebSite","@id":"https:\/\/www.probeautyaesthetics.com\/#website","url":"https:\/\/www.probeautyaesthetics.com\/","name":"Pro Beauty Aesthetics","description":"","publisher":{"@id":"https:\/\/www.probeautyaesthetics.com\/#organization"},"potentialAction":[{"@type":"SearchAction","target":{"@type":"EntryPoint","urlTemplate":"https:\/\/www.probeautyaesthetics.com\/?s={search_term_string}"},"query-input":"required name=search_term_string"}],"inLanguage":"pl-PL"},{"@type":"Organization","@id":"https:\/\/www.probeautyaesthetics.com\/#organization","name":"Pro Beauty Aesthetics","url":"https:\/\/www.probeautyaesthetics.com\/","logo":{"@type":"ImageObject","inLanguage":"pl-PL","@id":"https:\/\/www.probeautyaesthetics.com\/#\/schema\/logo\/image\/","url":"https:\/\/www.probeautyaesthetics.com\/wp-content\/uploads\/2019\/11\/logo-1.png","contentUrl":"https:\/\/www.probeautyaesthetics.com\/wp-content\/uploads\/2019\/11\/logo-1.png","width":200,"height":50,"caption":"Pro Beauty Aesthetics"},"image":{"@id":"https:\/\/www.probeautyaesthetics.com\/#\/schema\/logo\/image\/"}}]}},"_links":{"self":[{"href":"https:\/\/www.probeautyaesthetics.com\/pl\/wp-json\/wp\/v2\/product\/3969"}],"collection":[{"href":"https:\/\/www.probeautyaesthetics.com\/pl\/wp-json\/wp\/v2\/product"}],"about":[{"href":"https:\/\/www.probeautyaesthetics.com\/pl\/wp-json\/wp\/v2\/types\/product"}],"replies":[{"embeddable":true,"href":"https:\/\/www.probeautyaesthetics.com\/pl\/wp-json\/wp\/v2\/comments?post=3969"}],"wp:featuredmedia":[{"embeddable":true,"href":"https:\/\/www.probeautyaesthetics.com\/pl\/wp-json\/wp\/v2\/media\/3979"}],"wp:attachment":[{"href":"https:\/\/www.probeautyaesthetics.com\/pl\/wp-json\/wp\/v2\/media?parent=3969"}],"wp:term":[{"taxonomy":"product_cat","embeddable":true,"href":"https:\/\/www.probeautyaesthetics.com\/pl\/wp-json\/wp\/v2\/product_cat?post=3969"},{"taxonomy":"product_tag","embeddable":true,"href":"https:\/\/www.probeautyaesthetics.com\/pl\/wp-json\/wp\/v2\/product_tag?post=3969"}],"curies":[{"name":"wp","href":"https:\/\/api.w.org\/{rel}","templated":true}]}}