{"id":4027,"date":"2019-11-14T07:18:14","date_gmt":"2019-11-14T07:18:14","guid":{"rendered":"https:\/\/www.safeonlinechemist.com\/dermalfillers\/product\/import-placeholder-for-5810\/"},"modified":"2020-03-05T07:48:53","modified_gmt":"2020-03-05T07:48:53","slug":"buy-amalian-lt-beauty-lips-1x1-0ml","status":"publish","type":"product","link":"https:\/\/www.probeautyaesthetics.com\/pl\/produkt\/kup-amalian-lt-beauty-lips-1x1-0ml\/","title":{"rendered":"\u5728\u7dda\u8cfc\u8cb7 Amalian LT Beauty Lips (1\u00d71.0ml)"},"content":{"rendered":"<h2 style=\"text-align: justify;\">Kup Amalian LT Beauty Lips (1\u00d71,0 ml) online po atrakcyjnych cenach<\/h2>\n<p style=\"text-align: justify;\">Pro Beauty Aesthetics to niezawodny sklep internetowy, w kt\u00f3rym mo\u017cna kupi\u0107 Amalian LT Beauty Lips (1\u00d71,0 ml) za bitcoiny, moneygram i western union. Mo\u017cesz r\u00f3wnie\u017c kupi\u0107 Amalian LT Beauty Lips (1\u00d71,0 ml) na sprzeda\u017c tutaj. Skontaktuj si\u0119 z naszym sklepem internetowym i od razu zam\u00f3w Amalian LT Beauty Lips (1\u00d71,0 ml)!<\/p>\n<h3 style=\"text-align: justify;\">Co to jest Amalian LT Beauty Lips (1\u00d71,0 ml) i jego skuteczno\u015b\u0107?<\/h3>\n<p style=\"text-align: justify;\">Amalian LT Beauty Lips (1\u00d71,0 ml) to kolejna definicja jednofazowego, bardziej ugruntowanego wzrostu ust. Solidno\u015b\u0107 i elastyczno\u015b\u0107. Je\u015bli chcesz zachowa\u0107 m\u0142ody blask, Amalian LT Beauty Lips (1 \u00d7 1,0 ml) mo\u017ce Ci w tym pom\u00f3c, dzia\u0142aj\u0105c na sk\u00f3r\u0119 w celu odbudowy sk\u00f3ry w\u0142a\u015bciwej. Wst\u0119pne badania kliniczne zalecaj\u0105 jednokrotne skierowanie Amalian LT Beauty Lips jak w zegarku, aby uzyska\u0107 najlepsze rezultaty. W ka\u017cdym razie istnieje wiele element\u00f3w, kt\u00f3re decyduj\u0105 o d\u0142ugo\u015bci \u017cycia skutk\u00f3w, w tym wiek ludzi, styl \u017cycia i wymagany poziom leczenia.<\/p>\n<p style=\"text-align: justify;\">Amalian LT Beauty Lips (1 \u00d7 1,0 ml) wstrzykni\u0119ty w \u015brodkow\u0105 warstw\u0119 sk\u00f3ry w\u0142a\u015bciwej mo\u017ce by\u0107 stosowany w celu:<\/p>\n<ul style=\"text-align: justify;\">\n<li>Odn\u00f3w nawil\u017cenie<\/li>\n<li>Stw\u00f3rz i popraw genialny po\u0142ysk<\/li>\n<li>Op\u00f3\u017anij pojawienie si\u0119 ledwo zauwa\u017calnych r\u00f3\u017cnic i zmarszczek<\/li>\n<\/ul>\n<h3 style=\"text-align: justify;\">Z\u0142\u00f3\u017c zam\u00f3wienie teraz!<\/h3>\n<p style=\"text-align: justify;\">Kup Amalian LT Beauty Lips (1\u00d71,0 ml) w niskiej cenie w naszym sklepie internetowym i odbierz je jak najszybciej pod wskazanym adresem!<\/p>\n<p>&nbsp;<\/p>\n<p>kup amalian lt beauty lips (1\u00d71,0 ml) online, amalian lt beauty lips (1\u00d71,0 ml) na sprzeda\u017c, amalian lt beauty lips (1\u00d71,0 ml) na sprzeda\u017c w USA, kup prawdziwe amalian lt beauty lips (1\u00d71,0 ml) online, gdzie kupi\u0107 amalian lt beauty lips (1\u00d71,0 ml), kupi\u0107 amalian lt beauty lips (1\u00d71,0 ml) online, kupi\u0107 amalian lt beauty lips (1\u00d71,0 ml) Hiszpania, amalian lt beauty lips (1 \u00d71.0ml) na sprzeda\u017c Ukraina, amalian lt beauty lips (1\u00d71.0ml) na sprzeda\u017c Kanada, amalian lt beauty lips (1\u00d71.0ml) na sprzeda\u017c Europa, kupuj\u0105c amalian lt beauty lips (1\u00d71.0ml) online legalny, kup amalian lt beauty lips (1\u00d71,0 ml) online za pomoc\u0105 bitcoin\u00f3w, kup amalian lt beauty lips (1\u00d71,0 ml) online za pomoc\u0105 MoneyGram, amalian lt beauty lips (1\u00d71,0 ml) na sprzeda\u017c w Western Union, jak kupi\u0107 amalian lt beauty lips (1\u00d71,0 ml) online, kup amalian lt beauty lips (1\u00d71,0 ml) tanio, kup prawdziwe amalian lt beauty lips (1\u00d71,0 ml) online, zam\u00f3w amalian lt beauty lips (1\u00d71,0 ml) ) online, Mail amalian lt beauty lips (1\u00d71.0ml), Mo\u017cesz zam\u00f3wi\u0107 amalian lt beauty lips (1\u00d71.0ml) w USA, Kanadzie, Europie, we W\u0142oszech.<\/p>","protected":false},"excerpt":{"rendered":"<p>Buy Amalian LT Beauty Lips (1\u00d71.0ml) Online At Cost-Effective Prices Pro Beauty Aesthetics is a reliable online shop from where you can buy Amalian LT Beauty Lips (1\u00d71.0ml) with bitcoin,<\/p>","protected":false},"featured_media":4047,"comment_status":"open","ping_status":"closed","template":"","meta":{"_joinchat":[]},"product_cat":[138,237],"product_tag":[238,239,240,241,243,248,244],"yoast_head":"<!-- This site is optimized with the Yoast SEO plugin v21.3 - https:\/\/yoast.com\/wordpress\/plugins\/seo\/ -->\n<title>Buy Amalian LT Beauty Lips (1\u00d71.0ml) Online | Probeautyaesthetics.Com<\/title>\n<meta name=\"description\" content=\"You can buy amalian LT beauty lips 1 x1ml online at lowest price from Probeautyaesthetics.Com. Amalian LT for Sale with Free Shipping Service.Order Now!\" \/>\n<meta name=\"robots\" content=\"index, follow, max-snippet:-1, max-image-preview:large, max-video-preview:-1\" \/>\n<link rel=\"canonical\" href=\"https:\/\/www.probeautyaesthetics.com\/pl\/produkt\/kup-amalian-lt-beauty-lips-1x1-0ml\/\" \/>\n<meta property=\"og:locale\" content=\"pl_PL\" \/>\n<meta property=\"og:type\" content=\"article\" \/>\n<meta property=\"og:title\" content=\"Buy Amalian LT Beauty Lips (1\u00d71.0ml) Online | Probeautyaesthetics.Com\" \/>\n<meta property=\"og:description\" content=\"You can buy amalian LT beauty lips 1 x1ml online at lowest price from Probeautyaesthetics.Com. Amalian LT for Sale with Free Shipping Service.Order Now!\" \/>\n<meta property=\"og:url\" content=\"https:\/\/www.probeautyaesthetics.com\/pl\/produkt\/kup-amalian-lt-beauty-lips-1x1-0ml\/\" \/>\n<meta property=\"og:site_name\" content=\"Pro Beauty Aesthetics\" \/>\n<meta property=\"article:modified_time\" content=\"2020-03-05T07:48:53+00:00\" \/>\n<meta property=\"og:image\" content=\"https:\/\/www.probeautyaesthetics.com\/wp-content\/uploads\/2019\/11\/Buy-Amalian-LT-Beauty-Lips-1x1.0ml.jpg\" \/>\n\t<meta property=\"og:image:width\" content=\"630\" \/>\n\t<meta property=\"og:image:height\" content=\"671\" \/>\n\t<meta property=\"og:image:type\" content=\"image\/jpeg\" \/>\n<meta name=\"twitter:card\" content=\"summary_large_image\" \/>\n<meta name=\"twitter:label1\" content=\"Szacowany czas czytania\" \/>\n\t<meta name=\"twitter:data1\" content=\"2 minuty\" \/>\n<script type=\"application\/ld+json\" class=\"yoast-schema-graph\">{\"@context\":\"https:\/\/schema.org\",\"@graph\":[{\"@type\":\"WebPage\",\"@id\":\"https:\/\/www.probeautyaesthetics.com\/product\/buy-amalian-lt-beauty-lips-1x1-0ml\/\",\"url\":\"https:\/\/www.probeautyaesthetics.com\/product\/buy-amalian-lt-beauty-lips-1x1-0ml\/\",\"name\":\"Buy Amalian LT Beauty Lips (1\u00d71.0ml) Online | Probeautyaesthetics.Com\",\"isPartOf\":{\"@id\":\"https:\/\/www.probeautyaesthetics.com\/#website\"},\"datePublished\":\"2019-11-14T07:18:14+00:00\",\"dateModified\":\"2020-03-05T07:48:53+00:00\",\"description\":\"You can buy amalian LT beauty lips 1 x1ml online at lowest price from Probeautyaesthetics.Com. Amalian LT for Sale with Free Shipping Service.Order Now!\",\"breadcrumb\":{\"@id\":\"https:\/\/www.probeautyaesthetics.com\/product\/buy-amalian-lt-beauty-lips-1x1-0ml\/#breadcrumb\"},\"inLanguage\":\"pl-PL\",\"potentialAction\":[{\"@type\":\"ReadAction\",\"target\":[\"https:\/\/www.probeautyaesthetics.com\/product\/buy-amalian-lt-beauty-lips-1x1-0ml\/\"]}]},{\"@type\":\"BreadcrumbList\",\"@id\":\"https:\/\/www.probeautyaesthetics.com\/product\/buy-amalian-lt-beauty-lips-1x1-0ml\/#breadcrumb\",\"itemListElement\":[{\"@type\":\"ListItem\",\"position\":1,\"name\":\"Home\",\"item\":\"https:\/\/www.probeautyaesthetics.com\/\"},{\"@type\":\"ListItem\",\"position\":2,\"name\":\"Our Products\",\"item\":\"https:\/\/www.probeautyaesthetics.com\/shop\/\"},{\"@type\":\"ListItem\",\"position\":3,\"name\":\"Buy Amalian LT Beauty Lips (1\u00d71.0ml) Online\"}]},{\"@type\":\"WebSite\",\"@id\":\"https:\/\/www.probeautyaesthetics.com\/#website\",\"url\":\"https:\/\/www.probeautyaesthetics.com\/\",\"name\":\"Pro Beauty Aesthetics\",\"description\":\"\",\"publisher\":{\"@id\":\"https:\/\/www.probeautyaesthetics.com\/#organization\"},\"potentialAction\":[{\"@type\":\"SearchAction\",\"target\":{\"@type\":\"EntryPoint\",\"urlTemplate\":\"https:\/\/www.probeautyaesthetics.com\/?s={search_term_string}\"},\"query-input\":\"required name=search_term_string\"}],\"inLanguage\":\"pl-PL\"},{\"@type\":\"Organization\",\"@id\":\"https:\/\/www.probeautyaesthetics.com\/#organization\",\"name\":\"Pro Beauty Aesthetics\",\"url\":\"https:\/\/www.probeautyaesthetics.com\/\",\"logo\":{\"@type\":\"ImageObject\",\"inLanguage\":\"pl-PL\",\"@id\":\"https:\/\/www.probeautyaesthetics.com\/#\/schema\/logo\/image\/\",\"url\":\"https:\/\/www.probeautyaesthetics.com\/wp-content\/uploads\/2019\/11\/logo-1.png\",\"contentUrl\":\"https:\/\/www.probeautyaesthetics.com\/wp-content\/uploads\/2019\/11\/logo-1.png\",\"width\":200,\"height\":50,\"caption\":\"Pro Beauty Aesthetics\"},\"image\":{\"@id\":\"https:\/\/www.probeautyaesthetics.com\/#\/schema\/logo\/image\/\"}}]}<\/script>\n<!-- \/ Yoast SEO plugin. -->","yoast_head_json":{"title":"Buy Amalian LT Beauty Lips (1\u00d71.0ml) Online | Probeautyaesthetics.Com","description":"You can buy amalian LT beauty lips 1 x1ml online at lowest price from Probeautyaesthetics.Com. Amalian LT for Sale with Free Shipping Service.Order Now!","robots":{"index":"index","follow":"follow","max-snippet":"max-snippet:-1","max-image-preview":"max-image-preview:large","max-video-preview":"max-video-preview:-1"},"canonical":"https:\/\/www.probeautyaesthetics.com\/pl\/produkt\/kup-amalian-lt-beauty-lips-1x1-0ml\/","og_locale":"pl_PL","og_type":"article","og_title":"Buy Amalian LT Beauty Lips (1\u00d71.0ml) Online | Probeautyaesthetics.Com","og_description":"You can buy amalian LT beauty lips 1 x1ml online at lowest price from Probeautyaesthetics.Com. Amalian LT for Sale with Free Shipping Service.Order Now!","og_url":"https:\/\/www.probeautyaesthetics.com\/pl\/produkt\/kup-amalian-lt-beauty-lips-1x1-0ml\/","og_site_name":"Pro Beauty Aesthetics","article_modified_time":"2020-03-05T07:48:53+00:00","og_image":[{"width":630,"height":671,"url":"https:\/\/www.probeautyaesthetics.com\/wp-content\/uploads\/2019\/11\/Buy-Amalian-LT-Beauty-Lips-1x1.0ml.jpg","type":"image\/jpeg"}],"twitter_card":"summary_large_image","twitter_misc":{"Szacowany czas czytania":"2 minuty"},"schema":{"@context":"https:\/\/schema.org","@graph":[{"@type":"WebPage","@id":"https:\/\/www.probeautyaesthetics.com\/product\/buy-amalian-lt-beauty-lips-1x1-0ml\/","url":"https:\/\/www.probeautyaesthetics.com\/product\/buy-amalian-lt-beauty-lips-1x1-0ml\/","name":"Buy Amalian LT Beauty Lips (1\u00d71.0ml) Online | Probeautyaesthetics.Com","isPartOf":{"@id":"https:\/\/www.probeautyaesthetics.com\/#website"},"datePublished":"2019-11-14T07:18:14+00:00","dateModified":"2020-03-05T07:48:53+00:00","description":"You can buy amalian LT beauty lips 1 x1ml online at lowest price from Probeautyaesthetics.Com. Amalian LT for Sale with Free Shipping Service.Order Now!","breadcrumb":{"@id":"https:\/\/www.probeautyaesthetics.com\/product\/buy-amalian-lt-beauty-lips-1x1-0ml\/#breadcrumb"},"inLanguage":"pl-PL","potentialAction":[{"@type":"ReadAction","target":["https:\/\/www.probeautyaesthetics.com\/product\/buy-amalian-lt-beauty-lips-1x1-0ml\/"]}]},{"@type":"BreadcrumbList","@id":"https:\/\/www.probeautyaesthetics.com\/product\/buy-amalian-lt-beauty-lips-1x1-0ml\/#breadcrumb","itemListElement":[{"@type":"ListItem","position":1,"name":"Home","item":"https:\/\/www.probeautyaesthetics.com\/"},{"@type":"ListItem","position":2,"name":"Our Products","item":"https:\/\/www.probeautyaesthetics.com\/shop\/"},{"@type":"ListItem","position":3,"name":"Buy Amalian LT Beauty Lips (1\u00d71.0ml) Online"}]},{"@type":"WebSite","@id":"https:\/\/www.probeautyaesthetics.com\/#website","url":"https:\/\/www.probeautyaesthetics.com\/","name":"Pro Beauty Aesthetics","description":"","publisher":{"@id":"https:\/\/www.probeautyaesthetics.com\/#organization"},"potentialAction":[{"@type":"SearchAction","target":{"@type":"EntryPoint","urlTemplate":"https:\/\/www.probeautyaesthetics.com\/?s={search_term_string}"},"query-input":"required name=search_term_string"}],"inLanguage":"pl-PL"},{"@type":"Organization","@id":"https:\/\/www.probeautyaesthetics.com\/#organization","name":"Pro Beauty Aesthetics","url":"https:\/\/www.probeautyaesthetics.com\/","logo":{"@type":"ImageObject","inLanguage":"pl-PL","@id":"https:\/\/www.probeautyaesthetics.com\/#\/schema\/logo\/image\/","url":"https:\/\/www.probeautyaesthetics.com\/wp-content\/uploads\/2019\/11\/logo-1.png","contentUrl":"https:\/\/www.probeautyaesthetics.com\/wp-content\/uploads\/2019\/11\/logo-1.png","width":200,"height":50,"caption":"Pro Beauty Aesthetics"},"image":{"@id":"https:\/\/www.probeautyaesthetics.com\/#\/schema\/logo\/image\/"}}]}},"_links":{"self":[{"href":"https:\/\/www.probeautyaesthetics.com\/pl\/wp-json\/wp\/v2\/product\/4027"}],"collection":[{"href":"https:\/\/www.probeautyaesthetics.com\/pl\/wp-json\/wp\/v2\/product"}],"about":[{"href":"https:\/\/www.probeautyaesthetics.com\/pl\/wp-json\/wp\/v2\/types\/product"}],"replies":[{"embeddable":true,"href":"https:\/\/www.probeautyaesthetics.com\/pl\/wp-json\/wp\/v2\/comments?post=4027"}],"wp:featuredmedia":[{"embeddable":true,"href":"https:\/\/www.probeautyaesthetics.com\/pl\/wp-json\/wp\/v2\/media\/4047"}],"wp:attachment":[{"href":"https:\/\/www.probeautyaesthetics.com\/pl\/wp-json\/wp\/v2\/media?parent=4027"}],"wp:term":[{"taxonomy":"product_cat","embeddable":true,"href":"https:\/\/www.probeautyaesthetics.com\/pl\/wp-json\/wp\/v2\/product_cat?post=4027"},{"taxonomy":"product_tag","embeddable":true,"href":"https:\/\/www.probeautyaesthetics.com\/pl\/wp-json\/wp\/v2\/product_tag?post=4027"}],"curies":[{"name":"wp","href":"https:\/\/api.w.org\/{rel}","templated":true}]}}