{"id":4142,"date":"2019-11-14T07:18:47","date_gmt":"2019-11-14T07:18:47","guid":{"rendered":"https:\/\/www.safeonlinechemist.com\/dermalfillers\/product\/import-placeholder-for-6020\/"},"modified":"2020-01-29T13:26:05","modified_gmt":"2020-01-29T13:26:05","slug":"buy-decoria-intense-filler-1x1ml","status":"publish","type":"product","link":"https:\/\/www.probeautyaesthetics.com\/pl\/produkt\/buy-decoria-intense-filler-1x1ml\/","title":{"rendered":"Kup Decoria Intense Filler (1x1ml)"},"content":{"rendered":"<h2 style=\"text-align: justify;\"><strong>Kup Decoria Intense Filler (1x1ml) po niskich cenach<\/strong><\/h2>\n<p style=\"text-align: justify;\">Je\u015bli chcesz kupi\u0107 Decoria Intense Filler (1x1ml) za bitcoiny, moneygramy i western union; to Pro Beauty Aesthetics jest Twoim preferowanym miejscem docelowym. W sprzeda\u017cy posiadamy Intensywny Wype\u0142niacz Decoria (1x1ml). Skontaktuj si\u0119 z nami natychmiast i z\u0142\u00f3\u017c zam\u00f3wienie na zakup Decoria Intense Filler (1x1ml) online.<\/p>\n<h3 style=\"text-align: justify;\"><strong>Jakie s\u0105 zalety stosowania Decoria Intense Filler (1x1ml)?<\/strong><\/h3>\n<p style=\"text-align: justify;\">Decoria to ponad 20-letnie do\u015bwiadczenie w badaniach, rozwoju i monta\u017cu przedmiot\u00f3w na bazie substancji hialuronowych i \u017cr\u0105cych, dzi\u0119ki czemu przedmiot jest zar\u00f3wno chroniony, trwa\u0142y, jak i \u0142atwy w obs\u0142udze.<\/p>\n<p style=\"text-align: justify;\">Artyku\u0142y Decoria to wk\u0142adki do wstrzykiwa\u0144 w postaci prostego \u017celu, stosowane do rewizji i modelowania zmarszczek i nak\u0142adek na twarzy, modelowania twarzy i poprawy ust. Tylko jedno zastrzyki Decorii daj\u0105 szybki efekt i niezawodny efekt.<\/p>\n<p style=\"text-align: justify;\">Wyj\u0105tkowy mo\u017cna wstrzykiwa\u0107 w g\u0142\u0119bok\u0105 sk\u00f3r\u0119 w\u0142a\u015bciw\u0105 w celu:<\/p>\n<ul style=\"text-align: justify;\">\n<li>Fa\u0142dy nosowo-wargowe<\/li>\n<li>Modelacja<\/li>\n<li>Korygowanie zmarszczek na twarzy<\/li>\n<li>Obj\u0119to\u015b\u0107 ust<\/li>\n<\/ul>\n<h3 style=\"text-align: justify;\"><strong>Po\u0142\u0105cz si\u0119 z naszym sklepem internetowym ju\u017c teraz!<\/strong><\/h3>\n<p style=\"text-align: justify;\">W Pro Beauty Aesthetics mo\u017cesz kupi\u0107 Decoria Intense Filler (1x1ml) w niskiej cenie. Twoje zam\u00f3wienie zostanie dostarczone bezpo\u015brednio pod Twoje drzwi w kr\u00f3tkim czasie. Zam\u00f3w Decoria Intense Filler (1x1ml) i spodziewaj si\u0119 dostawy jak najszybciej. Kup Decoria Intense Filler (1x1ml) ju\u017c teraz!<\/p>","protected":false},"excerpt":{"rendered":"<table>\n<tbody>\n<tr>\n<td>Waga<\/td>\n<td>0,07 kg<\/td>\n<\/tr>\n<\/tbody>\n<\/table>","protected":false},"featured_media":4155,"comment_status":"open","ping_status":"closed","template":"","meta":{"_joinchat":[]},"product_cat":[138,280],"product_tag":[281,282,283,284],"yoast_head":"<!-- This site is optimized with the Yoast SEO plugin v21.3 - https:\/\/yoast.com\/wordpress\/plugins\/seo\/ -->\n<title>Buy Decoria Intense Filler (1x1ml) - Pro Beauty Aesthetics<\/title>\n<meta name=\"robots\" content=\"index, follow, max-snippet:-1, max-image-preview:large, max-video-preview:-1\" \/>\n<link rel=\"canonical\" href=\"https:\/\/www.probeautyaesthetics.com\/pl\/produkt\/buy-decoria-intense-filler-1x1ml\/\" \/>\n<meta property=\"og:locale\" content=\"pl_PL\" \/>\n<meta property=\"og:type\" content=\"article\" \/>\n<meta property=\"og:title\" content=\"Buy Decoria Intense Filler (1x1ml) - Pro Beauty Aesthetics\" \/>\n<meta property=\"og:description\" content=\"Weight 0.07kg\" \/>\n<meta property=\"og:url\" content=\"https:\/\/www.probeautyaesthetics.com\/pl\/produkt\/buy-decoria-intense-filler-1x1ml\/\" \/>\n<meta property=\"og:site_name\" content=\"Pro Beauty Aesthetics\" \/>\n<meta property=\"article:modified_time\" content=\"2020-01-29T13:26:05+00:00\" \/>\n<meta property=\"og:image\" content=\"https:\/\/www.probeautyaesthetics.com\/wp-content\/uploads\/2019\/11\/Buy-Decoria-Intense-Filler-1x1ml.jpg\" \/>\n\t<meta property=\"og:image:width\" content=\"1000\" \/>\n\t<meta property=\"og:image:height\" content=\"1000\" \/>\n\t<meta property=\"og:image:type\" content=\"image\/jpeg\" \/>\n<meta name=\"twitter:card\" content=\"summary_large_image\" \/>\n<meta name=\"twitter:label1\" content=\"Szacowany czas czytania\" \/>\n\t<meta name=\"twitter:data1\" content=\"1 minuta\" \/>\n<script type=\"application\/ld+json\" class=\"yoast-schema-graph\">{\"@context\":\"https:\/\/schema.org\",\"@graph\":[{\"@type\":\"WebPage\",\"@id\":\"https:\/\/www.probeautyaesthetics.com\/product\/buy-decoria-intense-filler-1x1ml\/\",\"url\":\"https:\/\/www.probeautyaesthetics.com\/product\/buy-decoria-intense-filler-1x1ml\/\",\"name\":\"Buy Decoria Intense Filler (1x1ml) - Pro Beauty Aesthetics\",\"isPartOf\":{\"@id\":\"https:\/\/www.probeautyaesthetics.com\/#website\"},\"datePublished\":\"2019-11-14T07:18:47+00:00\",\"dateModified\":\"2020-01-29T13:26:05+00:00\",\"breadcrumb\":{\"@id\":\"https:\/\/www.probeautyaesthetics.com\/product\/buy-decoria-intense-filler-1x1ml\/#breadcrumb\"},\"inLanguage\":\"pl-PL\",\"potentialAction\":[{\"@type\":\"ReadAction\",\"target\":[\"https:\/\/www.probeautyaesthetics.com\/product\/buy-decoria-intense-filler-1x1ml\/\"]}]},{\"@type\":\"BreadcrumbList\",\"@id\":\"https:\/\/www.probeautyaesthetics.com\/product\/buy-decoria-intense-filler-1x1ml\/#breadcrumb\",\"itemListElement\":[{\"@type\":\"ListItem\",\"position\":1,\"name\":\"Home\",\"item\":\"https:\/\/www.probeautyaesthetics.com\/\"},{\"@type\":\"ListItem\",\"position\":2,\"name\":\"Our Products\",\"item\":\"https:\/\/www.probeautyaesthetics.com\/shop\/\"},{\"@type\":\"ListItem\",\"position\":3,\"name\":\"Buy Decoria Intense Filler (1x1ml)\"}]},{\"@type\":\"WebSite\",\"@id\":\"https:\/\/www.probeautyaesthetics.com\/#website\",\"url\":\"https:\/\/www.probeautyaesthetics.com\/\",\"name\":\"Pro Beauty Aesthetics\",\"description\":\"\",\"publisher\":{\"@id\":\"https:\/\/www.probeautyaesthetics.com\/#organization\"},\"potentialAction\":[{\"@type\":\"SearchAction\",\"target\":{\"@type\":\"EntryPoint\",\"urlTemplate\":\"https:\/\/www.probeautyaesthetics.com\/?s={search_term_string}\"},\"query-input\":\"required name=search_term_string\"}],\"inLanguage\":\"pl-PL\"},{\"@type\":\"Organization\",\"@id\":\"https:\/\/www.probeautyaesthetics.com\/#organization\",\"name\":\"Pro Beauty Aesthetics\",\"url\":\"https:\/\/www.probeautyaesthetics.com\/\",\"logo\":{\"@type\":\"ImageObject\",\"inLanguage\":\"pl-PL\",\"@id\":\"https:\/\/www.probeautyaesthetics.com\/#\/schema\/logo\/image\/\",\"url\":\"https:\/\/www.probeautyaesthetics.com\/wp-content\/uploads\/2019\/11\/logo-1.png\",\"contentUrl\":\"https:\/\/www.probeautyaesthetics.com\/wp-content\/uploads\/2019\/11\/logo-1.png\",\"width\":200,\"height\":50,\"caption\":\"Pro Beauty Aesthetics\"},\"image\":{\"@id\":\"https:\/\/www.probeautyaesthetics.com\/#\/schema\/logo\/image\/\"}}]}<\/script>\n<!-- \/ Yoast SEO plugin. -->","yoast_head_json":{"title":"Buy Decoria Intense Filler (1x1ml) - Pro Beauty Aesthetics","robots":{"index":"index","follow":"follow","max-snippet":"max-snippet:-1","max-image-preview":"max-image-preview:large","max-video-preview":"max-video-preview:-1"},"canonical":"https:\/\/www.probeautyaesthetics.com\/pl\/produkt\/buy-decoria-intense-filler-1x1ml\/","og_locale":"pl_PL","og_type":"article","og_title":"Buy Decoria Intense Filler (1x1ml) - Pro Beauty Aesthetics","og_description":"Weight 0.07kg","og_url":"https:\/\/www.probeautyaesthetics.com\/pl\/produkt\/buy-decoria-intense-filler-1x1ml\/","og_site_name":"Pro Beauty Aesthetics","article_modified_time":"2020-01-29T13:26:05+00:00","og_image":[{"width":1000,"height":1000,"url":"https:\/\/www.probeautyaesthetics.com\/wp-content\/uploads\/2019\/11\/Buy-Decoria-Intense-Filler-1x1ml.jpg","type":"image\/jpeg"}],"twitter_card":"summary_large_image","twitter_misc":{"Szacowany czas czytania":"1 minuta"},"schema":{"@context":"https:\/\/schema.org","@graph":[{"@type":"WebPage","@id":"https:\/\/www.probeautyaesthetics.com\/product\/buy-decoria-intense-filler-1x1ml\/","url":"https:\/\/www.probeautyaesthetics.com\/product\/buy-decoria-intense-filler-1x1ml\/","name":"Buy Decoria Intense Filler (1x1ml) - Pro Beauty Aesthetics","isPartOf":{"@id":"https:\/\/www.probeautyaesthetics.com\/#website"},"datePublished":"2019-11-14T07:18:47+00:00","dateModified":"2020-01-29T13:26:05+00:00","breadcrumb":{"@id":"https:\/\/www.probeautyaesthetics.com\/product\/buy-decoria-intense-filler-1x1ml\/#breadcrumb"},"inLanguage":"pl-PL","potentialAction":[{"@type":"ReadAction","target":["https:\/\/www.probeautyaesthetics.com\/product\/buy-decoria-intense-filler-1x1ml\/"]}]},{"@type":"BreadcrumbList","@id":"https:\/\/www.probeautyaesthetics.com\/product\/buy-decoria-intense-filler-1x1ml\/#breadcrumb","itemListElement":[{"@type":"ListItem","position":1,"name":"Home","item":"https:\/\/www.probeautyaesthetics.com\/"},{"@type":"ListItem","position":2,"name":"Our Products","item":"https:\/\/www.probeautyaesthetics.com\/shop\/"},{"@type":"ListItem","position":3,"name":"Buy Decoria Intense Filler (1x1ml)"}]},{"@type":"WebSite","@id":"https:\/\/www.probeautyaesthetics.com\/#website","url":"https:\/\/www.probeautyaesthetics.com\/","name":"Pro Beauty Aesthetics","description":"","publisher":{"@id":"https:\/\/www.probeautyaesthetics.com\/#organization"},"potentialAction":[{"@type":"SearchAction","target":{"@type":"EntryPoint","urlTemplate":"https:\/\/www.probeautyaesthetics.com\/?s={search_term_string}"},"query-input":"required name=search_term_string"}],"inLanguage":"pl-PL"},{"@type":"Organization","@id":"https:\/\/www.probeautyaesthetics.com\/#organization","name":"Pro Beauty Aesthetics","url":"https:\/\/www.probeautyaesthetics.com\/","logo":{"@type":"ImageObject","inLanguage":"pl-PL","@id":"https:\/\/www.probeautyaesthetics.com\/#\/schema\/logo\/image\/","url":"https:\/\/www.probeautyaesthetics.com\/wp-content\/uploads\/2019\/11\/logo-1.png","contentUrl":"https:\/\/www.probeautyaesthetics.com\/wp-content\/uploads\/2019\/11\/logo-1.png","width":200,"height":50,"caption":"Pro Beauty Aesthetics"},"image":{"@id":"https:\/\/www.probeautyaesthetics.com\/#\/schema\/logo\/image\/"}}]}},"_links":{"self":[{"href":"https:\/\/www.probeautyaesthetics.com\/pl\/wp-json\/wp\/v2\/product\/4142"}],"collection":[{"href":"https:\/\/www.probeautyaesthetics.com\/pl\/wp-json\/wp\/v2\/product"}],"about":[{"href":"https:\/\/www.probeautyaesthetics.com\/pl\/wp-json\/wp\/v2\/types\/product"}],"replies":[{"embeddable":true,"href":"https:\/\/www.probeautyaesthetics.com\/pl\/wp-json\/wp\/v2\/comments?post=4142"}],"wp:featuredmedia":[{"embeddable":true,"href":"https:\/\/www.probeautyaesthetics.com\/pl\/wp-json\/wp\/v2\/media\/4155"}],"wp:attachment":[{"href":"https:\/\/www.probeautyaesthetics.com\/pl\/wp-json\/wp\/v2\/media?parent=4142"}],"wp:term":[{"taxonomy":"product_cat","embeddable":true,"href":"https:\/\/www.probeautyaesthetics.com\/pl\/wp-json\/wp\/v2\/product_cat?post=4142"},{"taxonomy":"product_tag","embeddable":true,"href":"https:\/\/www.probeautyaesthetics.com\/pl\/wp-json\/wp\/v2\/product_tag?post=4142"}],"curies":[{"name":"wp","href":"https:\/\/api.w.org\/{rel}","templated":true}]}}