{"id":4380,"date":"2019-11-14T07:19:58","date_gmt":"2019-11-14T07:19:58","guid":{"rendered":"https:\/\/www.safeonlinechemist.com\/dermalfillers\/product\/import-placeholder-for-6312\/"},"modified":"2020-03-01T07:22:43","modified_gmt":"2020-03-01T07:22:43","slug":"buy-prostrolane-blanc-b-filler-1-x-2ml","status":"publish","type":"product","link":"https:\/\/www.probeautyaesthetics.com\/pl\/produkt\/kup-prostrolane-blanc-b-wypelniacz-1-x-2ml\/","title":{"rendered":"Kup Prostrolane Blanc-B Filler 1 x 2ml"},"content":{"rendered":"<h2 style=\"text-align: justify;\">Kup Prostrolane Blanc-B Filler 1 x 2 ml w najlepszym sklepie internetowym<\/h2>\n<p style=\"text-align: justify;\">Mo\u017cesz kupi\u0107 Prostrolane Blanc-B Filler 1 x 2ml za pomoc\u0105 bitcoin, moneygram i western union od Pro Beauty Aesthetics. Po prostu zam\u00f3w Prostrolane Blanc-B Filler 1 x 2ml i otrzymaj go wkr\u00f3tce na wyci\u0105gni\u0119cie r\u0119ki. Zapewnimy Ci pe\u0142n\u0105 pomoc w uzyskaniu Prostrolane Blanc-B Filler 1 x 2ml na sprzeda\u017c tutaj.<\/p>\n<h3 style=\"text-align: justify;\">Jakie s\u0105 w\u0142a\u015bciwo\u015bci Prostrolane Blanc-B Filler 1 x 2ml?<\/h3>\n<p style=\"text-align: justify;\">Prostrolane Blanc-B to \u017cel do wstrzykiwa\u0144 przeznaczony do \u015brednio g\u0142\u0119bokiej implantacji sk\u00f3rnej w celu rozja\u015bnienia i od\u017cywienia, aby nada\u0107 blask twarzy i szyi. U\u017cywaj Prostrolane Blanc-B do modelowania sk\u00f3ry, rozja\u015bniania i zmniejszania pigmentacji sk\u00f3ry. Podobnie, produkt jest idealny do stosowania w leczeniu uszkodzonej przez s\u0142o\u0144ce i dojrza\u0142ej fotograficznie, pomarszczonej i dojrzewaj\u0105cej sk\u00f3ry.<\/p>\n<ul style=\"text-align: justify;\">\n<li>Rozja\u015bnianie i formowanie sk\u00f3ry<\/li>\n<li>Leczenie sk\u00f3ry uszkodzonej przez s\u0142o\u0144ce<\/li>\n<li>Naturalne lekarstwo na zmarszczki mimiczne i zdj\u0119cie dojrza\u0142ej sk\u00f3ry<\/li>\n<li>Obszary zabiegowe: \u015brednio g\u0142\u0119boka implantacja sk\u00f3rna, twarz i szyja<\/li>\n<\/ul>\n<h3 style=\"text-align: justify;\">Zam\u00f3w teraz!<\/h3>\n<p style=\"text-align: justify;\">Je\u015bli chcesz kupi\u0107 Prostrolane Blanc-B Filler 1 x 2 ml w niskiej cenie, to trafi\u0142e\u015b we w\u0142a\u015bciwe miejsce. Oferujemy wy\u0142\u0105cznie Prostrolane Blanc-B Filler 1 x 2 ml online. Z\u0142\u00f3\u017c zam\u00f3wienie, aby kupi\u0107 Prostrolane Blanc-B Filler 1 x 2ml online ju\u017c dzi\u015b!<\/p>","protected":false},"excerpt":{"rendered":"<table>\n<tbody>\n<tr>\n<td>Rozmiar<\/td>\n<td>2 ml<\/td>\n<\/tr>\n<tr>\n<td>Produkt licencjonowany<\/td>\n<td>NIE<\/td>\n<\/tr>\n<tr>\n<td>Wymagamy rejestracji<\/td>\n<td>NIE<\/td>\n<\/tr>\n<tr>\n<td>Region kraju<\/td>\n<td>Ten produkt jest pochodzenia europejskiego<\/td>\n<\/tr>\n<\/tbody>\n<\/table>","protected":false},"featured_media":4400,"comment_status":"open","ping_status":"closed","template":"","meta":{"_joinchat":[]},"product_cat":[138,380],"product_tag":[381,382,383],"yoast_head":"<!-- This site is optimized with the Yoast SEO plugin v21.3 - https:\/\/yoast.com\/wordpress\/plugins\/seo\/ -->\n<title>Buy Prostrolane Blanc-B Filler 1 x 2ml - Pro Beauty Aesthetics<\/title>\n<meta name=\"robots\" content=\"index, follow, max-snippet:-1, max-image-preview:large, max-video-preview:-1\" \/>\n<link rel=\"canonical\" href=\"https:\/\/www.probeautyaesthetics.com\/pl\/produkt\/kup-prostrolane-blanc-b-wypelniacz-1-x-2ml\/\" \/>\n<meta property=\"og:locale\" content=\"pl_PL\" \/>\n<meta property=\"og:type\" content=\"article\" \/>\n<meta property=\"og:title\" content=\"Buy Prostrolane Blanc-B Filler 1 x 2ml - Pro Beauty Aesthetics\" \/>\n<meta property=\"og:description\" content=\"Size 2ml   Licensed Product No   Registration Required No   Country Region This product is of European origin\" \/>\n<meta property=\"og:url\" content=\"https:\/\/www.probeautyaesthetics.com\/pl\/produkt\/kup-prostrolane-blanc-b-wypelniacz-1-x-2ml\/\" \/>\n<meta property=\"og:site_name\" content=\"Pro Beauty Aesthetics\" \/>\n<meta property=\"article:modified_time\" content=\"2020-03-01T07:22:43+00:00\" \/>\n<meta property=\"og:image\" content=\"https:\/\/www.probeautyaesthetics.com\/wp-content\/uploads\/2019\/11\/Buy-Prostrolane-Blanc-B-Filler-1-x-2ml.jpg\" \/>\n\t<meta property=\"og:image:width\" content=\"600\" \/>\n\t<meta property=\"og:image:height\" content=\"600\" \/>\n\t<meta property=\"og:image:type\" content=\"image\/jpeg\" \/>\n<meta name=\"twitter:card\" content=\"summary_large_image\" \/>\n<meta name=\"twitter:label1\" content=\"Szacowany czas czytania\" \/>\n\t<meta name=\"twitter:data1\" content=\"1 minuta\" \/>\n<script type=\"application\/ld+json\" class=\"yoast-schema-graph\">{\"@context\":\"https:\/\/schema.org\",\"@graph\":[{\"@type\":\"WebPage\",\"@id\":\"https:\/\/www.probeautyaesthetics.com\/product\/buy-prostrolane-blanc-b-filler-1-x-2ml\/\",\"url\":\"https:\/\/www.probeautyaesthetics.com\/product\/buy-prostrolane-blanc-b-filler-1-x-2ml\/\",\"name\":\"Buy Prostrolane Blanc-B Filler 1 x 2ml - Pro Beauty Aesthetics\",\"isPartOf\":{\"@id\":\"https:\/\/www.probeautyaesthetics.com\/#website\"},\"datePublished\":\"2019-11-14T07:19:58+00:00\",\"dateModified\":\"2020-03-01T07:22:43+00:00\",\"breadcrumb\":{\"@id\":\"https:\/\/www.probeautyaesthetics.com\/product\/buy-prostrolane-blanc-b-filler-1-x-2ml\/#breadcrumb\"},\"inLanguage\":\"pl-PL\",\"potentialAction\":[{\"@type\":\"ReadAction\",\"target\":[\"https:\/\/www.probeautyaesthetics.com\/product\/buy-prostrolane-blanc-b-filler-1-x-2ml\/\"]}]},{\"@type\":\"BreadcrumbList\",\"@id\":\"https:\/\/www.probeautyaesthetics.com\/product\/buy-prostrolane-blanc-b-filler-1-x-2ml\/#breadcrumb\",\"itemListElement\":[{\"@type\":\"ListItem\",\"position\":1,\"name\":\"Home\",\"item\":\"https:\/\/www.probeautyaesthetics.com\/\"},{\"@type\":\"ListItem\",\"position\":2,\"name\":\"Our Products\",\"item\":\"https:\/\/www.probeautyaesthetics.com\/shop\/\"},{\"@type\":\"ListItem\",\"position\":3,\"name\":\"Buy Prostrolane Blanc-B Filler 1 x 2ml\"}]},{\"@type\":\"WebSite\",\"@id\":\"https:\/\/www.probeautyaesthetics.com\/#website\",\"url\":\"https:\/\/www.probeautyaesthetics.com\/\",\"name\":\"Pro Beauty Aesthetics\",\"description\":\"\",\"publisher\":{\"@id\":\"https:\/\/www.probeautyaesthetics.com\/#organization\"},\"potentialAction\":[{\"@type\":\"SearchAction\",\"target\":{\"@type\":\"EntryPoint\",\"urlTemplate\":\"https:\/\/www.probeautyaesthetics.com\/?s={search_term_string}\"},\"query-input\":\"required name=search_term_string\"}],\"inLanguage\":\"pl-PL\"},{\"@type\":\"Organization\",\"@id\":\"https:\/\/www.probeautyaesthetics.com\/#organization\",\"name\":\"Pro Beauty Aesthetics\",\"url\":\"https:\/\/www.probeautyaesthetics.com\/\",\"logo\":{\"@type\":\"ImageObject\",\"inLanguage\":\"pl-PL\",\"@id\":\"https:\/\/www.probeautyaesthetics.com\/#\/schema\/logo\/image\/\",\"url\":\"https:\/\/www.probeautyaesthetics.com\/wp-content\/uploads\/2019\/11\/logo-1.png\",\"contentUrl\":\"https:\/\/www.probeautyaesthetics.com\/wp-content\/uploads\/2019\/11\/logo-1.png\",\"width\":200,\"height\":50,\"caption\":\"Pro Beauty Aesthetics\"},\"image\":{\"@id\":\"https:\/\/www.probeautyaesthetics.com\/#\/schema\/logo\/image\/\"}}]}<\/script>\n<!-- \/ Yoast SEO plugin. -->","yoast_head_json":{"title":"Buy Prostrolane Blanc-B Filler 1 x 2ml - Pro Beauty Aesthetics","robots":{"index":"index","follow":"follow","max-snippet":"max-snippet:-1","max-image-preview":"max-image-preview:large","max-video-preview":"max-video-preview:-1"},"canonical":"https:\/\/www.probeautyaesthetics.com\/pl\/produkt\/kup-prostrolane-blanc-b-wypelniacz-1-x-2ml\/","og_locale":"pl_PL","og_type":"article","og_title":"Buy Prostrolane Blanc-B Filler 1 x 2ml - Pro Beauty Aesthetics","og_description":"Size 2ml   Licensed Product No   Registration Required No   Country Region This product is of European origin","og_url":"https:\/\/www.probeautyaesthetics.com\/pl\/produkt\/kup-prostrolane-blanc-b-wypelniacz-1-x-2ml\/","og_site_name":"Pro Beauty Aesthetics","article_modified_time":"2020-03-01T07:22:43+00:00","og_image":[{"width":600,"height":600,"url":"https:\/\/www.probeautyaesthetics.com\/wp-content\/uploads\/2019\/11\/Buy-Prostrolane-Blanc-B-Filler-1-x-2ml.jpg","type":"image\/jpeg"}],"twitter_card":"summary_large_image","twitter_misc":{"Szacowany czas czytania":"1 minuta"},"schema":{"@context":"https:\/\/schema.org","@graph":[{"@type":"WebPage","@id":"https:\/\/www.probeautyaesthetics.com\/product\/buy-prostrolane-blanc-b-filler-1-x-2ml\/","url":"https:\/\/www.probeautyaesthetics.com\/product\/buy-prostrolane-blanc-b-filler-1-x-2ml\/","name":"Buy Prostrolane Blanc-B Filler 1 x 2ml - Pro Beauty Aesthetics","isPartOf":{"@id":"https:\/\/www.probeautyaesthetics.com\/#website"},"datePublished":"2019-11-14T07:19:58+00:00","dateModified":"2020-03-01T07:22:43+00:00","breadcrumb":{"@id":"https:\/\/www.probeautyaesthetics.com\/product\/buy-prostrolane-blanc-b-filler-1-x-2ml\/#breadcrumb"},"inLanguage":"pl-PL","potentialAction":[{"@type":"ReadAction","target":["https:\/\/www.probeautyaesthetics.com\/product\/buy-prostrolane-blanc-b-filler-1-x-2ml\/"]}]},{"@type":"BreadcrumbList","@id":"https:\/\/www.probeautyaesthetics.com\/product\/buy-prostrolane-blanc-b-filler-1-x-2ml\/#breadcrumb","itemListElement":[{"@type":"ListItem","position":1,"name":"Home","item":"https:\/\/www.probeautyaesthetics.com\/"},{"@type":"ListItem","position":2,"name":"Our Products","item":"https:\/\/www.probeautyaesthetics.com\/shop\/"},{"@type":"ListItem","position":3,"name":"Buy Prostrolane Blanc-B Filler 1 x 2ml"}]},{"@type":"WebSite","@id":"https:\/\/www.probeautyaesthetics.com\/#website","url":"https:\/\/www.probeautyaesthetics.com\/","name":"Pro Beauty Aesthetics","description":"","publisher":{"@id":"https:\/\/www.probeautyaesthetics.com\/#organization"},"potentialAction":[{"@type":"SearchAction","target":{"@type":"EntryPoint","urlTemplate":"https:\/\/www.probeautyaesthetics.com\/?s={search_term_string}"},"query-input":"required name=search_term_string"}],"inLanguage":"pl-PL"},{"@type":"Organization","@id":"https:\/\/www.probeautyaesthetics.com\/#organization","name":"Pro Beauty Aesthetics","url":"https:\/\/www.probeautyaesthetics.com\/","logo":{"@type":"ImageObject","inLanguage":"pl-PL","@id":"https:\/\/www.probeautyaesthetics.com\/#\/schema\/logo\/image\/","url":"https:\/\/www.probeautyaesthetics.com\/wp-content\/uploads\/2019\/11\/logo-1.png","contentUrl":"https:\/\/www.probeautyaesthetics.com\/wp-content\/uploads\/2019\/11\/logo-1.png","width":200,"height":50,"caption":"Pro Beauty Aesthetics"},"image":{"@id":"https:\/\/www.probeautyaesthetics.com\/#\/schema\/logo\/image\/"}}]}},"_links":{"self":[{"href":"https:\/\/www.probeautyaesthetics.com\/pl\/wp-json\/wp\/v2\/product\/4380"}],"collection":[{"href":"https:\/\/www.probeautyaesthetics.com\/pl\/wp-json\/wp\/v2\/product"}],"about":[{"href":"https:\/\/www.probeautyaesthetics.com\/pl\/wp-json\/wp\/v2\/types\/product"}],"replies":[{"embeddable":true,"href":"https:\/\/www.probeautyaesthetics.com\/pl\/wp-json\/wp\/v2\/comments?post=4380"}],"wp:featuredmedia":[{"embeddable":true,"href":"https:\/\/www.probeautyaesthetics.com\/pl\/wp-json\/wp\/v2\/media\/4400"}],"wp:attachment":[{"href":"https:\/\/www.probeautyaesthetics.com\/pl\/wp-json\/wp\/v2\/media?parent=4380"}],"wp:term":[{"taxonomy":"product_cat","embeddable":true,"href":"https:\/\/www.probeautyaesthetics.com\/pl\/wp-json\/wp\/v2\/product_cat?post=4380"},{"taxonomy":"product_tag","embeddable":true,"href":"https:\/\/www.probeautyaesthetics.com\/pl\/wp-json\/wp\/v2\/product_tag?post=4380"}],"curies":[{"name":"wp","href":"https:\/\/api.w.org\/{rel}","templated":true}]}}