{"id":4479,"date":"2019-11-14T07:20:33","date_gmt":"2019-11-14T07:20:33","guid":{"rendered":"https:\/\/www.safeonlinechemist.com\/dermalfillers\/product\/import-placeholder-for-6428\/"},"modified":"2020-03-02T15:49:12","modified_gmt":"2020-03-02T15:49:12","slug":"buy-surgiderm-24xp-filler-2-x-0-8ml","status":"publish","type":"product","link":"https:\/\/www.probeautyaesthetics.com\/pl\/produkt\/buy-surgiderm-24xp-filler-2-x-0-8ml\/","title":{"rendered":"Kup Surgiderm 24XP Filler (2 x 0,8 ml)"},"content":{"rendered":"<h2 style=\"text-align: justify;\">Buy Surgiderm 24XP Filler (2 x 0.8ml) For Sale At Affordable Prices<\/h2>\n<p style=\"text-align: justify;\">In order to buy Surgiderm 24XP Filler (2 x 0.8ml) at cheap price, you can connect with Pro Beauty Aesthetics. We will help you buy Surgiderm 24XP Filler (2 x 0.8ml) with bitcoin, moneygram, and western union in a convenient manner. Get Surgiderm 24XP Filler (2 x 0.8ml) for sale now!<\/p>\n<h3 style=\"text-align: justify;\">What are the characteristics of Surgiderm 24XP Filler (2 x 0.8ml)?<\/h3>\n<p style=\"text-align: justify;\">Surgiderm 24XP is a clean dreary gel. A sodium hyaluronate (hyaluronic acid) of non-animal origin. It is an injectable dermal filler for filling medium skin depressions and lip definition. It is proposed for use in filling medium to deep skin depressions just as for characterizing and improvement of the lips. Therefore, it can be utilized for two significant kinds of treatment, including remedy and disposal of moderate lines and deep wrinkles, modification, and upgrade of the form of the lips.<\/p>\n<ul style=\"text-align: justify;\">\n<li>Enhances and defines lips<\/li>\n<li>Increases volume to the skin and lip<\/li>\n<li>Treats medium to deep skin depressions<\/li>\n<li>Treatment regions: forehead, eyes, lips, mouth, chin, and cheek<\/li>\n<\/ul>\n<h3 style=\"text-align: justify;\">Udost\u0119pnij swoje zam\u00f3wienie ju\u017c dzi\u015b!<\/h3>\n<p style=\"text-align: justify;\">You can now order Surgiderm 24XP Filler (2 x 0.8ml) at our store and receive it shortly at your mentioned location. Contact us now!<\/p>","protected":false},"excerpt":{"rendered":"<table>\n<tbody>\n<tr>\n<td>Rozmiar<\/td>\n<td>2\u00d70,8 ml<\/td>\n<\/tr>\n<tr>\n<td>Produkt licencjonowany<\/td>\n<td>NIE<\/td>\n<\/tr>\n<tr>\n<td>Wymagamy rejestracji<\/td>\n<td>NIE<\/td>\n<\/tr>\n<tr>\n<td>Region kraju<\/td>\n<td>Ten produkt jest pochodzenia europejskiego<\/td>\n<\/tr>\n<\/tbody>\n<\/table>","protected":false},"featured_media":4504,"comment_status":"open","ping_status":"closed","template":"","meta":{"_joinchat":[]},"product_cat":[138,424],"product_tag":[400,425,169,402,426,427,428,429,430,431,432],"yoast_head":"<!-- This site is optimized with the Yoast SEO plugin v21.3 - https:\/\/yoast.com\/wordpress\/plugins\/seo\/ -->\n<title>Buy Surgiderm 24XP Filler (2 x 0.8ml) - Pro Beauty Aesthetics<\/title>\n<meta name=\"robots\" content=\"index, follow, max-snippet:-1, max-image-preview:large, max-video-preview:-1\" \/>\n<link rel=\"canonical\" href=\"https:\/\/www.probeautyaesthetics.com\/pl\/produkt\/buy-surgiderm-24xp-filler-2-x-0-8ml\/\" \/>\n<meta property=\"og:locale\" content=\"pl_PL\" \/>\n<meta property=\"og:type\" content=\"article\" \/>\n<meta property=\"og:title\" content=\"Buy Surgiderm 24XP Filler (2 x 0.8ml) - Pro Beauty Aesthetics\" \/>\n<meta property=\"og:description\" content=\"Size 2x0.8ml   Licensed Product No   Registration Required No   Country Region This product is of European origin\" \/>\n<meta property=\"og:url\" content=\"https:\/\/www.probeautyaesthetics.com\/pl\/produkt\/buy-surgiderm-24xp-filler-2-x-0-8ml\/\" \/>\n<meta property=\"og:site_name\" content=\"Pro Beauty Aesthetics\" \/>\n<meta property=\"article:modified_time\" content=\"2020-03-02T15:49:12+00:00\" \/>\n<meta property=\"og:image\" content=\"https:\/\/www.probeautyaesthetics.com\/wp-content\/uploads\/2019\/11\/Buy-Surgiderm-24XP-Filler-2-x-0.8ml.jpg\" \/>\n\t<meta property=\"og:image:width\" content=\"1000\" \/>\n\t<meta property=\"og:image:height\" content=\"1000\" \/>\n\t<meta property=\"og:image:type\" content=\"image\/jpeg\" \/>\n<meta name=\"twitter:card\" content=\"summary_large_image\" \/>\n<meta name=\"twitter:label1\" content=\"Szacowany czas czytania\" \/>\n\t<meta name=\"twitter:data1\" content=\"1 minuta\" \/>\n<script type=\"application\/ld+json\" class=\"yoast-schema-graph\">{\"@context\":\"https:\/\/schema.org\",\"@graph\":[{\"@type\":\"WebPage\",\"@id\":\"https:\/\/www.probeautyaesthetics.com\/product\/buy-surgiderm-24xp-filler-2-x-0-8ml\/\",\"url\":\"https:\/\/www.probeautyaesthetics.com\/product\/buy-surgiderm-24xp-filler-2-x-0-8ml\/\",\"name\":\"Buy Surgiderm 24XP Filler (2 x 0.8ml) - Pro Beauty Aesthetics\",\"isPartOf\":{\"@id\":\"https:\/\/www.probeautyaesthetics.com\/#website\"},\"datePublished\":\"2019-11-14T07:20:33+00:00\",\"dateModified\":\"2020-03-02T15:49:12+00:00\",\"breadcrumb\":{\"@id\":\"https:\/\/www.probeautyaesthetics.com\/product\/buy-surgiderm-24xp-filler-2-x-0-8ml\/#breadcrumb\"},\"inLanguage\":\"pl-PL\",\"potentialAction\":[{\"@type\":\"ReadAction\",\"target\":[\"https:\/\/www.probeautyaesthetics.com\/product\/buy-surgiderm-24xp-filler-2-x-0-8ml\/\"]}]},{\"@type\":\"BreadcrumbList\",\"@id\":\"https:\/\/www.probeautyaesthetics.com\/product\/buy-surgiderm-24xp-filler-2-x-0-8ml\/#breadcrumb\",\"itemListElement\":[{\"@type\":\"ListItem\",\"position\":1,\"name\":\"Home\",\"item\":\"https:\/\/www.probeautyaesthetics.com\/\"},{\"@type\":\"ListItem\",\"position\":2,\"name\":\"Our Products\",\"item\":\"https:\/\/www.probeautyaesthetics.com\/shop\/\"},{\"@type\":\"ListItem\",\"position\":3,\"name\":\"Buy Surgiderm 24XP Filler (2 x 0.8ml)\"}]},{\"@type\":\"WebSite\",\"@id\":\"https:\/\/www.probeautyaesthetics.com\/#website\",\"url\":\"https:\/\/www.probeautyaesthetics.com\/\",\"name\":\"Pro Beauty Aesthetics\",\"description\":\"\",\"publisher\":{\"@id\":\"https:\/\/www.probeautyaesthetics.com\/#organization\"},\"potentialAction\":[{\"@type\":\"SearchAction\",\"target\":{\"@type\":\"EntryPoint\",\"urlTemplate\":\"https:\/\/www.probeautyaesthetics.com\/?s={search_term_string}\"},\"query-input\":\"required name=search_term_string\"}],\"inLanguage\":\"pl-PL\"},{\"@type\":\"Organization\",\"@id\":\"https:\/\/www.probeautyaesthetics.com\/#organization\",\"name\":\"Pro Beauty Aesthetics\",\"url\":\"https:\/\/www.probeautyaesthetics.com\/\",\"logo\":{\"@type\":\"ImageObject\",\"inLanguage\":\"pl-PL\",\"@id\":\"https:\/\/www.probeautyaesthetics.com\/#\/schema\/logo\/image\/\",\"url\":\"https:\/\/www.probeautyaesthetics.com\/wp-content\/uploads\/2019\/11\/logo-1.png\",\"contentUrl\":\"https:\/\/www.probeautyaesthetics.com\/wp-content\/uploads\/2019\/11\/logo-1.png\",\"width\":200,\"height\":50,\"caption\":\"Pro Beauty Aesthetics\"},\"image\":{\"@id\":\"https:\/\/www.probeautyaesthetics.com\/#\/schema\/logo\/image\/\"}}]}<\/script>\n<!-- \/ Yoast SEO plugin. -->","yoast_head_json":{"title":"Buy Surgiderm 24XP Filler (2 x 0.8ml) - Pro Beauty Aesthetics","robots":{"index":"index","follow":"follow","max-snippet":"max-snippet:-1","max-image-preview":"max-image-preview:large","max-video-preview":"max-video-preview:-1"},"canonical":"https:\/\/www.probeautyaesthetics.com\/pl\/produkt\/buy-surgiderm-24xp-filler-2-x-0-8ml\/","og_locale":"pl_PL","og_type":"article","og_title":"Buy Surgiderm 24XP Filler (2 x 0.8ml) - Pro Beauty Aesthetics","og_description":"Size 2x0.8ml   Licensed Product No   Registration Required No   Country Region This product is of European origin","og_url":"https:\/\/www.probeautyaesthetics.com\/pl\/produkt\/buy-surgiderm-24xp-filler-2-x-0-8ml\/","og_site_name":"Pro Beauty Aesthetics","article_modified_time":"2020-03-02T15:49:12+00:00","og_image":[{"width":1000,"height":1000,"url":"https:\/\/www.probeautyaesthetics.com\/wp-content\/uploads\/2019\/11\/Buy-Surgiderm-24XP-Filler-2-x-0.8ml.jpg","type":"image\/jpeg"}],"twitter_card":"summary_large_image","twitter_misc":{"Szacowany czas czytania":"1 minuta"},"schema":{"@context":"https:\/\/schema.org","@graph":[{"@type":"WebPage","@id":"https:\/\/www.probeautyaesthetics.com\/product\/buy-surgiderm-24xp-filler-2-x-0-8ml\/","url":"https:\/\/www.probeautyaesthetics.com\/product\/buy-surgiderm-24xp-filler-2-x-0-8ml\/","name":"Buy Surgiderm 24XP Filler (2 x 0.8ml) - Pro Beauty Aesthetics","isPartOf":{"@id":"https:\/\/www.probeautyaesthetics.com\/#website"},"datePublished":"2019-11-14T07:20:33+00:00","dateModified":"2020-03-02T15:49:12+00:00","breadcrumb":{"@id":"https:\/\/www.probeautyaesthetics.com\/product\/buy-surgiderm-24xp-filler-2-x-0-8ml\/#breadcrumb"},"inLanguage":"pl-PL","potentialAction":[{"@type":"ReadAction","target":["https:\/\/www.probeautyaesthetics.com\/product\/buy-surgiderm-24xp-filler-2-x-0-8ml\/"]}]},{"@type":"BreadcrumbList","@id":"https:\/\/www.probeautyaesthetics.com\/product\/buy-surgiderm-24xp-filler-2-x-0-8ml\/#breadcrumb","itemListElement":[{"@type":"ListItem","position":1,"name":"Home","item":"https:\/\/www.probeautyaesthetics.com\/"},{"@type":"ListItem","position":2,"name":"Our Products","item":"https:\/\/www.probeautyaesthetics.com\/shop\/"},{"@type":"ListItem","position":3,"name":"Buy Surgiderm 24XP Filler (2 x 0.8ml)"}]},{"@type":"WebSite","@id":"https:\/\/www.probeautyaesthetics.com\/#website","url":"https:\/\/www.probeautyaesthetics.com\/","name":"Pro Beauty Aesthetics","description":"","publisher":{"@id":"https:\/\/www.probeautyaesthetics.com\/#organization"},"potentialAction":[{"@type":"SearchAction","target":{"@type":"EntryPoint","urlTemplate":"https:\/\/www.probeautyaesthetics.com\/?s={search_term_string}"},"query-input":"required name=search_term_string"}],"inLanguage":"pl-PL"},{"@type":"Organization","@id":"https:\/\/www.probeautyaesthetics.com\/#organization","name":"Pro Beauty Aesthetics","url":"https:\/\/www.probeautyaesthetics.com\/","logo":{"@type":"ImageObject","inLanguage":"pl-PL","@id":"https:\/\/www.probeautyaesthetics.com\/#\/schema\/logo\/image\/","url":"https:\/\/www.probeautyaesthetics.com\/wp-content\/uploads\/2019\/11\/logo-1.png","contentUrl":"https:\/\/www.probeautyaesthetics.com\/wp-content\/uploads\/2019\/11\/logo-1.png","width":200,"height":50,"caption":"Pro Beauty Aesthetics"},"image":{"@id":"https:\/\/www.probeautyaesthetics.com\/#\/schema\/logo\/image\/"}}]}},"_links":{"self":[{"href":"https:\/\/www.probeautyaesthetics.com\/pl\/wp-json\/wp\/v2\/product\/4479"}],"collection":[{"href":"https:\/\/www.probeautyaesthetics.com\/pl\/wp-json\/wp\/v2\/product"}],"about":[{"href":"https:\/\/www.probeautyaesthetics.com\/pl\/wp-json\/wp\/v2\/types\/product"}],"replies":[{"embeddable":true,"href":"https:\/\/www.probeautyaesthetics.com\/pl\/wp-json\/wp\/v2\/comments?post=4479"}],"wp:featuredmedia":[{"embeddable":true,"href":"https:\/\/www.probeautyaesthetics.com\/pl\/wp-json\/wp\/v2\/media\/4504"}],"wp:attachment":[{"href":"https:\/\/www.probeautyaesthetics.com\/pl\/wp-json\/wp\/v2\/media?parent=4479"}],"wp:term":[{"taxonomy":"product_cat","embeddable":true,"href":"https:\/\/www.probeautyaesthetics.com\/pl\/wp-json\/wp\/v2\/product_cat?post=4479"},{"taxonomy":"product_tag","embeddable":true,"href":"https:\/\/www.probeautyaesthetics.com\/pl\/wp-json\/wp\/v2\/product_tag?post=4479"}],"curies":[{"name":"wp","href":"https:\/\/api.w.org\/{rel}","templated":true}]}}