{"id":4570,"date":"2019-11-14T07:20:55","date_gmt":"2019-11-14T07:20:55","guid":{"rendered":"https:\/\/www.safeonlinechemist.com\/dermalfillers\/product\/import-placeholder-for-6538\/"},"modified":"2020-03-02T16:10:23","modified_gmt":"2020-03-02T16:10:23","slug":"buy-teosyal-ultimate-1x3ml","status":"publish","type":"product","link":"https:\/\/www.probeautyaesthetics.com\/pl\/produkt\/buy-teosyal-ultimate-1x3ml\/","title":{"rendered":"Kup Teosyal Ultimate 1x3ml"},"content":{"rendered":"<h2 style=\"text-align: justify;\">Kup Teosyal Ultimate 1x3ml od najlepszych dostawc\u00f3w online<\/h2>\n<p style=\"text-align: justify;\">Pro Beauty Aesthetics to najwy\u017cszej klasy firma internetowa oferuj\u0105ca wysokiej jako\u015bci wype\u0142niacze sk\u00f3rne. Aby kupi\u0107 Teosyal Ultimate 1x3ml w niskiej cenie, mo\u017cesz po\u0142\u0105czy\u0107 si\u0119 bezpo\u015brednio z naszym sklepem internetowym. Oferujemy wiele opcji p\u0142atno\u015bci. Oznacza to, \u017ce mo\u017cesz kupi\u0107 Teosyal Ultimate 1x3ml za pomoc\u0105 bitcoin, moneygram i western union. Twoje potrzeby i wymagania dotycz\u0105ce Teosyal Ultimate 1x3ml online zostan\u0105 spe\u0142nione przez cz\u0142onk\u00f3w naszego zespo\u0142u w kr\u00f3tkim czasie.<\/p>\n<h3 style=\"text-align: justify;\">Jakie s\u0105 korzy\u015bci ze stosowania Teosyal Ultimate 1x3ml?<\/h3>\n<p style=\"text-align: justify;\">Teosyal Ultimate 1x3ml mo\u017ce poprawi\u0107 wygl\u0105d Twojej twarzy poprzez leczenie opadaj\u0105cej sk\u00f3ry i wyg\u0142adzenie jej zag\u0142\u0119bie\u0144. Dzi\u0119ki zawarto\u015bci kwasu RHA 4, kt\u00f3ry w tajemniczy spos\u00f3b zwi\u0119ksza obj\u0119to\u015b\u0107 g\u0142\u0119boko w warstwach sk\u00f3ry, rysy twarzy mog\u0105 zn\u00f3w wygl\u0105da\u0107 m\u0142odziej i mniej zm\u0119czenie.<\/p>\n<ul style=\"text-align: justify;\">\n<li>Zmiana kszta\u0142tu twarzy<\/li>\n<li>Zwi\u0119ksz obj\u0119to\u015b\u0107 g\u00f3rnych policzk\u00f3w<\/li>\n<li>Usuwanie g\u0142\u0119bokich zag\u0142\u0119bie\u0144 sk\u00f3ry<\/li>\n<\/ul>\n<h3 style=\"text-align: justify;\">Zam\u00f3w teraz swoje wymagania!<\/h3>\n<p style=\"text-align: justify;\">Je\u015bli chcesz zam\u00f3wi\u0107 Teosyal Ultimate 1x3ml, to Pro Beauty Aesthetics jest w\u0142a\u015bciwym miejscem. Zajmujemy si\u0119 tym produktem od bardzo d\u0142ugiego czasu i dostarczamy go na ca\u0142y \u015bwiat. Z\u0142\u00f3\u017c zam\u00f3wienie na Teosyal Ultimate 1x3ml online ju\u017c dzi\u015b i otrzymaj go w kr\u00f3tkim czasie. Skontaktuj si\u0119 ju\u017c dzi\u015b!<\/p>","protected":false},"excerpt":{"rendered":"<p>Kup Teosyal Ultimate 1x3ml od najlepszych dostawc\u00f3w online Pro Beauty Aesthetics to najwy\u017cszej klasy firma internetowa oferuj\u0105ca wysokiej jako\u015bci wype\u0142niacze sk\u00f3rne. Aby kupi\u0107 Teosyal Ultimate 1x3ml w<\/p>","protected":false},"featured_media":4578,"comment_status":"open","ping_status":"closed","template":"","meta":{"_joinchat":[]},"product_cat":[138,435],"product_tag":[144,401,232,437,452,438,439,440,441],"yoast_head":"<!-- This site is optimized with the Yoast SEO plugin v21.3 - https:\/\/yoast.com\/wordpress\/plugins\/seo\/ -->\n<title>Buy Teosyal Ultimate 1x3ml - Pro Beauty Aesthetics<\/title>\n<meta name=\"robots\" content=\"index, follow, max-snippet:-1, max-image-preview:large, max-video-preview:-1\" \/>\n<link rel=\"canonical\" href=\"https:\/\/www.probeautyaesthetics.com\/pl\/produkt\/buy-teosyal-ultimate-1x3ml\/\" \/>\n<meta property=\"og:locale\" content=\"pl_PL\" \/>\n<meta property=\"og:type\" content=\"article\" \/>\n<meta property=\"og:title\" content=\"Buy Teosyal Ultimate 1x3ml - Pro Beauty Aesthetics\" \/>\n<meta property=\"og:description\" content=\"Buy Teosyal Ultimate 1x3ml From The Best Online Suppliers Pro Beauty Aesthetics is a top-notch online company available with high quality dermal filler products. To buy Teosyal Ultimate 1x3ml at\" \/>\n<meta property=\"og:url\" content=\"https:\/\/www.probeautyaesthetics.com\/pl\/produkt\/buy-teosyal-ultimate-1x3ml\/\" \/>\n<meta property=\"og:site_name\" content=\"Pro Beauty Aesthetics\" \/>\n<meta property=\"article:modified_time\" content=\"2020-03-02T16:10:23+00:00\" \/>\n<meta property=\"og:image\" content=\"https:\/\/www.probeautyaesthetics.com\/wp-content\/uploads\/2019\/11\/Buy-Teosyal-Ultimate-1x3ml.jpg\" \/>\n\t<meta property=\"og:image:width\" content=\"640\" \/>\n\t<meta property=\"og:image:height\" content=\"640\" \/>\n\t<meta property=\"og:image:type\" content=\"image\/jpeg\" \/>\n<meta name=\"twitter:card\" content=\"summary_large_image\" \/>\n<meta name=\"twitter:label1\" content=\"Szacowany czas czytania\" \/>\n\t<meta name=\"twitter:data1\" content=\"1 minuta\" \/>\n<script type=\"application\/ld+json\" class=\"yoast-schema-graph\">{\"@context\":\"https:\/\/schema.org\",\"@graph\":[{\"@type\":\"WebPage\",\"@id\":\"https:\/\/www.probeautyaesthetics.com\/product\/buy-teosyal-ultimate-1x3ml\/\",\"url\":\"https:\/\/www.probeautyaesthetics.com\/product\/buy-teosyal-ultimate-1x3ml\/\",\"name\":\"Buy Teosyal Ultimate 1x3ml - Pro Beauty Aesthetics\",\"isPartOf\":{\"@id\":\"https:\/\/www.probeautyaesthetics.com\/#website\"},\"datePublished\":\"2019-11-14T07:20:55+00:00\",\"dateModified\":\"2020-03-02T16:10:23+00:00\",\"breadcrumb\":{\"@id\":\"https:\/\/www.probeautyaesthetics.com\/product\/buy-teosyal-ultimate-1x3ml\/#breadcrumb\"},\"inLanguage\":\"pl-PL\",\"potentialAction\":[{\"@type\":\"ReadAction\",\"target\":[\"https:\/\/www.probeautyaesthetics.com\/product\/buy-teosyal-ultimate-1x3ml\/\"]}]},{\"@type\":\"BreadcrumbList\",\"@id\":\"https:\/\/www.probeautyaesthetics.com\/product\/buy-teosyal-ultimate-1x3ml\/#breadcrumb\",\"itemListElement\":[{\"@type\":\"ListItem\",\"position\":1,\"name\":\"Home\",\"item\":\"https:\/\/www.probeautyaesthetics.com\/\"},{\"@type\":\"ListItem\",\"position\":2,\"name\":\"Our Products\",\"item\":\"https:\/\/www.probeautyaesthetics.com\/shop\/\"},{\"@type\":\"ListItem\",\"position\":3,\"name\":\"Buy Teosyal Ultimate 1x3ml\"}]},{\"@type\":\"WebSite\",\"@id\":\"https:\/\/www.probeautyaesthetics.com\/#website\",\"url\":\"https:\/\/www.probeautyaesthetics.com\/\",\"name\":\"Pro Beauty Aesthetics\",\"description\":\"\",\"publisher\":{\"@id\":\"https:\/\/www.probeautyaesthetics.com\/#organization\"},\"potentialAction\":[{\"@type\":\"SearchAction\",\"target\":{\"@type\":\"EntryPoint\",\"urlTemplate\":\"https:\/\/www.probeautyaesthetics.com\/?s={search_term_string}\"},\"query-input\":\"required name=search_term_string\"}],\"inLanguage\":\"pl-PL\"},{\"@type\":\"Organization\",\"@id\":\"https:\/\/www.probeautyaesthetics.com\/#organization\",\"name\":\"Pro Beauty Aesthetics\",\"url\":\"https:\/\/www.probeautyaesthetics.com\/\",\"logo\":{\"@type\":\"ImageObject\",\"inLanguage\":\"pl-PL\",\"@id\":\"https:\/\/www.probeautyaesthetics.com\/#\/schema\/logo\/image\/\",\"url\":\"https:\/\/www.probeautyaesthetics.com\/wp-content\/uploads\/2019\/11\/logo-1.png\",\"contentUrl\":\"https:\/\/www.probeautyaesthetics.com\/wp-content\/uploads\/2019\/11\/logo-1.png\",\"width\":200,\"height\":50,\"caption\":\"Pro Beauty Aesthetics\"},\"image\":{\"@id\":\"https:\/\/www.probeautyaesthetics.com\/#\/schema\/logo\/image\/\"}}]}<\/script>\n<!-- \/ Yoast SEO plugin. -->","yoast_head_json":{"title":"Buy Teosyal Ultimate 1x3ml - Pro Beauty Aesthetics","robots":{"index":"index","follow":"follow","max-snippet":"max-snippet:-1","max-image-preview":"max-image-preview:large","max-video-preview":"max-video-preview:-1"},"canonical":"https:\/\/www.probeautyaesthetics.com\/pl\/produkt\/buy-teosyal-ultimate-1x3ml\/","og_locale":"pl_PL","og_type":"article","og_title":"Buy Teosyal Ultimate 1x3ml - Pro Beauty Aesthetics","og_description":"Buy Teosyal Ultimate 1x3ml From The Best Online Suppliers Pro Beauty Aesthetics is a top-notch online company available with high quality dermal filler products. To buy Teosyal Ultimate 1x3ml at","og_url":"https:\/\/www.probeautyaesthetics.com\/pl\/produkt\/buy-teosyal-ultimate-1x3ml\/","og_site_name":"Pro Beauty Aesthetics","article_modified_time":"2020-03-02T16:10:23+00:00","og_image":[{"width":640,"height":640,"url":"https:\/\/www.probeautyaesthetics.com\/wp-content\/uploads\/2019\/11\/Buy-Teosyal-Ultimate-1x3ml.jpg","type":"image\/jpeg"}],"twitter_card":"summary_large_image","twitter_misc":{"Szacowany czas czytania":"1 minuta"},"schema":{"@context":"https:\/\/schema.org","@graph":[{"@type":"WebPage","@id":"https:\/\/www.probeautyaesthetics.com\/product\/buy-teosyal-ultimate-1x3ml\/","url":"https:\/\/www.probeautyaesthetics.com\/product\/buy-teosyal-ultimate-1x3ml\/","name":"Buy Teosyal Ultimate 1x3ml - Pro Beauty Aesthetics","isPartOf":{"@id":"https:\/\/www.probeautyaesthetics.com\/#website"},"datePublished":"2019-11-14T07:20:55+00:00","dateModified":"2020-03-02T16:10:23+00:00","breadcrumb":{"@id":"https:\/\/www.probeautyaesthetics.com\/product\/buy-teosyal-ultimate-1x3ml\/#breadcrumb"},"inLanguage":"pl-PL","potentialAction":[{"@type":"ReadAction","target":["https:\/\/www.probeautyaesthetics.com\/product\/buy-teosyal-ultimate-1x3ml\/"]}]},{"@type":"BreadcrumbList","@id":"https:\/\/www.probeautyaesthetics.com\/product\/buy-teosyal-ultimate-1x3ml\/#breadcrumb","itemListElement":[{"@type":"ListItem","position":1,"name":"Home","item":"https:\/\/www.probeautyaesthetics.com\/"},{"@type":"ListItem","position":2,"name":"Our Products","item":"https:\/\/www.probeautyaesthetics.com\/shop\/"},{"@type":"ListItem","position":3,"name":"Buy Teosyal Ultimate 1x3ml"}]},{"@type":"WebSite","@id":"https:\/\/www.probeautyaesthetics.com\/#website","url":"https:\/\/www.probeautyaesthetics.com\/","name":"Pro Beauty Aesthetics","description":"","publisher":{"@id":"https:\/\/www.probeautyaesthetics.com\/#organization"},"potentialAction":[{"@type":"SearchAction","target":{"@type":"EntryPoint","urlTemplate":"https:\/\/www.probeautyaesthetics.com\/?s={search_term_string}"},"query-input":"required name=search_term_string"}],"inLanguage":"pl-PL"},{"@type":"Organization","@id":"https:\/\/www.probeautyaesthetics.com\/#organization","name":"Pro Beauty Aesthetics","url":"https:\/\/www.probeautyaesthetics.com\/","logo":{"@type":"ImageObject","inLanguage":"pl-PL","@id":"https:\/\/www.probeautyaesthetics.com\/#\/schema\/logo\/image\/","url":"https:\/\/www.probeautyaesthetics.com\/wp-content\/uploads\/2019\/11\/logo-1.png","contentUrl":"https:\/\/www.probeautyaesthetics.com\/wp-content\/uploads\/2019\/11\/logo-1.png","width":200,"height":50,"caption":"Pro Beauty Aesthetics"},"image":{"@id":"https:\/\/www.probeautyaesthetics.com\/#\/schema\/logo\/image\/"}}]}},"_links":{"self":[{"href":"https:\/\/www.probeautyaesthetics.com\/pl\/wp-json\/wp\/v2\/product\/4570"}],"collection":[{"href":"https:\/\/www.probeautyaesthetics.com\/pl\/wp-json\/wp\/v2\/product"}],"about":[{"href":"https:\/\/www.probeautyaesthetics.com\/pl\/wp-json\/wp\/v2\/types\/product"}],"replies":[{"embeddable":true,"href":"https:\/\/www.probeautyaesthetics.com\/pl\/wp-json\/wp\/v2\/comments?post=4570"}],"wp:featuredmedia":[{"embeddable":true,"href":"https:\/\/www.probeautyaesthetics.com\/pl\/wp-json\/wp\/v2\/media\/4578"}],"wp:attachment":[{"href":"https:\/\/www.probeautyaesthetics.com\/pl\/wp-json\/wp\/v2\/media?parent=4570"}],"wp:term":[{"taxonomy":"product_cat","embeddable":true,"href":"https:\/\/www.probeautyaesthetics.com\/pl\/wp-json\/wp\/v2\/product_cat?post=4570"},{"taxonomy":"product_tag","embeddable":true,"href":"https:\/\/www.probeautyaesthetics.com\/pl\/wp-json\/wp\/v2\/product_tag?post=4570"}],"curies":[{"name":"wp","href":"https:\/\/api.w.org\/{rel}","templated":true}]}}