{"id":4661,"date":"2019-11-14T07:21:25","date_gmt":"2019-11-14T07:21:25","guid":{"rendered":"https:\/\/www.safeonlinechemist.com\/dermalfillers\/product\/import-placeholder-for-6642\/"},"modified":"2020-01-29T13:37:52","modified_gmt":"2020-01-29T13:37:52","slug":"buy-ellanse-s-2-x-1ml-filler","status":"publish","type":"product","link":"https:\/\/www.probeautyaesthetics.com\/pl\/produkt\/kup-wypelniacz-ellanse-s-2-x-1-ml\/","title":{"rendered":"Kup wype\u0142niacz Ellanse M 1 x 1 ml (pojedynczy)"},"content":{"rendered":"<h2 style=\"text-align: justify;\"><strong>Kup Ellanse S 2 x 1ml Filler w umiarkowanych cenach<\/strong><\/h2>\n<p style=\"text-align: justify;\">Je\u015bli chcesz zam\u00f3wi\u0107 Ellanse S 2 x 1ml Filler, Pro Beauty Aesthetics jest tutaj, aby Ci pom\u00f3c. Tutaj mo\u017cesz wygodnie kupi\u0107 Ellanse S 2 x 1ml Filler w niskiej cenie. Twoje zam\u00f3wienie na zakup Ellanse S 2 x 1ml Filler za pomoc\u0105 bitcoin, moneygram i western union dotrze do Ciebie w mo\u017cliwie najkr\u00f3tszym czasie. Po\u0142\u0105cz si\u0119 z nami ju\u017c teraz i otrzymaj Ellanse S 2 x 1ml Filler na sprzeda\u017c.<\/p>\n<h3 style=\"text-align: justify;\"><strong>Jakie s\u0105 w\u0142a\u015bciwo\u015bci Ellanse S 2 x 1ml Filler?<\/strong><\/h3>\n<p style=\"text-align: justify;\">Ellanse S 2 x 1ml Filler jest jednym z kilku najlepszych dost\u0119pnych wype\u0142niaczy sk\u00f3rnych, dzi\u0119ki kt\u00f3rym klinicy\u015bci mog\u0105 zapewni\u0107 pacjentom wyj\u0105tkowo chronione i wzmacniaj\u0105ce kolagen zabiegi iniekcyjne. Jest to zupe\u0142nie nowa era regeneruj\u0105cego elementu odrodzenia, kt\u00f3ry wype\u0142nia i koryguje nak\u0142adanie si\u0119 i zmarszczki, zawiera obj\u0119to\u015b\u0107, a tak\u017ce pobudza organizm do dostarczania wi\u0119kszej ilo\u015bci kolagenu. Jest to wype\u0142niacz na bazie PCL, kt\u00f3ry ma kilka punkt\u00f3w zainteresowania w stosunku do pozycji HA z tej klasyfikacji.<\/p>\n<ul style=\"text-align: justify;\">\n<li>Zawiera: 30% PLC i 70% wodn\u0105 karboksymetyloceluloz\u0119 (CMC)<\/li>\n<li>D\u0142ugo\u015b\u0107 wynik\u00f3w: rok<\/li>\n<li>Zestaw zawiera: 2 x 1ml ampu\u0142kostrzykawki, 4 x 27G3\/4\u2033 ig\u0142y i wi\u0105zka osadzona<\/li>\n<li>G\u0142\u0119boko\u015b\u0107 wstrzykni\u0119cia: \u015brodkowa do g\u0142\u0119bokiej sk\u00f3ry w\u0142a\u015bciwej<\/li>\n<\/ul>\n<h3 style=\"text-align: justify;\"><strong>Z\u0142\u00f3\u017c zam\u00f3wienie ju\u017c teraz!<\/strong><\/h3>\n<p style=\"text-align: justify;\">Kup Ellanse S 2 x 1ml Filler online ju\u017c teraz, sk\u0142adaj\u0105c zam\u00f3wienie w naszym sklepie internetowym!<\/p>","protected":false},"excerpt":{"rendered":"<table>\n<tbody>\n<tr>\n<td>Rozmiar<\/td>\n<td>2x1 ml<\/td>\n<\/tr>\n<tr>\n<td>Produkt licencjonowany<\/td>\n<td>NIE<\/td>\n<\/tr>\n<tr>\n<td>Wymagamy rejestracji<\/td>\n<td>NIE<\/td>\n<\/tr>\n<tr>\n<td>Region kraju<\/td>\n<td>Ten produkt jest pochodzenia europejskiego<\/td>\n<\/tr>\n<\/tbody>\n<\/table>","protected":false},"featured_media":4681,"comment_status":"open","ping_status":"closed","template":"","meta":{"_joinchat":[]},"product_cat":[138,458],"product_tag":[460,477,401,461,462,463,464,465,466,467,468],"yoast_head":"<!-- This site is optimized with the Yoast SEO plugin v21.3 - https:\/\/yoast.com\/wordpress\/plugins\/seo\/ -->\n<title>Buy Ellanse S 2 x 1ml Filler - Pro Beauty Aesthetics<\/title>\n<meta name=\"robots\" content=\"index, follow, max-snippet:-1, max-image-preview:large, max-video-preview:-1\" \/>\n<link rel=\"canonical\" href=\"https:\/\/www.probeautyaesthetics.com\/pl\/produkt\/kup-wypelniacz-ellanse-s-2-x-1-ml\/\" \/>\n<meta property=\"og:locale\" content=\"pl_PL\" \/>\n<meta property=\"og:type\" content=\"article\" \/>\n<meta property=\"og:title\" content=\"Buy Ellanse S 2 x 1ml Filler - Pro Beauty Aesthetics\" \/>\n<meta property=\"og:description\" content=\"Size 2x1ml   Licensed Product No   Registration Required No   Country Region This product is of European origin\" \/>\n<meta property=\"og:url\" content=\"https:\/\/www.probeautyaesthetics.com\/pl\/produkt\/kup-wypelniacz-ellanse-s-2-x-1-ml\/\" \/>\n<meta property=\"og:site_name\" content=\"Pro Beauty Aesthetics\" \/>\n<meta property=\"article:modified_time\" content=\"2020-01-29T13:37:52+00:00\" \/>\n<meta property=\"og:image\" content=\"https:\/\/www.probeautyaesthetics.com\/wp-content\/uploads\/2019\/11\/Buy-Ellanse-S-2-x-1ml-Filler.jpg\" \/>\n\t<meta property=\"og:image:width\" content=\"414\" \/>\n\t<meta property=\"og:image:height\" content=\"414\" \/>\n\t<meta property=\"og:image:type\" content=\"image\/jpeg\" \/>\n<meta name=\"twitter:card\" content=\"summary_large_image\" \/>\n<meta name=\"twitter:label1\" content=\"Szacowany czas czytania\" \/>\n\t<meta name=\"twitter:data1\" content=\"1 minuta\" \/>\n<script type=\"application\/ld+json\" class=\"yoast-schema-graph\">{\"@context\":\"https:\/\/schema.org\",\"@graph\":[{\"@type\":\"WebPage\",\"@id\":\"https:\/\/www.probeautyaesthetics.com\/product\/buy-ellanse-s-2-x-1ml-filler\/\",\"url\":\"https:\/\/www.probeautyaesthetics.com\/product\/buy-ellanse-s-2-x-1ml-filler\/\",\"name\":\"Buy Ellanse S 2 x 1ml Filler - Pro Beauty Aesthetics\",\"isPartOf\":{\"@id\":\"https:\/\/www.probeautyaesthetics.com\/#website\"},\"datePublished\":\"2019-11-14T07:21:25+00:00\",\"dateModified\":\"2020-01-29T13:37:52+00:00\",\"breadcrumb\":{\"@id\":\"https:\/\/www.probeautyaesthetics.com\/product\/buy-ellanse-s-2-x-1ml-filler\/#breadcrumb\"},\"inLanguage\":\"pl-PL\",\"potentialAction\":[{\"@type\":\"ReadAction\",\"target\":[\"https:\/\/www.probeautyaesthetics.com\/product\/buy-ellanse-s-2-x-1ml-filler\/\"]}]},{\"@type\":\"BreadcrumbList\",\"@id\":\"https:\/\/www.probeautyaesthetics.com\/product\/buy-ellanse-s-2-x-1ml-filler\/#breadcrumb\",\"itemListElement\":[{\"@type\":\"ListItem\",\"position\":1,\"name\":\"Home\",\"item\":\"https:\/\/www.probeautyaesthetics.com\/\"},{\"@type\":\"ListItem\",\"position\":2,\"name\":\"Our Products\",\"item\":\"https:\/\/www.probeautyaesthetics.com\/shop\/\"},{\"@type\":\"ListItem\",\"position\":3,\"name\":\"Buy Ellanse S 2 x 1ml Filler\"}]},{\"@type\":\"WebSite\",\"@id\":\"https:\/\/www.probeautyaesthetics.com\/#website\",\"url\":\"https:\/\/www.probeautyaesthetics.com\/\",\"name\":\"Pro Beauty Aesthetics\",\"description\":\"\",\"publisher\":{\"@id\":\"https:\/\/www.probeautyaesthetics.com\/#organization\"},\"potentialAction\":[{\"@type\":\"SearchAction\",\"target\":{\"@type\":\"EntryPoint\",\"urlTemplate\":\"https:\/\/www.probeautyaesthetics.com\/?s={search_term_string}\"},\"query-input\":\"required name=search_term_string\"}],\"inLanguage\":\"pl-PL\"},{\"@type\":\"Organization\",\"@id\":\"https:\/\/www.probeautyaesthetics.com\/#organization\",\"name\":\"Pro Beauty Aesthetics\",\"url\":\"https:\/\/www.probeautyaesthetics.com\/\",\"logo\":{\"@type\":\"ImageObject\",\"inLanguage\":\"pl-PL\",\"@id\":\"https:\/\/www.probeautyaesthetics.com\/#\/schema\/logo\/image\/\",\"url\":\"https:\/\/www.probeautyaesthetics.com\/wp-content\/uploads\/2019\/11\/logo-1.png\",\"contentUrl\":\"https:\/\/www.probeautyaesthetics.com\/wp-content\/uploads\/2019\/11\/logo-1.png\",\"width\":200,\"height\":50,\"caption\":\"Pro Beauty Aesthetics\"},\"image\":{\"@id\":\"https:\/\/www.probeautyaesthetics.com\/#\/schema\/logo\/image\/\"}}]}<\/script>\n<!-- \/ Yoast SEO plugin. -->","yoast_head_json":{"title":"Buy Ellanse S 2 x 1ml Filler - Pro Beauty Aesthetics","robots":{"index":"index","follow":"follow","max-snippet":"max-snippet:-1","max-image-preview":"max-image-preview:large","max-video-preview":"max-video-preview:-1"},"canonical":"https:\/\/www.probeautyaesthetics.com\/pl\/produkt\/kup-wypelniacz-ellanse-s-2-x-1-ml\/","og_locale":"pl_PL","og_type":"article","og_title":"Buy Ellanse S 2 x 1ml Filler - Pro Beauty Aesthetics","og_description":"Size 2x1ml   Licensed Product No   Registration Required No   Country Region This product is of European origin","og_url":"https:\/\/www.probeautyaesthetics.com\/pl\/produkt\/kup-wypelniacz-ellanse-s-2-x-1-ml\/","og_site_name":"Pro Beauty Aesthetics","article_modified_time":"2020-01-29T13:37:52+00:00","og_image":[{"width":414,"height":414,"url":"https:\/\/www.probeautyaesthetics.com\/wp-content\/uploads\/2019\/11\/Buy-Ellanse-S-2-x-1ml-Filler.jpg","type":"image\/jpeg"}],"twitter_card":"summary_large_image","twitter_misc":{"Szacowany czas czytania":"1 minuta"},"schema":{"@context":"https:\/\/schema.org","@graph":[{"@type":"WebPage","@id":"https:\/\/www.probeautyaesthetics.com\/product\/buy-ellanse-s-2-x-1ml-filler\/","url":"https:\/\/www.probeautyaesthetics.com\/product\/buy-ellanse-s-2-x-1ml-filler\/","name":"Buy Ellanse S 2 x 1ml Filler - Pro Beauty Aesthetics","isPartOf":{"@id":"https:\/\/www.probeautyaesthetics.com\/#website"},"datePublished":"2019-11-14T07:21:25+00:00","dateModified":"2020-01-29T13:37:52+00:00","breadcrumb":{"@id":"https:\/\/www.probeautyaesthetics.com\/product\/buy-ellanse-s-2-x-1ml-filler\/#breadcrumb"},"inLanguage":"pl-PL","potentialAction":[{"@type":"ReadAction","target":["https:\/\/www.probeautyaesthetics.com\/product\/buy-ellanse-s-2-x-1ml-filler\/"]}]},{"@type":"BreadcrumbList","@id":"https:\/\/www.probeautyaesthetics.com\/product\/buy-ellanse-s-2-x-1ml-filler\/#breadcrumb","itemListElement":[{"@type":"ListItem","position":1,"name":"Home","item":"https:\/\/www.probeautyaesthetics.com\/"},{"@type":"ListItem","position":2,"name":"Our Products","item":"https:\/\/www.probeautyaesthetics.com\/shop\/"},{"@type":"ListItem","position":3,"name":"Buy Ellanse S 2 x 1ml Filler"}]},{"@type":"WebSite","@id":"https:\/\/www.probeautyaesthetics.com\/#website","url":"https:\/\/www.probeautyaesthetics.com\/","name":"Pro Beauty Aesthetics","description":"","publisher":{"@id":"https:\/\/www.probeautyaesthetics.com\/#organization"},"potentialAction":[{"@type":"SearchAction","target":{"@type":"EntryPoint","urlTemplate":"https:\/\/www.probeautyaesthetics.com\/?s={search_term_string}"},"query-input":"required name=search_term_string"}],"inLanguage":"pl-PL"},{"@type":"Organization","@id":"https:\/\/www.probeautyaesthetics.com\/#organization","name":"Pro Beauty Aesthetics","url":"https:\/\/www.probeautyaesthetics.com\/","logo":{"@type":"ImageObject","inLanguage":"pl-PL","@id":"https:\/\/www.probeautyaesthetics.com\/#\/schema\/logo\/image\/","url":"https:\/\/www.probeautyaesthetics.com\/wp-content\/uploads\/2019\/11\/logo-1.png","contentUrl":"https:\/\/www.probeautyaesthetics.com\/wp-content\/uploads\/2019\/11\/logo-1.png","width":200,"height":50,"caption":"Pro Beauty Aesthetics"},"image":{"@id":"https:\/\/www.probeautyaesthetics.com\/#\/schema\/logo\/image\/"}}]}},"_links":{"self":[{"href":"https:\/\/www.probeautyaesthetics.com\/pl\/wp-json\/wp\/v2\/product\/4661"}],"collection":[{"href":"https:\/\/www.probeautyaesthetics.com\/pl\/wp-json\/wp\/v2\/product"}],"about":[{"href":"https:\/\/www.probeautyaesthetics.com\/pl\/wp-json\/wp\/v2\/types\/product"}],"replies":[{"embeddable":true,"href":"https:\/\/www.probeautyaesthetics.com\/pl\/wp-json\/wp\/v2\/comments?post=4661"}],"wp:featuredmedia":[{"embeddable":true,"href":"https:\/\/www.probeautyaesthetics.com\/pl\/wp-json\/wp\/v2\/media\/4681"}],"wp:attachment":[{"href":"https:\/\/www.probeautyaesthetics.com\/pl\/wp-json\/wp\/v2\/media?parent=4661"}],"wp:term":[{"taxonomy":"product_cat","embeddable":true,"href":"https:\/\/www.probeautyaesthetics.com\/pl\/wp-json\/wp\/v2\/product_cat?post=4661"},{"taxonomy":"product_tag","embeddable":true,"href":"https:\/\/www.probeautyaesthetics.com\/pl\/wp-json\/wp\/v2\/product_tag?post=4661"}],"curies":[{"name":"wp","href":"https:\/\/api.w.org\/{rel}","templated":true}]}}