{"id":4707,"date":"2019-11-14T07:21:37","date_gmt":"2019-11-14T07:21:37","guid":{"rendered":"https:\/\/www.safeonlinechemist.com\/dermalfillers\/product\/import-placeholder-for-6699\/"},"modified":"2023-07-10T00:13:25","modified_gmt":"2023-07-10T00:13:25","slug":"silhouette-soft-12-cones-2-sutures-5-packs","status":"publish","type":"product","link":"https:\/\/www.probeautyaesthetics.com\/pl\/produkt\/silhouette-soft-12-cones-2-sutures-5-packs\/","title":{"rendered":"Kup Silhouette Soft 12 sto\u017ck\u00f3w 2 szwy 5 opakowa\u0144 online"},"content":{"rendered":"<h2 style=\"text-align: justify;\">Z\u0142\u00f3\u017c zam\u00f3wienie na Silhouette Soft 12 Cones 2 Sutures 5 Packs online w naszym sklepie<\/h2>\n<p style=\"text-align: justify;\">Chcesz kupi\u0107 Silhouette Soft 12 Cones 2 Sutures 5 Packs w niskiej cenie? Skontaktuj si\u0119 z Pro Beauty Aesthetics ju\u017c dzi\u015b. Jeste\u015bmy profesjonalnym sklepem internetowym, kt\u00f3ry pomo\u017ce Ci kupi\u0107 Silhouette Soft 12 Cones 2 Sutures 5 Packs w bitcoin, moneygram i western union. Zam\u00f3w Silhouette Soft 12 Cones 2 Sutures 5 Packs ju\u017c dzi\u015b!<\/p>\n<h3 style=\"text-align: justify;\">Jaki jest mechanizm dzia\u0142ania Silhouette Soft 12 sto\u017ck\u00f3w 2 szwy 5 opakowa\u0144?<\/h3>\n<ul style=\"text-align: justify;\">\n<li>Urz\u0105dzenie do liftingu Silhouette Soft 12 Cones to specjalny szew, kt\u00f3rego mo\u017cna u\u017cy\u0107 do przeprowadzenia niechirurgicznego liftingu twarzy.<\/li>\n<li>Szew wykonany jest z kwasu polimlekowego, kt\u00f3ry stopniowo rozpuszcza si\u0119, porzucaj\u0105c naturalny rozw\u00f3j kolagenu, z dwukierunkowymi sto\u017ckami wykonanymi z glikolidu laktydowego, kt\u00f3ry jest mieszank\u0105 kwasu mlekowego i glikolowego.<\/li>\n<li>Sto\u017cki te pomagaj\u0105 utrzyma\u0107 gwinty w odpowiedniej pozycji. S<\/li>\n<li>Szwy ilhouette Soft 12 Cones s\u0105 dost\u0119pne w d\u0142ugo\u015bciach 26,8 cm, 27,5 cm i 30 cm, z 8, 12 lub 16 sto\u017ckami na ka\u017cdym szwie i s\u0105 dostarczane w wi\u0105zkach po dwa szwy.<\/li>\n<li>Zabieg Silhouette Soft 12 Cones jest od czasu do czasu nazywany \"manekinowym liftingiem twarzy\", \"liftingiem jednym szwem\" lub \"niechirurgicznym liftingiem twarzy\".<\/li>\n<\/ul>\n<h3 style=\"text-align: justify;\">Kup teraz!<\/h3>\n<p style=\"text-align: justify;\">Pobierz Silhouette Soft 12 Cones 2 Sutures 5 Packs na sprzeda\u017c i odbierz zam\u00f3wienie we wskazanym miejscu.<\/p>\n<p>kupi\u0107 silhouette soft 12 sto\u017ck\u00f3w 2 szwy 5 opakowa\u0144 online, silhouette soft 12 sto\u017ck\u00f3w 2 szwy 5 opakowa\u0144 na sprzeda\u017c, silhouette soft 12 sto\u017ck\u00f3w 2 szwy 5 opakowa\u0144 na sprzeda\u017c USA, kupi\u0107 prawdziwe silhouette soft 12 sto\u017ck\u00f3w 2 szwy 5 opakowa\u0144 online, gdzie kupi\u0107 silhouette soft 12 sto\u017ck\u00f3w 2 szwy 5 opakowa\u0144, kupi\u0107 silhouette soft 12 sto\u017ck\u00f3w 2 szwy 5 opakowa\u0144 online, kup silhouette soft 12 cones 2 sutures 5 packs Hiszpania, silhouette soft 12 cones 2 sutures 5 packs na sprzeda\u017c Ukraina, silhouette soft 12 cones 2 sutures 5 packs na sprzeda\u017c Kanada, silhouette soft 12 cones 2 sutures 5 packs na sprzeda\u017c Europa, kupowanie silhouette soft 12 cones 2 sutures 5 packs online legalne, kupi\u0107 silhouette soft 12 cones 2 sutures 5 packs online z Bitcoin, kupi\u0107 silhouette soft 12 cones 2 sutures 5 packs online z MoneyGram, silhouette soft 12 cones 2 sutures 5 packs na sprzeda\u017c z Western Union, jak kupi\u0107 silhouette soft 12 cones 2 sutures 5 packs online, kupi\u0107 silhouette soft 12 sto\u017ck\u00f3w 2 szwy 5 paczek w niskiej cenie, kupi\u0107 prawdziwe silhouette soft 12 sto\u017ck\u00f3w 2 szwy 5 paczek online, zam\u00f3wi\u0107 silhouette soft 12 sto\u017ck\u00f3w 2 szwy 5 paczek online, Mail silhouette soft 12 sto\u017ck\u00f3w 2 szwy 5 paczek, Mo\u017cesz zam\u00f3wi\u0107 silhouette soft 12 sto\u017ck\u00f3w 2 szwy 5 paczek w USA, Kanadzie, Europie, W\u0142oszech.<\/p>","protected":false},"excerpt":{"rendered":"<p>Z\u0142\u00f3\u017c zam\u00f3wienie na Silhouette Soft 12 Cones 2 Sutures 5 Packs online w naszym sklepie Chcesz kupi\u0107 Silhouette Soft 12 Cones 2 Sutures 5 Packs w niskich cenach?<\/p>","protected":false},"featured_media":4718,"comment_status":"open","ping_status":"closed","template":"","meta":{"_joinchat":[]},"product_cat":[494],"product_tag":[863,874,860,870,871,865,869,658,659,873,660,876,875,495,861,867,868,866,862,872,864,877],"yoast_head":"<!-- This site is optimized with the Yoast SEO plugin v21.3 - https:\/\/yoast.com\/wordpress\/plugins\/seo\/ -->\n<title>Buy Silhouette Soft 12 Cones 2 Sutures 5 Packs Online - Pro Beauty Aesthetics<\/title>\n<meta name=\"robots\" content=\"index, follow, max-snippet:-1, max-image-preview:large, max-video-preview:-1\" \/>\n<link rel=\"canonical\" href=\"https:\/\/www.probeautyaesthetics.com\/pl\/produkt\/silhouette-soft-12-cones-2-sutures-5-packs\/\" \/>\n<meta property=\"og:locale\" content=\"pl_PL\" \/>\n<meta property=\"og:type\" content=\"article\" \/>\n<meta property=\"og:title\" content=\"Buy Silhouette Soft 12 Cones 2 Sutures 5 Packs Online - Pro Beauty Aesthetics\" \/>\n<meta property=\"og:description\" content=\"Place an order for Silhouette Soft 12 Cones 2 Sutures 5 Packs online at our store Want to buy Silhouette Soft 12 Cones 2 Sutures 5 Packs at cheap price?\" \/>\n<meta property=\"og:url\" content=\"https:\/\/www.probeautyaesthetics.com\/pl\/produkt\/silhouette-soft-12-cones-2-sutures-5-packs\/\" \/>\n<meta property=\"og:site_name\" content=\"Pro Beauty Aesthetics\" \/>\n<meta property=\"article:modified_time\" content=\"2023-07-10T00:13:25+00:00\" \/>\n<meta property=\"og:image\" content=\"https:\/\/www.probeautyaesthetics.com\/wp-content\/uploads\/2019\/11\/Silhouette-Soft-12-Cones-2-Sutures-5-Packs-1.jpg\" \/>\n\t<meta property=\"og:image:width\" content=\"1200\" \/>\n\t<meta property=\"og:image:height\" content=\"800\" \/>\n\t<meta property=\"og:image:type\" content=\"image\/jpeg\" \/>\n<meta name=\"twitter:card\" content=\"summary_large_image\" \/>\n<meta name=\"twitter:label1\" content=\"Szacowany czas czytania\" \/>\n\t<meta name=\"twitter:data1\" content=\"2 minuty\" \/>\n<script type=\"application\/ld+json\" class=\"yoast-schema-graph\">{\"@context\":\"https:\/\/schema.org\",\"@graph\":[{\"@type\":\"WebPage\",\"@id\":\"https:\/\/www.probeautyaesthetics.com\/product\/silhouette-soft-12-cones-2-sutures-5-packs\/\",\"url\":\"https:\/\/www.probeautyaesthetics.com\/product\/silhouette-soft-12-cones-2-sutures-5-packs\/\",\"name\":\"Buy Silhouette Soft 12 Cones 2 Sutures 5 Packs Online - Pro Beauty Aesthetics\",\"isPartOf\":{\"@id\":\"https:\/\/www.probeautyaesthetics.com\/#website\"},\"datePublished\":\"2019-11-14T07:21:37+00:00\",\"dateModified\":\"2023-07-10T00:13:25+00:00\",\"breadcrumb\":{\"@id\":\"https:\/\/www.probeautyaesthetics.com\/product\/silhouette-soft-12-cones-2-sutures-5-packs\/#breadcrumb\"},\"inLanguage\":\"pl-PL\",\"potentialAction\":[{\"@type\":\"ReadAction\",\"target\":[\"https:\/\/www.probeautyaesthetics.com\/product\/silhouette-soft-12-cones-2-sutures-5-packs\/\"]}]},{\"@type\":\"BreadcrumbList\",\"@id\":\"https:\/\/www.probeautyaesthetics.com\/product\/silhouette-soft-12-cones-2-sutures-5-packs\/#breadcrumb\",\"itemListElement\":[{\"@type\":\"ListItem\",\"position\":1,\"name\":\"Home\",\"item\":\"https:\/\/www.probeautyaesthetics.com\/\"},{\"@type\":\"ListItem\",\"position\":2,\"name\":\"Our Products\",\"item\":\"https:\/\/www.probeautyaesthetics.com\/shop\/\"},{\"@type\":\"ListItem\",\"position\":3,\"name\":\"Buy Silhouette Soft 12 Cones 2 Sutures 5 Packs Online\"}]},{\"@type\":\"WebSite\",\"@id\":\"https:\/\/www.probeautyaesthetics.com\/#website\",\"url\":\"https:\/\/www.probeautyaesthetics.com\/\",\"name\":\"Pro Beauty Aesthetics\",\"description\":\"\",\"publisher\":{\"@id\":\"https:\/\/www.probeautyaesthetics.com\/#organization\"},\"potentialAction\":[{\"@type\":\"SearchAction\",\"target\":{\"@type\":\"EntryPoint\",\"urlTemplate\":\"https:\/\/www.probeautyaesthetics.com\/?s={search_term_string}\"},\"query-input\":\"required name=search_term_string\"}],\"inLanguage\":\"pl-PL\"},{\"@type\":\"Organization\",\"@id\":\"https:\/\/www.probeautyaesthetics.com\/#organization\",\"name\":\"Pro Beauty Aesthetics\",\"url\":\"https:\/\/www.probeautyaesthetics.com\/\",\"logo\":{\"@type\":\"ImageObject\",\"inLanguage\":\"pl-PL\",\"@id\":\"https:\/\/www.probeautyaesthetics.com\/#\/schema\/logo\/image\/\",\"url\":\"https:\/\/www.probeautyaesthetics.com\/wp-content\/uploads\/2019\/11\/logo-1.png\",\"contentUrl\":\"https:\/\/www.probeautyaesthetics.com\/wp-content\/uploads\/2019\/11\/logo-1.png\",\"width\":200,\"height\":50,\"caption\":\"Pro Beauty Aesthetics\"},\"image\":{\"@id\":\"https:\/\/www.probeautyaesthetics.com\/#\/schema\/logo\/image\/\"}}]}<\/script>\n<!-- \/ Yoast SEO plugin. -->","yoast_head_json":{"title":"Buy Silhouette Soft 12 Cones 2 Sutures 5 Packs Online - Pro Beauty Aesthetics","robots":{"index":"index","follow":"follow","max-snippet":"max-snippet:-1","max-image-preview":"max-image-preview:large","max-video-preview":"max-video-preview:-1"},"canonical":"https:\/\/www.probeautyaesthetics.com\/pl\/produkt\/silhouette-soft-12-cones-2-sutures-5-packs\/","og_locale":"pl_PL","og_type":"article","og_title":"Buy Silhouette Soft 12 Cones 2 Sutures 5 Packs Online - Pro Beauty Aesthetics","og_description":"Place an order for Silhouette Soft 12 Cones 2 Sutures 5 Packs online at our store Want to buy Silhouette Soft 12 Cones 2 Sutures 5 Packs at cheap price?","og_url":"https:\/\/www.probeautyaesthetics.com\/pl\/produkt\/silhouette-soft-12-cones-2-sutures-5-packs\/","og_site_name":"Pro Beauty Aesthetics","article_modified_time":"2023-07-10T00:13:25+00:00","og_image":[{"width":1200,"height":800,"url":"https:\/\/www.probeautyaesthetics.com\/wp-content\/uploads\/2019\/11\/Silhouette-Soft-12-Cones-2-Sutures-5-Packs-1.jpg","type":"image\/jpeg"}],"twitter_card":"summary_large_image","twitter_misc":{"Szacowany czas czytania":"2 minuty"},"schema":{"@context":"https:\/\/schema.org","@graph":[{"@type":"WebPage","@id":"https:\/\/www.probeautyaesthetics.com\/product\/silhouette-soft-12-cones-2-sutures-5-packs\/","url":"https:\/\/www.probeautyaesthetics.com\/product\/silhouette-soft-12-cones-2-sutures-5-packs\/","name":"Buy Silhouette Soft 12 Cones 2 Sutures 5 Packs Online - Pro Beauty Aesthetics","isPartOf":{"@id":"https:\/\/www.probeautyaesthetics.com\/#website"},"datePublished":"2019-11-14T07:21:37+00:00","dateModified":"2023-07-10T00:13:25+00:00","breadcrumb":{"@id":"https:\/\/www.probeautyaesthetics.com\/product\/silhouette-soft-12-cones-2-sutures-5-packs\/#breadcrumb"},"inLanguage":"pl-PL","potentialAction":[{"@type":"ReadAction","target":["https:\/\/www.probeautyaesthetics.com\/product\/silhouette-soft-12-cones-2-sutures-5-packs\/"]}]},{"@type":"BreadcrumbList","@id":"https:\/\/www.probeautyaesthetics.com\/product\/silhouette-soft-12-cones-2-sutures-5-packs\/#breadcrumb","itemListElement":[{"@type":"ListItem","position":1,"name":"Home","item":"https:\/\/www.probeautyaesthetics.com\/"},{"@type":"ListItem","position":2,"name":"Our Products","item":"https:\/\/www.probeautyaesthetics.com\/shop\/"},{"@type":"ListItem","position":3,"name":"Buy Silhouette Soft 12 Cones 2 Sutures 5 Packs Online"}]},{"@type":"WebSite","@id":"https:\/\/www.probeautyaesthetics.com\/#website","url":"https:\/\/www.probeautyaesthetics.com\/","name":"Pro Beauty Aesthetics","description":"","publisher":{"@id":"https:\/\/www.probeautyaesthetics.com\/#organization"},"potentialAction":[{"@type":"SearchAction","target":{"@type":"EntryPoint","urlTemplate":"https:\/\/www.probeautyaesthetics.com\/?s={search_term_string}"},"query-input":"required name=search_term_string"}],"inLanguage":"pl-PL"},{"@type":"Organization","@id":"https:\/\/www.probeautyaesthetics.com\/#organization","name":"Pro Beauty Aesthetics","url":"https:\/\/www.probeautyaesthetics.com\/","logo":{"@type":"ImageObject","inLanguage":"pl-PL","@id":"https:\/\/www.probeautyaesthetics.com\/#\/schema\/logo\/image\/","url":"https:\/\/www.probeautyaesthetics.com\/wp-content\/uploads\/2019\/11\/logo-1.png","contentUrl":"https:\/\/www.probeautyaesthetics.com\/wp-content\/uploads\/2019\/11\/logo-1.png","width":200,"height":50,"caption":"Pro Beauty Aesthetics"},"image":{"@id":"https:\/\/www.probeautyaesthetics.com\/#\/schema\/logo\/image\/"}}]}},"_links":{"self":[{"href":"https:\/\/www.probeautyaesthetics.com\/pl\/wp-json\/wp\/v2\/product\/4707"}],"collection":[{"href":"https:\/\/www.probeautyaesthetics.com\/pl\/wp-json\/wp\/v2\/product"}],"about":[{"href":"https:\/\/www.probeautyaesthetics.com\/pl\/wp-json\/wp\/v2\/types\/product"}],"replies":[{"embeddable":true,"href":"https:\/\/www.probeautyaesthetics.com\/pl\/wp-json\/wp\/v2\/comments?post=4707"}],"wp:featuredmedia":[{"embeddable":true,"href":"https:\/\/www.probeautyaesthetics.com\/pl\/wp-json\/wp\/v2\/media\/4718"}],"wp:attachment":[{"href":"https:\/\/www.probeautyaesthetics.com\/pl\/wp-json\/wp\/v2\/media?parent=4707"}],"wp:term":[{"taxonomy":"product_cat","embeddable":true,"href":"https:\/\/www.probeautyaesthetics.com\/pl\/wp-json\/wp\/v2\/product_cat?post=4707"},{"taxonomy":"product_tag","embeddable":true,"href":"https:\/\/www.probeautyaesthetics.com\/pl\/wp-json\/wp\/v2\/product_tag?post=4707"}],"curies":[{"name":"wp","href":"https:\/\/api.w.org\/{rel}","templated":true}]}}