{"id":4798,"date":"2019-11-14T07:22:08","date_gmt":"2019-11-14T07:22:08","guid":{"rendered":"https:\/\/www.safeonlinechemist.com\/dermalfillers\/product\/import-placeholder-for-6800\/"},"modified":"2020-03-16T08:09:10","modified_gmt":"2020-03-16T08:09:10","slug":"buy-durolane-60mg-3ml","status":"publish","type":"product","link":"https:\/\/www.probeautyaesthetics.com\/pl\/produkt\/kupic-durolane-60mg-3ml\/","title":{"rendered":"Kup Durolane 60mg - 3ml online"},"content":{"rendered":"<h2 style=\"text-align: justify;\"><strong>Kup Durolane 60mg - 3ml od najlepszych profesjonalist\u00f3w<\/strong><\/h2>\n<p style=\"text-align: justify;\">Aby kupi\u0107 Durolane 60mg - 3ml online, mo\u017cesz po\u0142\u0105czy\u0107 si\u0119 z Pro Beauty Aesthetics. Jeste\u015bmy tutaj, aby pom\u00f3c Ci kupi\u0107 Durolane 60mg - 3ml za pomoc\u0105 bitcoin, moneygram i western union. Durolane 60mg - 3ml na sprzeda\u017c dotrze do Ciebie w preferowanym miejscu docelowym przez ekspert\u00f3w. Zam\u00f3w Durolane 60mg - 3ml ju\u017c teraz!<\/p>\n<h3 style=\"text-align: justify;\"><strong>Co to jest Durolane 60mg - 3ml i jakie s\u0105 jego zalety?<\/strong><\/h3>\n<p style=\"text-align: justify;\">Durolane 60 mg - 3 ml mo\u017ce pom\u00f3c pacjentom z objawami choroby zwyrodnieniowej staw\u00f3w, na przyk\u0142ad b\u00f3lem kolana, biodra lub innych staw\u00f3w. W momencie, gdy inne metody leczenia choroby zwyrodnieniowej staw\u00f3w, na przyk\u0142ad nieinwazyjne leczenie, \u0107wiczenia i leki przeciwb\u00f3lowe, sta\u0142y si\u0119 mniej skuteczne, mo\u017cna zastosowa\u0107 Durolane, aby zast\u0105pi\u0107 lub wzmocni\u0107 te inne metody leczenia, aby zapewni\u0107 pacjentom najbardziej ekstremalne z\u0142agodzenie b\u00f3lu.<\/p>\n<ul style=\"text-align: justify;\">\n<li>Durolane 60mg- 3ml umo\u017cliwia pacjentom z chorob\u0105 zwyrodnieniow\u0105 staw\u00f3w z\u0142agodzenie b\u00f3lu i innych objaw\u00f3w.<\/li>\n<li>Dzi\u0119ki temu ko\u015bci nie ocieraj\u0105 si\u0119 o siebie, powoduj\u0105c zaostrzenie i b\u00f3l, umo\u017cliwiaj\u0105c pacjentom wygodniejsze poruszanie si\u0119 po wstrzykni\u0119ciu Durolane.<\/li>\n<li>Zapewnienie pomocy pacjentom z objawami choroby zwyrodnieniowej staw\u00f3w.<\/li>\n<\/ul>\n<h3 style=\"text-align: justify;\"><strong>Zam\u00f3w swoje wymagania!<\/strong><\/h3>\n<p style=\"text-align: justify;\">Mo\u017cesz teraz z\u0142o\u017cy\u0107 zam\u00f3wienie u nas i Durolane 60mg - 3ml w niskiej cenie. Wkr\u00f3tce spe\u0142nimy Twoje wymagania bezpo\u015brednio pod Twoimi drzwiami. Po\u0142\u0105cz si\u0119 z naszym sklepem internetowym ju\u017c teraz!<\/p>\n<p>kup durolane 60mg - 3ml online, durolane 60mg - 3ml na sprzeda\u017c, durolane 60mg - 3ml na sprzeda\u017c usa, kup prawdziwy durolane 60mg - 3ml online, gdzie kupi\u0107 durolane 60mg - 3ml, kup durolane 60mg - 3ml online, kup durolane 60mg - 3ml hiszpania, durolane 60mg - 3ml na sprzeda\u017c ukraina, durolane 60mg - 3ml na sprzeda\u017c kanada, durolane 60mg - 3ml na sprzeda\u017c europa, kupno durolane 60mg - 3ml online legalnie, kupi\u0107 durolane 60mg - 3ml online za bitcoin, kupi\u0107 durolane 60mg - 3ml online za moneygram, durolane 60mg - 3ml na sprzeda\u017c z western union, jak kupi\u0107 durolane 60mg - 3ml online, kupi\u0107 durolane 60mg - 3ml po niskiej cenie, kupi\u0107 prawdziwy durolane 60mg - 3ml online, zam\u00f3wi\u0107 durolane 60mg - 3ml online, wys\u0142a\u0107 durolane 60mg - 3ml poczt\u0105, mo\u017cna zam\u00f3wi\u0107 durolane 60mg - 3ml w usa, kanada, europa, w\u0142ochy.<\/p>","protected":false},"excerpt":{"rendered":"<p>Buy Durolane 60mg \u2013 3ml From The Top Professionals To buy Durolane 60mg \u2013 3ml online, you can connect with Pro Beauty Aesthetics. We are here to support you buy<\/p>","protected":false},"featured_media":4821,"comment_status":"open","ping_status":"closed","template":"","meta":{"_joinchat":[]},"product_cat":[521],"product_tag":[522,963,949,959,960,954,523,524,952,958,658,950,956,957,955,951,961,659,962,660,965,964,525,953,526,966],"yoast_head":"<!-- This site is optimized with the Yoast SEO plugin v21.3 - https:\/\/yoast.com\/wordpress\/plugins\/seo\/ -->\n<title>Buy Durolane 60mg \u2013 3ml Online - Durolane 60mg @ Wholesale Price<\/title>\n<meta name=\"description\" content=\"Buy Durolane 60mg \u2013 3ml Online - ProBeautyAesthetics is a wholesale supplier of durolane 60mg \u2013 3ml product. You can place an order Durolane 60m today!\" \/>\n<meta name=\"robots\" content=\"index, follow, max-snippet:-1, max-image-preview:large, max-video-preview:-1\" \/>\n<link rel=\"canonical\" href=\"https:\/\/www.probeautyaesthetics.com\/pl\/produkt\/kupic-durolane-60mg-3ml\/\" \/>\n<meta property=\"og:locale\" content=\"pl_PL\" \/>\n<meta property=\"og:type\" content=\"article\" \/>\n<meta property=\"og:title\" content=\"Buy Durolane 60mg \u2013 3ml Online - Durolane 60mg @ Wholesale Price\" \/>\n<meta property=\"og:description\" content=\"Buy Durolane 60mg \u2013 3ml Online - ProBeautyAesthetics is a wholesale supplier of durolane 60mg \u2013 3ml product. You can place an order Durolane 60m today!\" \/>\n<meta property=\"og:url\" content=\"https:\/\/www.probeautyaesthetics.com\/pl\/produkt\/kupic-durolane-60mg-3ml\/\" \/>\n<meta property=\"og:site_name\" content=\"Pro Beauty Aesthetics\" \/>\n<meta property=\"article:modified_time\" content=\"2020-03-16T08:09:10+00:00\" \/>\n<meta property=\"og:image\" content=\"https:\/\/www.probeautyaesthetics.com\/wp-content\/uploads\/2019\/11\/Buy-Durolane-60mg-\u2013-3ml.jpg\" \/>\n\t<meta property=\"og:image:width\" content=\"800\" \/>\n\t<meta property=\"og:image:height\" content=\"800\" \/>\n\t<meta property=\"og:image:type\" content=\"image\/jpeg\" \/>\n<meta name=\"twitter:card\" content=\"summary_large_image\" \/>\n<meta name=\"twitter:label1\" content=\"Szacowany czas czytania\" \/>\n\t<meta name=\"twitter:data1\" content=\"2 minuty\" \/>\n<script type=\"application\/ld+json\" class=\"yoast-schema-graph\">{\"@context\":\"https:\/\/schema.org\",\"@graph\":[{\"@type\":\"WebPage\",\"@id\":\"https:\/\/www.probeautyaesthetics.com\/product\/buy-durolane-60mg-3ml\/\",\"url\":\"https:\/\/www.probeautyaesthetics.com\/product\/buy-durolane-60mg-3ml\/\",\"name\":\"Buy Durolane 60mg \u2013 3ml Online - Durolane 60mg @ Wholesale Price\",\"isPartOf\":{\"@id\":\"https:\/\/www.probeautyaesthetics.com\/#website\"},\"datePublished\":\"2019-11-14T07:22:08+00:00\",\"dateModified\":\"2020-03-16T08:09:10+00:00\",\"description\":\"Buy Durolane 60mg \u2013 3ml Online - ProBeautyAesthetics is a wholesale supplier of durolane 60mg \u2013 3ml product. You can place an order Durolane 60m today!\",\"breadcrumb\":{\"@id\":\"https:\/\/www.probeautyaesthetics.com\/product\/buy-durolane-60mg-3ml\/#breadcrumb\"},\"inLanguage\":\"pl-PL\",\"potentialAction\":[{\"@type\":\"ReadAction\",\"target\":[\"https:\/\/www.probeautyaesthetics.com\/product\/buy-durolane-60mg-3ml\/\"]}]},{\"@type\":\"BreadcrumbList\",\"@id\":\"https:\/\/www.probeautyaesthetics.com\/product\/buy-durolane-60mg-3ml\/#breadcrumb\",\"itemListElement\":[{\"@type\":\"ListItem\",\"position\":1,\"name\":\"Home\",\"item\":\"https:\/\/www.probeautyaesthetics.com\/\"},{\"@type\":\"ListItem\",\"position\":2,\"name\":\"Our Products\",\"item\":\"https:\/\/www.probeautyaesthetics.com\/shop\/\"},{\"@type\":\"ListItem\",\"position\":3,\"name\":\"Buy Durolane 60mg \u2013 3ml Online\"}]},{\"@type\":\"WebSite\",\"@id\":\"https:\/\/www.probeautyaesthetics.com\/#website\",\"url\":\"https:\/\/www.probeautyaesthetics.com\/\",\"name\":\"Pro Beauty Aesthetics\",\"description\":\"\",\"publisher\":{\"@id\":\"https:\/\/www.probeautyaesthetics.com\/#organization\"},\"potentialAction\":[{\"@type\":\"SearchAction\",\"target\":{\"@type\":\"EntryPoint\",\"urlTemplate\":\"https:\/\/www.probeautyaesthetics.com\/?s={search_term_string}\"},\"query-input\":\"required name=search_term_string\"}],\"inLanguage\":\"pl-PL\"},{\"@type\":\"Organization\",\"@id\":\"https:\/\/www.probeautyaesthetics.com\/#organization\",\"name\":\"Pro Beauty Aesthetics\",\"url\":\"https:\/\/www.probeautyaesthetics.com\/\",\"logo\":{\"@type\":\"ImageObject\",\"inLanguage\":\"pl-PL\",\"@id\":\"https:\/\/www.probeautyaesthetics.com\/#\/schema\/logo\/image\/\",\"url\":\"https:\/\/www.probeautyaesthetics.com\/wp-content\/uploads\/2019\/11\/logo-1.png\",\"contentUrl\":\"https:\/\/www.probeautyaesthetics.com\/wp-content\/uploads\/2019\/11\/logo-1.png\",\"width\":200,\"height\":50,\"caption\":\"Pro Beauty Aesthetics\"},\"image\":{\"@id\":\"https:\/\/www.probeautyaesthetics.com\/#\/schema\/logo\/image\/\"}}]}<\/script>\n<!-- \/ Yoast SEO plugin. -->","yoast_head_json":{"title":"Buy Durolane 60mg \u2013 3ml Online - Durolane 60mg @ Wholesale Price","description":"Buy Durolane 60mg \u2013 3ml Online - ProBeautyAesthetics is a wholesale supplier of durolane 60mg \u2013 3ml product. You can place an order Durolane 60m today!","robots":{"index":"index","follow":"follow","max-snippet":"max-snippet:-1","max-image-preview":"max-image-preview:large","max-video-preview":"max-video-preview:-1"},"canonical":"https:\/\/www.probeautyaesthetics.com\/pl\/produkt\/kupic-durolane-60mg-3ml\/","og_locale":"pl_PL","og_type":"article","og_title":"Buy Durolane 60mg \u2013 3ml Online - Durolane 60mg @ Wholesale Price","og_description":"Buy Durolane 60mg \u2013 3ml Online - ProBeautyAesthetics is a wholesale supplier of durolane 60mg \u2013 3ml product. You can place an order Durolane 60m today!","og_url":"https:\/\/www.probeautyaesthetics.com\/pl\/produkt\/kupic-durolane-60mg-3ml\/","og_site_name":"Pro Beauty Aesthetics","article_modified_time":"2020-03-16T08:09:10+00:00","og_image":[{"width":800,"height":800,"url":"https:\/\/www.probeautyaesthetics.com\/wp-content\/uploads\/2019\/11\/Buy-Durolane-60mg-\u2013-3ml.jpg","type":"image\/jpeg"}],"twitter_card":"summary_large_image","twitter_misc":{"Szacowany czas czytania":"2 minuty"},"schema":{"@context":"https:\/\/schema.org","@graph":[{"@type":"WebPage","@id":"https:\/\/www.probeautyaesthetics.com\/product\/buy-durolane-60mg-3ml\/","url":"https:\/\/www.probeautyaesthetics.com\/product\/buy-durolane-60mg-3ml\/","name":"Buy Durolane 60mg \u2013 3ml Online - Durolane 60mg @ Wholesale Price","isPartOf":{"@id":"https:\/\/www.probeautyaesthetics.com\/#website"},"datePublished":"2019-11-14T07:22:08+00:00","dateModified":"2020-03-16T08:09:10+00:00","description":"Buy Durolane 60mg \u2013 3ml Online - ProBeautyAesthetics is a wholesale supplier of durolane 60mg \u2013 3ml product. You can place an order Durolane 60m today!","breadcrumb":{"@id":"https:\/\/www.probeautyaesthetics.com\/product\/buy-durolane-60mg-3ml\/#breadcrumb"},"inLanguage":"pl-PL","potentialAction":[{"@type":"ReadAction","target":["https:\/\/www.probeautyaesthetics.com\/product\/buy-durolane-60mg-3ml\/"]}]},{"@type":"BreadcrumbList","@id":"https:\/\/www.probeautyaesthetics.com\/product\/buy-durolane-60mg-3ml\/#breadcrumb","itemListElement":[{"@type":"ListItem","position":1,"name":"Home","item":"https:\/\/www.probeautyaesthetics.com\/"},{"@type":"ListItem","position":2,"name":"Our Products","item":"https:\/\/www.probeautyaesthetics.com\/shop\/"},{"@type":"ListItem","position":3,"name":"Buy Durolane 60mg \u2013 3ml Online"}]},{"@type":"WebSite","@id":"https:\/\/www.probeautyaesthetics.com\/#website","url":"https:\/\/www.probeautyaesthetics.com\/","name":"Pro Beauty Aesthetics","description":"","publisher":{"@id":"https:\/\/www.probeautyaesthetics.com\/#organization"},"potentialAction":[{"@type":"SearchAction","target":{"@type":"EntryPoint","urlTemplate":"https:\/\/www.probeautyaesthetics.com\/?s={search_term_string}"},"query-input":"required name=search_term_string"}],"inLanguage":"pl-PL"},{"@type":"Organization","@id":"https:\/\/www.probeautyaesthetics.com\/#organization","name":"Pro Beauty Aesthetics","url":"https:\/\/www.probeautyaesthetics.com\/","logo":{"@type":"ImageObject","inLanguage":"pl-PL","@id":"https:\/\/www.probeautyaesthetics.com\/#\/schema\/logo\/image\/","url":"https:\/\/www.probeautyaesthetics.com\/wp-content\/uploads\/2019\/11\/logo-1.png","contentUrl":"https:\/\/www.probeautyaesthetics.com\/wp-content\/uploads\/2019\/11\/logo-1.png","width":200,"height":50,"caption":"Pro Beauty Aesthetics"},"image":{"@id":"https:\/\/www.probeautyaesthetics.com\/#\/schema\/logo\/image\/"}}]}},"_links":{"self":[{"href":"https:\/\/www.probeautyaesthetics.com\/pl\/wp-json\/wp\/v2\/product\/4798"}],"collection":[{"href":"https:\/\/www.probeautyaesthetics.com\/pl\/wp-json\/wp\/v2\/product"}],"about":[{"href":"https:\/\/www.probeautyaesthetics.com\/pl\/wp-json\/wp\/v2\/types\/product"}],"replies":[{"embeddable":true,"href":"https:\/\/www.probeautyaesthetics.com\/pl\/wp-json\/wp\/v2\/comments?post=4798"}],"wp:featuredmedia":[{"embeddable":true,"href":"https:\/\/www.probeautyaesthetics.com\/pl\/wp-json\/wp\/v2\/media\/4821"}],"wp:attachment":[{"href":"https:\/\/www.probeautyaesthetics.com\/pl\/wp-json\/wp\/v2\/media?parent=4798"}],"wp:term":[{"taxonomy":"product_cat","embeddable":true,"href":"https:\/\/www.probeautyaesthetics.com\/pl\/wp-json\/wp\/v2\/product_cat?post=4798"},{"taxonomy":"product_tag","embeddable":true,"href":"https:\/\/www.probeautyaesthetics.com\/pl\/wp-json\/wp\/v2\/product_tag?post=4798"}],"curies":[{"name":"wp","href":"https:\/\/api.w.org\/{rel}","templated":true}]}}