{"id":4839,"date":"2019-11-14T07:22:19","date_gmt":"2019-11-14T07:22:19","guid":{"rendered":"https:\/\/www.safeonlinechemist.com\/dermalfillers\/product\/import-placeholder-for-6851\/"},"modified":"2020-03-01T08:01:43","modified_gmt":"2020-03-01T08:01:43","slug":"buy-revofil-aquashine-br-soft-filler-1x2ml","status":"publish","type":"product","link":"https:\/\/www.probeautyaesthetics.com\/pl\/produkt\/kup-revofil-aquashine-br-soft-filler-1x2ml\/","title":{"rendered":"Kup Revofil Aquashine BR Soft Filler (1x2ml)"},"content":{"rendered":"<h2 style=\"text-align: justify;\">Kup Revofil Aquashine BR Soft Filler (1x2ml) w przyst\u0119pnej cenie<\/h2>\n<p style=\"text-align: justify;\">Z\u0142\u00f3\u017c zam\u00f3wienie, aby kupi\u0107 Revofil Aquashine BR Soft Filler (1x2ml) w niskiej cenie od Pro Beauty Aesthetics i otrzymaj Revofil Aquashine BR Soft Filler (1x2ml) online wkr\u00f3tce pod sw\u00f3j adres. Zam\u00f3w Revofil Aquashine BR Soft Filler (1x2ml) ju\u017c teraz!<\/p>\n<h3 style=\"text-align: justify;\">Co to jest Revofil Aquashine BR Soft Filler (1x2ml) i jakie s\u0105 jego zastosowania?<\/h3>\n<p style=\"text-align: justify;\">Revofil Aquashine BR Soft Filler to prosty, sterylny \u017cel do wstrzykiwa\u0144 sk\u0142adaj\u0105cy si\u0119 z kwasu hialuronowego, minera\u0142\u00f3w i koenzym\u00f3w, sk\u0142adnik\u00f3w od\u017cywczych i aminokwas\u00f3w. Wstrzyknij Revofil Aquashine BR Soft Filler w umiarkowane lub powa\u017cne zmarszczki, aby pom\u00f3c o\u017cywi\u0107 sk\u00f3r\u0119, zmniejszy\u0107 pigmentacj\u0119 i wyg\u0142adzi\u0107 powierzchni\u0119.<\/p>\n<ul style=\"text-align: justify;\">\n<li>Revofil Aquashine BR Soft Filler to po\u0142\u0105czenie wype\u0142niacza sk\u00f3rnego i mezoterapii iniekcyjnej.<\/li>\n<li>Sk\u0142ada si\u0119 z kwasu hialuronowego i kompleksu odbudowuj\u0105cego sk\u00f3r\u0119, kt\u00f3ry zawiera sk\u0142adniki od\u017cywcze i aminokwasy, aby poprawi\u0107 wygl\u0105d sk\u00f3ry.<\/li>\n<li>Ten zastrzyk wzmacniaj\u0105cy sk\u00f3r\u0119 zmniejsza oznaki dojrzewania, na przyk\u0142ad zmarszczki, jednocze\u015bnie pomagaj\u0105c w zmniejszaniu i zapobieganiu przebarwieniom.<\/li>\n<li>Revofil Aquashine BR Soft Filler dodatkowo nawil\u017ca sk\u00f3r\u0119, poprawia jej elastyczno\u015b\u0107, zamyka pory i zmniejsza inne widoczne oznaki dojrzewania.<\/li>\n<\/ul>\n<h3 style=\"text-align: justify;\">Po\u0142\u0105cz si\u0119 z naszym sklepem ju\u017c dzi\u015b!<\/h3>\n<p style=\"text-align: justify;\">Jeste\u015bmy tutaj z Revofil Aquashine BR Soft Filler (1x2ml) na sprzeda\u017c. Kup Revofil Aquashine BR Soft Filler (1x2ml) za pomoc\u0105 bitcoin, moneygram i western union ju\u017c teraz!<\/p>","protected":false},"excerpt":{"rendered":"<p>Kup Revofil Aquashine BR Soft Filler (1x2ml) w przyst\u0119pnej cenie Z\u0142\u00f3\u017c zam\u00f3wienie, aby kupi\u0107 Revofil Aquashine BR Soft Filler (1x2ml) w niskiej cenie od Pro Beauty Aesthetics i otrzyma\u0107<\/p>","protected":false},"featured_media":4857,"comment_status":"open","ping_status":"closed","template":"","meta":{"_joinchat":[]},"product_cat":[138,546],"product_tag":[547,548,549],"yoast_head":"<!-- This site is optimized with the Yoast SEO plugin v21.3 - https:\/\/yoast.com\/wordpress\/plugins\/seo\/ -->\n<title>Buy Revofil Aquashine BR Soft Filler (1x2ml) - Pro Beauty Aesthetics<\/title>\n<meta name=\"robots\" content=\"index, follow, max-snippet:-1, max-image-preview:large, max-video-preview:-1\" \/>\n<link rel=\"canonical\" href=\"https:\/\/www.probeautyaesthetics.com\/pl\/produkt\/kup-revofil-aquashine-br-soft-filler-1x2ml\/\" \/>\n<meta property=\"og:locale\" content=\"pl_PL\" \/>\n<meta property=\"og:type\" content=\"article\" \/>\n<meta property=\"og:title\" content=\"Buy Revofil Aquashine BR Soft Filler (1x2ml) - Pro Beauty Aesthetics\" \/>\n<meta property=\"og:description\" content=\"Buy Revofil Aquashine BR Soft Filler (1x2ml) At Affordable Rates Hit your order to buy Revofil Aquashine BR Soft Filler (1x2ml) at cheap price from Pro Beauty Aesthetics and get\" \/>\n<meta property=\"og:url\" content=\"https:\/\/www.probeautyaesthetics.com\/pl\/produkt\/kup-revofil-aquashine-br-soft-filler-1x2ml\/\" \/>\n<meta property=\"og:site_name\" content=\"Pro Beauty Aesthetics\" \/>\n<meta property=\"article:modified_time\" content=\"2020-03-01T08:01:43+00:00\" \/>\n<meta property=\"og:image\" content=\"https:\/\/www.probeautyaesthetics.com\/wp-content\/uploads\/2019\/11\/Buy-Revofil-Aquashine-BR-Soft-Filler-1x2ml.jpg\" \/>\n\t<meta property=\"og:image:width\" content=\"640\" \/>\n\t<meta property=\"og:image:height\" content=\"640\" \/>\n\t<meta property=\"og:image:type\" content=\"image\/jpeg\" \/>\n<meta name=\"twitter:card\" content=\"summary_large_image\" \/>\n<meta name=\"twitter:label1\" content=\"Szacowany czas czytania\" \/>\n\t<meta name=\"twitter:data1\" content=\"1 minuta\" \/>\n<script type=\"application\/ld+json\" class=\"yoast-schema-graph\">{\"@context\":\"https:\/\/schema.org\",\"@graph\":[{\"@type\":\"WebPage\",\"@id\":\"https:\/\/www.probeautyaesthetics.com\/product\/buy-revofil-aquashine-br-soft-filler-1x2ml\/\",\"url\":\"https:\/\/www.probeautyaesthetics.com\/product\/buy-revofil-aquashine-br-soft-filler-1x2ml\/\",\"name\":\"Buy Revofil Aquashine BR Soft Filler (1x2ml) - Pro Beauty Aesthetics\",\"isPartOf\":{\"@id\":\"https:\/\/www.probeautyaesthetics.com\/#website\"},\"datePublished\":\"2019-11-14T07:22:19+00:00\",\"dateModified\":\"2020-03-01T08:01:43+00:00\",\"breadcrumb\":{\"@id\":\"https:\/\/www.probeautyaesthetics.com\/product\/buy-revofil-aquashine-br-soft-filler-1x2ml\/#breadcrumb\"},\"inLanguage\":\"pl-PL\",\"potentialAction\":[{\"@type\":\"ReadAction\",\"target\":[\"https:\/\/www.probeautyaesthetics.com\/product\/buy-revofil-aquashine-br-soft-filler-1x2ml\/\"]}]},{\"@type\":\"BreadcrumbList\",\"@id\":\"https:\/\/www.probeautyaesthetics.com\/product\/buy-revofil-aquashine-br-soft-filler-1x2ml\/#breadcrumb\",\"itemListElement\":[{\"@type\":\"ListItem\",\"position\":1,\"name\":\"Home\",\"item\":\"https:\/\/www.probeautyaesthetics.com\/\"},{\"@type\":\"ListItem\",\"position\":2,\"name\":\"Our Products\",\"item\":\"https:\/\/www.probeautyaesthetics.com\/shop\/\"},{\"@type\":\"ListItem\",\"position\":3,\"name\":\"Buy Revofil Aquashine BR Soft Filler (1x2ml)\"}]},{\"@type\":\"WebSite\",\"@id\":\"https:\/\/www.probeautyaesthetics.com\/#website\",\"url\":\"https:\/\/www.probeautyaesthetics.com\/\",\"name\":\"Pro Beauty Aesthetics\",\"description\":\"\",\"publisher\":{\"@id\":\"https:\/\/www.probeautyaesthetics.com\/#organization\"},\"potentialAction\":[{\"@type\":\"SearchAction\",\"target\":{\"@type\":\"EntryPoint\",\"urlTemplate\":\"https:\/\/www.probeautyaesthetics.com\/?s={search_term_string}\"},\"query-input\":\"required name=search_term_string\"}],\"inLanguage\":\"pl-PL\"},{\"@type\":\"Organization\",\"@id\":\"https:\/\/www.probeautyaesthetics.com\/#organization\",\"name\":\"Pro Beauty Aesthetics\",\"url\":\"https:\/\/www.probeautyaesthetics.com\/\",\"logo\":{\"@type\":\"ImageObject\",\"inLanguage\":\"pl-PL\",\"@id\":\"https:\/\/www.probeautyaesthetics.com\/#\/schema\/logo\/image\/\",\"url\":\"https:\/\/www.probeautyaesthetics.com\/wp-content\/uploads\/2019\/11\/logo-1.png\",\"contentUrl\":\"https:\/\/www.probeautyaesthetics.com\/wp-content\/uploads\/2019\/11\/logo-1.png\",\"width\":200,\"height\":50,\"caption\":\"Pro Beauty Aesthetics\"},\"image\":{\"@id\":\"https:\/\/www.probeautyaesthetics.com\/#\/schema\/logo\/image\/\"}}]}<\/script>\n<!-- \/ Yoast SEO plugin. -->","yoast_head_json":{"title":"Buy Revofil Aquashine BR Soft Filler (1x2ml) - Pro Beauty Aesthetics","robots":{"index":"index","follow":"follow","max-snippet":"max-snippet:-1","max-image-preview":"max-image-preview:large","max-video-preview":"max-video-preview:-1"},"canonical":"https:\/\/www.probeautyaesthetics.com\/pl\/produkt\/kup-revofil-aquashine-br-soft-filler-1x2ml\/","og_locale":"pl_PL","og_type":"article","og_title":"Buy Revofil Aquashine BR Soft Filler (1x2ml) - Pro Beauty Aesthetics","og_description":"Buy Revofil Aquashine BR Soft Filler (1x2ml) At Affordable Rates Hit your order to buy Revofil Aquashine BR Soft Filler (1x2ml) at cheap price from Pro Beauty Aesthetics and get","og_url":"https:\/\/www.probeautyaesthetics.com\/pl\/produkt\/kup-revofil-aquashine-br-soft-filler-1x2ml\/","og_site_name":"Pro Beauty Aesthetics","article_modified_time":"2020-03-01T08:01:43+00:00","og_image":[{"width":640,"height":640,"url":"https:\/\/www.probeautyaesthetics.com\/wp-content\/uploads\/2019\/11\/Buy-Revofil-Aquashine-BR-Soft-Filler-1x2ml.jpg","type":"image\/jpeg"}],"twitter_card":"summary_large_image","twitter_misc":{"Szacowany czas czytania":"1 minuta"},"schema":{"@context":"https:\/\/schema.org","@graph":[{"@type":"WebPage","@id":"https:\/\/www.probeautyaesthetics.com\/product\/buy-revofil-aquashine-br-soft-filler-1x2ml\/","url":"https:\/\/www.probeautyaesthetics.com\/product\/buy-revofil-aquashine-br-soft-filler-1x2ml\/","name":"Buy Revofil Aquashine BR Soft Filler (1x2ml) - Pro Beauty Aesthetics","isPartOf":{"@id":"https:\/\/www.probeautyaesthetics.com\/#website"},"datePublished":"2019-11-14T07:22:19+00:00","dateModified":"2020-03-01T08:01:43+00:00","breadcrumb":{"@id":"https:\/\/www.probeautyaesthetics.com\/product\/buy-revofil-aquashine-br-soft-filler-1x2ml\/#breadcrumb"},"inLanguage":"pl-PL","potentialAction":[{"@type":"ReadAction","target":["https:\/\/www.probeautyaesthetics.com\/product\/buy-revofil-aquashine-br-soft-filler-1x2ml\/"]}]},{"@type":"BreadcrumbList","@id":"https:\/\/www.probeautyaesthetics.com\/product\/buy-revofil-aquashine-br-soft-filler-1x2ml\/#breadcrumb","itemListElement":[{"@type":"ListItem","position":1,"name":"Home","item":"https:\/\/www.probeautyaesthetics.com\/"},{"@type":"ListItem","position":2,"name":"Our Products","item":"https:\/\/www.probeautyaesthetics.com\/shop\/"},{"@type":"ListItem","position":3,"name":"Buy Revofil Aquashine BR Soft Filler (1x2ml)"}]},{"@type":"WebSite","@id":"https:\/\/www.probeautyaesthetics.com\/#website","url":"https:\/\/www.probeautyaesthetics.com\/","name":"Pro Beauty Aesthetics","description":"","publisher":{"@id":"https:\/\/www.probeautyaesthetics.com\/#organization"},"potentialAction":[{"@type":"SearchAction","target":{"@type":"EntryPoint","urlTemplate":"https:\/\/www.probeautyaesthetics.com\/?s={search_term_string}"},"query-input":"required name=search_term_string"}],"inLanguage":"pl-PL"},{"@type":"Organization","@id":"https:\/\/www.probeautyaesthetics.com\/#organization","name":"Pro Beauty Aesthetics","url":"https:\/\/www.probeautyaesthetics.com\/","logo":{"@type":"ImageObject","inLanguage":"pl-PL","@id":"https:\/\/www.probeautyaesthetics.com\/#\/schema\/logo\/image\/","url":"https:\/\/www.probeautyaesthetics.com\/wp-content\/uploads\/2019\/11\/logo-1.png","contentUrl":"https:\/\/www.probeautyaesthetics.com\/wp-content\/uploads\/2019\/11\/logo-1.png","width":200,"height":50,"caption":"Pro Beauty Aesthetics"},"image":{"@id":"https:\/\/www.probeautyaesthetics.com\/#\/schema\/logo\/image\/"}}]}},"_links":{"self":[{"href":"https:\/\/www.probeautyaesthetics.com\/pl\/wp-json\/wp\/v2\/product\/4839"}],"collection":[{"href":"https:\/\/www.probeautyaesthetics.com\/pl\/wp-json\/wp\/v2\/product"}],"about":[{"href":"https:\/\/www.probeautyaesthetics.com\/pl\/wp-json\/wp\/v2\/types\/product"}],"replies":[{"embeddable":true,"href":"https:\/\/www.probeautyaesthetics.com\/pl\/wp-json\/wp\/v2\/comments?post=4839"}],"wp:featuredmedia":[{"embeddable":true,"href":"https:\/\/www.probeautyaesthetics.com\/pl\/wp-json\/wp\/v2\/media\/4857"}],"wp:attachment":[{"href":"https:\/\/www.probeautyaesthetics.com\/pl\/wp-json\/wp\/v2\/media?parent=4839"}],"wp:term":[{"taxonomy":"product_cat","embeddable":true,"href":"https:\/\/www.probeautyaesthetics.com\/pl\/wp-json\/wp\/v2\/product_cat?post=4839"},{"taxonomy":"product_tag","embeddable":true,"href":"https:\/\/www.probeautyaesthetics.com\/pl\/wp-json\/wp\/v2\/product_tag?post=4839"}],"curies":[{"name":"wp","href":"https:\/\/api.w.org\/{rel}","templated":true}]}}