{"id":4907,"date":"2019-11-14T07:22:40","date_gmt":"2019-11-14T07:22:40","guid":{"rendered":"https:\/\/www.safeonlinechemist.com\/dermalfillers\/product\/import-placeholder-for-6933\/"},"modified":"2020-03-02T15:52:50","modified_gmt":"2020-03-02T15:52:50","slug":"buy-synvisc-hylan-g-f-20-1-x-2ml","status":"publish","type":"product","link":"https:\/\/www.probeautyaesthetics.com\/pl\/produkt\/kup-synvisc-hylan-g-f-20-1-x-2ml\/","title":{"rendered":"Kup Synvisc Hylan G-F 20 1 x 2 ml"},"content":{"rendered":"<h2 style=\"text-align: justify;\">Kup Synvisc Hylan G-F 20 1 x 2 ml w przyjaznych dla kieszeni cenach tutaj<\/h2>\n<p style=\"text-align: justify;\">Synvisc Hylan G-F 20 1 x 2 ml na sprzeda\u017c jest ju\u017c dost\u0119pny w Pro Beauty Aesthetics. Je\u015bli chcesz kupi\u0107 Synvisc Hylan G-F 20 1 x 2ml w niskiej cenie, jeste\u015bmy tutaj, aby spe\u0142ni\u0107 Twoje wymagania. Pomo\u017cemy Ci kupi\u0107 Synvisc Hylan G-F 20 1 x 2ml w bitcoin, moneygram i western union tutaj. Skontaktuj si\u0119 z nami od razu!<\/p>\n<h3 style=\"text-align: justify;\">Jakie s\u0105 g\u0142\u00f3wne zastosowania produktu Synvisc Hylan G-F 20 1 x 2 ml?<\/h3>\n<ul style=\"text-align: justify;\">\n<li>Hylan G-F 20 jest stosowany w leczeniu b\u00f3lu spowodowanego chorob\u0105 zwyrodnieniow\u0105 stawu kolanowego.<\/li>\n<li>Hylan G-F 20 nale\u017cy przechowywa\u0107 w temperaturze pokojowej, poni\u017cej 86 F (30 C).<\/li>\n<li>W przypadku stosowania produktu Synvisc cykl leczenia obejmuje trzy wstrzykni\u0119cia w odst\u0119pie siedmiu dni. Z drugiej strony, Synvisc-One, kt\u00f3ry zawiera ka\u017cd\u0105 z trzech porcji (48 mg\/6 ml) mo\u017ce by\u0107 wstrzykni\u0119ty jednorazowo jako pojedynczy zastrzyk.<\/li>\n<li>Zdecydowana wi\u0119kszo\u015b\u0107 pacjent\u00f3w odczuwa najwi\u0119ksze z\u0142agodzenie b\u00f3lu po 8-12 tygodniach od rozpocz\u0119cia leczenia. Kilku pacjent\u00f3w b\u0119dzie wymaga\u0142o wi\u0119cej ni\u017c jednego cyklu leczenia.<\/li>\n<\/ul>\n<h3 style=\"text-align: justify;\">Udost\u0119pnij szczeg\u00f3\u0142y swojego zam\u00f3wienia!<\/h3>\n<p style=\"text-align: justify;\">Je\u015bli chcesz zam\u00f3wi\u0107 Synvisc Hylan G-F 20 1 x 2 ml, zr\u00f3b to od razu. Nasz sklep internetowy jest zawsze dost\u0119pny. Spe\u0142nij swoje wymagania ju\u017c teraz!<\/p>","protected":false},"excerpt":{"rendered":"<p><strong>Opakowanie<\/strong><\/p>\n<p>-1 x 2 ml sterylna ampu\u0142ko-strzykawka<\/p>\n<p>-Instrukcja obs\u0142ugi<\/p>","protected":false},"featured_media":4927,"comment_status":"open","ping_status":"closed","template":"","meta":{"_joinchat":[]},"product_cat":[521],"product_tag":[523,524,563,525,526],"yoast_head":"<!-- This site is optimized with the Yoast SEO plugin v21.3 - https:\/\/yoast.com\/wordpress\/plugins\/seo\/ -->\n<title>Buy Synvisc Hylan G-F 20 1 x 2ml - Pro Beauty Aesthetics<\/title>\n<meta name=\"robots\" content=\"index, follow, max-snippet:-1, max-image-preview:large, max-video-preview:-1\" \/>\n<link rel=\"canonical\" href=\"https:\/\/www.probeautyaesthetics.com\/pl\/produkt\/kup-synvisc-hylan-g-f-20-1-x-2ml\/\" \/>\n<meta property=\"og:locale\" content=\"pl_PL\" \/>\n<meta property=\"og:type\" content=\"article\" \/>\n<meta property=\"og:title\" content=\"Buy Synvisc Hylan G-F 20 1 x 2ml - Pro Beauty Aesthetics\" \/>\n<meta property=\"og:description\" content=\"Packaging  \u20221 x 2ml sterile pre-filled syringe  \u2022Instruction leaflet\" \/>\n<meta property=\"og:url\" content=\"https:\/\/www.probeautyaesthetics.com\/pl\/produkt\/kup-synvisc-hylan-g-f-20-1-x-2ml\/\" \/>\n<meta property=\"og:site_name\" content=\"Pro Beauty Aesthetics\" \/>\n<meta property=\"article:modified_time\" content=\"2020-03-02T15:52:50+00:00\" \/>\n<meta property=\"og:image\" content=\"https:\/\/www.probeautyaesthetics.com\/wp-content\/uploads\/2019\/11\/Buy-Synvisc-Hylan-G-F-20-1-x-2ml.jpg\" \/>\n\t<meta property=\"og:image:width\" content=\"324\" \/>\n\t<meta property=\"og:image:height\" content=\"324\" \/>\n\t<meta property=\"og:image:type\" content=\"image\/jpeg\" \/>\n<meta name=\"twitter:card\" content=\"summary_large_image\" \/>\n<meta name=\"twitter:label1\" content=\"Szacowany czas czytania\" \/>\n\t<meta name=\"twitter:data1\" content=\"1 minuta\" \/>\n<script type=\"application\/ld+json\" class=\"yoast-schema-graph\">{\"@context\":\"https:\/\/schema.org\",\"@graph\":[{\"@type\":\"WebPage\",\"@id\":\"https:\/\/www.probeautyaesthetics.com\/product\/buy-synvisc-hylan-g-f-20-1-x-2ml\/\",\"url\":\"https:\/\/www.probeautyaesthetics.com\/product\/buy-synvisc-hylan-g-f-20-1-x-2ml\/\",\"name\":\"Buy Synvisc Hylan G-F 20 1 x 2ml - Pro Beauty Aesthetics\",\"isPartOf\":{\"@id\":\"https:\/\/www.probeautyaesthetics.com\/#website\"},\"datePublished\":\"2019-11-14T07:22:40+00:00\",\"dateModified\":\"2020-03-02T15:52:50+00:00\",\"breadcrumb\":{\"@id\":\"https:\/\/www.probeautyaesthetics.com\/product\/buy-synvisc-hylan-g-f-20-1-x-2ml\/#breadcrumb\"},\"inLanguage\":\"pl-PL\",\"potentialAction\":[{\"@type\":\"ReadAction\",\"target\":[\"https:\/\/www.probeautyaesthetics.com\/product\/buy-synvisc-hylan-g-f-20-1-x-2ml\/\"]}]},{\"@type\":\"BreadcrumbList\",\"@id\":\"https:\/\/www.probeautyaesthetics.com\/product\/buy-synvisc-hylan-g-f-20-1-x-2ml\/#breadcrumb\",\"itemListElement\":[{\"@type\":\"ListItem\",\"position\":1,\"name\":\"Home\",\"item\":\"https:\/\/www.probeautyaesthetics.com\/\"},{\"@type\":\"ListItem\",\"position\":2,\"name\":\"Our Products\",\"item\":\"https:\/\/www.probeautyaesthetics.com\/shop\/\"},{\"@type\":\"ListItem\",\"position\":3,\"name\":\"Buy Synvisc Hylan G-F 20 1 x 2ml\"}]},{\"@type\":\"WebSite\",\"@id\":\"https:\/\/www.probeautyaesthetics.com\/#website\",\"url\":\"https:\/\/www.probeautyaesthetics.com\/\",\"name\":\"Pro Beauty Aesthetics\",\"description\":\"\",\"publisher\":{\"@id\":\"https:\/\/www.probeautyaesthetics.com\/#organization\"},\"potentialAction\":[{\"@type\":\"SearchAction\",\"target\":{\"@type\":\"EntryPoint\",\"urlTemplate\":\"https:\/\/www.probeautyaesthetics.com\/?s={search_term_string}\"},\"query-input\":\"required name=search_term_string\"}],\"inLanguage\":\"pl-PL\"},{\"@type\":\"Organization\",\"@id\":\"https:\/\/www.probeautyaesthetics.com\/#organization\",\"name\":\"Pro Beauty Aesthetics\",\"url\":\"https:\/\/www.probeautyaesthetics.com\/\",\"logo\":{\"@type\":\"ImageObject\",\"inLanguage\":\"pl-PL\",\"@id\":\"https:\/\/www.probeautyaesthetics.com\/#\/schema\/logo\/image\/\",\"url\":\"https:\/\/www.probeautyaesthetics.com\/wp-content\/uploads\/2019\/11\/logo-1.png\",\"contentUrl\":\"https:\/\/www.probeautyaesthetics.com\/wp-content\/uploads\/2019\/11\/logo-1.png\",\"width\":200,\"height\":50,\"caption\":\"Pro Beauty Aesthetics\"},\"image\":{\"@id\":\"https:\/\/www.probeautyaesthetics.com\/#\/schema\/logo\/image\/\"}}]}<\/script>\n<!-- \/ Yoast SEO plugin. -->","yoast_head_json":{"title":"Buy Synvisc Hylan G-F 20 1 x 2ml - Pro Beauty Aesthetics","robots":{"index":"index","follow":"follow","max-snippet":"max-snippet:-1","max-image-preview":"max-image-preview:large","max-video-preview":"max-video-preview:-1"},"canonical":"https:\/\/www.probeautyaesthetics.com\/pl\/produkt\/kup-synvisc-hylan-g-f-20-1-x-2ml\/","og_locale":"pl_PL","og_type":"article","og_title":"Buy Synvisc Hylan G-F 20 1 x 2ml - Pro Beauty Aesthetics","og_description":"Packaging  \u20221 x 2ml sterile pre-filled syringe  \u2022Instruction leaflet","og_url":"https:\/\/www.probeautyaesthetics.com\/pl\/produkt\/kup-synvisc-hylan-g-f-20-1-x-2ml\/","og_site_name":"Pro Beauty Aesthetics","article_modified_time":"2020-03-02T15:52:50+00:00","og_image":[{"width":324,"height":324,"url":"https:\/\/www.probeautyaesthetics.com\/wp-content\/uploads\/2019\/11\/Buy-Synvisc-Hylan-G-F-20-1-x-2ml.jpg","type":"image\/jpeg"}],"twitter_card":"summary_large_image","twitter_misc":{"Szacowany czas czytania":"1 minuta"},"schema":{"@context":"https:\/\/schema.org","@graph":[{"@type":"WebPage","@id":"https:\/\/www.probeautyaesthetics.com\/product\/buy-synvisc-hylan-g-f-20-1-x-2ml\/","url":"https:\/\/www.probeautyaesthetics.com\/product\/buy-synvisc-hylan-g-f-20-1-x-2ml\/","name":"Buy Synvisc Hylan G-F 20 1 x 2ml - Pro Beauty Aesthetics","isPartOf":{"@id":"https:\/\/www.probeautyaesthetics.com\/#website"},"datePublished":"2019-11-14T07:22:40+00:00","dateModified":"2020-03-02T15:52:50+00:00","breadcrumb":{"@id":"https:\/\/www.probeautyaesthetics.com\/product\/buy-synvisc-hylan-g-f-20-1-x-2ml\/#breadcrumb"},"inLanguage":"pl-PL","potentialAction":[{"@type":"ReadAction","target":["https:\/\/www.probeautyaesthetics.com\/product\/buy-synvisc-hylan-g-f-20-1-x-2ml\/"]}]},{"@type":"BreadcrumbList","@id":"https:\/\/www.probeautyaesthetics.com\/product\/buy-synvisc-hylan-g-f-20-1-x-2ml\/#breadcrumb","itemListElement":[{"@type":"ListItem","position":1,"name":"Home","item":"https:\/\/www.probeautyaesthetics.com\/"},{"@type":"ListItem","position":2,"name":"Our Products","item":"https:\/\/www.probeautyaesthetics.com\/shop\/"},{"@type":"ListItem","position":3,"name":"Buy Synvisc Hylan G-F 20 1 x 2ml"}]},{"@type":"WebSite","@id":"https:\/\/www.probeautyaesthetics.com\/#website","url":"https:\/\/www.probeautyaesthetics.com\/","name":"Pro Beauty Aesthetics","description":"","publisher":{"@id":"https:\/\/www.probeautyaesthetics.com\/#organization"},"potentialAction":[{"@type":"SearchAction","target":{"@type":"EntryPoint","urlTemplate":"https:\/\/www.probeautyaesthetics.com\/?s={search_term_string}"},"query-input":"required name=search_term_string"}],"inLanguage":"pl-PL"},{"@type":"Organization","@id":"https:\/\/www.probeautyaesthetics.com\/#organization","name":"Pro Beauty Aesthetics","url":"https:\/\/www.probeautyaesthetics.com\/","logo":{"@type":"ImageObject","inLanguage":"pl-PL","@id":"https:\/\/www.probeautyaesthetics.com\/#\/schema\/logo\/image\/","url":"https:\/\/www.probeautyaesthetics.com\/wp-content\/uploads\/2019\/11\/logo-1.png","contentUrl":"https:\/\/www.probeautyaesthetics.com\/wp-content\/uploads\/2019\/11\/logo-1.png","width":200,"height":50,"caption":"Pro Beauty Aesthetics"},"image":{"@id":"https:\/\/www.probeautyaesthetics.com\/#\/schema\/logo\/image\/"}}]}},"_links":{"self":[{"href":"https:\/\/www.probeautyaesthetics.com\/pl\/wp-json\/wp\/v2\/product\/4907"}],"collection":[{"href":"https:\/\/www.probeautyaesthetics.com\/pl\/wp-json\/wp\/v2\/product"}],"about":[{"href":"https:\/\/www.probeautyaesthetics.com\/pl\/wp-json\/wp\/v2\/types\/product"}],"replies":[{"embeddable":true,"href":"https:\/\/www.probeautyaesthetics.com\/pl\/wp-json\/wp\/v2\/comments?post=4907"}],"wp:featuredmedia":[{"embeddable":true,"href":"https:\/\/www.probeautyaesthetics.com\/pl\/wp-json\/wp\/v2\/media\/4927"}],"wp:attachment":[{"href":"https:\/\/www.probeautyaesthetics.com\/pl\/wp-json\/wp\/v2\/media?parent=4907"}],"wp:term":[{"taxonomy":"product_cat","embeddable":true,"href":"https:\/\/www.probeautyaesthetics.com\/pl\/wp-json\/wp\/v2\/product_cat?post=4907"},{"taxonomy":"product_tag","embeddable":true,"href":"https:\/\/www.probeautyaesthetics.com\/pl\/wp-json\/wp\/v2\/product_tag?post=4907"}],"curies":[{"name":"wp","href":"https:\/\/api.w.org\/{rel}","templated":true}]}}