{"id":5040,"date":"2019-11-14T07:23:25","date_gmt":"2019-11-14T07:23:25","guid":{"rendered":"https:\/\/www.safeonlinechemist.com\/dermalfillers\/product\/import-placeholder-for-7114\/"},"modified":"2020-01-28T10:23:28","modified_gmt":"2020-01-28T10:23:28","slug":"buy-bcn-artichoke-extract-10-x-5ml","status":"publish","type":"product","link":"https:\/\/www.probeautyaesthetics.com\/pl\/produkt\/kup-ekstrakt-z-karczocha-bcn-10-x-5ml\/","title":{"rendered":"Kup ekstrakt z karczocha BCN 10 x 5 ml"},"content":{"rendered":"<h2 style=\"text-align: justify;\">Kup ekstrakt z karczocha BCN 10 x 5 ml w przyst\u0119pnych cenach st\u0105d<\/h2>\n<p style=\"text-align: justify;\">W Pro Beauty Aesthetics mo\u017cna kupi\u0107 Ekstrakt z Karczocha BCN 10 x 5ml na sprzeda\u017c. Pomo\u017cemy Ci r\u00f3wnie\u017c kupi\u0107 Ekstrakt z Karczocha BCN 10 x 5ml za bitcoiny, moneygram i western union. Jeste\u015bmy uwa\u017cani za najlepszy sklep internetowy, je\u015bli chodzi o zakup BCN Ekstrakt z karczocha 10 x 5 ml online. Je\u015bli chcesz zam\u00f3wi\u0107 Ekstrakt z Karczocha BCN 10 x 5ml, zr\u00f3b to od razu. Jeste\u015bmy tutaj, aby pom\u00f3c Ci kupi\u0107 Ekstrakt z karczocha BCN 10 x 5 ml w niskiej cenie.<\/p>\n<h3 style=\"text-align: justify;\">Jakie s\u0105 najwa\u017cniejsze cechy ekstraktu z karczocha BCN 10 x 5 ml?<\/h3>\n<p style=\"text-align: justify;\">Tajemnica antycellulitowych w\u0142a\u015bciwo\u015bci ekstraktu z karczocha tkwi w jego dzia\u0142aniu detoksykuj\u0105cym i moczop\u0119dnym. Inaczej zwany Cynara Scolymus, z dynamicznie utrwalaj\u0105c\u0105 cynaryn\u0105.<\/p>\n<ul style=\"text-align: justify;\">\n<li>Jest powszechnie stosowany w leczeniu cellulitu i tkanki t\u0142uszczowej.<\/li>\n<li>Ekstrakt z karczocha Anti-Cellulite Solution ma na celu o\u017cywi\u0107 struktur\u0119 odpad\u00f3w limfatycznych.<\/li>\n<li>Zawiera ekstrakt z karczocha 2%.<\/li>\n<\/ul>\n<h3 style=\"text-align: justify;\">Skontaktuj si\u0119 z naszym sklepem internetowym ju\u017c dzi\u015b!<\/h3>\n<p style=\"text-align: justify;\">Ju\u017c teraz mo\u017cesz w \u0142atwy spos\u00f3b skontaktowa\u0107 si\u0119 z naszym sklepem internetowym i kupi\u0107 BCN Ekstrakt z karczocha 10 x 5 ml online. Najszybciej dotrzemy do wskazanej lokalizacji z kompletnym zam\u00f3wieniem. Zam\u00f3w teraz!<\/p>","protected":false},"excerpt":{"rendered":"<p>10 x 5 ml ampu\u0142ek.<\/p>","protected":false},"featured_media":5068,"comment_status":"open","ping_status":"closed","template":"","meta":{"_joinchat":[]},"product_cat":[185],"product_tag":[597,598,615,401,600,601,482,602,603,604,605,606,607,608,609,610],"yoast_head":"<!-- This site is optimized with the Yoast SEO plugin v21.3 - https:\/\/yoast.com\/wordpress\/plugins\/seo\/ -->\n<title>Buy BCN Artichoke Extract 10 x 5ml - Pro Beauty Aesthetics<\/title>\n<meta name=\"robots\" content=\"index, follow, max-snippet:-1, max-image-preview:large, max-video-preview:-1\" \/>\n<link rel=\"canonical\" href=\"https:\/\/www.probeautyaesthetics.com\/pl\/produkt\/kup-ekstrakt-z-karczocha-bcn-10-x-5ml\/\" \/>\n<meta property=\"og:locale\" content=\"pl_PL\" \/>\n<meta property=\"og:type\" content=\"article\" \/>\n<meta property=\"og:title\" content=\"Buy BCN Artichoke Extract 10 x 5ml - Pro Beauty Aesthetics\" \/>\n<meta property=\"og:description\" content=\"10 x 5ml ampoules.\" \/>\n<meta property=\"og:url\" content=\"https:\/\/www.probeautyaesthetics.com\/pl\/produkt\/kup-ekstrakt-z-karczocha-bcn-10-x-5ml\/\" \/>\n<meta property=\"og:site_name\" content=\"Pro Beauty Aesthetics\" \/>\n<meta property=\"article:modified_time\" content=\"2020-01-28T10:23:28+00:00\" \/>\n<meta property=\"og:image\" content=\"https:\/\/www.probeautyaesthetics.com\/wp-content\/uploads\/2019\/11\/Buy-BCN-Artichoke-Extract-10-x-5ml.jpg\" \/>\n\t<meta property=\"og:image:width\" content=\"1000\" \/>\n\t<meta property=\"og:image:height\" content=\"647\" \/>\n\t<meta property=\"og:image:type\" content=\"image\/jpeg\" \/>\n<meta name=\"twitter:card\" content=\"summary_large_image\" \/>\n<meta name=\"twitter:label1\" content=\"Szacowany czas czytania\" \/>\n\t<meta name=\"twitter:data1\" content=\"1 minuta\" \/>\n<script type=\"application\/ld+json\" class=\"yoast-schema-graph\">{\"@context\":\"https:\/\/schema.org\",\"@graph\":[{\"@type\":\"WebPage\",\"@id\":\"https:\/\/www.probeautyaesthetics.com\/product\/buy-bcn-artichoke-extract-10-x-5ml\/\",\"url\":\"https:\/\/www.probeautyaesthetics.com\/product\/buy-bcn-artichoke-extract-10-x-5ml\/\",\"name\":\"Buy BCN Artichoke Extract 10 x 5ml - Pro Beauty Aesthetics\",\"isPartOf\":{\"@id\":\"https:\/\/www.probeautyaesthetics.com\/#website\"},\"datePublished\":\"2019-11-14T07:23:25+00:00\",\"dateModified\":\"2020-01-28T10:23:28+00:00\",\"breadcrumb\":{\"@id\":\"https:\/\/www.probeautyaesthetics.com\/product\/buy-bcn-artichoke-extract-10-x-5ml\/#breadcrumb\"},\"inLanguage\":\"pl-PL\",\"potentialAction\":[{\"@type\":\"ReadAction\",\"target\":[\"https:\/\/www.probeautyaesthetics.com\/product\/buy-bcn-artichoke-extract-10-x-5ml\/\"]}]},{\"@type\":\"BreadcrumbList\",\"@id\":\"https:\/\/www.probeautyaesthetics.com\/product\/buy-bcn-artichoke-extract-10-x-5ml\/#breadcrumb\",\"itemListElement\":[{\"@type\":\"ListItem\",\"position\":1,\"name\":\"Home\",\"item\":\"https:\/\/www.probeautyaesthetics.com\/\"},{\"@type\":\"ListItem\",\"position\":2,\"name\":\"Our Products\",\"item\":\"https:\/\/www.probeautyaesthetics.com\/shop\/\"},{\"@type\":\"ListItem\",\"position\":3,\"name\":\"Buy BCN Artichoke Extract 10 x 5ml\"}]},{\"@type\":\"WebSite\",\"@id\":\"https:\/\/www.probeautyaesthetics.com\/#website\",\"url\":\"https:\/\/www.probeautyaesthetics.com\/\",\"name\":\"Pro Beauty Aesthetics\",\"description\":\"\",\"publisher\":{\"@id\":\"https:\/\/www.probeautyaesthetics.com\/#organization\"},\"potentialAction\":[{\"@type\":\"SearchAction\",\"target\":{\"@type\":\"EntryPoint\",\"urlTemplate\":\"https:\/\/www.probeautyaesthetics.com\/?s={search_term_string}\"},\"query-input\":\"required name=search_term_string\"}],\"inLanguage\":\"pl-PL\"},{\"@type\":\"Organization\",\"@id\":\"https:\/\/www.probeautyaesthetics.com\/#organization\",\"name\":\"Pro Beauty Aesthetics\",\"url\":\"https:\/\/www.probeautyaesthetics.com\/\",\"logo\":{\"@type\":\"ImageObject\",\"inLanguage\":\"pl-PL\",\"@id\":\"https:\/\/www.probeautyaesthetics.com\/#\/schema\/logo\/image\/\",\"url\":\"https:\/\/www.probeautyaesthetics.com\/wp-content\/uploads\/2019\/11\/logo-1.png\",\"contentUrl\":\"https:\/\/www.probeautyaesthetics.com\/wp-content\/uploads\/2019\/11\/logo-1.png\",\"width\":200,\"height\":50,\"caption\":\"Pro Beauty Aesthetics\"},\"image\":{\"@id\":\"https:\/\/www.probeautyaesthetics.com\/#\/schema\/logo\/image\/\"}}]}<\/script>\n<!-- \/ Yoast SEO plugin. -->","yoast_head_json":{"title":"Buy BCN Artichoke Extract 10 x 5ml - Pro Beauty Aesthetics","robots":{"index":"index","follow":"follow","max-snippet":"max-snippet:-1","max-image-preview":"max-image-preview:large","max-video-preview":"max-video-preview:-1"},"canonical":"https:\/\/www.probeautyaesthetics.com\/pl\/produkt\/kup-ekstrakt-z-karczocha-bcn-10-x-5ml\/","og_locale":"pl_PL","og_type":"article","og_title":"Buy BCN Artichoke Extract 10 x 5ml - Pro Beauty Aesthetics","og_description":"10 x 5ml ampoules.","og_url":"https:\/\/www.probeautyaesthetics.com\/pl\/produkt\/kup-ekstrakt-z-karczocha-bcn-10-x-5ml\/","og_site_name":"Pro Beauty Aesthetics","article_modified_time":"2020-01-28T10:23:28+00:00","og_image":[{"width":1000,"height":647,"url":"https:\/\/www.probeautyaesthetics.com\/wp-content\/uploads\/2019\/11\/Buy-BCN-Artichoke-Extract-10-x-5ml.jpg","type":"image\/jpeg"}],"twitter_card":"summary_large_image","twitter_misc":{"Szacowany czas czytania":"1 minuta"},"schema":{"@context":"https:\/\/schema.org","@graph":[{"@type":"WebPage","@id":"https:\/\/www.probeautyaesthetics.com\/product\/buy-bcn-artichoke-extract-10-x-5ml\/","url":"https:\/\/www.probeautyaesthetics.com\/product\/buy-bcn-artichoke-extract-10-x-5ml\/","name":"Buy BCN Artichoke Extract 10 x 5ml - Pro Beauty Aesthetics","isPartOf":{"@id":"https:\/\/www.probeautyaesthetics.com\/#website"},"datePublished":"2019-11-14T07:23:25+00:00","dateModified":"2020-01-28T10:23:28+00:00","breadcrumb":{"@id":"https:\/\/www.probeautyaesthetics.com\/product\/buy-bcn-artichoke-extract-10-x-5ml\/#breadcrumb"},"inLanguage":"pl-PL","potentialAction":[{"@type":"ReadAction","target":["https:\/\/www.probeautyaesthetics.com\/product\/buy-bcn-artichoke-extract-10-x-5ml\/"]}]},{"@type":"BreadcrumbList","@id":"https:\/\/www.probeautyaesthetics.com\/product\/buy-bcn-artichoke-extract-10-x-5ml\/#breadcrumb","itemListElement":[{"@type":"ListItem","position":1,"name":"Home","item":"https:\/\/www.probeautyaesthetics.com\/"},{"@type":"ListItem","position":2,"name":"Our Products","item":"https:\/\/www.probeautyaesthetics.com\/shop\/"},{"@type":"ListItem","position":3,"name":"Buy BCN Artichoke Extract 10 x 5ml"}]},{"@type":"WebSite","@id":"https:\/\/www.probeautyaesthetics.com\/#website","url":"https:\/\/www.probeautyaesthetics.com\/","name":"Pro Beauty Aesthetics","description":"","publisher":{"@id":"https:\/\/www.probeautyaesthetics.com\/#organization"},"potentialAction":[{"@type":"SearchAction","target":{"@type":"EntryPoint","urlTemplate":"https:\/\/www.probeautyaesthetics.com\/?s={search_term_string}"},"query-input":"required name=search_term_string"}],"inLanguage":"pl-PL"},{"@type":"Organization","@id":"https:\/\/www.probeautyaesthetics.com\/#organization","name":"Pro Beauty Aesthetics","url":"https:\/\/www.probeautyaesthetics.com\/","logo":{"@type":"ImageObject","inLanguage":"pl-PL","@id":"https:\/\/www.probeautyaesthetics.com\/#\/schema\/logo\/image\/","url":"https:\/\/www.probeautyaesthetics.com\/wp-content\/uploads\/2019\/11\/logo-1.png","contentUrl":"https:\/\/www.probeautyaesthetics.com\/wp-content\/uploads\/2019\/11\/logo-1.png","width":200,"height":50,"caption":"Pro Beauty Aesthetics"},"image":{"@id":"https:\/\/www.probeautyaesthetics.com\/#\/schema\/logo\/image\/"}}]}},"_links":{"self":[{"href":"https:\/\/www.probeautyaesthetics.com\/pl\/wp-json\/wp\/v2\/product\/5040"}],"collection":[{"href":"https:\/\/www.probeautyaesthetics.com\/pl\/wp-json\/wp\/v2\/product"}],"about":[{"href":"https:\/\/www.probeautyaesthetics.com\/pl\/wp-json\/wp\/v2\/types\/product"}],"replies":[{"embeddable":true,"href":"https:\/\/www.probeautyaesthetics.com\/pl\/wp-json\/wp\/v2\/comments?post=5040"}],"wp:featuredmedia":[{"embeddable":true,"href":"https:\/\/www.probeautyaesthetics.com\/pl\/wp-json\/wp\/v2\/media\/5068"}],"wp:attachment":[{"href":"https:\/\/www.probeautyaesthetics.com\/pl\/wp-json\/wp\/v2\/media?parent=5040"}],"wp:term":[{"taxonomy":"product_cat","embeddable":true,"href":"https:\/\/www.probeautyaesthetics.com\/pl\/wp-json\/wp\/v2\/product_cat?post=5040"},{"taxonomy":"product_tag","embeddable":true,"href":"https:\/\/www.probeautyaesthetics.com\/pl\/wp-json\/wp\/v2\/product_tag?post=5040"}],"curies":[{"name":"wp","href":"https:\/\/api.w.org\/{rel}","templated":true}]}}