{"id":5087,"date":"2019-11-14T07:23:39","date_gmt":"2019-11-14T07:23:39","guid":{"rendered":"https:\/\/www.safeonlinechemist.com\/dermalfillers\/product\/import-placeholder-for-7173\/"},"modified":"2020-02-01T08:50:06","modified_gmt":"2020-02-01T08:50:06","slug":"buy-filorga-nctf-135ha-with-needle-roller-10-x-3ml","status":"publish","type":"product","link":"https:\/\/www.probeautyaesthetics.com\/pl\/produkt\/kup-filorga-nctf-135ha-z-walkiem-iglowym-10-x-3ml\/","title":{"rendered":"Kup Filorga NCTF 135HA z wa\u0142kiem ig\u0142owym - 10 x 3 ml"},"content":{"rendered":"<h2 style=\"text-align: justify;\">Kup Filorga NCTF 135HA z igie\u0142k\u0105 - 10 x 3ml z najlepszego sklepu<\/h2>\n<p style=\"text-align: justify;\">Aby kupi\u0107 Filorga NCTF 135HA with needle roller - 10 x 3ml w niskiej cenie, mo\u017cesz skontaktowa\u0107 si\u0119 z Pro Beauty Aesthetics. Nasz sklep pomo\u017ce Ci kupi\u0107 Filorga NCTF 135HA with needle roller - 10 x 3ml na sprzeda\u017c tutaj. Zam\u00f3w Filorga NCTF 135HA z wa\u0142kiem ig\u0142owym - 10 x 3ml od razu i spodziewaj si\u0119 dostawy najwcze\u015bniej.<\/p>\n<h3 style=\"text-align: justify;\">Jakie s\u0105 najlepsze zastosowania Filorga NCTF 135HA z wa\u0142kiem ig\u0142owym - 10 x 3 ml?<\/h3>\n<ul style=\"text-align: justify;\">\n<li>Filorga NCTF 135HA to przeciwzmarszczkowy produkt do mezoterapii przeznaczony do powa\u017cnej rewitalizacji.<\/li>\n<li>Nawil\u017cenie zu\u017cytej lub wolnej sk\u00f3ry, leczenie zmarszczek oraz poprawa jasno\u015bci i blasku sk\u00f3ry.<\/li>\n<li>R\u00f3wnanie obejmuje 55 dynamicznych sk\u0142adnik\u00f3w (sk\u0142adniki od\u017cywcze, aminokwasy, bia\u0142ka, wolne rodniki i przeciwutleniacze), aby o\u017cywi\u0107 i naprawi\u0107 dojrza\u0142\u0105 sk\u00f3r\u0119.<\/li>\n<li>Ten zestaw zawiera rolk\u0119 ig\u0142ow\u0105 jako opcj\u0119 w przeciwie\u0144stwie do zastrzyk\u00f3w.<\/li>\n<li>Po\u0142\u0105czenie 55 sk\u0142adnik\u00f3w, w tym kwasu hialuronowego, 13 sk\u0142adnik\u00f3w od\u017cywczych, 23 aminokwas\u00f3w, sze\u015bciu minera\u0142\u00f3w, sze\u015bciu koenzym\u00f3w, pi\u0119ciu kwas\u00f3w nukleinowych i dw\u00f3ch czynnik\u00f3w zmniejszaj\u0105cych mo\u017ce pom\u00f3c w zmniejszeniu utraty wody i przezwyci\u0119\u017ceniu niedobor\u00f3w sk\u0142adnik\u00f3w od\u017cywczych i minera\u0142\u00f3w.<\/li>\n<\/ul>\n<h3 style=\"text-align: justify;\">Zam\u00f3w Filorga NCTF 135HA z igie\u0142k\u0105 - 10 x 3ml ju\u017c teraz!<\/h3>\n<p style=\"text-align: justify;\">Kup Filorga NCTF 135HA z wa\u0142kiem ig\u0142owym - 10 x 3 ml za pomoc\u0105 bitcoin, moneygram i western union w naszym sklepie internetowym, zamawiaj\u0105c go ju\u017c teraz!<\/p>","protected":false},"excerpt":{"rendered":"<p>Filorga NCTF 135HA z wa\u0142kiem ig\u0142owym, zawiera wa\u0142ek jako alternatyw\u0119 dla zastrzyk\u00f3w.<\/p>","protected":false},"featured_media":5106,"comment_status":"open","ping_status":"closed","template":"","meta":{"_joinchat":[]},"product_cat":[185],"product_tag":[597,598,623,401,600,601,482,602,603,604,605,606,607,608,609,610],"yoast_head":"<!-- This site is optimized with the Yoast SEO plugin v21.3 - https:\/\/yoast.com\/wordpress\/plugins\/seo\/ -->\n<title>Buy Filorga NCTF 135HA with needle roller \u2013 10 x 3ml Online @Low Price<\/title>\n<meta name=\"description\" content=\"Looking to buy filorga NCTF 135HA with needle roller \u2013 10 x 3ml online without any hassle? ProBeautyAesthetics.com is the best online shop. Order Now!\" \/>\n<meta name=\"robots\" content=\"index, follow, max-snippet:-1, max-image-preview:large, max-video-preview:-1\" \/>\n<link rel=\"canonical\" href=\"https:\/\/www.probeautyaesthetics.com\/pl\/produkt\/kup-filorga-nctf-135ha-z-walkiem-iglowym-10-x-3ml\/\" \/>\n<meta property=\"og:locale\" content=\"pl_PL\" \/>\n<meta property=\"og:type\" content=\"article\" \/>\n<meta property=\"og:title\" content=\"Buy Filorga NCTF 135HA with needle roller \u2013 10 x 3ml Online @Low Price\" \/>\n<meta property=\"og:description\" content=\"Looking to buy filorga NCTF 135HA with needle roller \u2013 10 x 3ml online without any hassle? ProBeautyAesthetics.com is the best online shop. Order Now!\" \/>\n<meta property=\"og:url\" content=\"https:\/\/www.probeautyaesthetics.com\/pl\/produkt\/kup-filorga-nctf-135ha-z-walkiem-iglowym-10-x-3ml\/\" \/>\n<meta property=\"og:site_name\" content=\"Pro Beauty Aesthetics\" \/>\n<meta property=\"article:modified_time\" content=\"2020-02-01T08:50:06+00:00\" \/>\n<meta property=\"og:image\" content=\"https:\/\/www.probeautyaesthetics.com\/wp-content\/uploads\/2019\/11\/Buy-Filorga-NCTF-135HA-with-needle-roller-10-x-3ml.jpg\" \/>\n\t<meta property=\"og:image:width\" content=\"865\" \/>\n\t<meta property=\"og:image:height\" content=\"806\" \/>\n\t<meta property=\"og:image:type\" content=\"image\/jpeg\" \/>\n<meta name=\"twitter:card\" content=\"summary_large_image\" \/>\n<meta name=\"twitter:label1\" content=\"Szacowany czas czytania\" \/>\n\t<meta name=\"twitter:data1\" content=\"1 minuta\" \/>\n<script type=\"application\/ld+json\" class=\"yoast-schema-graph\">{\"@context\":\"https:\/\/schema.org\",\"@graph\":[{\"@type\":\"WebPage\",\"@id\":\"https:\/\/www.probeautyaesthetics.com\/product\/buy-filorga-nctf-135ha-with-needle-roller-10-x-3ml\/\",\"url\":\"https:\/\/www.probeautyaesthetics.com\/product\/buy-filorga-nctf-135ha-with-needle-roller-10-x-3ml\/\",\"name\":\"Buy Filorga NCTF 135HA with needle roller \u2013 10 x 3ml Online @Low Price\",\"isPartOf\":{\"@id\":\"https:\/\/www.probeautyaesthetics.com\/#website\"},\"datePublished\":\"2019-11-14T07:23:39+00:00\",\"dateModified\":\"2020-02-01T08:50:06+00:00\",\"description\":\"Looking to buy filorga NCTF 135HA with needle roller \u2013 10 x 3ml online without any hassle? ProBeautyAesthetics.com is the best online shop. Order Now!\",\"breadcrumb\":{\"@id\":\"https:\/\/www.probeautyaesthetics.com\/product\/buy-filorga-nctf-135ha-with-needle-roller-10-x-3ml\/#breadcrumb\"},\"inLanguage\":\"pl-PL\",\"potentialAction\":[{\"@type\":\"ReadAction\",\"target\":[\"https:\/\/www.probeautyaesthetics.com\/product\/buy-filorga-nctf-135ha-with-needle-roller-10-x-3ml\/\"]}]},{\"@type\":\"BreadcrumbList\",\"@id\":\"https:\/\/www.probeautyaesthetics.com\/product\/buy-filorga-nctf-135ha-with-needle-roller-10-x-3ml\/#breadcrumb\",\"itemListElement\":[{\"@type\":\"ListItem\",\"position\":1,\"name\":\"Home\",\"item\":\"https:\/\/www.probeautyaesthetics.com\/\"},{\"@type\":\"ListItem\",\"position\":2,\"name\":\"Our Products\",\"item\":\"https:\/\/www.probeautyaesthetics.com\/shop\/\"},{\"@type\":\"ListItem\",\"position\":3,\"name\":\"Buy Filorga NCTF 135HA with needle roller \u2013 10 x 3ml\"}]},{\"@type\":\"WebSite\",\"@id\":\"https:\/\/www.probeautyaesthetics.com\/#website\",\"url\":\"https:\/\/www.probeautyaesthetics.com\/\",\"name\":\"Pro Beauty Aesthetics\",\"description\":\"\",\"publisher\":{\"@id\":\"https:\/\/www.probeautyaesthetics.com\/#organization\"},\"potentialAction\":[{\"@type\":\"SearchAction\",\"target\":{\"@type\":\"EntryPoint\",\"urlTemplate\":\"https:\/\/www.probeautyaesthetics.com\/?s={search_term_string}\"},\"query-input\":\"required name=search_term_string\"}],\"inLanguage\":\"pl-PL\"},{\"@type\":\"Organization\",\"@id\":\"https:\/\/www.probeautyaesthetics.com\/#organization\",\"name\":\"Pro Beauty Aesthetics\",\"url\":\"https:\/\/www.probeautyaesthetics.com\/\",\"logo\":{\"@type\":\"ImageObject\",\"inLanguage\":\"pl-PL\",\"@id\":\"https:\/\/www.probeautyaesthetics.com\/#\/schema\/logo\/image\/\",\"url\":\"https:\/\/www.probeautyaesthetics.com\/wp-content\/uploads\/2019\/11\/logo-1.png\",\"contentUrl\":\"https:\/\/www.probeautyaesthetics.com\/wp-content\/uploads\/2019\/11\/logo-1.png\",\"width\":200,\"height\":50,\"caption\":\"Pro Beauty Aesthetics\"},\"image\":{\"@id\":\"https:\/\/www.probeautyaesthetics.com\/#\/schema\/logo\/image\/\"}}]}<\/script>\n<!-- \/ Yoast SEO plugin. -->","yoast_head_json":{"title":"Buy Filorga NCTF 135HA with needle roller \u2013 10 x 3ml Online @Low Price","description":"Looking to buy filorga NCTF 135HA with needle roller \u2013 10 x 3ml online without any hassle? ProBeautyAesthetics.com is the best online shop. Order Now!","robots":{"index":"index","follow":"follow","max-snippet":"max-snippet:-1","max-image-preview":"max-image-preview:large","max-video-preview":"max-video-preview:-1"},"canonical":"https:\/\/www.probeautyaesthetics.com\/pl\/produkt\/kup-filorga-nctf-135ha-z-walkiem-iglowym-10-x-3ml\/","og_locale":"pl_PL","og_type":"article","og_title":"Buy Filorga NCTF 135HA with needle roller \u2013 10 x 3ml Online @Low Price","og_description":"Looking to buy filorga NCTF 135HA with needle roller \u2013 10 x 3ml online without any hassle? ProBeautyAesthetics.com is the best online shop. Order Now!","og_url":"https:\/\/www.probeautyaesthetics.com\/pl\/produkt\/kup-filorga-nctf-135ha-z-walkiem-iglowym-10-x-3ml\/","og_site_name":"Pro Beauty Aesthetics","article_modified_time":"2020-02-01T08:50:06+00:00","og_image":[{"width":865,"height":806,"url":"https:\/\/www.probeautyaesthetics.com\/wp-content\/uploads\/2019\/11\/Buy-Filorga-NCTF-135HA-with-needle-roller-10-x-3ml.jpg","type":"image\/jpeg"}],"twitter_card":"summary_large_image","twitter_misc":{"Szacowany czas czytania":"1 minuta"},"schema":{"@context":"https:\/\/schema.org","@graph":[{"@type":"WebPage","@id":"https:\/\/www.probeautyaesthetics.com\/product\/buy-filorga-nctf-135ha-with-needle-roller-10-x-3ml\/","url":"https:\/\/www.probeautyaesthetics.com\/product\/buy-filorga-nctf-135ha-with-needle-roller-10-x-3ml\/","name":"Buy Filorga NCTF 135HA with needle roller \u2013 10 x 3ml Online @Low Price","isPartOf":{"@id":"https:\/\/www.probeautyaesthetics.com\/#website"},"datePublished":"2019-11-14T07:23:39+00:00","dateModified":"2020-02-01T08:50:06+00:00","description":"Looking to buy filorga NCTF 135HA with needle roller \u2013 10 x 3ml online without any hassle? ProBeautyAesthetics.com is the best online shop. Order Now!","breadcrumb":{"@id":"https:\/\/www.probeautyaesthetics.com\/product\/buy-filorga-nctf-135ha-with-needle-roller-10-x-3ml\/#breadcrumb"},"inLanguage":"pl-PL","potentialAction":[{"@type":"ReadAction","target":["https:\/\/www.probeautyaesthetics.com\/product\/buy-filorga-nctf-135ha-with-needle-roller-10-x-3ml\/"]}]},{"@type":"BreadcrumbList","@id":"https:\/\/www.probeautyaesthetics.com\/product\/buy-filorga-nctf-135ha-with-needle-roller-10-x-3ml\/#breadcrumb","itemListElement":[{"@type":"ListItem","position":1,"name":"Home","item":"https:\/\/www.probeautyaesthetics.com\/"},{"@type":"ListItem","position":2,"name":"Our Products","item":"https:\/\/www.probeautyaesthetics.com\/shop\/"},{"@type":"ListItem","position":3,"name":"Buy Filorga NCTF 135HA with needle roller \u2013 10 x 3ml"}]},{"@type":"WebSite","@id":"https:\/\/www.probeautyaesthetics.com\/#website","url":"https:\/\/www.probeautyaesthetics.com\/","name":"Pro Beauty Aesthetics","description":"","publisher":{"@id":"https:\/\/www.probeautyaesthetics.com\/#organization"},"potentialAction":[{"@type":"SearchAction","target":{"@type":"EntryPoint","urlTemplate":"https:\/\/www.probeautyaesthetics.com\/?s={search_term_string}"},"query-input":"required name=search_term_string"}],"inLanguage":"pl-PL"},{"@type":"Organization","@id":"https:\/\/www.probeautyaesthetics.com\/#organization","name":"Pro Beauty Aesthetics","url":"https:\/\/www.probeautyaesthetics.com\/","logo":{"@type":"ImageObject","inLanguage":"pl-PL","@id":"https:\/\/www.probeautyaesthetics.com\/#\/schema\/logo\/image\/","url":"https:\/\/www.probeautyaesthetics.com\/wp-content\/uploads\/2019\/11\/logo-1.png","contentUrl":"https:\/\/www.probeautyaesthetics.com\/wp-content\/uploads\/2019\/11\/logo-1.png","width":200,"height":50,"caption":"Pro Beauty Aesthetics"},"image":{"@id":"https:\/\/www.probeautyaesthetics.com\/#\/schema\/logo\/image\/"}}]}},"_links":{"self":[{"href":"https:\/\/www.probeautyaesthetics.com\/pl\/wp-json\/wp\/v2\/product\/5087"}],"collection":[{"href":"https:\/\/www.probeautyaesthetics.com\/pl\/wp-json\/wp\/v2\/product"}],"about":[{"href":"https:\/\/www.probeautyaesthetics.com\/pl\/wp-json\/wp\/v2\/types\/product"}],"replies":[{"embeddable":true,"href":"https:\/\/www.probeautyaesthetics.com\/pl\/wp-json\/wp\/v2\/comments?post=5087"}],"wp:featuredmedia":[{"embeddable":true,"href":"https:\/\/www.probeautyaesthetics.com\/pl\/wp-json\/wp\/v2\/media\/5106"}],"wp:attachment":[{"href":"https:\/\/www.probeautyaesthetics.com\/pl\/wp-json\/wp\/v2\/media?parent=5087"}],"wp:term":[{"taxonomy":"product_cat","embeddable":true,"href":"https:\/\/www.probeautyaesthetics.com\/pl\/wp-json\/wp\/v2\/product_cat?post=5087"},{"taxonomy":"product_tag","embeddable":true,"href":"https:\/\/www.probeautyaesthetics.com\/pl\/wp-json\/wp\/v2\/product_tag?post=5087"}],"curies":[{"name":"wp","href":"https:\/\/api.w.org\/{rel}","templated":true}]}}