{"id":5102,"date":"2019-11-14T07:23:41","date_gmt":"2019-11-14T07:23:41","guid":{"rendered":"https:\/\/www.safeonlinechemist.com\/dermalfillers\/product\/import-placeholder-for-7223\/"},"modified":"2020-03-14T07:42:12","modified_gmt":"2020-03-14T07:42:12","slug":"buy-authentic-relumins-advanced-glutathione-1100mg","status":"publish","type":"product","link":"https:\/\/www.probeautyaesthetics.com\/pl\/produkt\/buy-authentic-relumins-advanced-glutathione-1100mg\/","title":{"rendered":"Kup Authentic Relumins Zaawansowany glutation 1100 mg"},"content":{"rendered":"<h2 style=\"text-align: justify;\">Kup Authentic Relumins Advanced Glutation 1100 mg na sprzeda\u017c w naszym sklepie internetowym<\/h2>\n<p style=\"text-align: justify;\">W Pro Beauty Aesthetics mo\u017cesz kupi\u0107 Authentic Relumins Advanced Glutation 1100 mg w niskiej cenie. Pomo\u017cemy Ci kupi\u0107 Authentic Relumins Advanced Glutation 1100mg za bitcoiny, moneygram i western union. Kup ju\u017c teraz w sprzeda\u017cy Authentic Relumins Advanced Glutation 1100 mg!<\/p>\n<h3 style=\"text-align: justify;\">Co to jest Authentic Relumins Advanced Glutation 1100 mg i jego zastosowania?<\/h3>\n<p style=\"text-align: justify;\">Authentic Relumins Advanced Glutation 1100 mg to najbardziej post\u0119powe r\u00f3wnanie glutationu dost\u0119pne obecnie. \u0141\u0105czy w sobie wysok\u0105 porcj\u0119 glutationu i sk\u0142adnik od\u017cywczy C. Relumins to wyb\u00f3r nr 1 w spa i o\u015brodkach piel\u0119gnacji sk\u00f3ry na ca\u0142ym \u015bwiecie.<\/p>\n<ul style=\"text-align: justify;\">\n<li>Glutation do wybielania sk\u00f3ry jest bezpieczny i skuteczny w licznych badaniach klinicznych<\/li>\n<li>Zawiera 600 mg L-glutationu na fiolk\u0119, wi\u0119cej ni\u017c inne sterylne formu\u0142y<\/li>\n<li>Zawiera 500 mg witaminy C, kt\u00f3ra pomaga rozja\u015bni\u0107 i normalnie uj\u0119drni\u0107 i o\u017cywi\u0107 sk\u00f3r\u0119<\/li>\n<li>Relumins opracowany przez Relumins Labs, USA jest najbardziej poszukiwan\u0105 mark\u0105 glutationu<\/li>\n<li>Udowodniono, \u017ce jest os\u0142oni\u0119ty i przekonuj\u0105cy w r\u00f3\u017cnych badaniach klinicznych<\/li>\n<\/ul>\n<h3 style=\"text-align: justify;\">Po\u0142\u0105cz si\u0119 z nami teraz!<\/h3>\n<p style=\"text-align: justify;\">Je\u015bli chcesz kupi\u0107 Authentic Relumins Advanced Glutation 1100 mg online, jeste\u015bmy w\u0142a\u015bciwymi osobami, z kt\u00f3rymi mo\u017cesz si\u0119 skontaktowa\u0107. Dostarczymy Twoje wymagania tu\u017c za progiem w kr\u00f3tkim czasie.<\/p>\n<p>kup autentyczny relumins zaawansowany glutation 1100 mg online, autentyczny relumins zaawansowany glutation 1100 mg na sprzeda\u017c, autentyczny zaawansowany glutation relumins 1100 mg na sprzeda\u017c w usa, kup prawdziwy autentyczny zaawansowany glutation 1100 mg relumins online, gdzie kupi\u0107 autentyczny zaawansowany glutation 1100 mg relumins, kup autentyczny zaawansowany glutation 1100 mg relumins online , kup autentyczne relumins zaawansowany glutation 1100 mg hiszpania, autentyczne relumins zaawansowany glutation 1100 mg na sprzeda\u017c ukraina, autentyczne relumins zaawansowany glutation 1100 mg na sprzeda\u017c kanada, autentyczne relumins zaawansowany glutation 1100 mg na sprzeda\u017c europa, kupuj\u0105c autentyczne relumins zaawansowany glutation 1100 mg online legalnie, kup autentyczne relumins zaawansowany glutation 1100mg online z bitcoinem, kup autentyczny zaawansowany glutation 1100mg relumins online z moneygram, zaawansowany glutation 1100mg autentycznego relumins na sprzeda\u017c z western union, jak kupi\u0107 autentyczny zaawansowany glutation 1100mg relumins online, kup autentyczny zaawansowany glutation 1100mg relumins w niskiej cenie, kup prawdziwe autentyczne reluminy zaawansowany glutation 1100 mg online, zam\u00f3w autentyczne reluminy zaawansowany glutation 1100 mg online, poczt\u0105 autentyczne reluminy zaawansowany glutation 1100 mg, mo\u017cesz zam\u00f3wi\u0107 autentyczne reluminy zaawansowany glutation 1100 mg w usa, kanadzie, europie, we w\u0142oszech.<\/p>","protected":false},"excerpt":{"rendered":"<p>Relumins Advanced Glutation 1100mg 10 fiolek<br \/>\nFormu\u0142a 1100 mg \u2013 Sterylne fiolki<br \/>\n\u2013 600 mg L-glutationu dla maksymalnego wybielenia sk\u00f3ry<br \/>\n\u2013 500 mg witaminy C<\/p>\n<p>&nbsp;<\/p>","protected":false},"featured_media":5109,"comment_status":"open","ping_status":"closed","template":"","meta":{"_joinchat":[]},"product_cat":[626],"product_tag":[896,902,903,901,897,907,909,895,905,906,900,898,904,658,659,908,660,911,910,899,912],"yoast_head":"<!-- This site is optimized with the Yoast SEO plugin v21.3 - https:\/\/yoast.com\/wordpress\/plugins\/seo\/ -->\n<title>Authentic Relumins Advanced Glutathione 1100mg Online @ Low Price<\/title>\n<meta name=\"description\" content=\"Looking to buy authentic relumins advanced glutathione 1100mg online without any hassle? ProBeautyAesthetics.com is the best online shop. Order Now!\" \/>\n<meta name=\"robots\" content=\"index, follow, max-snippet:-1, max-image-preview:large, max-video-preview:-1\" \/>\n<link rel=\"canonical\" href=\"https:\/\/www.probeautyaesthetics.com\/pl\/produkt\/buy-authentic-relumins-advanced-glutathione-1100mg\/\" \/>\n<meta property=\"og:locale\" content=\"pl_PL\" \/>\n<meta property=\"og:type\" content=\"article\" \/>\n<meta property=\"og:title\" content=\"Authentic Relumins Advanced Glutathione 1100mg Online @ Low Price\" \/>\n<meta property=\"og:description\" content=\"Looking to buy authentic relumins advanced glutathione 1100mg online without any hassle? ProBeautyAesthetics.com is the best online shop. Order Now!\" \/>\n<meta property=\"og:url\" content=\"https:\/\/www.probeautyaesthetics.com\/pl\/produkt\/buy-authentic-relumins-advanced-glutathione-1100mg\/\" \/>\n<meta property=\"og:site_name\" content=\"Pro Beauty Aesthetics\" \/>\n<meta property=\"article:modified_time\" content=\"2020-03-14T07:42:12+00:00\" \/>\n<meta property=\"og:image\" content=\"https:\/\/www.probeautyaesthetics.com\/wp-content\/uploads\/2019\/11\/Buy-Authentic-Relumins-Advanced-Glutathione-1100mg.jpg\" \/>\n\t<meta property=\"og:image:width\" content=\"823\" \/>\n\t<meta property=\"og:image:height\" content=\"761\" \/>\n\t<meta property=\"og:image:type\" content=\"image\/jpeg\" \/>\n<meta name=\"twitter:card\" content=\"summary_large_image\" \/>\n<meta name=\"twitter:label1\" content=\"Szacowany czas czytania\" \/>\n\t<meta name=\"twitter:data1\" content=\"2 minuty\" \/>\n<script type=\"application\/ld+json\" class=\"yoast-schema-graph\">{\"@context\":\"https:\/\/schema.org\",\"@graph\":[{\"@type\":\"WebPage\",\"@id\":\"https:\/\/www.probeautyaesthetics.com\/product\/buy-authentic-relumins-advanced-glutathione-1100mg\/\",\"url\":\"https:\/\/www.probeautyaesthetics.com\/product\/buy-authentic-relumins-advanced-glutathione-1100mg\/\",\"name\":\"Authentic Relumins Advanced Glutathione 1100mg Online @ Low Price\",\"isPartOf\":{\"@id\":\"https:\/\/www.probeautyaesthetics.com\/#website\"},\"datePublished\":\"2019-11-14T07:23:41+00:00\",\"dateModified\":\"2020-03-14T07:42:12+00:00\",\"description\":\"Looking to buy authentic relumins advanced glutathione 1100mg online without any hassle? ProBeautyAesthetics.com is the best online shop. Order Now!\",\"breadcrumb\":{\"@id\":\"https:\/\/www.probeautyaesthetics.com\/product\/buy-authentic-relumins-advanced-glutathione-1100mg\/#breadcrumb\"},\"inLanguage\":\"pl-PL\",\"potentialAction\":[{\"@type\":\"ReadAction\",\"target\":[\"https:\/\/www.probeautyaesthetics.com\/product\/buy-authentic-relumins-advanced-glutathione-1100mg\/\"]}]},{\"@type\":\"BreadcrumbList\",\"@id\":\"https:\/\/www.probeautyaesthetics.com\/product\/buy-authentic-relumins-advanced-glutathione-1100mg\/#breadcrumb\",\"itemListElement\":[{\"@type\":\"ListItem\",\"position\":1,\"name\":\"Home\",\"item\":\"https:\/\/www.probeautyaesthetics.com\/\"},{\"@type\":\"ListItem\",\"position\":2,\"name\":\"Our Products\",\"item\":\"https:\/\/www.probeautyaesthetics.com\/shop\/\"},{\"@type\":\"ListItem\",\"position\":3,\"name\":\"Buy Authentic Relumins Advanced Glutathione 1100mg\"}]},{\"@type\":\"WebSite\",\"@id\":\"https:\/\/www.probeautyaesthetics.com\/#website\",\"url\":\"https:\/\/www.probeautyaesthetics.com\/\",\"name\":\"Pro Beauty Aesthetics\",\"description\":\"\",\"publisher\":{\"@id\":\"https:\/\/www.probeautyaesthetics.com\/#organization\"},\"potentialAction\":[{\"@type\":\"SearchAction\",\"target\":{\"@type\":\"EntryPoint\",\"urlTemplate\":\"https:\/\/www.probeautyaesthetics.com\/?s={search_term_string}\"},\"query-input\":\"required name=search_term_string\"}],\"inLanguage\":\"pl-PL\"},{\"@type\":\"Organization\",\"@id\":\"https:\/\/www.probeautyaesthetics.com\/#organization\",\"name\":\"Pro Beauty Aesthetics\",\"url\":\"https:\/\/www.probeautyaesthetics.com\/\",\"logo\":{\"@type\":\"ImageObject\",\"inLanguage\":\"pl-PL\",\"@id\":\"https:\/\/www.probeautyaesthetics.com\/#\/schema\/logo\/image\/\",\"url\":\"https:\/\/www.probeautyaesthetics.com\/wp-content\/uploads\/2019\/11\/logo-1.png\",\"contentUrl\":\"https:\/\/www.probeautyaesthetics.com\/wp-content\/uploads\/2019\/11\/logo-1.png\",\"width\":200,\"height\":50,\"caption\":\"Pro Beauty Aesthetics\"},\"image\":{\"@id\":\"https:\/\/www.probeautyaesthetics.com\/#\/schema\/logo\/image\/\"}}]}<\/script>\n<!-- \/ Yoast SEO plugin. -->","yoast_head_json":{"title":"Authentic Relumins Advanced Glutathione 1100mg Online @ Low Price","description":"Looking to buy authentic relumins advanced glutathione 1100mg online without any hassle? ProBeautyAesthetics.com is the best online shop. Order Now!","robots":{"index":"index","follow":"follow","max-snippet":"max-snippet:-1","max-image-preview":"max-image-preview:large","max-video-preview":"max-video-preview:-1"},"canonical":"https:\/\/www.probeautyaesthetics.com\/pl\/produkt\/buy-authentic-relumins-advanced-glutathione-1100mg\/","og_locale":"pl_PL","og_type":"article","og_title":"Authentic Relumins Advanced Glutathione 1100mg Online @ Low Price","og_description":"Looking to buy authentic relumins advanced glutathione 1100mg online without any hassle? ProBeautyAesthetics.com is the best online shop. Order Now!","og_url":"https:\/\/www.probeautyaesthetics.com\/pl\/produkt\/buy-authentic-relumins-advanced-glutathione-1100mg\/","og_site_name":"Pro Beauty Aesthetics","article_modified_time":"2020-03-14T07:42:12+00:00","og_image":[{"width":823,"height":761,"url":"https:\/\/www.probeautyaesthetics.com\/wp-content\/uploads\/2019\/11\/Buy-Authentic-Relumins-Advanced-Glutathione-1100mg.jpg","type":"image\/jpeg"}],"twitter_card":"summary_large_image","twitter_misc":{"Szacowany czas czytania":"2 minuty"},"schema":{"@context":"https:\/\/schema.org","@graph":[{"@type":"WebPage","@id":"https:\/\/www.probeautyaesthetics.com\/product\/buy-authentic-relumins-advanced-glutathione-1100mg\/","url":"https:\/\/www.probeautyaesthetics.com\/product\/buy-authentic-relumins-advanced-glutathione-1100mg\/","name":"Authentic Relumins Advanced Glutathione 1100mg Online @ Low Price","isPartOf":{"@id":"https:\/\/www.probeautyaesthetics.com\/#website"},"datePublished":"2019-11-14T07:23:41+00:00","dateModified":"2020-03-14T07:42:12+00:00","description":"Looking to buy authentic relumins advanced glutathione 1100mg online without any hassle? ProBeautyAesthetics.com is the best online shop. Order Now!","breadcrumb":{"@id":"https:\/\/www.probeautyaesthetics.com\/product\/buy-authentic-relumins-advanced-glutathione-1100mg\/#breadcrumb"},"inLanguage":"pl-PL","potentialAction":[{"@type":"ReadAction","target":["https:\/\/www.probeautyaesthetics.com\/product\/buy-authentic-relumins-advanced-glutathione-1100mg\/"]}]},{"@type":"BreadcrumbList","@id":"https:\/\/www.probeautyaesthetics.com\/product\/buy-authentic-relumins-advanced-glutathione-1100mg\/#breadcrumb","itemListElement":[{"@type":"ListItem","position":1,"name":"Home","item":"https:\/\/www.probeautyaesthetics.com\/"},{"@type":"ListItem","position":2,"name":"Our Products","item":"https:\/\/www.probeautyaesthetics.com\/shop\/"},{"@type":"ListItem","position":3,"name":"Buy Authentic Relumins Advanced Glutathione 1100mg"}]},{"@type":"WebSite","@id":"https:\/\/www.probeautyaesthetics.com\/#website","url":"https:\/\/www.probeautyaesthetics.com\/","name":"Pro Beauty Aesthetics","description":"","publisher":{"@id":"https:\/\/www.probeautyaesthetics.com\/#organization"},"potentialAction":[{"@type":"SearchAction","target":{"@type":"EntryPoint","urlTemplate":"https:\/\/www.probeautyaesthetics.com\/?s={search_term_string}"},"query-input":"required name=search_term_string"}],"inLanguage":"pl-PL"},{"@type":"Organization","@id":"https:\/\/www.probeautyaesthetics.com\/#organization","name":"Pro Beauty Aesthetics","url":"https:\/\/www.probeautyaesthetics.com\/","logo":{"@type":"ImageObject","inLanguage":"pl-PL","@id":"https:\/\/www.probeautyaesthetics.com\/#\/schema\/logo\/image\/","url":"https:\/\/www.probeautyaesthetics.com\/wp-content\/uploads\/2019\/11\/logo-1.png","contentUrl":"https:\/\/www.probeautyaesthetics.com\/wp-content\/uploads\/2019\/11\/logo-1.png","width":200,"height":50,"caption":"Pro Beauty Aesthetics"},"image":{"@id":"https:\/\/www.probeautyaesthetics.com\/#\/schema\/logo\/image\/"}}]}},"_links":{"self":[{"href":"https:\/\/www.probeautyaesthetics.com\/pl\/wp-json\/wp\/v2\/product\/5102"}],"collection":[{"href":"https:\/\/www.probeautyaesthetics.com\/pl\/wp-json\/wp\/v2\/product"}],"about":[{"href":"https:\/\/www.probeautyaesthetics.com\/pl\/wp-json\/wp\/v2\/types\/product"}],"replies":[{"embeddable":true,"href":"https:\/\/www.probeautyaesthetics.com\/pl\/wp-json\/wp\/v2\/comments?post=5102"}],"wp:featuredmedia":[{"embeddable":true,"href":"https:\/\/www.probeautyaesthetics.com\/pl\/wp-json\/wp\/v2\/media\/5109"}],"wp:attachment":[{"href":"https:\/\/www.probeautyaesthetics.com\/pl\/wp-json\/wp\/v2\/media?parent=5102"}],"wp:term":[{"taxonomy":"product_cat","embeddable":true,"href":"https:\/\/www.probeautyaesthetics.com\/pl\/wp-json\/wp\/v2\/product_cat?post=5102"},{"taxonomy":"product_tag","embeddable":true,"href":"https:\/\/www.probeautyaesthetics.com\/pl\/wp-json\/wp\/v2\/product_tag?post=5102"}],"curies":[{"name":"wp","href":"https:\/\/api.w.org\/{rel}","templated":true}]}}